{"id":8056,"date":"2025-11-16T03:38:46","date_gmt":"2025-11-16T03:38:46","guid":{"rendered":"https:\/\/unruffled-ardinghelli.108-175-3-191.plesk.page\/product\/create-your-own\/"},"modified":"2026-01-22T03:35:38","modified_gmt":"2026-01-22T03:35:38","slug":"creez-le-votre","status":"publish","type":"product","link":"https:\/\/unruffled-ardinghelli.108-175-3-191.plesk.page\/fr\/produit\/creez-le-votre\/","title":{"rendered":"CR\u00c9EZ LE V\u00d4TRE"},"content":{"rendered":"<p data-start=\"0\" data-end=\"74\">Compl\u00e9tez votre design personnalis\u00e9 en remplissant les champs ci-dessus.<\/p>\n<p data-start=\"76\" data-end=\"101\">\u00a0GUIDES D\u2019APPLICATION :<\/p>\n<ul data-start=\"102\" data-end=\"274\">\n<li data-start=\"102\" data-end=\"152\">\n<p data-start=\"104\" data-end=\"152\">Court terme : Guide d\u2019application Peel &amp; Stick<\/p>\n<\/li>\n<li data-start=\"153\" data-end=\"191\">\n<p data-start=\"155\" data-end=\"191\">Peel &amp; Stick &#8211; Vid\u00e9o d\u2019application<\/p>\n<\/li>\n<li data-start=\"193\" data-end=\"238\">\n<p data-start=\"195\" data-end=\"238\">Permanent : Guide d\u2019application Permanent<\/p>\n<\/li>\n<li data-start=\"239\" data-end=\"274\">\n<p data-start=\"241\" data-end=\"274\">Permanent &#8211; Vid\u00e9o d\u2019application<\/p>\n<\/li>\n<\/ul>\n<p data-start=\"276\" data-end=\"700\">Directives g\u00e9n\u00e9rales pour la taille des pneus \u2013 Utilisez le tableau de dimensionnement des pneus ci-dessous pour guider votre d\u00e9cision. Identifiez le rapport hauteur\/largeur ou la s\u00e9rie (g\u00e9n\u00e9ralement le chiffre du milieu de la sp\u00e9cification du pneu) et reportez-vous au tableau. Notez que certains pneus peuvent avoir un rapport hauteur\/largeur unique en dehors de ces directives ; en cas de doute, envoyez-nous un email !<\/p>\n<p data-start=\"702\" data-end=\"1444\">Sp\u00e9cification de la s\u00e9rie de pneus \u00a0 \u00a0 \u00a0 \u00a0 \u00a0 \u00a0Hauteur maximale recommand\u00e9e pour les lettres<br data-start=\"793\" data-end=\"796\" \/>20 \u00a0 \u00a0 \u00a0 \u00a0 \u00a0 \u00a0 \u00a0 \u00a0 \u00a0 \u00a0 \u00a0 \u00a0 \u00a0 \u00a0 \u00a0 \u00a0 \u00a0 \u00a0 \u00a0 \u00a0 \u00a0 \u00a0 \u00a0 \u00a0 \u00a0 0,5&Prime; \/ 1,27 cm \/ 12,7 mm<br data-start=\"873\" data-end=\"876\" \/>25 \u00a0 \u00a0 \u00a0 \u00a0 \u00a0 \u00a0 \u00a0 \u00a0 \u00a0 \u00a0 \u00a0 \u00a0 \u00a0 \u00a0 \u00a0 \u00a0 \u00a0 \u00a0 \u00a0 \u00a0 \u00a0 \u00a0 \u00a0 \u00a0 \u00a0 0,75&Prime; \/ 1,905 cm \/ 19,05 mm<br data-start=\"956\" data-end=\"959\" \/>30 \u00a0 \u00a0 \u00a0 \u00a0 \u00a0 \u00a0 \u00a0 \u00a0 \u00a0 \u00a0 \u00a0 \u00a0 \u00a0 \u00a0 \u00a0 \u00a0 \u00a0 \u00a0 \u00a0 \u00a0 \u00a0 \u00a0 \u00a0 \u00a0 \u00a0 1,0&Prime; \/ 2,54 cm \/ 25 mm<br data-start=\"1034\" data-end=\"1037\" data-is-only-node=\"\" \/>35 \u00a0 \u00a0 \u00a0 \u00a0 \u00a0 \u00a0 \u00a0 \u00a0 \u00a0 \u00a0 \u00a0 \u00a0 \u00a0 \u00a0 \u00a0 \u00a0 \u00a0 \u00a0 \u00a0 \u00a0 \u00a0 \u00a0 \u00a0 \u00a0 \u00a0 1,25&Prime; \/ 3,175 cm \/ 31,75 mm<br data-start=\"1117\" data-end=\"1120\" \/>40 \u00a0 \u00a0 \u00a0 \u00a0 \u00a0 \u00a0 \u00a0 \u00a0 \u00a0 \u00a0 \u00a0 \u00a0 \u00a0 \u00a0 \u00a0 \u00a0 \u00a0 \u00a0 \u00a0 \u00a0 \u00a0 \u00a0 \u00a0 \u00a0 \u00a0 1,25&Prime; \/ 3,175 cm \/ 31,75 mm<br data-start=\"1200\" data-end=\"1203\" \/>45 \u00a0 \u00a0 \u00a0 \u00a0 \u00a0 \u00a0 \u00a0 \u00a0 \u00a0 \u00a0 \u00a0 \u00a0 \u00a0 \u00a0 \u00a0 \u00a0 \u00a0 \u00a0 \u00a0 \u00a0 \u00a0 \u00a0 \u00a0 \u00a0 \u00a0 1,5&Prime; \/ 3,81 cm \/ 38,1 mm<br data-start=\"1280\" data-end=\"1283\" \/>50 \u00a0 \u00a0 \u00a0 \u00a0 \u00a0 \u00a0 \u00a0 \u00a0 \u00a0 \u00a0 \u00a0 \u00a0 \u00a0 \u00a0 \u00a0 \u00a0 \u00a0 \u00a0 \u00a0 \u00a0 \u00a0 \u00a0 \u00a0 \u00a0 \u00a0 1,75&Prime; \/ 4,44 cm \/ 44,45 mm<br data-start=\"1362\" data-end=\"1365\" \/>55 \u00a0 \u00a0 \u00a0 \u00a0 \u00a0 \u00a0 \u00a0 \u00a0 \u00a0 \u00a0 \u00a0 \u00a0 \u00a0 \u00a0 \u00a0 \u00a0 \u00a0 \u00a0 \u00a0 \u00a0 \u00a0 \u00a0 \u00a0 \u00a0 \u00a0 2,0&Prime; \/ 5,08 cm \/ 50,8 mm<\/p>\n<p data-start=\"1446\" data-end=\"1515\" data-is-last-node=\"\" data-is-only-node=\"\">Exemple :<br data-start=\"1455\" data-end=\"1458\" \/>Taille du pneu : 245\/45\/R17 \u00a0 \u00a0Hauteur recommand\u00e9e : 1,5&Prime;<\/p>\n","protected":false},"excerpt":{"rendered":"<p>Compl\u00e9tez votre design personnalis\u00e9 en remplissant les champs ci-dessus. \u00a0GUIDES D\u2019APPLICATION : Court terme : Guide d\u2019application Peel &amp; Stick Peel &amp; Stick &#8211; Vid\u00e9o d\u2019application Permanent : Guide d\u2019application Permanent Permanent &#8211; Vid\u00e9o d\u2019application Directives g\u00e9n\u00e9rales pour la taille des pneus \u2013 Utilisez le tableau de dimensionnement des pneus ci-dessous pour guider votre d\u00e9cision. [&hellip;]<\/p>\n","protected":false},"featured_media":8057,"comment_status":"closed","ping_status":"closed","template":"","meta":[],"product_brand":[],"product_cat":[61],"product_tag":[],"class_list":{"0":"post-8056","1":"product","2":"type-product","3":"status-publish","4":"has-post-thumbnail","6":"product_cat-create-your-own","8":"first","9":"instock","10":"sale","11":"taxable","12":"shipping-taxable","13":"purchasable","14":"product-type-variable"},"_links":{"self":[{"href":"https:\/\/unruffled-ardinghelli.108-175-3-191.plesk.page\/fr\/wp-json\/wp\/v2\/product\/8056","targetHints":{"allow":["GET"]}}],"collection":[{"href":"https:\/\/unruffled-ardinghelli.108-175-3-191.plesk.page\/fr\/wp-json\/wp\/v2\/product"}],"about":[{"href":"https:\/\/unruffled-ardinghelli.108-175-3-191.plesk.page\/fr\/wp-json\/wp\/v2\/types\/product"}],"replies":[{"embeddable":true,"href":"https:\/\/unruffled-ardinghelli.108-175-3-191.plesk.page\/fr\/wp-json\/wp\/v2\/comments?post=8056"}],"wp:featuredmedia":[{"embeddable":true,"href":"https:\/\/unruffled-ardinghelli.108-175-3-191.plesk.page\/fr\/wp-json\/wp\/v2\/media\/8057"}],"wp:attachment":[{"href":"https:\/\/unruffled-ardinghelli.108-175-3-191.plesk.page\/fr\/wp-json\/wp\/v2\/media?parent=8056"}],"wp:term":[{"taxonomy":"product_brand","embeddable":true,"href":"https:\/\/unruffled-ardinghelli.108-175-3-191.plesk.page\/fr\/wp-json\/wp\/v2\/product_brand?post=8056"},{"taxonomy":"product_cat","embeddable":true,"href":"https:\/\/unruffled-ardinghelli.108-175-3-191.plesk.page\/fr\/wp-json\/wp\/v2\/product_cat?post=8056"},{"taxonomy":"product_tag","embeddable":true,"href":"https:\/\/unruffled-ardinghelli.108-175-3-191.plesk.page\/fr\/wp-json\/wp\/v2\/product_tag?post=8056"}],"curies":[{"name":"wp","href":"https:\/\/api.w.org\/{rel}","templated":true}]}}