{"id":7992,"date":"2025-11-16T03:38:47","date_gmt":"2025-11-16T03:38:47","guid":{"rendered":"https:\/\/unruffled-ardinghelli.108-175-3-191.plesk.page\/product\/white-walls\/"},"modified":"2026-01-22T03:34:30","modified_gmt":"2026-01-22T03:34:30","slug":"parois-blanches","status":"publish","type":"product","link":"https:\/\/unruffled-ardinghelli.108-175-3-191.plesk.page\/fr\/produit\/parois-blanches\/","title":{"rendered":"Parois blanches"},"content":{"rendered":"<div class=\"flex max-w-full flex-col grow\">\n<div class=\"min-h-8 text-message relative flex w-full flex-col items-end gap-2 text-start break-words whitespace-normal [.text-message+&amp;]:mt-1\" dir=\"auto\" data-message-author-role=\"assistant\" data-message-id=\"50d0311b-29cc-4036-ad06-66299ba74d7e\" data-message-model-slug=\"gpt-5-mini\">\n<div class=\"flex w-full flex-col gap-1 empty:hidden first:pt-[1px]\">\n<div class=\"markdown prose dark:prose-invert w-full break-words dark markdown-new-styling\">\n<p data-start=\"0\" data-end=\"78\">Parois blanches aftermarket pour tout type de pneu \u2013 Maintenant disponible !<\/p>\n<p data-start=\"80\" data-end=\"475\">Cr\u00e9ez une paroi blanche sur n\u2019importe quel type de pneu avec ce kit de stickers Tire Stickers White Wall. Chaque kit comprend 4 bandes dont la hauteur peut \u00eatre personnalis\u00e9e pour cr\u00e9er une ligne blanche \u00e9paisse ou fine sur le pneu. Ce kit de parois blanches est disponible pour voitures, motos, v\u00e9los, VTT et plus encore. Les parois blanches de couleur sont \u00e9galement disponibles sur demande.<\/p>\n<p data-start=\"477\" data-end=\"496\">Ce kit comprend :<\/p>\n<ul data-start=\"498\" data-end=\"981\">\n<li data-start=\"498\" data-end=\"907\">\n<p data-start=\"500\" data-end=\"907\">(16) bandes (4 par pneu), (4) bandes (1 par pneu) ou (4) cercles (sans jointures). Le produit \u00ab joint \u00bb est finalis\u00e9 en assemblant les pi\u00e8ces selon les besoins pour assurer la conformit\u00e9 \u00e0 la courbure de la paroi lat\u00e9rale et une finition parfaite. Le kit cercle ne contient pas de jointures mais n\u00e9cessite une installation parfaite pour \u00e9viter un exc\u00e8s ou un manque de mat\u00e9riau \u00e0 la fin de l\u2019installation.<\/p>\n<\/li>\n<li data-start=\"909\" data-end=\"933\">\n<p data-start=\"911\" data-end=\"933\">Guide d\u2019instructions<\/p>\n<\/li>\n<li data-start=\"935\" data-end=\"981\">\n<p data-start=\"937\" data-end=\"981\">Adh\u00e9sif fleXement (si commande permanente)<\/p>\n<\/li>\n<\/ul>\n<p data-start=\"983\" data-end=\"1128\">Veuillez s\u00e9lectionner le type de sticker de pneu que vous souhaitez acheter, la taille de la roue et l\u2019\u00e9paisseur de la paroi blanche (hauteur).<\/p>\n<p data-start=\"1130\" data-end=\"1154\">GUIDES D\u2019APPLICATION :<\/p>\n<ul data-start=\"1155\" data-end=\"1256\">\n<li data-start=\"1155\" data-end=\"1210\">\n<p data-start=\"1157\" data-end=\"1210\">Semi-permanent : Guide d\u2019application Peel and Stick<\/p>\n<\/li>\n<li data-start=\"1211\" data-end=\"1256\">\n<p data-start=\"1213\" data-end=\"1256\">Permanent : Guide d\u2019application Permanent<\/p>\n<\/li>\n<\/ul>\n<p data-start=\"1258\" data-end=\"1432\" data-is-last-node=\"\" data-is-only-node=\"\">Ce kit peut \u00eatre combin\u00e9 avec d\u2019autres produits, veuillez laisser une note lors du paiement. Pour des designs personnalis\u00e9s, retournez \u00e0 \u00ab Cr\u00e9ez le v\u00f4tre \u00bb ou contactez-nous.<\/p>\n<\/div>\n<\/div>\n<\/div>\n<\/div>\n<div class=\"z-0 flex min-h-[46px] justify-start\"><\/div>\n<div class=\"border-token-border-light my-2 flex gap-10 border-t pt-4\">\n<div class=\"flex items-center justify-center overflow-hidden h-12 w-12 rounded-lg\"><\/div>\n<\/div>\n","protected":false},"excerpt":{"rendered":"<p>Parois blanches aftermarket pour tout type de pneu \u2013 Maintenant disponible ! Cr\u00e9ez une paroi blanche sur n\u2019importe quel type de pneu avec ce kit de stickers Tire Stickers White Wall. Chaque kit comprend 4 bandes dont la hauteur peut \u00eatre personnalis\u00e9e pour cr\u00e9er une ligne blanche \u00e9paisse ou fine sur le pneu. Ce kit [&hellip;]<\/p>\n","protected":false},"featured_media":7994,"comment_status":"open","ping_status":"closed","template":"","meta":[],"product_brand":[],"product_cat":[65,61],"product_tag":[],"class_list":{"0":"post-7992","1":"product","2":"type-product","3":"status-publish","4":"has-post-thumbnail","6":"product_cat-any-colored-line-walls","7":"product_cat-create-your-own","9":"first","10":"instock","11":"sale","12":"taxable","13":"shipping-taxable","14":"purchasable","15":"product-type-variable"},"_links":{"self":[{"href":"https:\/\/unruffled-ardinghelli.108-175-3-191.plesk.page\/fr\/wp-json\/wp\/v2\/product\/7992","targetHints":{"allow":["GET"]}}],"collection":[{"href":"https:\/\/unruffled-ardinghelli.108-175-3-191.plesk.page\/fr\/wp-json\/wp\/v2\/product"}],"about":[{"href":"https:\/\/unruffled-ardinghelli.108-175-3-191.plesk.page\/fr\/wp-json\/wp\/v2\/types\/product"}],"replies":[{"embeddable":true,"href":"https:\/\/unruffled-ardinghelli.108-175-3-191.plesk.page\/fr\/wp-json\/wp\/v2\/comments?post=7992"}],"wp:featuredmedia":[{"embeddable":true,"href":"https:\/\/unruffled-ardinghelli.108-175-3-191.plesk.page\/fr\/wp-json\/wp\/v2\/media\/7994"}],"wp:attachment":[{"href":"https:\/\/unruffled-ardinghelli.108-175-3-191.plesk.page\/fr\/wp-json\/wp\/v2\/media?parent=7992"}],"wp:term":[{"taxonomy":"product_brand","embeddable":true,"href":"https:\/\/unruffled-ardinghelli.108-175-3-191.plesk.page\/fr\/wp-json\/wp\/v2\/product_brand?post=7992"},{"taxonomy":"product_cat","embeddable":true,"href":"https:\/\/unruffled-ardinghelli.108-175-3-191.plesk.page\/fr\/wp-json\/wp\/v2\/product_cat?post=7992"},{"taxonomy":"product_tag","embeddable":true,"href":"https:\/\/unruffled-ardinghelli.108-175-3-191.plesk.page\/fr\/wp-json\/wp\/v2\/product_tag?post=7992"}],"curies":[{"name":"wp","href":"https:\/\/api.w.org\/{rel}","templated":true}]}}