{"id":7969,"date":"2025-11-16T03:38:47","date_gmt":"2025-11-16T03:38:47","guid":{"rendered":"https:\/\/unruffled-ardinghelli.108-175-3-191.plesk.page\/product\/fast-japanese\/"},"modified":"2026-01-22T03:33:01","modified_gmt":"2026-01-22T03:33:01","slug":"fast-japonais","status":"publish","type":"product","link":"https:\/\/unruffled-ardinghelli.108-175-3-191.plesk.page\/fr\/produit\/fast-japonais\/","title":{"rendered":"FAST \u2013 Japonais"},"content":{"rendered":"<p data-start=\"0\" data-end=\"225\">Kits de lettrage pour pneus japonais disponibles ! \u2013 Conception en styles Peel &amp; Stick et lettrage en caoutchouc permanent en relief. Pour des designs personnalis\u00e9s dans cette police, veuillez revenir et \u00ab Cr\u00e9ez le v\u00f4tre \u00bb.<\/p>\n<p data-start=\"227\" data-end=\"372\">Veuillez s\u00e9lectionner le type d\u2019autocollant pour pneus que vous souhaitez acheter, la taille de la roue, la hauteur des lettres et la quantit\u00e9.<\/p>\n<p data-start=\"374\" data-end=\"402\"><strong data-start=\"374\" data-end=\"400\">GUIDES D\u2019APPLICATION :<\/strong><\/p>\n<ul data-start=\"403\" data-end=\"502\">\n<li data-start=\"403\" data-end=\"456\">\n<p data-start=\"405\" data-end=\"456\">Semi-permanent : Guide d\u2019application Peel &amp; Stick<\/p>\n<\/li>\n<li data-start=\"457\" data-end=\"502\">\n<p data-start=\"459\" data-end=\"502\">Permanent : Guide d\u2019application permanent<\/p>\n<\/li>\n<\/ul>\n<p data-start=\"504\" data-end=\"887\"><strong data-start=\"504\" data-end=\"552\">Guide g\u00e9n\u00e9rique de dimensionnement des pneus<\/strong> \u2013 Utilisez le tableau ci-dessous pour vous aider dans votre choix. Identifiez le rapport d\u2019aspect ou la s\u00e9rie (g\u00e9n\u00e9ralement le chiffre du milieu de la sp\u00e9cification du pneu) et comparez au tableau. Note : certains pneus peuvent avoir un rapport d\u2019aspect unique en dehors de ces directives ; en cas de doute, envoyez-nous un e-mail !<\/p>\n<div class=\"TyagGW_tableContainer\">\n<div class=\"group TyagGW_tableWrapper flex flex-col-reverse w-fit\" tabindex=\"-1\">\n<table class=\"w-fit min-w-(--thread-content-width)\" data-start=\"889\" data-end=\"1688\">\n<thead data-start=\"889\" data-end=\"970\">\n<tr data-start=\"889\" data-end=\"970\">\n<th data-start=\"889\" data-end=\"926\" data-col-size=\"sm\">Sp\u00e9cification de la s\u00e9rie de pneus<\/th>\n<th data-start=\"926\" data-end=\"970\" data-col-size=\"sm\">Hauteur maximale recommand\u00e9e des lettres<\/th>\n<\/tr>\n<\/thead>\n<tbody data-start=\"1051\" data-end=\"1688\">\n<tr data-start=\"1051\" data-end=\"1129\">\n<td data-start=\"1051\" data-end=\"1087\" data-col-size=\"sm\">20<\/td>\n<td data-start=\"1087\" data-end=\"1129\" data-col-size=\"sm\">0,5&Prime; \/ 1,27 cm \/ 12,7 mm<\/td>\n<\/tr>\n<tr data-start=\"1130\" data-end=\"1208\">\n<td data-start=\"1130\" data-end=\"1166\" data-col-size=\"sm\">25<\/td>\n<td data-start=\"1166\" data-end=\"1208\" data-col-size=\"sm\">0,75&Prime; \/ 1,905 cm \/ 19,05 mm<\/td>\n<\/tr>\n<tr data-start=\"1209\" data-end=\"1288\">\n<td data-start=\"1209\" data-end=\"1245\" data-col-size=\"sm\">30<\/td>\n<td data-start=\"1245\" data-end=\"1288\" data-col-size=\"sm\">1,0&Prime; \/ 2,54 cm \/ 25 mm<\/td>\n<\/tr>\n<tr data-start=\"1289\" data-end=\"1368\">\n<td data-start=\"1289\" data-end=\"1325\" data-col-size=\"sm\">35<\/td>\n<td data-start=\"1325\" data-end=\"1368\" data-col-size=\"sm\">1,25&Prime; \/ 3,175 cm \/ 31,75 mm<\/td>\n<\/tr>\n<tr data-start=\"1369\" data-end=\"1448\">\n<td data-start=\"1369\" data-end=\"1405\" data-col-size=\"sm\">40<\/td>\n<td data-start=\"1405\" data-end=\"1448\" data-col-size=\"sm\">1,25&Prime; \/ 3,175 cm \/ 31,75 mm<\/td>\n<\/tr>\n<tr data-start=\"1449\" data-end=\"1528\">\n<td data-start=\"1449\" data-end=\"1485\" data-col-size=\"sm\">45<\/td>\n<td data-start=\"1485\" data-end=\"1528\" data-col-size=\"sm\">1,5&Prime; \/ 3,81 cm \/ 38,1 mm<\/td>\n<\/tr>\n<tr data-start=\"1529\" data-end=\"1608\">\n<td data-start=\"1529\" data-end=\"1565\" data-col-size=\"sm\">50<\/td>\n<td data-start=\"1565\" data-end=\"1608\" data-col-size=\"sm\">1,75&Prime; \/ 4,44 cm \/ 44,45 mm<\/td>\n<\/tr>\n<tr data-start=\"1609\" data-end=\"1688\">\n<td data-start=\"1609\" data-end=\"1645\" data-col-size=\"sm\">55<\/td>\n<td data-start=\"1645\" data-end=\"1688\" data-col-size=\"sm\">2,0&Prime; \/ 5,08 cm \/ 50,8 mm<\/td>\n<\/tr>\n<\/tbody>\n<\/table>\n<\/div>\n<\/div>\n<p data-start=\"1690\" data-end=\"1762\" data-is-last-node=\"\" data-is-only-node=\"\"><strong data-start=\"1690\" data-end=\"1703\">Exemple :<\/strong><br data-start=\"1703\" data-end=\"1706\" \/>Taille du pneu : 245\/45\/R17 \u2013 Hauteur recommand\u00e9e : 1,5&Prime;<\/p>\n","protected":false},"excerpt":{"rendered":"<p>Kits de lettrage pour pneus japonais disponibles ! \u2013 Conception en styles Peel &amp; Stick et lettrage en caoutchouc permanent en relief. Pour des designs personnalis\u00e9s dans cette police, veuillez revenir et \u00ab Cr\u00e9ez le v\u00f4tre \u00bb. Veuillez s\u00e9lectionner le type d\u2019autocollant pour pneus que vous souhaitez acheter, la taille de la roue, la hauteur [&hellip;]<\/p>\n","protected":false},"featured_media":7970,"comment_status":"open","ping_status":"closed","template":"","meta":[],"product_brand":[],"product_cat":[60,59],"product_tag":[],"class_list":{"0":"post-7969","1":"product","2":"type-product","3":"status-publish","4":"has-post-thumbnail","6":"product_cat-automotive-other-brands","7":"product_cat-tire-lettering","9":"first","10":"instock","11":"sale","12":"taxable","13":"shipping-taxable","14":"purchasable","15":"product-type-variable"},"_links":{"self":[{"href":"https:\/\/unruffled-ardinghelli.108-175-3-191.plesk.page\/fr\/wp-json\/wp\/v2\/product\/7969","targetHints":{"allow":["GET"]}}],"collection":[{"href":"https:\/\/unruffled-ardinghelli.108-175-3-191.plesk.page\/fr\/wp-json\/wp\/v2\/product"}],"about":[{"href":"https:\/\/unruffled-ardinghelli.108-175-3-191.plesk.page\/fr\/wp-json\/wp\/v2\/types\/product"}],"replies":[{"embeddable":true,"href":"https:\/\/unruffled-ardinghelli.108-175-3-191.plesk.page\/fr\/wp-json\/wp\/v2\/comments?post=7969"}],"wp:featuredmedia":[{"embeddable":true,"href":"https:\/\/unruffled-ardinghelli.108-175-3-191.plesk.page\/fr\/wp-json\/wp\/v2\/media\/7970"}],"wp:attachment":[{"href":"https:\/\/unruffled-ardinghelli.108-175-3-191.plesk.page\/fr\/wp-json\/wp\/v2\/media?parent=7969"}],"wp:term":[{"taxonomy":"product_brand","embeddable":true,"href":"https:\/\/unruffled-ardinghelli.108-175-3-191.plesk.page\/fr\/wp-json\/wp\/v2\/product_brand?post=7969"},{"taxonomy":"product_cat","embeddable":true,"href":"https:\/\/unruffled-ardinghelli.108-175-3-191.plesk.page\/fr\/wp-json\/wp\/v2\/product_cat?post=7969"},{"taxonomy":"product_tag","embeddable":true,"href":"https:\/\/unruffled-ardinghelli.108-175-3-191.plesk.page\/fr\/wp-json\/wp\/v2\/product_tag?post=7969"}],"curies":[{"name":"wp","href":"https:\/\/api.w.org\/{rel}","templated":true}]}}