{"id":7920,"date":"2025-11-16T03:38:47","date_gmt":"2025-11-16T03:38:47","guid":{"rendered":"https:\/\/unruffled-ardinghelli.108-175-3-191.plesk.page\/product\/cooper-tires\/"},"modified":"2026-01-22T03:30:32","modified_gmt":"2026-01-22T03:30:32","slug":"pneus-cooper","status":"publish","type":"product","link":"https:\/\/unruffled-ardinghelli.108-175-3-191.plesk.page\/fr\/produit\/pneus-cooper\/","title":{"rendered":"Pneus COOPER"},"content":{"rendered":"<p data-start=\"0\" data-end=\"231\">Kits de lettrage pour pneus Cooper ! \u2013 Conception en styles autocollants \u00ab Peel &amp; Stick \u00bb et lettres en caoutchouc sur\u00e9lev\u00e9es permanentes. Pour des designs personnalis\u00e9s dans cette police, veuillez retourner \u00e0 \u00ab Cr\u00e9ez le v\u00f4tre \u00bb.<\/p>\n<p data-start=\"233\" data-end=\"378\">Veuillez s\u00e9lectionner le type d\u2019autocollant pour pneu que vous souhaitez acheter, la taille de la jante, la hauteur des lettres et la quantit\u00e9.<\/p>\n<p data-start=\"380\" data-end=\"404\">GUIDES D\u2019APPLICATION :<\/p>\n<ul data-start=\"405\" data-end=\"501\">\n<li data-start=\"405\" data-end=\"455\">\n<p data-start=\"407\" data-end=\"455\">Court terme : Guide d\u2019application Peel &amp; Stick<\/p>\n<\/li>\n<li data-start=\"456\" data-end=\"501\">\n<p data-start=\"458\" data-end=\"501\">Permanent : Guide d\u2019application permanent<\/p>\n<\/li>\n<\/ul>\n<p data-start=\"503\" data-end=\"914\">Directives g\u00e9n\u00e9rales de dimensionnement des pneus \u2013 Utilisez le tableau de dimensionnement g\u00e9n\u00e9rique ci-dessous pour guider votre choix. Identifiez le rapport d\u2019aspect ou la s\u00e9rie (g\u00e9n\u00e9ralement le chiffre du milieu de la sp\u00e9cification du pneu) et reportez-vous au tableau. Note : certains pneus peuvent avoir un rapport d\u2019aspect unique en dehors de ces directives ; en cas de doute, contactez-nous par e-mail.<\/p>\n<p data-start=\"916\" data-end=\"1653\">Sp\u00e9cification de la s\u00e9rie de pneus \u00a0 \u00a0 \u00a0 \u00a0 \u00a0 \u00a0Hauteur maximale recommand\u00e9e des lettres<br data-start=\"1002\" data-end=\"1005\" \/>20 \u00a0 \u00a0 \u00a0 \u00a0 \u00a0 \u00a0 \u00a0 \u00a0 \u00a0 \u00a0 \u00a0 \u00a0 \u00a0 \u00a0 \u00a0 \u00a0 \u00a0 \u00a0 \u00a0 \u00a0 \u00a0 \u00a0 \u00a0 \u00a0 \u00a0 0,5&Prime; \/ 1,27 cm \/ 12,7 mm<br data-start=\"1082\" data-end=\"1085\" \/>25 \u00a0 \u00a0 \u00a0 \u00a0 \u00a0 \u00a0 \u00a0 \u00a0 \u00a0 \u00a0 \u00a0 \u00a0 \u00a0 \u00a0 \u00a0 \u00a0 \u00a0 \u00a0 \u00a0 \u00a0 \u00a0 \u00a0 \u00a0 \u00a0 \u00a0 0,75&Prime; \/ 1,905 cm \/ 19,05 mm<br data-start=\"1165\" data-end=\"1168\" \/>30 \u00a0 \u00a0 \u00a0 \u00a0 \u00a0 \u00a0 \u00a0 \u00a0 \u00a0 \u00a0 \u00a0 \u00a0 \u00a0 \u00a0 \u00a0 \u00a0 \u00a0 \u00a0 \u00a0 \u00a0 \u00a0 \u00a0 \u00a0 \u00a0 \u00a0 1,0&Prime; \/ 2,54 cm \/ 25 mm<br data-start=\"1243\" data-end=\"1246\" \/>35 \u00a0 \u00a0 \u00a0 \u00a0 \u00a0 \u00a0 \u00a0 \u00a0 \u00a0 \u00a0 \u00a0 \u00a0 \u00a0 \u00a0 \u00a0 \u00a0 \u00a0 \u00a0 \u00a0 \u00a0 \u00a0 \u00a0 \u00a0 \u00a0 \u00a0 1,25&Prime; \/ 3,175 cm \/ 31,75 mm<br data-start=\"1326\" data-end=\"1329\" \/>40 \u00a0 \u00a0 \u00a0 \u00a0 \u00a0 \u00a0 \u00a0 \u00a0 \u00a0 \u00a0 \u00a0 \u00a0 \u00a0 \u00a0 \u00a0 \u00a0 \u00a0 \u00a0 \u00a0 \u00a0 \u00a0 \u00a0 \u00a0 \u00a0 \u00a0 1,25&Prime; \/ 3,175 cm \/ 31,75 mm<br data-start=\"1409\" data-end=\"1412\" \/>45 \u00a0 \u00a0 \u00a0 \u00a0 \u00a0 \u00a0 \u00a0 \u00a0 \u00a0 \u00a0 \u00a0 \u00a0 \u00a0 \u00a0 \u00a0 \u00a0 \u00a0 \u00a0 \u00a0 \u00a0 \u00a0 \u00a0 \u00a0 \u00a0 \u00a0 1,5&Prime; \/ 3,81 cm \/ 38,1 mm<br data-start=\"1489\" data-end=\"1492\" \/>50 \u00a0 \u00a0 \u00a0 \u00a0 \u00a0 \u00a0 \u00a0 \u00a0 \u00a0 \u00a0 \u00a0 \u00a0 \u00a0 \u00a0 \u00a0 \u00a0 \u00a0 \u00a0 \u00a0 \u00a0 \u00a0 \u00a0 \u00a0 \u00a0 \u00a0 1,75&Prime; \/ 4,44 cm \/ 44,45 mm<br data-start=\"1571\" data-end=\"1574\" \/>55 \u00a0 \u00a0 \u00a0 \u00a0 \u00a0 \u00a0 \u00a0 \u00a0 \u00a0 \u00a0 \u00a0 \u00a0 \u00a0 \u00a0 \u00a0 \u00a0 \u00a0 \u00a0 \u00a0 \u00a0 \u00a0 \u00a0 \u00a0 \u00a0 \u00a0 2,0&Prime; \/ 5,08 cm \/ 50,8 mm<\/p>\n<p data-start=\"1655\" data-end=\"1724\" data-is-last-node=\"\" data-is-only-node=\"\">Exemple :<br data-start=\"1664\" data-end=\"1667\" \/>Taille du pneu : 245\/45\/R17 \u00a0 \u00a0Hauteur recommand\u00e9e : 1,5&Prime;<\/p>\n","protected":false},"excerpt":{"rendered":"<p>Kits de lettrage pour pneus Cooper ! \u2013 Conception en styles autocollants \u00ab Peel &amp; Stick \u00bb et lettres en caoutchouc sur\u00e9lev\u00e9es permanentes. Pour des designs personnalis\u00e9s dans cette police, veuillez retourner \u00e0 \u00ab Cr\u00e9ez le v\u00f4tre \u00bb. Veuillez s\u00e9lectionner le type d\u2019autocollant pour pneu que vous souhaitez acheter, la taille de la jante, la [&hellip;]<\/p>\n","protected":false},"featured_media":7922,"comment_status":"closed","ping_status":"closed","template":"","meta":[],"product_brand":[28],"product_cat":[59],"product_tag":[],"class_list":{"0":"post-7920","1":"product","2":"type-product","3":"status-publish","4":"has-post-thumbnail","6":"product_brand-cooper","7":"product_cat-tire-lettering","9":"first","10":"instock","11":"sale","12":"taxable","13":"shipping-taxable","14":"purchasable","15":"product-type-variable"},"_links":{"self":[{"href":"https:\/\/unruffled-ardinghelli.108-175-3-191.plesk.page\/fr\/wp-json\/wp\/v2\/product\/7920","targetHints":{"allow":["GET"]}}],"collection":[{"href":"https:\/\/unruffled-ardinghelli.108-175-3-191.plesk.page\/fr\/wp-json\/wp\/v2\/product"}],"about":[{"href":"https:\/\/unruffled-ardinghelli.108-175-3-191.plesk.page\/fr\/wp-json\/wp\/v2\/types\/product"}],"replies":[{"embeddable":true,"href":"https:\/\/unruffled-ardinghelli.108-175-3-191.plesk.page\/fr\/wp-json\/wp\/v2\/comments?post=7920"}],"wp:featuredmedia":[{"embeddable":true,"href":"https:\/\/unruffled-ardinghelli.108-175-3-191.plesk.page\/fr\/wp-json\/wp\/v2\/media\/7922"}],"wp:attachment":[{"href":"https:\/\/unruffled-ardinghelli.108-175-3-191.plesk.page\/fr\/wp-json\/wp\/v2\/media?parent=7920"}],"wp:term":[{"taxonomy":"product_brand","embeddable":true,"href":"https:\/\/unruffled-ardinghelli.108-175-3-191.plesk.page\/fr\/wp-json\/wp\/v2\/product_brand?post=7920"},{"taxonomy":"product_cat","embeddable":true,"href":"https:\/\/unruffled-ardinghelli.108-175-3-191.plesk.page\/fr\/wp-json\/wp\/v2\/product_cat?post=7920"},{"taxonomy":"product_tag","embeddable":true,"href":"https:\/\/unruffled-ardinghelli.108-175-3-191.plesk.page\/fr\/wp-json\/wp\/v2\/product_tag?post=7920"}],"curies":[{"name":"wp","href":"https:\/\/api.w.org\/{rel}","templated":true}]}}