{"id":7902,"date":"2025-11-16T03:38:47","date_gmt":"2025-11-16T03:38:47","guid":{"rendered":"https:\/\/unruffled-ardinghelli.108-175-3-191.plesk.page\/product\/dotted-lines-tire-sidewall-design\/"},"modified":"2026-01-22T03:29:08","modified_gmt":"2026-01-22T03:29:08","slug":"lignes-pointillees-design-pour-flanc-de-pneu","status":"publish","type":"product","link":"https:\/\/unruffled-ardinghelli.108-175-3-191.plesk.page\/fr\/produit\/lignes-pointillees-design-pour-flanc-de-pneu\/","title":{"rendered":"Lignes pointill\u00e9es \u2013 Design pour flanc de pneu"},"content":{"rendered":"<p data-start=\"0\" data-end=\"352\">Lignes pointill\u00e9es \u2013 Design pour flanc de pneu maintenant disponible ! Ce kit est disponible en styles <strong data-start=\"103\" data-end=\"119\">Peel &amp; Stick<\/strong> ou <strong data-start=\"123\" data-end=\"167\">lettres en caoutchouc sur\u00e9lev\u00e9 permanent<\/strong>. Le kit inclura <strong data-start=\"184\" data-end=\"239\">2 longues bandes et 10 pi\u00e8ces plus petites par roue<\/strong> pour correspondre \u00e0 la photo ci-dessus.<br data-start=\"279\" data-end=\"282\" \/>Pour des designs personnalis\u00e9s, veuillez revenir \u00e0 <strong data-start=\"333\" data-end=\"351\" data-is-only-node=\"\">Cr\u00e9er le v\u00f4tre<\/strong>.<\/p>\n<p data-start=\"354\" data-end=\"382\"><strong data-start=\"354\" data-end=\"380\">GUIDES D\u2019APPLICATION :<\/strong><\/p>\n<ul data-start=\"383\" data-end=\"482\">\n<li data-start=\"383\" data-end=\"436\">\n<p data-start=\"385\" data-end=\"436\">Semi-permanent : Guide d\u2019application Peel &amp; Stick<\/p>\n<\/li>\n<li data-start=\"437\" data-end=\"482\">\n<p data-start=\"439\" data-end=\"482\">Permanent : Guide d\u2019application Permanent<\/p>\n<\/li>\n<\/ul>\n<p data-start=\"484\" data-end=\"1233\"><strong data-start=\"484\" data-end=\"522\">Sp\u00e9cifications des s\u00e9ries de pneus<\/strong> \u00a0 \u00a0 \u00a0 \u00a0 \u00a0 \u00a0 \u00a0 \u00a0<strong data-start=\"538\" data-end=\"582\">Hauteur maximale recommand\u00e9e des lettres<\/strong><br data-start=\"582\" data-end=\"585\" \/>20 \u00a0 \u00a0 \u00a0 \u00a0 \u00a0 \u00a0 \u00a0 \u00a0 \u00a0 \u00a0 \u00a0 \u00a0 \u00a0 \u00a0 \u00a0 \u00a0 \u00a0 \u00a0 \u00a0 \u00a0 \u00a0 \u00a0 \u00a0 \u00a0 \u00a0 0,5&Prime; \/ 1,27\u202fcm \/ 12,7\u202fmm<br data-start=\"662\" data-end=\"665\" \/>25 \u00a0 \u00a0 \u00a0 \u00a0 \u00a0 \u00a0 \u00a0 \u00a0 \u00a0 \u00a0 \u00a0 \u00a0 \u00a0 \u00a0 \u00a0 \u00a0 \u00a0 \u00a0 \u00a0 \u00a0 \u00a0 \u00a0 \u00a0 \u00a0 \u00a0 0,75&Prime; \/ 1,905\u202fcm \/ 19,05\u202fmm<br data-start=\"745\" data-end=\"748\" \/>30 \u00a0 \u00a0 \u00a0 \u00a0 \u00a0 \u00a0 \u00a0 \u00a0 \u00a0 \u00a0 \u00a0 \u00a0 \u00a0 \u00a0 \u00a0 \u00a0 \u00a0 \u00a0 \u00a0 \u00a0 \u00a0 \u00a0 \u00a0 \u00a0 \u00a0 1,0&Prime; \/ 2,54\u202fcm \/ 25\u202fmm<br data-start=\"823\" data-end=\"826\" \/>35 \u00a0 \u00a0 \u00a0 \u00a0 \u00a0 \u00a0 \u00a0 \u00a0 \u00a0 \u00a0 \u00a0 \u00a0 \u00a0 \u00a0 \u00a0 \u00a0 \u00a0 \u00a0 \u00a0 \u00a0 \u00a0 \u00a0 \u00a0 \u00a0 \u00a0 1,25&Prime; \/ 3,175\u202fcm \/ 31,75\u202fmm<br data-start=\"906\" data-end=\"909\" \/>40 \u00a0 \u00a0 \u00a0 \u00a0 \u00a0 \u00a0 \u00a0 \u00a0 \u00a0 \u00a0 \u00a0 \u00a0 \u00a0 \u00a0 \u00a0 \u00a0 \u00a0 \u00a0 \u00a0 \u00a0 \u00a0 \u00a0 \u00a0 \u00a0 \u00a0 1,25&Prime; \/ 3,175\u202fcm \/ 31,75\u202fmm<br data-start=\"989\" data-end=\"992\" \/>45 \u00a0 \u00a0 \u00a0 \u00a0 \u00a0 \u00a0 \u00a0 \u00a0 \u00a0 \u00a0 \u00a0 \u00a0 \u00a0 \u00a0 \u00a0 \u00a0 \u00a0 \u00a0 \u00a0 \u00a0 \u00a0 \u00a0 \u00a0 \u00a0 \u00a0 1,5&Prime; \/ 3,81\u202fcm \/ 38,1\u202fmm<br data-start=\"1069\" data-end=\"1072\" \/>50 \u00a0 \u00a0 \u00a0 \u00a0 \u00a0 \u00a0 \u00a0 \u00a0 \u00a0 \u00a0 \u00a0 \u00a0 \u00a0 \u00a0 \u00a0 \u00a0 \u00a0 \u00a0 \u00a0 \u00a0 \u00a0 \u00a0 \u00a0 \u00a0 \u00a0 1,75&Prime; \/ 4,44\u202fcm \/ 44,45\u202fmm<br data-start=\"1151\" data-end=\"1154\" \/>55 \u00a0 \u00a0 \u00a0 \u00a0 \u00a0 \u00a0 \u00a0 \u00a0 \u00a0 \u00a0 \u00a0 \u00a0 \u00a0 \u00a0 \u00a0 \u00a0 \u00a0 \u00a0 \u00a0 \u00a0 \u00a0 \u00a0 \u00a0 \u00a0 \u00a0 2,0&Prime; \/ 5,08\u202fcm \/ 50,8\u202fmm<\/p>\n<p data-start=\"1235\" data-end=\"1308\"><strong data-start=\"1235\" data-end=\"1248\">Exemple :<\/strong><br data-start=\"1248\" data-end=\"1251\" \/>Taille du pneu : 245\/45\/R17 \u00a0 \u00a0Hauteur recommand\u00e9e : 1,5&Prime;<\/p>\n<p data-start=\"1310\" data-end=\"1400\" data-is-last-node=\"\" data-is-only-node=\"\">Pour plus d\u2019informations sur ce produit, consultez le <strong data-start=\"1364\" data-end=\"1399\">Guide de s\u00e9lection des produits<\/strong>.<\/p>\n<p>&nbsp;<\/p>\n","protected":false},"excerpt":{"rendered":"<p>Lignes pointill\u00e9es \u2013 Design pour flanc de pneu maintenant disponible ! Ce kit est disponible en styles Peel &amp; Stick ou lettres en caoutchouc sur\u00e9lev\u00e9 permanent. Le kit inclura 2 longues bandes et 10 pi\u00e8ces plus petites par roue pour correspondre \u00e0 la photo ci-dessus.Pour des designs personnalis\u00e9s, veuillez revenir \u00e0 Cr\u00e9er le v\u00f4tre. GUIDES [&hellip;]<\/p>\n","protected":false},"featured_media":7903,"comment_status":"open","ping_status":"closed","template":"","meta":[],"product_brand":[],"product_cat":[62,63],"product_tag":[],"class_list":{"0":"post-7902","1":"product","2":"type-product","3":"status-publish","4":"has-post-thumbnail","6":"product_cat-tire-graphics","7":"product_cat-whitewalls-stripes-adds-on","9":"first","10":"instock","11":"sale","12":"taxable","13":"shipping-taxable","14":"purchasable","15":"product-type-variable"},"_links":{"self":[{"href":"https:\/\/unruffled-ardinghelli.108-175-3-191.plesk.page\/fr\/wp-json\/wp\/v2\/product\/7902","targetHints":{"allow":["GET"]}}],"collection":[{"href":"https:\/\/unruffled-ardinghelli.108-175-3-191.plesk.page\/fr\/wp-json\/wp\/v2\/product"}],"about":[{"href":"https:\/\/unruffled-ardinghelli.108-175-3-191.plesk.page\/fr\/wp-json\/wp\/v2\/types\/product"}],"replies":[{"embeddable":true,"href":"https:\/\/unruffled-ardinghelli.108-175-3-191.plesk.page\/fr\/wp-json\/wp\/v2\/comments?post=7902"}],"wp:featuredmedia":[{"embeddable":true,"href":"https:\/\/unruffled-ardinghelli.108-175-3-191.plesk.page\/fr\/wp-json\/wp\/v2\/media\/7903"}],"wp:attachment":[{"href":"https:\/\/unruffled-ardinghelli.108-175-3-191.plesk.page\/fr\/wp-json\/wp\/v2\/media?parent=7902"}],"wp:term":[{"taxonomy":"product_brand","embeddable":true,"href":"https:\/\/unruffled-ardinghelli.108-175-3-191.plesk.page\/fr\/wp-json\/wp\/v2\/product_brand?post=7902"},{"taxonomy":"product_cat","embeddable":true,"href":"https:\/\/unruffled-ardinghelli.108-175-3-191.plesk.page\/fr\/wp-json\/wp\/v2\/product_cat?post=7902"},{"taxonomy":"product_tag","embeddable":true,"href":"https:\/\/unruffled-ardinghelli.108-175-3-191.plesk.page\/fr\/wp-json\/wp\/v2\/product_tag?post=7902"}],"curies":[{"name":"wp","href":"https:\/\/api.w.org\/{rel}","templated":true}]}}