{"id":7851,"date":"2025-11-16T03:38:47","date_gmt":"2025-11-16T03:38:47","guid":{"rendered":"https:\/\/unruffled-ardinghelli.108-175-3-191.plesk.page\/product\/tire-graphics-flares-only\/"},"modified":"2026-01-22T03:26:36","modified_gmt":"2026-01-22T03:26:36","slug":"graphiques-de-pneus-seulement-les-extensions","status":"publish","type":"product","link":"https:\/\/unruffled-ardinghelli.108-175-3-191.plesk.page\/fr\/produit\/graphiques-de-pneus-seulement-les-extensions\/","title":{"rendered":"Graphiques de pneus \u2013 seulement les extensions"},"content":{"rendered":"<p data-start=\"0\" data-end=\"229\">EXTENSIONS DE PNEUS \u2013 Graphiques de pneus personnalis\u00e9s maintenant disponibles !<br data-start=\"80\" data-end=\"83\" \/>Ajoutez un look personnalis\u00e9 \u00e0 votre v\u00e9hicule avec ces graphiques de flare de pneu personnalis\u00e9s. Ceci est un suppl\u00e9ment \u2013 EXTENSIONS SEULEMENT.<\/p>\n<p data-start=\"231\" data-end=\"250\">Ce kit comprend :<\/p>\n<ul data-start=\"251\" data-end=\"322\">\n<li data-start=\"251\" data-end=\"275\">\n<p data-start=\"253\" data-end=\"275\">8 extensions de pneu<\/p>\n<\/li>\n<li data-start=\"276\" data-end=\"300\">\n<p data-start=\"278\" data-end=\"300\">Guide d\u2019instructions<\/p>\n<\/li>\n<li data-start=\"301\" data-end=\"322\">\n<p data-start=\"303\" data-end=\"322\">Adh\u00e9sif fleXement<\/p>\n<\/li>\n<\/ul>\n<p data-start=\"324\" data-end=\"466\">Veuillez s\u00e9lectionner le type d\u2019autocollant de pneu que vous souhaitez acheter, la taille de la roue, la hauteur des lettres et la quantit\u00e9.<\/p>\n<p data-start=\"468\" data-end=\"492\">GUIDES D\u2019APPLICATION :<\/p>\n<ul data-start=\"493\" data-end=\"594\">\n<li data-start=\"493\" data-end=\"548\">\n<p data-start=\"495\" data-end=\"548\">Semi-permanent : Guide d\u2019application Peel and Stick<\/p>\n<\/li>\n<li data-start=\"549\" data-end=\"594\">\n<p data-start=\"551\" data-end=\"594\">Permanent : Guide d\u2019application permanent<\/p>\n<\/li>\n<\/ul>\n<p data-start=\"596\" data-end=\"786\" data-is-last-node=\"\" data-is-only-node=\"\">Ce kit peut \u00eatre combin\u00e9 avec d\u2019autres produits, veuillez laisser une note lors du passage en caisse. Pour des designs personnalis\u00e9s, veuillez revenir \u00e0 \u00ab Cr\u00e9ez le v\u00f4tre \u00bb ou nous contacter.<\/p>\n","protected":false},"excerpt":{"rendered":"<p>EXTENSIONS DE PNEUS \u2013 Graphiques de pneus personnalis\u00e9s maintenant disponibles !Ajoutez un look personnalis\u00e9 \u00e0 votre v\u00e9hicule avec ces graphiques de flare de pneu personnalis\u00e9s. Ceci est un suppl\u00e9ment \u2013 EXTENSIONS SEULEMENT. Ce kit comprend : 8 extensions de pneu Guide d\u2019instructions Adh\u00e9sif fleXement Veuillez s\u00e9lectionner le type d\u2019autocollant de pneu que vous souhaitez acheter, [&hellip;]<\/p>\n","protected":false},"featured_media":7852,"comment_status":"open","ping_status":"closed","template":"","meta":[],"product_brand":[],"product_cat":[61,62],"product_tag":[],"class_list":{"0":"post-7851","1":"product","2":"type-product","3":"status-publish","4":"has-post-thumbnail","6":"product_cat-create-your-own","7":"product_cat-tire-graphics","9":"first","10":"instock","11":"sale","12":"taxable","13":"shipping-taxable","14":"purchasable","15":"product-type-variable"},"_links":{"self":[{"href":"https:\/\/unruffled-ardinghelli.108-175-3-191.plesk.page\/fr\/wp-json\/wp\/v2\/product\/7851","targetHints":{"allow":["GET"]}}],"collection":[{"href":"https:\/\/unruffled-ardinghelli.108-175-3-191.plesk.page\/fr\/wp-json\/wp\/v2\/product"}],"about":[{"href":"https:\/\/unruffled-ardinghelli.108-175-3-191.plesk.page\/fr\/wp-json\/wp\/v2\/types\/product"}],"replies":[{"embeddable":true,"href":"https:\/\/unruffled-ardinghelli.108-175-3-191.plesk.page\/fr\/wp-json\/wp\/v2\/comments?post=7851"}],"wp:featuredmedia":[{"embeddable":true,"href":"https:\/\/unruffled-ardinghelli.108-175-3-191.plesk.page\/fr\/wp-json\/wp\/v2\/media\/7852"}],"wp:attachment":[{"href":"https:\/\/unruffled-ardinghelli.108-175-3-191.plesk.page\/fr\/wp-json\/wp\/v2\/media?parent=7851"}],"wp:term":[{"taxonomy":"product_brand","embeddable":true,"href":"https:\/\/unruffled-ardinghelli.108-175-3-191.plesk.page\/fr\/wp-json\/wp\/v2\/product_brand?post=7851"},{"taxonomy":"product_cat","embeddable":true,"href":"https:\/\/unruffled-ardinghelli.108-175-3-191.plesk.page\/fr\/wp-json\/wp\/v2\/product_cat?post=7851"},{"taxonomy":"product_tag","embeddable":true,"href":"https:\/\/unruffled-ardinghelli.108-175-3-191.plesk.page\/fr\/wp-json\/wp\/v2\/product_tag?post=7851"}],"curies":[{"name":"wp","href":"https:\/\/api.w.org\/{rel}","templated":true}]}}