{"id":7783,"date":"2025-11-16T03:38:47","date_gmt":"2025-11-16T03:38:47","guid":{"rendered":"https:\/\/unruffled-ardinghelli.108-175-3-191.plesk.page\/product\/continental-tire-stickers\/"},"modified":"2026-01-22T03:24:07","modified_gmt":"2026-01-22T03:24:07","slug":"autocollants-de-pneus-continental","status":"publish","type":"product","link":"https:\/\/unruffled-ardinghelli.108-175-3-191.plesk.page\/fr\/produit\/autocollants-de-pneus-continental\/","title":{"rendered":"Autocollants de pneus Continental"},"content":{"rendered":"<p data-start=\"0\" data-end=\"139\">Les autocollants de pneus Continental sont disponibles en kits <strong data-start=\"63\" data-end=\"81\">Peel and Stick<\/strong> ou en <strong data-start=\"88\" data-end=\"136\">lettres en caoutchouc sur\u00e9lev\u00e9es permanentes<\/strong>.<\/p>\n<ul data-start=\"141\" data-end=\"240\">\n<li data-start=\"141\" data-end=\"194\">\n<p data-start=\"143\" data-end=\"194\">Semi-permanent : Guide d\u2019application Peel &amp; Stick<\/p>\n<\/li>\n<li data-start=\"195\" data-end=\"240\">\n<p data-start=\"197\" data-end=\"240\">Permanent : Guide d\u2019application Permanent<\/p>\n<\/li>\n<\/ul>\n<p data-start=\"242\" data-end=\"615\"><strong data-start=\"242\" data-end=\"290\">Guide g\u00e9n\u00e9rique de dimensionnement des pneus<\/strong> \u2013 Utilisez le tableau ci-dessous pour vous guider. Identifiez le rapport d\u2019aspect ou la s\u00e9rie (g\u00e9n\u00e9ralement le chiffre du milieu dans la sp\u00e9cification du pneu) et comparez avec le tableau. Note : certains pneus peuvent avoir un rapport d\u2019aspect unique en dehors de ces directives. En cas de doute, envoyez-nous un e-mail !<\/p>\n<div class=\"TyagGW_tableContainer\">\n<div class=\"group TyagGW_tableWrapper flex flex-col-reverse w-fit\" tabindex=\"-1\">\n<table class=\"w-fit min-w-(--thread-content-width)\" data-start=\"617\" data-end=\"1400\">\n<thead data-start=\"617\" data-end=\"697\">\n<tr data-start=\"617\" data-end=\"697\">\n<th data-start=\"617\" data-end=\"653\" data-col-size=\"sm\">Sp\u00e9cification de la s\u00e9rie de pneu<\/th>\n<th data-start=\"653\" data-end=\"697\" data-col-size=\"sm\">Hauteur de lettre maximale recommand\u00e9e<\/th>\n<\/tr>\n<\/thead>\n<tbody data-start=\"777\" data-end=\"1400\">\n<tr data-start=\"777\" data-end=\"854\">\n<td data-start=\"777\" data-end=\"812\" data-col-size=\"sm\">20<\/td>\n<td data-start=\"812\" data-end=\"854\" data-col-size=\"sm\">0,5&Prime; \/ 1,27 cm \/ 12,7 mm<\/td>\n<\/tr>\n<tr data-start=\"855\" data-end=\"932\">\n<td data-start=\"855\" data-end=\"890\" data-col-size=\"sm\">25<\/td>\n<td data-start=\"890\" data-end=\"932\" data-col-size=\"sm\">0,75&Prime; \/ 1,905 cm \/ 19,05 mm<\/td>\n<\/tr>\n<tr data-start=\"933\" data-end=\"1010\">\n<td data-start=\"933\" data-end=\"968\" data-col-size=\"sm\">30<\/td>\n<td data-start=\"968\" data-end=\"1010\" data-col-size=\"sm\">1,0&Prime; \/ 2,54 cm \/ 25 mm<\/td>\n<\/tr>\n<tr data-start=\"1011\" data-end=\"1088\">\n<td data-start=\"1011\" data-end=\"1046\" data-col-size=\"sm\">35<\/td>\n<td data-start=\"1046\" data-end=\"1088\" data-col-size=\"sm\">1,25&Prime; \/ 3,175 cm \/ 31,75 mm<\/td>\n<\/tr>\n<tr data-start=\"1089\" data-end=\"1166\">\n<td data-start=\"1089\" data-end=\"1124\" data-col-size=\"sm\">40<\/td>\n<td data-start=\"1124\" data-end=\"1166\" data-col-size=\"sm\">1,25&Prime; \/ 3,175 cm \/ 31,75 mm<\/td>\n<\/tr>\n<tr data-start=\"1167\" data-end=\"1244\">\n<td data-start=\"1167\" data-end=\"1202\" data-col-size=\"sm\">45<\/td>\n<td data-start=\"1202\" data-end=\"1244\" data-col-size=\"sm\">1,5&Prime; \/ 3,81 cm \/ 38,1 mm<\/td>\n<\/tr>\n<tr data-start=\"1245\" data-end=\"1322\">\n<td data-start=\"1245\" data-end=\"1280\" data-col-size=\"sm\">50<\/td>\n<td data-start=\"1280\" data-end=\"1322\" data-col-size=\"sm\">1,75&Prime; \/ 4,44 cm \/ 44,45 mm<\/td>\n<\/tr>\n<tr data-start=\"1323\" data-end=\"1400\">\n<td data-start=\"1323\" data-end=\"1358\" data-col-size=\"sm\">55<\/td>\n<td data-start=\"1358\" data-end=\"1400\" data-col-size=\"sm\">2,0&Prime; \/ 5,08 cm \/ 50,8 mm<\/td>\n<\/tr>\n<\/tbody>\n<\/table>\n<\/div>\n<\/div>\n<p data-start=\"1402\" data-end=\"1474\" data-is-last-node=\"\" data-is-only-node=\"\"><strong data-start=\"1402\" data-end=\"1415\">Exemple :<\/strong><br data-start=\"1415\" data-end=\"1418\" \/>Taille du pneu : 245\/45\/R17 \u2013 Hauteur recommand\u00e9e : 1,5&Prime;<\/p>\n","protected":false},"excerpt":{"rendered":"<p>Les autocollants de pneus Continental sont disponibles en kits Peel and Stick ou en lettres en caoutchouc sur\u00e9lev\u00e9es permanentes. Semi-permanent : Guide d\u2019application Peel &amp; Stick Permanent : Guide d\u2019application Permanent Guide g\u00e9n\u00e9rique de dimensionnement des pneus \u2013 Utilisez le tableau ci-dessous pour vous guider. Identifiez le rapport d\u2019aspect ou la s\u00e9rie (g\u00e9n\u00e9ralement le chiffre [&hellip;]<\/p>\n","protected":false},"featured_media":7785,"comment_status":"open","ping_status":"closed","template":"","meta":[],"product_brand":[27],"product_cat":[59],"product_tag":[],"class_list":{"0":"post-7783","1":"product","2":"type-product","3":"status-publish","4":"has-post-thumbnail","6":"product_brand-continental","7":"product_cat-tire-lettering","9":"first","10":"instock","11":"sale","12":"taxable","13":"shipping-taxable","14":"purchasable","15":"product-type-variable"},"_links":{"self":[{"href":"https:\/\/unruffled-ardinghelli.108-175-3-191.plesk.page\/fr\/wp-json\/wp\/v2\/product\/7783","targetHints":{"allow":["GET"]}}],"collection":[{"href":"https:\/\/unruffled-ardinghelli.108-175-3-191.plesk.page\/fr\/wp-json\/wp\/v2\/product"}],"about":[{"href":"https:\/\/unruffled-ardinghelli.108-175-3-191.plesk.page\/fr\/wp-json\/wp\/v2\/types\/product"}],"replies":[{"embeddable":true,"href":"https:\/\/unruffled-ardinghelli.108-175-3-191.plesk.page\/fr\/wp-json\/wp\/v2\/comments?post=7783"}],"wp:featuredmedia":[{"embeddable":true,"href":"https:\/\/unruffled-ardinghelli.108-175-3-191.plesk.page\/fr\/wp-json\/wp\/v2\/media\/7785"}],"wp:attachment":[{"href":"https:\/\/unruffled-ardinghelli.108-175-3-191.plesk.page\/fr\/wp-json\/wp\/v2\/media?parent=7783"}],"wp:term":[{"taxonomy":"product_brand","embeddable":true,"href":"https:\/\/unruffled-ardinghelli.108-175-3-191.plesk.page\/fr\/wp-json\/wp\/v2\/product_brand?post=7783"},{"taxonomy":"product_cat","embeddable":true,"href":"https:\/\/unruffled-ardinghelli.108-175-3-191.plesk.page\/fr\/wp-json\/wp\/v2\/product_cat?post=7783"},{"taxonomy":"product_tag","embeddable":true,"href":"https:\/\/unruffled-ardinghelli.108-175-3-191.plesk.page\/fr\/wp-json\/wp\/v2\/product_tag?post=7783"}],"curies":[{"name":"wp","href":"https:\/\/api.w.org\/{rel}","templated":true}]}}