{"id":7773,"date":"2025-11-16T03:38:47","date_gmt":"2025-11-16T03:38:47","guid":{"rendered":"https:\/\/unruffled-ardinghelli.108-175-3-191.plesk.page\/product\/michelin-man-permanent-tire-lettering-design\/"},"modified":"2026-01-22T03:22:35","modified_gmt":"2026-01-22T03:22:35","slug":"michelin-man-design-de-lettres-de-pneus-permanentes","status":"publish","type":"product","link":"https:\/\/unruffled-ardinghelli.108-175-3-191.plesk.page\/fr\/produit\/michelin-man-design-de-lettres-de-pneus-permanentes\/","title":{"rendered":"Michelin Man \u2013 Design de Lettres de Pneus Permanentes"},"content":{"rendered":"<div class=\"flex flex-col text-sm pb-25\">\n<article class=\"text-token-text-primary w-full focus:outline-none [--shadow-height:45px] has-data-writing-block:pointer-events-none has-data-writing-block:-mt-(--shadow-height) has-data-writing-block:pt-(--shadow-height) [&amp;:has([data-writing-block])&gt;*]:pointer-events-auto scroll-mt-[calc(var(--header-height)+min(200px,max(70px,20svh)))]\" dir=\"auto\" tabindex=\"-1\" data-turn-id=\"request-WEB:57352c03-69f7-4f71-9092-680ab9207121-83\" data-testid=\"conversation-turn-162\" data-scroll-anchor=\"true\" data-turn=\"assistant\">\n<div class=\"text-base my-auto mx-auto pb-10 [--thread-content-margin:--spacing(4)] @w-sm\/main:[--thread-content-margin:--spacing(6)] @w-lg\/main:[--thread-content-margin:--spacing(16)] px-(--thread-content-margin)\">\n<div class=\"[--thread-content-max-width:40rem] @w-lg\/main:[--thread-content-max-width:48rem] mx-auto max-w-(--thread-content-max-width) flex-1 group\/turn-messages focus-visible:outline-hidden relative flex w-full min-w-0 flex-col agent-turn\" tabindex=\"-1\">\n<div class=\"flex max-w-full flex-col grow\">\n<div class=\"min-h-8 text-message relative flex w-full flex-col items-end gap-2 text-start break-words whitespace-normal [.text-message+&amp;]:mt-1\" dir=\"auto\" data-message-author-role=\"assistant\" data-message-id=\"cbd9f036-1eea-4ccb-86ad-0d8eb9a2b79e\" data-message-model-slug=\"gpt-5-mini\">\n<div class=\"flex w-full flex-col gap-1 empty:hidden first:pt-[1px]\">\n<div class=\"markdown prose dark:prose-invert w-full break-words dark markdown-new-styling\">\n<p data-start=\"0\" data-end=\"119\">Maintenant Disponible ! \u2013 Autocollants de Pneus Michelin en bleu et blanc pour jantes de 16, 17, 18, 19 et 20 pouces.<\/p>\n<p data-start=\"121\" data-end=\"149\"><strong data-start=\"121\" data-end=\"147\">GUIDES D\u2019APPLICATION :<\/strong><\/p>\n<ul data-start=\"150\" data-end=\"203\">\n<li data-start=\"150\" data-end=\"203\">\n<p data-start=\"152\" data-end=\"203\">Semi-permanent : Guide d\u2019application Peel &amp; Stick<\/p>\n<\/li>\n<\/ul>\n<p data-start=\"205\" data-end=\"512\">L\u2019\u00e9dition couleur (Bleu\/Blanc) utilise une encre permanente sp\u00e9ciale qui r\u00e9siste jusqu\u2019\u00e0 1000 heures d\u2019exposition directe aux UV et peut \u00eatre endommag\u00e9e par des produits chimiques agressifs ou le nettoyage. Le style Noir et Blanc est en caoutchouc blanc solide et ne pr\u00e9sente aucun risque de d\u00e9coloration.<\/p>\n<p data-start=\"514\" data-end=\"578\">Le Michelin Man est une marque d\u00e9pos\u00e9e appartenant \u00e0 Michelin.<\/p>\n<p data-start=\"580\" data-end=\"953\"><strong data-start=\"580\" data-end=\"628\">Guide g\u00e9n\u00e9rique de dimensionnement des pneus<\/strong> \u2013 Utilisez le tableau ci-dessous pour vous guider. Identifiez le rapport d\u2019aspect ou la s\u00e9rie (g\u00e9n\u00e9ralement le chiffre du milieu dans la sp\u00e9cification du pneu) et comparez avec le tableau. Note : certains pneus peuvent avoir un rapport d\u2019aspect unique en dehors de ces directives. En cas de doute, envoyez-nous un e-mail !<\/p>\n<div class=\"TyagGW_tableContainer\">\n<div class=\"group TyagGW_tableWrapper flex flex-col-reverse w-fit\" tabindex=\"-1\">\n<table class=\"w-fit min-w-(--thread-content-width)\" data-start=\"955\" data-end=\"1738\">\n<thead data-start=\"955\" data-end=\"1035\">\n<tr data-start=\"955\" data-end=\"1035\">\n<th data-start=\"955\" data-end=\"991\" data-col-size=\"sm\">Sp\u00e9cification de la s\u00e9rie de pneu<\/th>\n<th data-start=\"991\" data-end=\"1035\" data-col-size=\"sm\">Hauteur de lettre maximale recommand\u00e9e<\/th>\n<\/tr>\n<\/thead>\n<tbody data-start=\"1115\" data-end=\"1738\">\n<tr data-start=\"1115\" data-end=\"1192\">\n<td data-start=\"1115\" data-end=\"1150\" data-col-size=\"sm\">20<\/td>\n<td data-start=\"1150\" data-end=\"1192\" data-col-size=\"sm\">0,5&Prime; \/ 1,27 cm \/ 12,7 mm<\/td>\n<\/tr>\n<tr data-start=\"1193\" data-end=\"1270\">\n<td data-start=\"1193\" data-end=\"1228\" data-col-size=\"sm\">25<\/td>\n<td data-start=\"1228\" data-end=\"1270\" data-col-size=\"sm\">0,75&Prime; \/ 1,905 cm \/ 19,05 mm<\/td>\n<\/tr>\n<tr data-start=\"1271\" data-end=\"1348\">\n<td data-start=\"1271\" data-end=\"1306\" data-col-size=\"sm\">30<\/td>\n<td data-start=\"1306\" data-end=\"1348\" data-col-size=\"sm\">1,0&Prime; \/ 2,54 cm \/ 25 mm<\/td>\n<\/tr>\n<tr data-start=\"1349\" data-end=\"1426\">\n<td data-start=\"1349\" data-end=\"1384\" data-col-size=\"sm\">35<\/td>\n<td data-start=\"1384\" data-end=\"1426\" data-col-size=\"sm\">1,25&Prime; \/ 3,175 cm \/ 31,75 mm<\/td>\n<\/tr>\n<tr data-start=\"1427\" data-end=\"1504\">\n<td data-start=\"1427\" data-end=\"1462\" data-col-size=\"sm\">40<\/td>\n<td data-start=\"1462\" data-end=\"1504\" data-col-size=\"sm\">1,25&Prime; \/ 3,175 cm \/ 31,75 mm<\/td>\n<\/tr>\n<tr data-start=\"1505\" data-end=\"1582\">\n<td data-start=\"1505\" data-end=\"1540\" data-col-size=\"sm\">45<\/td>\n<td data-start=\"1540\" data-end=\"1582\" data-col-size=\"sm\">1,5&Prime; \/ 3,81 cm \/ 38,1 mm<\/td>\n<\/tr>\n<tr data-start=\"1583\" data-end=\"1660\">\n<td data-start=\"1583\" data-end=\"1618\" data-col-size=\"sm\">50<\/td>\n<td data-start=\"1618\" data-end=\"1660\" data-col-size=\"sm\">1,75&Prime; \/ 4,44 cm \/ 44,45 mm<\/td>\n<\/tr>\n<tr data-start=\"1661\" data-end=\"1738\">\n<td data-start=\"1661\" data-end=\"1696\" data-col-size=\"sm\">55<\/td>\n<td data-start=\"1696\" data-end=\"1738\" data-col-size=\"sm\">2,0&Prime; \/ 5,08 cm \/ 50,8 mm<\/td>\n<\/tr>\n<\/tbody>\n<\/table>\n<\/div>\n<\/div>\n<p data-start=\"1740\" data-end=\"1812\" data-is-last-node=\"\" data-is-only-node=\"\"><strong data-start=\"1740\" data-end=\"1753\">Exemple :<\/strong><br data-start=\"1753\" data-end=\"1756\" \/>Taille du pneu : 245\/45\/R17 \u2013 Hauteur recommand\u00e9e : 1,5&Prime;<\/p>\n<\/div>\n<\/div>\n<\/div>\n<\/div>\n<\/div>\n<\/div>\n<\/article>\n<\/div>\n","protected":false},"excerpt":{"rendered":"<p>Maintenant Disponible ! \u2013 Autocollants de Pneus Michelin en bleu et blanc pour jantes de 16, 17, 18, 19 et 20 pouces. GUIDES D\u2019APPLICATION : Semi-permanent : Guide d\u2019application Peel &amp; Stick L\u2019\u00e9dition couleur (Bleu\/Blanc) utilise une encre permanente sp\u00e9ciale qui r\u00e9siste jusqu\u2019\u00e0 1000 heures d\u2019exposition directe aux UV et peut \u00eatre endommag\u00e9e par des [&hellip;]<\/p>\n","protected":false},"featured_media":7775,"comment_status":"open","ping_status":"closed","template":"","meta":[],"product_brand":[36],"product_cat":[59],"product_tag":[],"class_list":{"0":"post-7773","1":"product","2":"type-product","3":"status-publish","4":"has-post-thumbnail","6":"product_brand-michelin","7":"product_cat-tire-lettering","9":"first","10":"instock","11":"sale","12":"taxable","13":"shipping-taxable","14":"purchasable","15":"product-type-variable"},"_links":{"self":[{"href":"https:\/\/unruffled-ardinghelli.108-175-3-191.plesk.page\/fr\/wp-json\/wp\/v2\/product\/7773","targetHints":{"allow":["GET"]}}],"collection":[{"href":"https:\/\/unruffled-ardinghelli.108-175-3-191.plesk.page\/fr\/wp-json\/wp\/v2\/product"}],"about":[{"href":"https:\/\/unruffled-ardinghelli.108-175-3-191.plesk.page\/fr\/wp-json\/wp\/v2\/types\/product"}],"replies":[{"embeddable":true,"href":"https:\/\/unruffled-ardinghelli.108-175-3-191.plesk.page\/fr\/wp-json\/wp\/v2\/comments?post=7773"}],"wp:featuredmedia":[{"embeddable":true,"href":"https:\/\/unruffled-ardinghelli.108-175-3-191.plesk.page\/fr\/wp-json\/wp\/v2\/media\/7775"}],"wp:attachment":[{"href":"https:\/\/unruffled-ardinghelli.108-175-3-191.plesk.page\/fr\/wp-json\/wp\/v2\/media?parent=7773"}],"wp:term":[{"taxonomy":"product_brand","embeddable":true,"href":"https:\/\/unruffled-ardinghelli.108-175-3-191.plesk.page\/fr\/wp-json\/wp\/v2\/product_brand?post=7773"},{"taxonomy":"product_cat","embeddable":true,"href":"https:\/\/unruffled-ardinghelli.108-175-3-191.plesk.page\/fr\/wp-json\/wp\/v2\/product_cat?post=7773"},{"taxonomy":"product_tag","embeddable":true,"href":"https:\/\/unruffled-ardinghelli.108-175-3-191.plesk.page\/fr\/wp-json\/wp\/v2\/product_tag?post=7773"}],"curies":[{"name":"wp","href":"https:\/\/api.w.org\/{rel}","templated":true}]}}