{"id":7754,"date":"2025-11-16T03:38:47","date_gmt":"2025-11-16T03:38:47","guid":{"rendered":"https:\/\/unruffled-ardinghelli.108-175-3-191.plesk.page\/product\/toyo-tires-r888\/"},"modified":"2026-01-22T03:21:03","modified_gmt":"2026-01-22T03:21:03","slug":"toyo-tires-r888","status":"publish","type":"product","link":"https:\/\/unruffled-ardinghelli.108-175-3-191.plesk.page\/fr\/produit\/toyo-tires-r888\/","title":{"rendered":"TOYO TIRES R888"},"content":{"rendered":"<p data-start=\"0\" data-end=\"314\">oyo Pneus R888 \u2013 Lettres de Pneus maintenant disponibles !<br data-start=\"59\" data-end=\"62\" \/>Design en styles Peel &amp; Stick et lettres en caoutchouc sur\u00e9lev\u00e9es permanentes pour ce mod\u00e8le. Ce kit comprend 4 \u00ab\u00a0ToyoTires\u00a0\u00bb et 4 \u00ab\u00a0R888\u00a0\u00bb pour compl\u00e9ter les 4 pneus, dessus et dessous. Pour des designs personnalis\u00e9s, veuillez revenir et cr\u00e9er le v\u00f4tre.<\/p>\n<p data-start=\"316\" data-end=\"458\">Veuillez s\u00e9lectionner le type d\u2019autocollant de pneu que vous souhaitez acheter, la taille de la roue, la hauteur des lettres et la quantit\u00e9.<\/p>\n<p data-start=\"460\" data-end=\"484\">GUIDES D\u2019APPLICATION :<\/p>\n<ul data-start=\"485\" data-end=\"584\">\n<li data-start=\"485\" data-end=\"538\">\n<p data-start=\"487\" data-end=\"538\">Semi-permanent : Guide d\u2019application Peel &amp; Stick<\/p>\n<\/li>\n<li data-start=\"539\" data-end=\"584\">\n<p data-start=\"541\" data-end=\"584\">Permanent : Guide d\u2019application Permanent<\/p>\n<\/li>\n<\/ul>\n<p data-start=\"586\" data-end=\"963\">Sp\u00e9cifications g\u00e9n\u00e9riques de dimension des pneus \u2013 utilisez le tableau ci-dessous pour guider votre d\u00e9cision. Identifiez le rapport d\u2019aspect ou la s\u00e9rie (g\u00e9n\u00e9ralement le chiffre du milieu de la sp\u00e9cification du pneu) et reportez-vous au tableau. Remarque : certains pneus peuvent avoir un rapport d\u2019aspect unique en dehors de ces indications, en cas de doute, contactez-nous.<\/p>\n<p data-start=\"965\" data-end=\"1705\">Sp\u00e9cification de la s\u00e9rie de pneus \u00a0 \u00a0 \u00a0 \u00a0 \u00a0 \u00a0 \u00a0 Hauteur maximale recommand\u00e9e des lettres<br data-start=\"1054\" data-end=\"1057\" \/>20 \u00a0 \u00a0 \u00a0 \u00a0 \u00a0 \u00a0 \u00a0 \u00a0 \u00a0 \u00a0 \u00a0 \u00a0 \u00a0 \u00a0 \u00a0 \u00a0 \u00a0 \u00a0 \u00a0 \u00a0 \u00a0 \u00a0 \u00a0 \u00a0 \u00a0 0,5&Prime; \/ 1,27 cm \/ 12,7 mm<br data-start=\"1134\" data-end=\"1137\" \/>25 \u00a0 \u00a0 \u00a0 \u00a0 \u00a0 \u00a0 \u00a0 \u00a0 \u00a0 \u00a0 \u00a0 \u00a0 \u00a0 \u00a0 \u00a0 \u00a0 \u00a0 \u00a0 \u00a0 \u00a0 \u00a0 \u00a0 \u00a0 \u00a0 \u00a0 0,75&Prime; \/ 1,905 cm \/ 19,05 mm<br data-start=\"1217\" data-end=\"1220\" \/>30 \u00a0 \u00a0 \u00a0 \u00a0 \u00a0 \u00a0 \u00a0 \u00a0 \u00a0 \u00a0 \u00a0 \u00a0 \u00a0 \u00a0 \u00a0 \u00a0 \u00a0 \u00a0 \u00a0 \u00a0 \u00a0 \u00a0 \u00a0 \u00a0 \u00a0 1,0&Prime; \/ 2,54 cm \/ 25 mm<br data-start=\"1295\" data-end=\"1298\" \/>35 \u00a0 \u00a0 \u00a0 \u00a0 \u00a0 \u00a0 \u00a0 \u00a0 \u00a0 \u00a0 \u00a0 \u00a0 \u00a0 \u00a0 \u00a0 \u00a0 \u00a0 \u00a0 \u00a0 \u00a0 \u00a0 \u00a0 \u00a0 \u00a0 \u00a0 1,25&Prime; \/ 3,175 cm \/ 31,75 mm<br data-start=\"1378\" data-end=\"1381\" \/>40 \u00a0 \u00a0 \u00a0 \u00a0 \u00a0 \u00a0 \u00a0 \u00a0 \u00a0 \u00a0 \u00a0 \u00a0 \u00a0 \u00a0 \u00a0 \u00a0 \u00a0 \u00a0 \u00a0 \u00a0 \u00a0 \u00a0 \u00a0 \u00a0 \u00a0 1,25&Prime; \/ 3,175 cm \/ 31,75 mm<br data-start=\"1461\" data-end=\"1464\" \/>45 \u00a0 \u00a0 \u00a0 \u00a0 \u00a0 \u00a0 \u00a0 \u00a0 \u00a0 \u00a0 \u00a0 \u00a0 \u00a0 \u00a0 \u00a0 \u00a0 \u00a0 \u00a0 \u00a0 \u00a0 \u00a0 \u00a0 \u00a0 \u00a0 \u00a0 1,5&Prime; \/ 3,81 cm \/ 38,1 mm<br data-start=\"1541\" data-end=\"1544\" \/>50 \u00a0 \u00a0 \u00a0 \u00a0 \u00a0 \u00a0 \u00a0 \u00a0 \u00a0 \u00a0 \u00a0 \u00a0 \u00a0 \u00a0 \u00a0 \u00a0 \u00a0 \u00a0 \u00a0 \u00a0 \u00a0 \u00a0 \u00a0 \u00a0 \u00a0 1,75&Prime; \/ 4,44 cm \/ 44,45 mm<br data-start=\"1623\" data-end=\"1626\" \/>55 \u00a0 \u00a0 \u00a0 \u00a0 \u00a0 \u00a0 \u00a0 \u00a0 \u00a0 \u00a0 \u00a0 \u00a0 \u00a0 \u00a0 \u00a0 \u00a0 \u00a0 \u00a0 \u00a0 \u00a0 \u00a0 \u00a0 \u00a0 \u00a0 \u00a0 2,0&Prime; \/ 5,08 cm \/ 50,8 mm<\/p>\n<p data-start=\"1707\" data-end=\"1776\" data-is-last-node=\"\" data-is-only-node=\"\">Exemple :<br data-start=\"1716\" data-end=\"1719\" \/>Taille du pneu : 245\/45\/R17 \u00a0 \u00a0Hauteur recommand\u00e9e : 1,5&Prime;<\/p>\n","protected":false},"excerpt":{"rendered":"<p>oyo Pneus R888 \u2013 Lettres de Pneus maintenant disponibles !Design en styles Peel &amp; Stick et lettres en caoutchouc sur\u00e9lev\u00e9es permanentes pour ce mod\u00e8le. Ce kit comprend 4 \u00ab\u00a0ToyoTires\u00a0\u00bb et 4 \u00ab\u00a0R888\u00a0\u00bb pour compl\u00e9ter les 4 pneus, dessus et dessous. Pour des designs personnalis\u00e9s, veuillez revenir et cr\u00e9er le v\u00f4tre. Veuillez s\u00e9lectionner le type d\u2019autocollant [&hellip;]<\/p>\n","protected":false},"featured_media":7756,"comment_status":"open","ping_status":"closed","template":"","meta":[],"product_brand":[40],"product_cat":[59],"product_tag":[],"class_list":{"0":"post-7754","1":"product","2":"type-product","3":"status-publish","4":"has-post-thumbnail","6":"product_brand-toyo-tires","7":"product_cat-tire-lettering","9":"first","10":"instock","11":"taxable","12":"shipping-taxable","13":"purchasable","14":"product-type-variable"},"_links":{"self":[{"href":"https:\/\/unruffled-ardinghelli.108-175-3-191.plesk.page\/fr\/wp-json\/wp\/v2\/product\/7754","targetHints":{"allow":["GET"]}}],"collection":[{"href":"https:\/\/unruffled-ardinghelli.108-175-3-191.plesk.page\/fr\/wp-json\/wp\/v2\/product"}],"about":[{"href":"https:\/\/unruffled-ardinghelli.108-175-3-191.plesk.page\/fr\/wp-json\/wp\/v2\/types\/product"}],"replies":[{"embeddable":true,"href":"https:\/\/unruffled-ardinghelli.108-175-3-191.plesk.page\/fr\/wp-json\/wp\/v2\/comments?post=7754"}],"wp:featuredmedia":[{"embeddable":true,"href":"https:\/\/unruffled-ardinghelli.108-175-3-191.plesk.page\/fr\/wp-json\/wp\/v2\/media\/7756"}],"wp:attachment":[{"href":"https:\/\/unruffled-ardinghelli.108-175-3-191.plesk.page\/fr\/wp-json\/wp\/v2\/media?parent=7754"}],"wp:term":[{"taxonomy":"product_brand","embeddable":true,"href":"https:\/\/unruffled-ardinghelli.108-175-3-191.plesk.page\/fr\/wp-json\/wp\/v2\/product_brand?post=7754"},{"taxonomy":"product_cat","embeddable":true,"href":"https:\/\/unruffled-ardinghelli.108-175-3-191.plesk.page\/fr\/wp-json\/wp\/v2\/product_cat?post=7754"},{"taxonomy":"product_tag","embeddable":true,"href":"https:\/\/unruffled-ardinghelli.108-175-3-191.plesk.page\/fr\/wp-json\/wp\/v2\/product_tag?post=7754"}],"curies":[{"name":"wp","href":"https:\/\/api.w.org\/{rel}","templated":true}]}}