{"id":7736,"date":"2025-11-16T03:38:47","date_gmt":"2025-11-16T03:38:47","guid":{"rendered":"https:\/\/unruffled-ardinghelli.108-175-3-191.plesk.page\/product\/vintage-red-line-walls\/"},"modified":"2026-01-22T03:20:10","modified_gmt":"2026-01-22T03:20:10","slug":"jantes-vintage-a-ligne-rouge","status":"publish","type":"product","link":"https:\/\/unruffled-ardinghelli.108-175-3-191.plesk.page\/fr\/produit\/jantes-vintage-a-ligne-rouge\/","title":{"rendered":"Jantes vintage \u00e0 ligne rouge"},"content":{"rendered":"<p data-start=\"0\" data-end=\"458\">Jantes blanches apr\u00e8s-vente pour tout type de pneu \u2013 Maintenant disponibles !<br data-start=\"77\" data-end=\"80\" \/>Cr\u00e9ez une bande blanche sur tout type de pneu avec ce kit de jantes blanches Tire Stickers. Chaque kit comprend 4 bandes pouvant \u00eatre personnalis\u00e9es en hauteur pour cr\u00e9er une ligne blanche \u00e9paisse ou fine sur le pneu. Ce kit de jantes blanches est disponible pour voitures, motos, v\u00e9los, VTT et plus encore. Des jantes blanches color\u00e9es sont \u00e9galement disponibles sur demande.<\/p>\n<p data-start=\"460\" data-end=\"479\">Ce kit comprend :<\/p>\n<ul data-start=\"480\" data-end=\"587\">\n<li data-start=\"480\" data-end=\"506\">\n<p data-start=\"482\" data-end=\"506\">16 bandes \u2013 4 par pneu<\/p>\n<\/li>\n<li data-start=\"507\" data-end=\"531\">\n<p data-start=\"509\" data-end=\"531\">Guide d\u2019instructions<\/p>\n<\/li>\n<li data-start=\"532\" data-end=\"587\">\n<p data-start=\"534\" data-end=\"587\">Adh\u00e9sif fleXement (si version permanente command\u00e9e)<\/p>\n<\/li>\n<\/ul>\n<p data-start=\"589\" data-end=\"737\">Veuillez s\u00e9lectionner le type d\u2019autocollant de pneu que vous souhaitez acheter, la taille de la roue et l\u2019\u00e9paisseur de la jante blanche (hauteur).<\/p>\n<p data-start=\"739\" data-end=\"763\">GUIDES D\u2019APPLICATION :<\/p>\n<ul data-start=\"764\" data-end=\"863\">\n<li data-start=\"764\" data-end=\"817\">\n<p data-start=\"766\" data-end=\"817\">Semi-permanent : Guide d\u2019application Peel &amp; Stick<\/p>\n<\/li>\n<li data-start=\"818\" data-end=\"863\">\n<p data-start=\"820\" data-end=\"863\">Permanent : Guide d\u2019application Permanent<\/p>\n<\/li>\n<\/ul>\n<p data-start=\"865\" data-end=\"1047\" data-is-last-node=\"\" data-is-only-node=\"\">Ce kit peut \u00eatre combin\u00e9 avec d\u2019autres produits, veuillez laisser une note lors de la commande. Pour des designs personnalis\u00e9s, veuillez revenir et cr\u00e9er le v\u00f4tre, ou nous contacter.<\/p>\n","protected":false},"excerpt":{"rendered":"<p>Jantes blanches apr\u00e8s-vente pour tout type de pneu \u2013 Maintenant disponibles !Cr\u00e9ez une bande blanche sur tout type de pneu avec ce kit de jantes blanches Tire Stickers. Chaque kit comprend 4 bandes pouvant \u00eatre personnalis\u00e9es en hauteur pour cr\u00e9er une ligne blanche \u00e9paisse ou fine sur le pneu. Ce kit de jantes blanches est [&hellip;]<\/p>\n","protected":false},"featured_media":7738,"comment_status":"open","ping_status":"closed","template":"","meta":[],"product_brand":[],"product_cat":[65,51],"product_tag":[],"class_list":{"0":"post-7736","1":"product","2":"type-product","3":"status-publish","4":"has-post-thumbnail","6":"product_cat-any-colored-line-walls","7":"product_cat-featured","9":"first","10":"instock","11":"sale","12":"taxable","13":"shipping-taxable","14":"purchasable","15":"product-type-variable"},"_links":{"self":[{"href":"https:\/\/unruffled-ardinghelli.108-175-3-191.plesk.page\/fr\/wp-json\/wp\/v2\/product\/7736","targetHints":{"allow":["GET"]}}],"collection":[{"href":"https:\/\/unruffled-ardinghelli.108-175-3-191.plesk.page\/fr\/wp-json\/wp\/v2\/product"}],"about":[{"href":"https:\/\/unruffled-ardinghelli.108-175-3-191.plesk.page\/fr\/wp-json\/wp\/v2\/types\/product"}],"replies":[{"embeddable":true,"href":"https:\/\/unruffled-ardinghelli.108-175-3-191.plesk.page\/fr\/wp-json\/wp\/v2\/comments?post=7736"}],"wp:featuredmedia":[{"embeddable":true,"href":"https:\/\/unruffled-ardinghelli.108-175-3-191.plesk.page\/fr\/wp-json\/wp\/v2\/media\/7738"}],"wp:attachment":[{"href":"https:\/\/unruffled-ardinghelli.108-175-3-191.plesk.page\/fr\/wp-json\/wp\/v2\/media?parent=7736"}],"wp:term":[{"taxonomy":"product_brand","embeddable":true,"href":"https:\/\/unruffled-ardinghelli.108-175-3-191.plesk.page\/fr\/wp-json\/wp\/v2\/product_brand?post=7736"},{"taxonomy":"product_cat","embeddable":true,"href":"https:\/\/unruffled-ardinghelli.108-175-3-191.plesk.page\/fr\/wp-json\/wp\/v2\/product_cat?post=7736"},{"taxonomy":"product_tag","embeddable":true,"href":"https:\/\/unruffled-ardinghelli.108-175-3-191.plesk.page\/fr\/wp-json\/wp\/v2\/product_tag?post=7736"}],"curies":[{"name":"wp","href":"https:\/\/api.w.org\/{rel}","templated":true}]}}