{"id":7707,"date":"2025-11-16T03:38:47","date_gmt":"2025-11-16T03:38:47","guid":{"rendered":"https:\/\/unruffled-ardinghelli.108-175-3-191.plesk.page\/product\/tire-graphics-stripe-style-stripes-only\/"},"modified":"2026-01-22T03:18:44","modified_gmt":"2026-01-22T03:18:44","slug":"graphiques-de-pneus-bandes-de-style-rayures-uniquement","status":"publish","type":"product","link":"https:\/\/unruffled-ardinghelli.108-175-3-191.plesk.page\/fr\/produit\/graphiques-de-pneus-bandes-de-style-rayures-uniquement\/","title":{"rendered":"Graphiques de pneus \u2013 Bandes de style rayures uniquement"},"content":{"rendered":"<p data-start=\"0\" data-end=\"119\">Kit de graphismes pour pneus \u2013 Bandes de style rayures \u2013 Graphismes personnalis\u00e9s pour pneus maintenant disponibles !<\/p>\n<p data-start=\"121\" data-end=\"515\">Ajoutez un look personnalis\u00e9 \u00e0 votre v\u00e9hicule avec ces graphismes de pneus inspir\u00e9s de la Formule 1. Le kit de rayures constitue un design complet pour le pneu. La longueur des lignes sera ajust\u00e9e en fonction de la taille de pneu indiqu\u00e9e. Chaque kit comprend des rayures pour 4 pneus. M\u00e9langez et assortissez les phrases, couleurs et polices pour cr\u00e9er le design ultime de lettrage de pneus.<\/p>\n<p data-start=\"517\" data-end=\"536\">Ce kit comprend :<\/p>\n<ul data-start=\"538\" data-end=\"609\">\n<li data-start=\"538\" data-end=\"562\">\n<p data-start=\"540\" data-end=\"562\">Rayures pour 4 pneus<\/p>\n<\/li>\n<li data-start=\"563\" data-end=\"587\">\n<p data-start=\"565\" data-end=\"587\">Guide d\u2019instructions<\/p>\n<\/li>\n<li data-start=\"588\" data-end=\"609\">\n<p data-start=\"590\" data-end=\"609\">Adh\u00e9sif fleXement<\/p>\n<\/li>\n<\/ul>\n<p data-start=\"611\" data-end=\"755\">Veuillez s\u00e9lectionner le type d\u2019autocollant pour pneu que vous souhaitez acheter, la taille de la roue, la hauteur des lettres et la quantit\u00e9.<\/p>\n<p data-start=\"757\" data-end=\"781\">GUIDES D\u2019APPLICATION :<\/p>\n<ul data-start=\"782\" data-end=\"881\">\n<li data-start=\"782\" data-end=\"835\">\n<p data-start=\"784\" data-end=\"835\">Semi-permanent : Guide d\u2019application Peel &amp; Stick<\/p>\n<\/li>\n<li data-start=\"836\" data-end=\"881\">\n<p data-start=\"838\" data-end=\"881\">Permanent : Guide d\u2019application Permanent<\/p>\n<\/li>\n<\/ul>\n<p data-start=\"883\" data-end=\"1623\">Sp\u00e9cification de la s\u00e9rie de pneus \u00a0 \u00a0 \u00a0 \u00a0 \u00a0 \u00a0 \u00a0 Hauteur maximale recommand\u00e9e des lettres<br data-start=\"972\" data-end=\"975\" \/>20 \u00a0 \u00a0 \u00a0 \u00a0 \u00a0 \u00a0 \u00a0 \u00a0 \u00a0 \u00a0 \u00a0 \u00a0 \u00a0 \u00a0 \u00a0 \u00a0 \u00a0 \u00a0 \u00a0 \u00a0 \u00a0 \u00a0 \u00a0 \u00a0 \u00a0 0,5&Prime; \/ 1,27 cm \/ 12,7 mm<br data-start=\"1052\" data-end=\"1055\" \/>25 \u00a0 \u00a0 \u00a0 \u00a0 \u00a0 \u00a0 \u00a0 \u00a0 \u00a0 \u00a0 \u00a0 \u00a0 \u00a0 \u00a0 \u00a0 \u00a0 \u00a0 \u00a0 \u00a0 \u00a0 \u00a0 \u00a0 \u00a0 \u00a0 \u00a0 0,75&Prime; \/ 1,905 cm \/ 19,05 mm<br data-start=\"1135\" data-end=\"1138\" \/>30 \u00a0 \u00a0 \u00a0 \u00a0 \u00a0 \u00a0 \u00a0 \u00a0 \u00a0 \u00a0 \u00a0 \u00a0 \u00a0 \u00a0 \u00a0 \u00a0 \u00a0 \u00a0 \u00a0 \u00a0 \u00a0 \u00a0 \u00a0 \u00a0 \u00a0 1,0&Prime; \/ 2,54 cm \/ 25 mm<br data-start=\"1213\" data-end=\"1216\" \/>35 \u00a0 \u00a0 \u00a0 \u00a0 \u00a0 \u00a0 \u00a0 \u00a0 \u00a0 \u00a0 \u00a0 \u00a0 \u00a0 \u00a0 \u00a0 \u00a0 \u00a0 \u00a0 \u00a0 \u00a0 \u00a0 \u00a0 \u00a0 \u00a0 \u00a0 1,25&Prime; \/ 3,175 cm \/ 31,75 mm<br data-start=\"1296\" data-end=\"1299\" \/>40 \u00a0 \u00a0 \u00a0 \u00a0 \u00a0 \u00a0 \u00a0 \u00a0 \u00a0 \u00a0 \u00a0 \u00a0 \u00a0 \u00a0 \u00a0 \u00a0 \u00a0 \u00a0 \u00a0 \u00a0 \u00a0 \u00a0 \u00a0 \u00a0 \u00a0 1,25&Prime; \/ 3,175 cm \/ 31,75 mm<br data-start=\"1379\" data-end=\"1382\" data-is-only-node=\"\" \/>45 \u00a0 \u00a0 \u00a0 \u00a0 \u00a0 \u00a0 \u00a0 \u00a0 \u00a0 \u00a0 \u00a0 \u00a0 \u00a0 \u00a0 \u00a0 \u00a0 \u00a0 \u00a0 \u00a0 \u00a0 \u00a0 \u00a0 \u00a0 \u00a0 \u00a0 1,5&Prime; \/ 3,81 cm \/ 38,1 mm<br data-start=\"1459\" data-end=\"1462\" \/>50 \u00a0 \u00a0 \u00a0 \u00a0 \u00a0 \u00a0 \u00a0 \u00a0 \u00a0 \u00a0 \u00a0 \u00a0 \u00a0 \u00a0 \u00a0 \u00a0 \u00a0 \u00a0 \u00a0 \u00a0 \u00a0 \u00a0 \u00a0 \u00a0 \u00a0 1,75&Prime; \/ 4,44 cm \/ 44,45 mm<br data-start=\"1541\" data-end=\"1544\" \/>55 \u00a0 \u00a0 \u00a0 \u00a0 \u00a0 \u00a0 \u00a0 \u00a0 \u00a0 \u00a0 \u00a0 \u00a0 \u00a0 \u00a0 \u00a0 \u00a0 \u00a0 \u00a0 \u00a0 \u00a0 \u00a0 \u00a0 \u00a0 \u00a0 \u00a0 2,0&Prime; \/ 5,08 cm \/ 50,8 mm<\/p>\n<p data-start=\"1625\" data-end=\"1694\" data-is-last-node=\"\" data-is-only-node=\"\">Exemple :<br data-start=\"1634\" data-end=\"1637\" \/>Taille de pneu : 245\/45\/R17 \u00a0 \u00a0Hauteur recommand\u00e9e : 1,5&Prime;<\/p>\n","protected":false},"excerpt":{"rendered":"<p>Kit de graphismes pour pneus \u2013 Bandes de style rayures \u2013 Graphismes personnalis\u00e9s pour pneus maintenant disponibles ! Ajoutez un look personnalis\u00e9 \u00e0 votre v\u00e9hicule avec ces graphismes de pneus inspir\u00e9s de la Formule 1. Le kit de rayures constitue un design complet pour le pneu. La longueur des lignes sera ajust\u00e9e en fonction de [&hellip;]<\/p>\n","protected":false},"featured_media":7709,"comment_status":"closed","ping_status":"closed","template":"","meta":[],"product_brand":[],"product_cat":[61],"product_tag":[],"class_list":{"0":"post-7707","1":"product","2":"type-product","3":"status-publish","4":"has-post-thumbnail","6":"product_cat-create-your-own","8":"first","9":"instock","10":"sale","11":"taxable","12":"shipping-taxable","13":"purchasable","14":"product-type-variable"},"_links":{"self":[{"href":"https:\/\/unruffled-ardinghelli.108-175-3-191.plesk.page\/fr\/wp-json\/wp\/v2\/product\/7707","targetHints":{"allow":["GET"]}}],"collection":[{"href":"https:\/\/unruffled-ardinghelli.108-175-3-191.plesk.page\/fr\/wp-json\/wp\/v2\/product"}],"about":[{"href":"https:\/\/unruffled-ardinghelli.108-175-3-191.plesk.page\/fr\/wp-json\/wp\/v2\/types\/product"}],"replies":[{"embeddable":true,"href":"https:\/\/unruffled-ardinghelli.108-175-3-191.plesk.page\/fr\/wp-json\/wp\/v2\/comments?post=7707"}],"wp:featuredmedia":[{"embeddable":true,"href":"https:\/\/unruffled-ardinghelli.108-175-3-191.plesk.page\/fr\/wp-json\/wp\/v2\/media\/7709"}],"wp:attachment":[{"href":"https:\/\/unruffled-ardinghelli.108-175-3-191.plesk.page\/fr\/wp-json\/wp\/v2\/media?parent=7707"}],"wp:term":[{"taxonomy":"product_brand","embeddable":true,"href":"https:\/\/unruffled-ardinghelli.108-175-3-191.plesk.page\/fr\/wp-json\/wp\/v2\/product_brand?post=7707"},{"taxonomy":"product_cat","embeddable":true,"href":"https:\/\/unruffled-ardinghelli.108-175-3-191.plesk.page\/fr\/wp-json\/wp\/v2\/product_cat?post=7707"},{"taxonomy":"product_tag","embeddable":true,"href":"https:\/\/unruffled-ardinghelli.108-175-3-191.plesk.page\/fr\/wp-json\/wp\/v2\/product_tag?post=7707"}],"curies":[{"name":"wp","href":"https:\/\/api.w.org\/{rel}","templated":true}]}}