{"id":7678,"date":"2025-11-16T03:38:47","date_gmt":"2025-11-16T03:38:47","guid":{"rendered":"https:\/\/unruffled-ardinghelli.108-175-3-191.plesk.page\/product\/bf-goodrich-white-tire-lettering-kit-for-trucks-cars\/"},"modified":"2026-01-22T03:17:35","modified_gmt":"2026-01-22T03:17:35","slug":"bf-goodrich-kit-de-lettrage-blanc-pour-pneus-de-camions-voitures","status":"publish","type":"product","link":"https:\/\/unruffled-ardinghelli.108-175-3-191.plesk.page\/fr\/produit\/bf-goodrich-kit-de-lettrage-blanc-pour-pneus-de-camions-voitures\/","title":{"rendered":"BF GOODRICH \u2013 Kit de lettrage blanc pour pneus de camions \/ voitures"},"content":{"rendered":"<p data-start=\"0\" data-end=\"197\">BF Goodrich \u2013 Lettrage maintenant disponible ! &#8211; Con\u00e7u en styles Peel &amp; Stick et lettres en caoutchouc sur\u00e9lev\u00e9 permanentes. Pour des designs personnalis\u00e9s, veuillez revenir \u00e0 \u00ab Cr\u00e9ez le v\u00f4tre \u00bb.<\/p>\n<p data-start=\"199\" data-end=\"342\">Veuillez s\u00e9lectionner le type d\u2019autocollant de pneu que vous souhaitez acheter, la taille de la jante, la hauteur des lettres et la quantit\u00e9.<\/p>\n<p data-start=\"344\" data-end=\"372\"><strong data-start=\"344\" data-end=\"370\">GUIDES D\u2019APPLICATION :<\/strong><\/p>\n<ul data-start=\"373\" data-end=\"472\">\n<li data-start=\"373\" data-end=\"426\">\n<p data-start=\"375\" data-end=\"426\">Semi-permanent : Guide d\u2019application Peel &amp; Stick<\/p>\n<\/li>\n<li data-start=\"427\" data-end=\"472\">\n<p data-start=\"429\" data-end=\"472\">Permanent : Guide d\u2019application permanent<\/p>\n<\/li>\n<\/ul>\n<p data-start=\"474\" data-end=\"889\"><strong data-start=\"474\" data-end=\"527\">Directives g\u00e9n\u00e9rales de dimensionnement des pneus<\/strong> \u2013 Utilisez le tableau de dimensionnement g\u00e9n\u00e9rique ci-dessous pour guider votre choix. Identifiez le rapport d\u2019aspect ou la s\u00e9rie (g\u00e9n\u00e9ralement le chiffre du milieu dans la sp\u00e9cification du pneu) et associez-le au tableau. Note : certains pneus peuvent avoir un rapport d\u2019aspect unique en dehors de ces directives. En cas de doute, contactez-nous par e-mail !<\/p>\n<div class=\"TyagGW_tableContainer\">\n<div class=\"group TyagGW_tableWrapper flex flex-col-reverse w-fit\" tabindex=\"-1\">\n<table class=\"w-fit min-w-(--thread-content-width)\" data-start=\"891\" data-end=\"1573\">\n<thead data-start=\"891\" data-end=\"960\">\n<tr data-start=\"891\" data-end=\"960\">\n<th data-start=\"891\" data-end=\"928\" data-col-size=\"sm\">Sp\u00e9cification de la s\u00e9rie de pneus<\/th>\n<th data-start=\"928\" data-end=\"960\" data-col-size=\"sm\">Hauteur maximale recommand\u00e9e<\/th>\n<\/tr>\n<\/thead>\n<tbody data-start=\"1030\" data-end=\"1573\">\n<tr data-start=\"1030\" data-end=\"1097\">\n<td data-start=\"1030\" data-end=\"1066\" data-col-size=\"sm\">20<\/td>\n<td data-start=\"1066\" data-end=\"1097\" data-col-size=\"sm\">0,5&Prime; \/ 1,27 cm \/ 12,7 mm<\/td>\n<\/tr>\n<tr data-start=\"1098\" data-end=\"1165\">\n<td data-start=\"1098\" data-end=\"1134\" data-col-size=\"sm\">25<\/td>\n<td data-start=\"1134\" data-end=\"1165\" data-col-size=\"sm\">0,75&Prime; \/ 1,905 cm \/ 19,05 mm<\/td>\n<\/tr>\n<tr data-start=\"1166\" data-end=\"1233\">\n<td data-start=\"1166\" data-end=\"1202\" data-col-size=\"sm\">30<\/td>\n<td data-start=\"1202\" data-end=\"1233\" data-col-size=\"sm\">1,0&Prime; \/ 2,54 cm \/ 25 mm<\/td>\n<\/tr>\n<tr data-start=\"1234\" data-end=\"1301\">\n<td data-start=\"1234\" data-end=\"1270\" data-col-size=\"sm\">35<\/td>\n<td data-start=\"1270\" data-end=\"1301\" data-col-size=\"sm\">1,25&Prime; \/ 3,175 cm \/ 31,75 mm<\/td>\n<\/tr>\n<tr data-start=\"1302\" data-end=\"1369\">\n<td data-start=\"1302\" data-end=\"1338\" data-col-size=\"sm\">40<\/td>\n<td data-start=\"1338\" data-end=\"1369\" data-col-size=\"sm\">1,25&Prime; \/ 3,175 cm \/ 31,75 mm<\/td>\n<\/tr>\n<tr data-start=\"1370\" data-end=\"1437\">\n<td data-start=\"1370\" data-end=\"1406\" data-col-size=\"sm\">45<\/td>\n<td data-start=\"1406\" data-end=\"1437\" data-col-size=\"sm\">1,5&Prime; \/ 3,81 cm \/ 38,1 mm<\/td>\n<\/tr>\n<tr data-start=\"1438\" data-end=\"1505\">\n<td data-start=\"1438\" data-end=\"1474\" data-col-size=\"sm\">50<\/td>\n<td data-start=\"1474\" data-end=\"1505\" data-col-size=\"sm\">1,75&Prime; \/ 4,44 cm \/ 44,45 mm<\/td>\n<\/tr>\n<tr data-start=\"1506\" data-end=\"1573\">\n<td data-start=\"1506\" data-end=\"1542\" data-col-size=\"sm\">55<\/td>\n<td data-start=\"1542\" data-end=\"1573\" data-col-size=\"sm\">2,0&Prime; \/ 5,08 cm \/ 50,8 mm<\/td>\n<\/tr>\n<\/tbody>\n<\/table>\n<\/div>\n<\/div>\n<p data-start=\"1575\" data-end=\"1647\" data-is-last-node=\"\" data-is-only-node=\"\"><strong data-start=\"1575\" data-end=\"1588\">Exemple :<\/strong><br data-start=\"1588\" data-end=\"1591\" \/>Taille du pneu : 245\/45\/R17 \u00a0\u00a0Hauteur recommand\u00e9e : 1,5&Prime;<\/p>\n","protected":false},"excerpt":{"rendered":"<p>BF Goodrich \u2013 Lettrage maintenant disponible ! &#8211; Con\u00e7u en styles Peel &amp; Stick et lettres en caoutchouc sur\u00e9lev\u00e9 permanentes. Pour des designs personnalis\u00e9s, veuillez revenir \u00e0 \u00ab Cr\u00e9ez le v\u00f4tre \u00bb. Veuillez s\u00e9lectionner le type d\u2019autocollant de pneu que vous souhaitez acheter, la taille de la jante, la hauteur des lettres et la quantit\u00e9. [&hellip;]<\/p>\n","protected":false},"featured_media":7680,"comment_status":"open","ping_status":"closed","template":"","meta":[],"product_brand":[26],"product_cat":[60],"product_tag":[],"class_list":{"0":"post-7678","1":"product","2":"type-product","3":"status-publish","4":"has-post-thumbnail","6":"product_brand-bf-goodrich","7":"product_cat-automotive-other-brands","9":"first","10":"instock","11":"sale","12":"taxable","13":"shipping-taxable","14":"purchasable","15":"product-type-variable"},"_links":{"self":[{"href":"https:\/\/unruffled-ardinghelli.108-175-3-191.plesk.page\/fr\/wp-json\/wp\/v2\/product\/7678","targetHints":{"allow":["GET"]}}],"collection":[{"href":"https:\/\/unruffled-ardinghelli.108-175-3-191.plesk.page\/fr\/wp-json\/wp\/v2\/product"}],"about":[{"href":"https:\/\/unruffled-ardinghelli.108-175-3-191.plesk.page\/fr\/wp-json\/wp\/v2\/types\/product"}],"replies":[{"embeddable":true,"href":"https:\/\/unruffled-ardinghelli.108-175-3-191.plesk.page\/fr\/wp-json\/wp\/v2\/comments?post=7678"}],"wp:featuredmedia":[{"embeddable":true,"href":"https:\/\/unruffled-ardinghelli.108-175-3-191.plesk.page\/fr\/wp-json\/wp\/v2\/media\/7680"}],"wp:attachment":[{"href":"https:\/\/unruffled-ardinghelli.108-175-3-191.plesk.page\/fr\/wp-json\/wp\/v2\/media?parent=7678"}],"wp:term":[{"taxonomy":"product_brand","embeddable":true,"href":"https:\/\/unruffled-ardinghelli.108-175-3-191.plesk.page\/fr\/wp-json\/wp\/v2\/product_brand?post=7678"},{"taxonomy":"product_cat","embeddable":true,"href":"https:\/\/unruffled-ardinghelli.108-175-3-191.plesk.page\/fr\/wp-json\/wp\/v2\/product_cat?post=7678"},{"taxonomy":"product_tag","embeddable":true,"href":"https:\/\/unruffled-ardinghelli.108-175-3-191.plesk.page\/fr\/wp-json\/wp\/v2\/product_tag?post=7678"}],"curies":[{"name":"wp","href":"https:\/\/api.w.org\/{rel}","templated":true}]}}