{"id":7644,"date":"2025-11-16T03:38:47","date_gmt":"2025-11-16T03:38:47","guid":{"rendered":"https:\/\/unruffled-ardinghelli.108-175-3-191.plesk.page\/product\/falken-with-red-dash\/"},"modified":"2026-01-22T03:16:25","modified_gmt":"2026-01-22T03:16:25","slug":"falken-avec-trait-rouge","status":"publish","type":"product","link":"https:\/\/unruffled-ardinghelli.108-175-3-191.plesk.page\/fr\/produit\/falken-avec-trait-rouge\/","title":{"rendered":"Falken \u2013 Avec trait rouge"},"content":{"rendered":"<div class=\"flex max-w-full flex-col grow\">\n<div class=\"min-h-8 text-message relative flex w-full flex-col items-end gap-2 text-start break-words whitespace-normal [.text-message+&amp;]:mt-1\" dir=\"auto\" data-message-author-role=\"assistant\" data-message-id=\"5a5077df-e831-4acb-9b90-a58b42a1e3ca\" data-message-model-slug=\"gpt-5-mini\">\n<div class=\"flex w-full flex-col gap-1 empty:hidden first:pt-[1px]\">\n<div class=\"markdown prose dark:prose-invert w-full break-words dark markdown-new-styling\">\n<p data-start=\"0\" data-end=\"216\">Marquage de pneus Falken maintenant disponible ! &#8211; Disponible en styles de lettres en caoutchouc sur\u00e9lev\u00e9 permanent ou autocollant (Peel &amp; Stick). Pour des designs personnalis\u00e9s, veuillez revenir et cr\u00e9er le v\u00f4tre.<\/p>\n<p data-start=\"218\" data-end=\"360\">Veuillez s\u00e9lectionner le type d\u2019autocollant de pneu que vous souhaitez acheter, la taille de la roue, la hauteur des lettres et la quantit\u00e9.<\/p>\n<p data-start=\"362\" data-end=\"390\"><strong data-start=\"362\" data-end=\"388\">GUIDES D\u2019APPLICATION :<\/strong><\/p>\n<ul data-start=\"391\" data-end=\"490\">\n<li data-start=\"391\" data-end=\"444\">\n<p data-start=\"393\" data-end=\"444\">Semi-permanent : Guide d\u2019application Peel &amp; Stick<\/p>\n<\/li>\n<li data-start=\"445\" data-end=\"490\">\n<p data-start=\"447\" data-end=\"490\">Permanent : Guide d\u2019application Permanent<\/p>\n<\/li>\n<\/ul>\n<p data-start=\"492\" data-end=\"913\"><strong data-start=\"492\" data-end=\"545\">Directives g\u00e9n\u00e9rales de dimensionnement des pneus<\/strong> \u2013 Utilisez le tableau de dimensionnement g\u00e9n\u00e9rique ci-dessous pour guider votre d\u00e9cision. Identifiez le rapport d\u2019aspect ou la s\u00e9rie (g\u00e9n\u00e9ralement le chiffre du milieu de la sp\u00e9cification du pneu) et reportez-vous au tableau. Remarque : certains pneus peuvent avoir un rapport d\u2019aspect unique en dehors de ces directives ; en cas de doute, contactez-nous par email.<\/p>\n<p data-start=\"915\" data-end=\"1578\"><strong data-start=\"915\" data-end=\"953\">Sp\u00e9cification de la s\u00e9rie de pneus<\/strong> \u00a0\u00a0|\u00a0 <strong data-start=\"959\" data-end=\"991\">Hauteur maximale recommand\u00e9e<\/strong><br data-start=\"991\" data-end=\"994\" \/>20 \u00a0 \u00a0 \u00a0 \u00a0 \u00a0 \u00a0 \u00a0 \u00a0 \u00a0 \u00a0 \u00a0 \u00a0 \u00a0 \u00a0 \u00a0 \u00a0 \u00a0 \u00a0 \u00a0 \u00a0 \u00a0 0,5&Prime; \/ 1,27 cm \/ 12,7 mm<br data-start=\"1063\" data-end=\"1066\" \/>25 \u00a0 \u00a0 \u00a0 \u00a0 \u00a0 \u00a0 \u00a0 \u00a0 \u00a0 \u00a0 \u00a0 \u00a0 \u00a0 \u00a0 \u00a0 \u00a0 \u00a0 \u00a0 \u00a0 \u00a0 \u00a0 0,75&Prime; \/ 1,905 cm \/ 19,05 mm<br data-start=\"1138\" data-end=\"1141\" \/>30 \u00a0 \u00a0 \u00a0 \u00a0 \u00a0 \u00a0 \u00a0 \u00a0 \u00a0 \u00a0 \u00a0 \u00a0 \u00a0 \u00a0 \u00a0 \u00a0 \u00a0 \u00a0 \u00a0 \u00a0 \u00a0 1,0&Prime; \/ 2,54 cm \/ 25 mm<br data-start=\"1208\" data-end=\"1211\" data-is-only-node=\"\" \/>35 \u00a0 \u00a0 \u00a0 \u00a0 \u00a0 \u00a0 \u00a0 \u00a0 \u00a0 \u00a0 \u00a0 \u00a0 \u00a0 \u00a0 \u00a0 \u00a0 \u00a0 \u00a0 \u00a0 \u00a0 \u00a0 1,25&Prime; \/ 3,175 cm \/ 31,75 mm<br data-start=\"1283\" data-end=\"1286\" \/>40 \u00a0 \u00a0 \u00a0 \u00a0 \u00a0 \u00a0 \u00a0 \u00a0 \u00a0 \u00a0 \u00a0 \u00a0 \u00a0 \u00a0 \u00a0 \u00a0 \u00a0 \u00a0 \u00a0 \u00a0 \u00a0 1,25&Prime; \/ 3,175 cm \/ 31,75 mm<br data-start=\"1358\" data-end=\"1361\" \/>45 \u00a0 \u00a0 \u00a0 \u00a0 \u00a0 \u00a0 \u00a0 \u00a0 \u00a0 \u00a0 \u00a0 \u00a0 \u00a0 \u00a0 \u00a0 \u00a0 \u00a0 \u00a0 \u00a0 \u00a0 \u00a0 1,5&Prime; \/ 3,81 cm \/ 38,1 mm<br data-start=\"1430\" data-end=\"1433\" \/>50 \u00a0 \u00a0 \u00a0 \u00a0 \u00a0 \u00a0 \u00a0 \u00a0 \u00a0 \u00a0 \u00a0 \u00a0 \u00a0 \u00a0 \u00a0 \u00a0 \u00a0 \u00a0 \u00a0 \u00a0 \u00a0 1,75&Prime; \/ 4,44 cm \/ 44,45 mm<br data-start=\"1504\" data-end=\"1507\" \/>55 \u00a0 \u00a0 \u00a0 \u00a0 \u00a0 \u00a0 \u00a0 \u00a0 \u00a0 \u00a0 \u00a0 \u00a0 \u00a0 \u00a0 \u00a0 \u00a0 \u00a0 \u00a0 \u00a0 \u00a0 \u00a0 2,0&Prime; \/ 5,08 cm \/ 50,8 mm<\/p>\n<p data-start=\"1580\" data-end=\"1653\" data-is-last-node=\"\" data-is-only-node=\"\"><strong data-start=\"1580\" data-end=\"1593\">Exemple :<\/strong><br data-start=\"1593\" data-end=\"1596\" \/>Taille du pneu : 245\/45\/R17 \u00a0\u00a0 Hauteur recommand\u00e9e : 1,5&Prime;<\/p>\n<\/div>\n<\/div>\n<\/div>\n<\/div>\n<div class=\"z-0 flex min-h-[46px] justify-start\"><\/div>\n<div class=\"border-token-border-light my-2 flex gap-10 border-t pt-4\">\n<div class=\"flex items-center justify-center overflow-hidden h-12 w-12 rounded-lg\"><\/div>\n<\/div>\n","protected":false},"excerpt":{"rendered":"<p>Marquage de pneus Falken maintenant disponible ! &#8211; Disponible en styles de lettres en caoutchouc sur\u00e9lev\u00e9 permanent ou autocollant (Peel &amp; Stick). Pour des designs personnalis\u00e9s, veuillez revenir et cr\u00e9er le v\u00f4tre. Veuillez s\u00e9lectionner le type d\u2019autocollant de pneu que vous souhaitez acheter, la taille de la roue, la hauteur des lettres et la quantit\u00e9. [&hellip;]<\/p>\n","protected":false},"featured_media":7646,"comment_status":"closed","ping_status":"closed","template":"","meta":[],"product_brand":[30],"product_cat":[59],"product_tag":[],"class_list":{"0":"post-7644","1":"product","2":"type-product","3":"status-publish","4":"has-post-thumbnail","6":"product_brand-falken","7":"product_cat-tire-lettering","9":"first","10":"instock","11":"sale","12":"taxable","13":"shipping-taxable","14":"purchasable","15":"product-type-variable"},"_links":{"self":[{"href":"https:\/\/unruffled-ardinghelli.108-175-3-191.plesk.page\/fr\/wp-json\/wp\/v2\/product\/7644","targetHints":{"allow":["GET"]}}],"collection":[{"href":"https:\/\/unruffled-ardinghelli.108-175-3-191.plesk.page\/fr\/wp-json\/wp\/v2\/product"}],"about":[{"href":"https:\/\/unruffled-ardinghelli.108-175-3-191.plesk.page\/fr\/wp-json\/wp\/v2\/types\/product"}],"replies":[{"embeddable":true,"href":"https:\/\/unruffled-ardinghelli.108-175-3-191.plesk.page\/fr\/wp-json\/wp\/v2\/comments?post=7644"}],"wp:featuredmedia":[{"embeddable":true,"href":"https:\/\/unruffled-ardinghelli.108-175-3-191.plesk.page\/fr\/wp-json\/wp\/v2\/media\/7646"}],"wp:attachment":[{"href":"https:\/\/unruffled-ardinghelli.108-175-3-191.plesk.page\/fr\/wp-json\/wp\/v2\/media?parent=7644"}],"wp:term":[{"taxonomy":"product_brand","embeddable":true,"href":"https:\/\/unruffled-ardinghelli.108-175-3-191.plesk.page\/fr\/wp-json\/wp\/v2\/product_brand?post=7644"},{"taxonomy":"product_cat","embeddable":true,"href":"https:\/\/unruffled-ardinghelli.108-175-3-191.plesk.page\/fr\/wp-json\/wp\/v2\/product_cat?post=7644"},{"taxonomy":"product_tag","embeddable":true,"href":"https:\/\/unruffled-ardinghelli.108-175-3-191.plesk.page\/fr\/wp-json\/wp\/v2\/product_tag?post=7644"}],"curies":[{"name":"wp","href":"https:\/\/api.w.org\/{rel}","templated":true}]}}