{"id":7602,"date":"2025-11-16T03:38:47","date_gmt":"2025-11-16T03:38:47","guid":{"rendered":"https:\/\/unruffled-ardinghelli.108-175-3-191.plesk.page\/product\/top-and-bottom-text-on-tires-any-design-any-brand\/"},"modified":"2026-01-22T03:15:12","modified_gmt":"2026-01-22T03:15:12","slug":"texte-haut-et-bas-sur-les-pneus-tout-design-toute-marque","status":"publish","type":"product","link":"https:\/\/unruffled-ardinghelli.108-175-3-191.plesk.page\/fr\/produit\/texte-haut-et-bas-sur-les-pneus-tout-design-toute-marque\/","title":{"rendered":"Texte Haut et Bas sur les Pneus \u2013 tout design \u2013 toute marque"},"content":{"rendered":"<p data-start=\"0\" data-end=\"62\">TOUT DESIGN \u2013 TOUTE MARQUE \u2013 Texte Haut et Bas sur les Pneus<\/p>\n<p data-start=\"64\" data-end=\"126\">Vous ne l\u2019avez pas trouv\u00e9 sur notre site\u202f? Commandez-le ici.<\/p>\n<p data-start=\"128\" data-end=\"378\">Personnalisez le texte en haut et en bas pour cr\u00e9er le graphique roulant ultime \u2013 doublez l\u2019espace et le nombre de caract\u00e8res\u202f! Chaque phrase peut contenir jusqu\u2019\u00e0 12 caract\u00e8res et chaque kit inclura 4 exemplaires de chaque mot\/phrase (2 par pneu).<\/p>\n<p data-start=\"380\" data-end=\"399\">Ce kit comprend :<\/p>\n<ul data-start=\"400\" data-end=\"547\">\n<li data-start=\"400\" data-end=\"450\">\n<p data-start=\"402\" data-end=\"450\">4 phrases pour le haut (maximum 12 caract\u00e8res)<\/p>\n<\/li>\n<li data-start=\"451\" data-end=\"500\">\n<p data-start=\"453\" data-end=\"500\">4 phrases pour le bas (maximum 12 caract\u00e8res)<\/p>\n<\/li>\n<li data-start=\"501\" data-end=\"525\">\n<p data-start=\"503\" data-end=\"525\">Guide d\u2019instructions<\/p>\n<\/li>\n<li data-start=\"526\" data-end=\"547\">\n<p data-start=\"528\" data-end=\"547\">Adhesif fleXement<\/p>\n<\/li>\n<\/ul>\n<p data-start=\"549\" data-end=\"688\">Veuillez s\u00e9lectionner le type de sticker de pneu que vous souhaitez acheter, la taille de la roue, la hauteur des lettres et la quantit\u00e9.<\/p>\n<p data-start=\"690\" data-end=\"714\">GUIDES D\u2019APPLICATION :<\/p>\n<ul data-start=\"715\" data-end=\"814\">\n<li data-start=\"715\" data-end=\"768\">\n<p data-start=\"717\" data-end=\"768\">Semi-permanent : Guide d\u2019application Peel &amp; Stick<\/p>\n<\/li>\n<li data-start=\"769\" data-end=\"814\">\n<p data-start=\"771\" data-end=\"814\">Permanent : Guide d\u2019application Permanent<\/p>\n<\/li>\n<\/ul>\n<p data-start=\"816\" data-end=\"1220\">Directives g\u00e9n\u00e9riques de dimensionnement des pneus \u2013 Utilisez le tableau de dimensionnement g\u00e9n\u00e9rique ci-dessous pour vous guider. Identifiez le rapport d\u2019aspect ou la s\u00e9rie (g\u00e9n\u00e9ralement le chiffre du milieu de la sp\u00e9cification du pneu) et correspondez-le au tableau. Note\u202f: certains pneus peuvent avoir un rapport d\u2019aspect unique en dehors de ces directives ; en cas de doute, envoyez-nous un email\u202f!<\/p>\n<p data-start=\"1222\" data-end=\"1297\">Sp\u00e9cification de la s\u00e9rie de pneus \u00a0 \u00a0 \u00a0 \u00a0 \u00a0 Hauteur maximale recommand\u00e9e<\/p>\n<p data-start=\"1299\" data-end=\"1947\">20 \u00a0 \u00a0 \u00a0 \u00a0 \u00a0 \u00a0 \u00a0 \u00a0 \u00a0 \u00a0 \u00a0 \u00a0 \u00a0 \u00a0 \u00a0 \u00a0 \u00a0 \u00a0 \u00a0 \u00a0 \u00a0 \u00a0 \u00a0 \u00a0 \u00a0 0,5&Prime; \/ 1,27\u202fcm \/ 12,7\u202fmm<br data-start=\"1376\" data-end=\"1379\" \/>25 \u00a0 \u00a0 \u00a0 \u00a0 \u00a0 \u00a0 \u00a0 \u00a0 \u00a0 \u00a0 \u00a0 \u00a0 \u00a0 \u00a0 \u00a0 \u00a0 \u00a0 \u00a0 \u00a0 \u00a0 \u00a0 \u00a0 \u00a0 \u00a0 \u00a0 0,75&Prime; \/ 1,905\u202fcm \/ 19,05\u202fmm<br data-start=\"1459\" data-end=\"1462\" \/>30 \u00a0 \u00a0 \u00a0 \u00a0 \u00a0 \u00a0 \u00a0 \u00a0 \u00a0 \u00a0 \u00a0 \u00a0 \u00a0 \u00a0 \u00a0 \u00a0 \u00a0 \u00a0 \u00a0 \u00a0 \u00a0 \u00a0 \u00a0 \u00a0 \u00a0 1,0&Prime; \/ 2,54\u202fcm \/ 25\u202fmm<br data-start=\"1537\" data-end=\"1540\" \/>35 \u00a0 \u00a0 \u00a0 \u00a0 \u00a0 \u00a0 \u00a0 \u00a0 \u00a0 \u00a0 \u00a0 \u00a0 \u00a0 \u00a0 \u00a0 \u00a0 \u00a0 \u00a0 \u00a0 \u00a0 \u00a0 \u00a0 \u00a0 \u00a0 \u00a0 1,25&Prime; \/ 3,175\u202fcm \/ 31,75\u202fmm<br data-start=\"1620\" data-end=\"1623\" \/>40 \u00a0 \u00a0 \u00a0 \u00a0 \u00a0 \u00a0 \u00a0 \u00a0 \u00a0 \u00a0 \u00a0 \u00a0 \u00a0 \u00a0 \u00a0 \u00a0 \u00a0 \u00a0 \u00a0 \u00a0 \u00a0 \u00a0 \u00a0 \u00a0 \u00a0 1,25&Prime; \/ 3,175\u202fcm \/ 31,75\u202fmm<br data-start=\"1703\" data-end=\"1706\" \/>45 \u00a0 \u00a0 \u00a0 \u00a0 \u00a0 \u00a0 \u00a0 \u00a0 \u00a0 \u00a0 \u00a0 \u00a0 \u00a0 \u00a0 \u00a0 \u00a0 \u00a0 \u00a0 \u00a0 \u00a0 \u00a0 \u00a0 \u00a0 \u00a0 \u00a0 1,5&Prime; \/ 3,81\u202fcm \/ 38,1\u202fmm<br data-start=\"1783\" data-end=\"1786\" \/>50 \u00a0 \u00a0 \u00a0 \u00a0 \u00a0 \u00a0 \u00a0 \u00a0 \u00a0 \u00a0 \u00a0 \u00a0 \u00a0 \u00a0 \u00a0 \u00a0 \u00a0 \u00a0 \u00a0 \u00a0 \u00a0 \u00a0 \u00a0 \u00a0 \u00a0 1,75&Prime; \/ 4,44\u202fcm \/ 44,45\u202fmm<br data-start=\"1865\" data-end=\"1868\" \/>55 \u00a0 \u00a0 \u00a0 \u00a0 \u00a0 \u00a0 \u00a0 \u00a0 \u00a0 \u00a0 \u00a0 \u00a0 \u00a0 \u00a0 \u00a0 \u00a0 \u00a0 \u00a0 \u00a0 \u00a0 \u00a0 \u00a0 \u00a0 \u00a0 \u00a0 2,0&Prime; \/ 5,08\u202fcm \/ 50,8\u202fmm<\/p>\n<p data-start=\"1949\" data-end=\"2018\" data-is-last-node=\"\" data-is-only-node=\"\">Exemple :<br data-start=\"1958\" data-end=\"1961\" \/>Taille du pneu : 245\/45\/R17 \u00a0 \u00a0Hauteur recommand\u00e9e : 1,5&Prime;<\/p>\n","protected":false},"excerpt":{"rendered":"<p>TOUT DESIGN \u2013 TOUTE MARQUE \u2013 Texte Haut et Bas sur les Pneus Vous ne l\u2019avez pas trouv\u00e9 sur notre site\u202f? Commandez-le ici. Personnalisez le texte en haut et en bas pour cr\u00e9er le graphique roulant ultime \u2013 doublez l\u2019espace et le nombre de caract\u00e8res\u202f! Chaque phrase peut contenir jusqu\u2019\u00e0 12 caract\u00e8res et chaque kit [&hellip;]<\/p>\n","protected":false},"featured_media":7604,"comment_status":"closed","ping_status":"closed","template":"","meta":[],"product_brand":[],"product_cat":[61,59],"product_tag":[],"class_list":{"0":"post-7602","1":"product","2":"type-product","3":"status-publish","4":"has-post-thumbnail","6":"product_cat-create-your-own","7":"product_cat-tire-lettering","9":"first","10":"instock","11":"sale","12":"taxable","13":"shipping-taxable","14":"purchasable","15":"product-type-variable"},"_links":{"self":[{"href":"https:\/\/unruffled-ardinghelli.108-175-3-191.plesk.page\/fr\/wp-json\/wp\/v2\/product\/7602","targetHints":{"allow":["GET"]}}],"collection":[{"href":"https:\/\/unruffled-ardinghelli.108-175-3-191.plesk.page\/fr\/wp-json\/wp\/v2\/product"}],"about":[{"href":"https:\/\/unruffled-ardinghelli.108-175-3-191.plesk.page\/fr\/wp-json\/wp\/v2\/types\/product"}],"replies":[{"embeddable":true,"href":"https:\/\/unruffled-ardinghelli.108-175-3-191.plesk.page\/fr\/wp-json\/wp\/v2\/comments?post=7602"}],"wp:featuredmedia":[{"embeddable":true,"href":"https:\/\/unruffled-ardinghelli.108-175-3-191.plesk.page\/fr\/wp-json\/wp\/v2\/media\/7604"}],"wp:attachment":[{"href":"https:\/\/unruffled-ardinghelli.108-175-3-191.plesk.page\/fr\/wp-json\/wp\/v2\/media?parent=7602"}],"wp:term":[{"taxonomy":"product_brand","embeddable":true,"href":"https:\/\/unruffled-ardinghelli.108-175-3-191.plesk.page\/fr\/wp-json\/wp\/v2\/product_brand?post=7602"},{"taxonomy":"product_cat","embeddable":true,"href":"https:\/\/unruffled-ardinghelli.108-175-3-191.plesk.page\/fr\/wp-json\/wp\/v2\/product_cat?post=7602"},{"taxonomy":"product_tag","embeddable":true,"href":"https:\/\/unruffled-ardinghelli.108-175-3-191.plesk.page\/fr\/wp-json\/wp\/v2\/product_tag?post=7602"}],"curies":[{"name":"wp","href":"https:\/\/api.w.org\/{rel}","templated":true}]}}