{"id":7569,"date":"2025-11-16T03:38:47","date_gmt":"2025-11-16T03:38:47","guid":{"rendered":"https:\/\/unruffled-ardinghelli.108-175-3-191.plesk.page\/product\/nitto-tire-lettering-kit\/"},"modified":"2026-01-22T03:14:04","modified_gmt":"2026-01-22T03:14:04","slug":"nitto-kit-de-lettrage-pour-pneus","status":"publish","type":"product","link":"https:\/\/unruffled-ardinghelli.108-175-3-191.plesk.page\/fr\/produit\/nitto-kit-de-lettrage-pour-pneus\/","title":{"rendered":"Nitto \u2013 Kit de lettrage pour pneus"},"content":{"rendered":"<p data-start=\"0\" data-end=\"202\">Lettrage de pneus Nitto \u2013 Maintenant disponible ! \u2013 Le design Nitto est propos\u00e9 dans les deux styles : Peel &amp; Stick et permanent. Pour des designs personnalis\u00e9s, veuillez revenir \u00e0 \u00ab Cr\u00e9ez le v\u00f4tre \u00bb.<\/p>\n<p data-start=\"204\" data-end=\"346\">Veuillez s\u00e9lectionner le type d\u2019autocollant de pneu que vous souhaitez acheter, la taille de la roue, la hauteur des lettres et la quantit\u00e9.<\/p>\n<p data-start=\"348\" data-end=\"372\">GUIDES D\u2019APPLICATION :<\/p>\n<ul data-start=\"373\" data-end=\"472\">\n<li data-start=\"373\" data-end=\"426\">\n<p data-start=\"375\" data-end=\"426\">Semi-permanent : Guide d\u2019application Peel &amp; Stick<\/p>\n<\/li>\n<li data-start=\"427\" data-end=\"472\">\n<p data-start=\"429\" data-end=\"472\">Permanent : Guide d\u2019application permanent<\/p>\n<\/li>\n<\/ul>\n<p data-start=\"474\" data-end=\"865\">Directives g\u00e9n\u00e9rales de dimensionnement des pneus \u2013 Utilisez le tableau ci-dessous pour vous guider dans votre choix. Identifiez le rapport d\u2019aspect ou la s\u00e9rie (g\u00e9n\u00e9ralement le chiffre du milieu dans la sp\u00e9cification du pneu) et comparez avec le tableau. Note : certains pneus peuvent avoir un rapport d\u2019aspect unique en dehors de ces directives, en cas de doute, envoyez-nous un e-mail !<\/p>\n<p data-start=\"867\" data-end=\"956\">Sp\u00e9cification de la s\u00e9rie de pneus \u00a0 \u00a0 \u00a0 \u00a0 \u00a0 \u00a0\u00a0Hauteur maximale recommand\u00e9e des lettres<\/p>\n<p data-start=\"958\" data-end=\"1606\">20 \u00a0 \u00a0 \u00a0 \u00a0 \u00a0 \u00a0 \u00a0 \u00a0 \u00a0 \u00a0 \u00a0 \u00a0 \u00a0 \u00a0 \u00a0 \u00a0 \u00a0 \u00a0 \u00a0 \u00a0 \u00a0 \u00a0 \u00a0 \u00a0 \u00a0 0,5&Prime; \/ 1,27 cm \/ 12,7 mm<br data-start=\"1035\" data-end=\"1038\" \/>25 \u00a0 \u00a0 \u00a0 \u00a0 \u00a0 \u00a0 \u00a0 \u00a0 \u00a0 \u00a0 \u00a0 \u00a0 \u00a0 \u00a0 \u00a0 \u00a0 \u00a0 \u00a0 \u00a0 \u00a0 \u00a0 \u00a0 \u00a0 \u00a0 \u00a0 0,75&Prime; \/ 1,905 cm \/ 19,05 mm<br data-start=\"1118\" data-end=\"1121\" \/>30 \u00a0 \u00a0 \u00a0 \u00a0 \u00a0 \u00a0 \u00a0 \u00a0 \u00a0 \u00a0 \u00a0 \u00a0 \u00a0 \u00a0 \u00a0 \u00a0 \u00a0 \u00a0 \u00a0 \u00a0 \u00a0 \u00a0 \u00a0 \u00a0 \u00a0 1,0&Prime; \/ 2,54 cm \/ 25 mm<br data-start=\"1196\" data-end=\"1199\" \/>35 \u00a0 \u00a0 \u00a0 \u00a0 \u00a0 \u00a0 \u00a0 \u00a0 \u00a0 \u00a0 \u00a0 \u00a0 \u00a0 \u00a0 \u00a0 \u00a0 \u00a0 \u00a0 \u00a0 \u00a0 \u00a0 \u00a0 \u00a0 \u00a0 \u00a0 1,25&Prime; \/ 3,175 cm \/ 31,75 mm<br data-start=\"1279\" data-end=\"1282\" \/>40 \u00a0 \u00a0 \u00a0 \u00a0 \u00a0 \u00a0 \u00a0 \u00a0 \u00a0 \u00a0 \u00a0 \u00a0 \u00a0 \u00a0 \u00a0 \u00a0 \u00a0 \u00a0 \u00a0 \u00a0 \u00a0 \u00a0 \u00a0 \u00a0 \u00a0 1,25&Prime; \/ 3,175 cm \/ 31,75 mm<br data-start=\"1362\" data-end=\"1365\" \/>45 \u00a0 \u00a0 \u00a0 \u00a0 \u00a0 \u00a0 \u00a0 \u00a0 \u00a0 \u00a0 \u00a0 \u00a0 \u00a0 \u00a0 \u00a0 \u00a0 \u00a0 \u00a0 \u00a0 \u00a0 \u00a0 \u00a0 \u00a0 \u00a0 \u00a0 1,5&Prime; \/ 3,81 cm \/ 38,1 mm<br data-start=\"1442\" data-end=\"1445\" \/>50 \u00a0 \u00a0 \u00a0 \u00a0 \u00a0 \u00a0 \u00a0 \u00a0 \u00a0 \u00a0 \u00a0 \u00a0 \u00a0 \u00a0 \u00a0 \u00a0 \u00a0 \u00a0 \u00a0 \u00a0 \u00a0 \u00a0 \u00a0 \u00a0 \u00a0 1,75&Prime; \/ 4,44 cm \/ 44,45 mm<br data-start=\"1524\" data-end=\"1527\" \/>55 \u00a0 \u00a0 \u00a0 \u00a0 \u00a0 \u00a0 \u00a0 \u00a0 \u00a0 \u00a0 \u00a0 \u00a0 \u00a0 \u00a0 \u00a0 \u00a0 \u00a0 \u00a0 \u00a0 \u00a0 \u00a0 \u00a0 \u00a0 \u00a0 \u00a0 2,0&Prime; \/ 5,08 cm \/ 50,8 mm<\/p>\n<p data-start=\"1608\" data-end=\"1677\" data-is-last-node=\"\" data-is-only-node=\"\">Exemple :<br data-start=\"1617\" data-end=\"1620\" \/>Taille du pneu : 245\/45\/R17 \u00a0 \u00a0Hauteur recommand\u00e9e : 1,5&Prime;<\/p>\n","protected":false},"excerpt":{"rendered":"<p>Lettrage de pneus Nitto \u2013 Maintenant disponible ! \u2013 Le design Nitto est propos\u00e9 dans les deux styles : Peel &amp; Stick et permanent. Pour des designs personnalis\u00e9s, veuillez revenir \u00e0 \u00ab Cr\u00e9ez le v\u00f4tre \u00bb. Veuillez s\u00e9lectionner le type d\u2019autocollant de pneu que vous souhaitez acheter, la taille de la roue, la hauteur des [&hellip;]<\/p>\n","protected":false},"featured_media":7571,"comment_status":"open","ping_status":"closed","template":"","meta":[],"product_brand":[39],"product_cat":[59],"product_tag":[],"class_list":{"0":"post-7569","1":"product","2":"type-product","3":"status-publish","4":"has-post-thumbnail","6":"product_brand-nitto","7":"product_cat-tire-lettering","9":"first","10":"instock","11":"sale","12":"taxable","13":"shipping-taxable","14":"purchasable","15":"product-type-variable"},"_links":{"self":[{"href":"https:\/\/unruffled-ardinghelli.108-175-3-191.plesk.page\/fr\/wp-json\/wp\/v2\/product\/7569","targetHints":{"allow":["GET"]}}],"collection":[{"href":"https:\/\/unruffled-ardinghelli.108-175-3-191.plesk.page\/fr\/wp-json\/wp\/v2\/product"}],"about":[{"href":"https:\/\/unruffled-ardinghelli.108-175-3-191.plesk.page\/fr\/wp-json\/wp\/v2\/types\/product"}],"replies":[{"embeddable":true,"href":"https:\/\/unruffled-ardinghelli.108-175-3-191.plesk.page\/fr\/wp-json\/wp\/v2\/comments?post=7569"}],"wp:featuredmedia":[{"embeddable":true,"href":"https:\/\/unruffled-ardinghelli.108-175-3-191.plesk.page\/fr\/wp-json\/wp\/v2\/media\/7571"}],"wp:attachment":[{"href":"https:\/\/unruffled-ardinghelli.108-175-3-191.plesk.page\/fr\/wp-json\/wp\/v2\/media?parent=7569"}],"wp:term":[{"taxonomy":"product_brand","embeddable":true,"href":"https:\/\/unruffled-ardinghelli.108-175-3-191.plesk.page\/fr\/wp-json\/wp\/v2\/product_brand?post=7569"},{"taxonomy":"product_cat","embeddable":true,"href":"https:\/\/unruffled-ardinghelli.108-175-3-191.plesk.page\/fr\/wp-json\/wp\/v2\/product_cat?post=7569"},{"taxonomy":"product_tag","embeddable":true,"href":"https:\/\/unruffled-ardinghelli.108-175-3-191.plesk.page\/fr\/wp-json\/wp\/v2\/product_tag?post=7569"}],"curies":[{"name":"wp","href":"https:\/\/api.w.org\/{rel}","templated":true}]}}