{"id":7532,"date":"2025-11-16T03:38:47","date_gmt":"2025-11-16T03:38:47","guid":{"rendered":"https:\/\/unruffled-ardinghelli.108-175-3-191.plesk.page\/product\/michelin-tire-lettering-tire-letters\/"},"modified":"2026-01-22T03:12:49","modified_gmt":"2026-01-22T03:12:49","slug":"lettres-de-pneu-michelin","status":"publish","type":"product","link":"https:\/\/unruffled-ardinghelli.108-175-3-191.plesk.page\/fr\/produit\/lettres-de-pneu-michelin\/","title":{"rendered":"Lettres de pneu Michelin"},"content":{"rendered":"<p data-start=\"0\" data-end=\"153\">Maintenant disponible ! &#8211; Kits de lettrage pour pneus Michelin en version autocollant (Peel and Stick) et lettres en caoutchouc sur\u00e9lev\u00e9es permanentes.<\/p>\n<p data-start=\"155\" data-end=\"179\">GUIDES D\u2019APPLICATION :<\/p>\n<ul data-start=\"180\" data-end=\"281\">\n<li data-start=\"180\" data-end=\"235\">\n<p data-start=\"182\" data-end=\"235\">Semi-permanent : Guide d\u2019application Peel and Stick<\/p>\n<\/li>\n<li data-start=\"236\" data-end=\"281\">\n<p data-start=\"238\" data-end=\"281\">Permanent : Guide d\u2019application Permanent<\/p>\n<\/li>\n<\/ul>\n<p data-start=\"283\" data-end=\"696\">Directives g\u00e9n\u00e9rales pour les tailles de pneus \u2013 Utilisez le tableau g\u00e9n\u00e9rique des tailles de pneus ci-dessous pour guider votre choix. Identifiez le rapport d\u2019aspect ou la s\u00e9rie (g\u00e9n\u00e9ralement le chiffre du milieu dans la sp\u00e9cification du pneu) et comparez avec le tableau. Remarque : certains pneus peuvent avoir un rapport d\u2019aspect unique en dehors de ces directives ; en cas de doute, envoyez-nous un email !<\/p>\n<p data-start=\"698\" data-end=\"1436\">Sp\u00e9cification de la s\u00e9rie de pneus\u00a0 \u00a0 \u00a0 \u00a0 \u00a0 \u00a0 \u00a0Hauteur maximale recommand\u00e9e des lettres<br data-start=\"785\" data-end=\"788\" \/>20 \u00a0 \u00a0 \u00a0 \u00a0 \u00a0 \u00a0 \u00a0 \u00a0 \u00a0 \u00a0 \u00a0 \u00a0 \u00a0 \u00a0 \u00a0 \u00a0 \u00a0 \u00a0 \u00a0 \u00a0 \u00a0 \u00a0 \u00a0 \u00a0 \u00a0 0,5&Prime; \/ 1,27\u202fcm \/ 12,7\u202fmm<br data-start=\"865\" data-end=\"868\" \/>25 \u00a0 \u00a0 \u00a0 \u00a0 \u00a0 \u00a0 \u00a0 \u00a0 \u00a0 \u00a0 \u00a0 \u00a0 \u00a0 \u00a0 \u00a0 \u00a0 \u00a0 \u00a0 \u00a0 \u00a0 \u00a0 \u00a0 \u00a0 \u00a0 \u00a0 0,75&Prime; \/ 1,905\u202fcm \/ 19,05\u202fmm<br data-start=\"948\" data-end=\"951\" \/>30 \u00a0 \u00a0 \u00a0 \u00a0 \u00a0 \u00a0 \u00a0 \u00a0 \u00a0 \u00a0 \u00a0 \u00a0 \u00a0 \u00a0 \u00a0 \u00a0 \u00a0 \u00a0 \u00a0 \u00a0 \u00a0 \u00a0 \u00a0 \u00a0 \u00a0 1,0&Prime; \/ 2,54\u202fcm \/ 25\u202fmm<br data-start=\"1026\" data-end=\"1029\" data-is-only-node=\"\" \/>35 \u00a0 \u00a0 \u00a0 \u00a0 \u00a0 \u00a0 \u00a0 \u00a0 \u00a0 \u00a0 \u00a0 \u00a0 \u00a0 \u00a0 \u00a0 \u00a0 \u00a0 \u00a0 \u00a0 \u00a0 \u00a0 \u00a0 \u00a0 \u00a0 \u00a0 1,25&Prime; \/ 3,175\u202fcm \/ 31,75\u202fmm<br data-start=\"1109\" data-end=\"1112\" \/>40 \u00a0 \u00a0 \u00a0 \u00a0 \u00a0 \u00a0 \u00a0 \u00a0 \u00a0 \u00a0 \u00a0 \u00a0 \u00a0 \u00a0 \u00a0 \u00a0 \u00a0 \u00a0 \u00a0 \u00a0 \u00a0 \u00a0 \u00a0 \u00a0 \u00a0 1,25&Prime; \/ 3,175\u202fcm \/ 31,75\u202fmm<br data-start=\"1192\" data-end=\"1195\" \/>45 \u00a0 \u00a0 \u00a0 \u00a0 \u00a0 \u00a0 \u00a0 \u00a0 \u00a0 \u00a0 \u00a0 \u00a0 \u00a0 \u00a0 \u00a0 \u00a0 \u00a0 \u00a0 \u00a0 \u00a0 \u00a0 \u00a0 \u00a0 \u00a0 \u00a0 1,5&Prime; \/ 3,81\u202fcm \/ 38,1\u202fmm<br data-start=\"1272\" data-end=\"1275\" \/>50 \u00a0 \u00a0 \u00a0 \u00a0 \u00a0 \u00a0 \u00a0 \u00a0 \u00a0 \u00a0 \u00a0 \u00a0 \u00a0 \u00a0 \u00a0 \u00a0 \u00a0 \u00a0 \u00a0 \u00a0 \u00a0 \u00a0 \u00a0 \u00a0 \u00a0 1,75&Prime; \/ 4,44\u202fcm \/ 44,45\u202fmm<br data-start=\"1354\" data-end=\"1357\" \/>55 \u00a0 \u00a0 \u00a0 \u00a0 \u00a0 \u00a0 \u00a0 \u00a0 \u00a0 \u00a0 \u00a0 \u00a0 \u00a0 \u00a0 \u00a0 \u00a0 \u00a0 \u00a0 \u00a0 \u00a0 \u00a0 \u00a0 \u00a0 \u00a0 \u00a0 2,0&Prime; \/ 5,08\u202fcm \/ 50,8\u202fmm<\/p>\n<p data-start=\"1438\" data-end=\"1507\" data-is-last-node=\"\" data-is-only-node=\"\">Exemple :<br data-start=\"1447\" data-end=\"1450\" \/>Taille du pneu : 245\/45\/R17 \u00a0 \u00a0Hauteur recommand\u00e9e : 1,5&Prime;<\/p>\n","protected":false},"excerpt":{"rendered":"<p>Maintenant disponible ! &#8211; Kits de lettrage pour pneus Michelin en version autocollant (Peel and Stick) et lettres en caoutchouc sur\u00e9lev\u00e9es permanentes. GUIDES D\u2019APPLICATION : Semi-permanent : Guide d\u2019application Peel and Stick Permanent : Guide d\u2019application Permanent Directives g\u00e9n\u00e9rales pour les tailles de pneus \u2013 Utilisez le tableau g\u00e9n\u00e9rique des tailles de pneus ci-dessous pour [&hellip;]<\/p>\n","protected":false},"featured_media":7534,"comment_status":"open","ping_status":"closed","template":"","meta":[],"product_brand":[36],"product_cat":[51,59],"product_tag":[],"class_list":{"0":"post-7532","1":"product","2":"type-product","3":"status-publish","4":"has-post-thumbnail","6":"product_brand-michelin","7":"product_cat-featured","8":"product_cat-tire-lettering","10":"first","11":"instock","12":"sale","13":"taxable","14":"shipping-taxable","15":"purchasable","16":"product-type-variable"},"_links":{"self":[{"href":"https:\/\/unruffled-ardinghelli.108-175-3-191.plesk.page\/fr\/wp-json\/wp\/v2\/product\/7532","targetHints":{"allow":["GET"]}}],"collection":[{"href":"https:\/\/unruffled-ardinghelli.108-175-3-191.plesk.page\/fr\/wp-json\/wp\/v2\/product"}],"about":[{"href":"https:\/\/unruffled-ardinghelli.108-175-3-191.plesk.page\/fr\/wp-json\/wp\/v2\/types\/product"}],"replies":[{"embeddable":true,"href":"https:\/\/unruffled-ardinghelli.108-175-3-191.plesk.page\/fr\/wp-json\/wp\/v2\/comments?post=7532"}],"wp:featuredmedia":[{"embeddable":true,"href":"https:\/\/unruffled-ardinghelli.108-175-3-191.plesk.page\/fr\/wp-json\/wp\/v2\/media\/7534"}],"wp:attachment":[{"href":"https:\/\/unruffled-ardinghelli.108-175-3-191.plesk.page\/fr\/wp-json\/wp\/v2\/media?parent=7532"}],"wp:term":[{"taxonomy":"product_brand","embeddable":true,"href":"https:\/\/unruffled-ardinghelli.108-175-3-191.plesk.page\/fr\/wp-json\/wp\/v2\/product_brand?post=7532"},{"taxonomy":"product_cat","embeddable":true,"href":"https:\/\/unruffled-ardinghelli.108-175-3-191.plesk.page\/fr\/wp-json\/wp\/v2\/product_cat?post=7532"},{"taxonomy":"product_tag","embeddable":true,"href":"https:\/\/unruffled-ardinghelli.108-175-3-191.plesk.page\/fr\/wp-json\/wp\/v2\/product_tag?post=7532"}],"curies":[{"name":"wp","href":"https:\/\/api.w.org\/{rel}","templated":true}]}}