{"id":7506,"date":"2025-11-16T03:38:47","date_gmt":"2025-11-16T03:38:47","guid":{"rendered":"https:\/\/unruffled-ardinghelli.108-175-3-191.plesk.page\/product\/toyo-tires-proxes-full-kit\/"},"modified":"2026-01-22T03:11:39","modified_gmt":"2026-01-22T03:11:39","slug":"toyo-tires-proxes-kit-complet","status":"publish","type":"product","link":"https:\/\/unruffled-ardinghelli.108-175-3-191.plesk.page\/fr\/produit\/toyo-tires-proxes-kit-complet\/","title":{"rendered":"Toyo Tires Proxes (KIT COMPLET)"},"content":{"rendered":"<p data-start=\"0\" data-end=\"378\">Toyo Tires Proxes maintenant disponible en un kit complet. Si vous s\u00e9lectionnez 4 autocollants, vous recevrez 4 exemplaires de chaque mot : \u00ab\u202fToyo\u202f\u00bb, \u00ab\u202fTires\u202f\u00bb, \u00ab\u202fProxes\u202f\u00bb, soit 8 autocollants, 8 exemplaires de chaque mot.<br data-start=\"222\" data-end=\"225\" \/>Disponible en styles Peel &amp; Stick et lettres en caoutchouc sur\u00e9lev\u00e9 permanent. Pour des designs personnalis\u00e9s, veuillez retourner \u00e0 \u00ab\u202fCr\u00e9er le v\u00f4tre\u202f\u00bb.<\/p>\n<p data-start=\"380\" data-end=\"524\">Veuillez s\u00e9lectionner le type d\u2019autocollant pour pneu que vous souhaitez acheter, la taille de la roue, la hauteur des lettres et la quantit\u00e9.<\/p>\n<p data-start=\"526\" data-end=\"554\"><strong data-start=\"526\" data-end=\"552\">GUIDES D\u2019APPLICATION :<\/strong><\/p>\n<ul data-start=\"555\" data-end=\"654\">\n<li data-start=\"555\" data-end=\"608\">\n<p data-start=\"557\" data-end=\"608\">Semi-permanent : Guide d\u2019application Peel &amp; Stick<\/p>\n<\/li>\n<li data-start=\"609\" data-end=\"654\">\n<p data-start=\"611\" data-end=\"654\">Permanent : Guide d\u2019application permanent<\/p>\n<\/li>\n<\/ul>\n<p data-start=\"656\" data-end=\"1072\"><strong data-start=\"656\" data-end=\"709\">Directives g\u00e9n\u00e9rales de dimensionnement des pneus<\/strong> \u2013 Utilisez le tableau de dimensionnement g\u00e9n\u00e9rique ci-dessous pour guider votre d\u00e9cision. Identifiez le rapport d\u2019aspect ou la s\u00e9rie (g\u00e9n\u00e9ralement le chiffre du milieu de la sp\u00e9cification du pneu) et correspondez au tableau. Remarque : certains pneus peuvent avoir un rapport d\u2019aspect unique en dehors de ces directives ; en cas de doute, envoyez-nous un email !<\/p>\n<div class=\"TyagGW_tableContainer\">\n<div class=\"group TyagGW_tableWrapper flex flex-col-reverse w-fit\" tabindex=\"-1\">\n<table class=\"w-fit min-w-(--thread-content-width)\" data-start=\"1074\" data-end=\"1862\">\n<thead data-start=\"1074\" data-end=\"1154\">\n<tr data-start=\"1074\" data-end=\"1154\">\n<th data-start=\"1074\" data-end=\"1110\" data-col-size=\"sm\">Sp\u00e9cification de la s\u00e9rie de pneu<\/th>\n<th data-start=\"1110\" data-end=\"1154\" data-col-size=\"sm\">Hauteur maximale recommand\u00e9e des lettres<\/th>\n<\/tr>\n<\/thead>\n<tbody data-start=\"1233\" data-end=\"1862\">\n<tr data-start=\"1233\" data-end=\"1310\">\n<td data-start=\"1233\" data-end=\"1268\" data-col-size=\"sm\">20<\/td>\n<td data-start=\"1268\" data-end=\"1310\" data-col-size=\"sm\">0,5&Prime; \/ 1,27 cm \/ 12,7 mm<\/td>\n<\/tr>\n<tr data-start=\"1311\" data-end=\"1388\">\n<td data-start=\"1311\" data-end=\"1346\" data-col-size=\"sm\">25<\/td>\n<td data-start=\"1346\" data-end=\"1388\" data-col-size=\"sm\">0,75&Prime; \/ 1,905 cm \/ 19,05 mm<\/td>\n<\/tr>\n<tr data-start=\"1389\" data-end=\"1467\">\n<td data-start=\"1389\" data-end=\"1424\" data-col-size=\"sm\">30<\/td>\n<td data-start=\"1424\" data-end=\"1467\" data-col-size=\"sm\">1,0&Prime; \/ 2,54 cm \/ 25 mm<\/td>\n<\/tr>\n<tr data-start=\"1468\" data-end=\"1546\">\n<td data-start=\"1468\" data-end=\"1503\" data-col-size=\"sm\">35<\/td>\n<td data-start=\"1503\" data-end=\"1546\" data-col-size=\"sm\">1,25&Prime; \/ 3,175 cm \/ 31,75 mm<\/td>\n<\/tr>\n<tr data-start=\"1547\" data-end=\"1625\">\n<td data-start=\"1547\" data-end=\"1582\" data-col-size=\"sm\">40<\/td>\n<td data-start=\"1582\" data-end=\"1625\" data-col-size=\"sm\">1,25&Prime; \/ 3,175 cm \/ 31,75 mm<\/td>\n<\/tr>\n<tr data-start=\"1626\" data-end=\"1704\">\n<td data-start=\"1626\" data-end=\"1661\" data-col-size=\"sm\">45<\/td>\n<td data-start=\"1661\" data-end=\"1704\" data-col-size=\"sm\">1,5&Prime; \/ 3,81 cm \/ 38,1 mm<\/td>\n<\/tr>\n<tr data-start=\"1705\" data-end=\"1783\">\n<td data-start=\"1705\" data-end=\"1740\" data-col-size=\"sm\">50<\/td>\n<td data-start=\"1740\" data-end=\"1783\" data-col-size=\"sm\">1,75&Prime; \/ 4,44 cm \/ 44,45 mm<\/td>\n<\/tr>\n<tr data-start=\"1784\" data-end=\"1862\">\n<td data-start=\"1784\" data-end=\"1819\" data-col-size=\"sm\">55<\/td>\n<td data-start=\"1819\" data-end=\"1862\" data-col-size=\"sm\">2,0&Prime; \/ 5,08 cm \/ 50,8 mm<\/td>\n<\/tr>\n<\/tbody>\n<\/table>\n<\/div>\n<\/div>\n<p data-start=\"1864\" data-end=\"1936\" data-is-last-node=\"\" data-is-only-node=\"\"><strong data-start=\"1864\" data-end=\"1877\">Exemple :<\/strong><br data-start=\"1877\" data-end=\"1880\" \/>Taille du pneu : 245\/45\/R17 \u2013 Hauteur recommand\u00e9e : 1,5&Prime;<\/p>\n","protected":false},"excerpt":{"rendered":"<p>Toyo Tires Proxes maintenant disponible en un kit complet. Si vous s\u00e9lectionnez 4 autocollants, vous recevrez 4 exemplaires de chaque mot : \u00ab\u202fToyo\u202f\u00bb, \u00ab\u202fTires\u202f\u00bb, \u00ab\u202fProxes\u202f\u00bb, soit 8 autocollants, 8 exemplaires de chaque mot.Disponible en styles Peel &amp; Stick et lettres en caoutchouc sur\u00e9lev\u00e9 permanent. Pour des designs personnalis\u00e9s, veuillez retourner \u00e0 \u00ab\u202fCr\u00e9er le v\u00f4tre\u202f\u00bb. Veuillez [&hellip;]<\/p>\n","protected":false},"featured_media":7508,"comment_status":"open","ping_status":"closed","template":"","meta":[],"product_brand":[40],"product_cat":[59],"product_tag":[],"class_list":{"0":"post-7506","1":"product","2":"type-product","3":"status-publish","4":"has-post-thumbnail","6":"product_brand-toyo-tires","7":"product_cat-tire-lettering","9":"first","10":"instock","11":"taxable","12":"shipping-taxable","13":"purchasable","14":"product-type-variable"},"_links":{"self":[{"href":"https:\/\/unruffled-ardinghelli.108-175-3-191.plesk.page\/fr\/wp-json\/wp\/v2\/product\/7506","targetHints":{"allow":["GET"]}}],"collection":[{"href":"https:\/\/unruffled-ardinghelli.108-175-3-191.plesk.page\/fr\/wp-json\/wp\/v2\/product"}],"about":[{"href":"https:\/\/unruffled-ardinghelli.108-175-3-191.plesk.page\/fr\/wp-json\/wp\/v2\/types\/product"}],"replies":[{"embeddable":true,"href":"https:\/\/unruffled-ardinghelli.108-175-3-191.plesk.page\/fr\/wp-json\/wp\/v2\/comments?post=7506"}],"wp:featuredmedia":[{"embeddable":true,"href":"https:\/\/unruffled-ardinghelli.108-175-3-191.plesk.page\/fr\/wp-json\/wp\/v2\/media\/7508"}],"wp:attachment":[{"href":"https:\/\/unruffled-ardinghelli.108-175-3-191.plesk.page\/fr\/wp-json\/wp\/v2\/media?parent=7506"}],"wp:term":[{"taxonomy":"product_brand","embeddable":true,"href":"https:\/\/unruffled-ardinghelli.108-175-3-191.plesk.page\/fr\/wp-json\/wp\/v2\/product_brand?post=7506"},{"taxonomy":"product_cat","embeddable":true,"href":"https:\/\/unruffled-ardinghelli.108-175-3-191.plesk.page\/fr\/wp-json\/wp\/v2\/product_cat?post=7506"},{"taxonomy":"product_tag","embeddable":true,"href":"https:\/\/unruffled-ardinghelli.108-175-3-191.plesk.page\/fr\/wp-json\/wp\/v2\/product_tag?post=7506"}],"curies":[{"name":"wp","href":"https:\/\/api.w.org\/{rel}","templated":true}]}}