{"id":7403,"date":"2025-11-16T03:38:47","date_gmt":"2025-11-16T03:38:47","guid":{"rendered":"https:\/\/unruffled-ardinghelli.108-175-3-191.plesk.page\/product\/falken-tire-lettering-kit\/"},"modified":"2026-01-22T03:05:09","modified_gmt":"2026-01-22T03:05:09","slug":"falken-kit-dautocollants-pour-pneus","status":"publish","type":"product","link":"https:\/\/unruffled-ardinghelli.108-175-3-191.plesk.page\/fr\/produit\/falken-kit-dautocollants-pour-pneus\/","title":{"rendered":"Falken \u2013 Kit d\u2019Autocollants pour Pneus"},"content":{"rendered":"<p data-start=\"84\" data-end=\"140\"><strong data-start=\"84\" data-end=\"138\">Lettrage de Pneus Falken \u2013 Maintenant Disponible !<\/strong><\/p>\n<p data-start=\"142\" data-end=\"305\">Disponible en styles <strong data-start=\"163\" data-end=\"179\">Peel &amp; Stick<\/strong> et <strong data-start=\"183\" data-end=\"231\">lettres en caoutchouc sur\u00e9lev\u00e9es permanentes<\/strong>. Pour des designs personnalis\u00e9s, veuillez revenir \u00e0 <strong data-start=\"284\" data-end=\"302\">Cr\u00e9er le v\u00f4tre<\/strong>.<\/p>\n<p data-start=\"307\" data-end=\"424\">Veuillez s\u00e9lectionner le type d\u2019autocollant pour pneu, la taille de la roue, la hauteur des lettres et la quantit\u00e9.<\/p>\n<p data-start=\"426\" data-end=\"454\"><strong data-start=\"426\" data-end=\"452\">GUIDES D\u2019APPLICATION :<\/strong><\/p>\n<ul data-start=\"455\" data-end=\"554\">\n<li data-start=\"455\" data-end=\"508\">\n<p data-start=\"457\" data-end=\"508\">Semi-permanent : Guide d\u2019application Peel &amp; Stick<\/p>\n<\/li>\n<li data-start=\"509\" data-end=\"554\">\n<p data-start=\"511\" data-end=\"554\">Permanent : Guide d\u2019application Permanent<\/p>\n<\/li>\n<\/ul>\n<p data-start=\"556\" data-end=\"859\"><strong data-start=\"556\" data-end=\"607\">Directives g\u00e9n\u00e9rales pour la taille des pneus :<\/strong><br data-start=\"607\" data-end=\"610\" \/>Utilisez le tableau ci-dessous pour d\u00e9terminer la hauteur maximale des lettres en fonction de la s\u00e9rie (g\u00e9n\u00e9ralement le chiffre du milieu de la sp\u00e9cification du pneu). Certains pneus peuvent avoir un ratio unique ; en cas de doute, contactez-nous.<\/p>\n<div class=\"TyagGW_tableContainer\">\n<div class=\"group TyagGW_tableWrapper flex flex-col-reverse w-fit\" tabindex=\"-1\">\n<table class=\"w-fit min-w-(--thread-content-width)\" data-start=\"861\" data-end=\"1361\">\n<thead data-start=\"861\" data-end=\"911\">\n<tr data-start=\"861\" data-end=\"911\">\n<th data-start=\"861\" data-end=\"877\" data-col-size=\"sm\">S\u00e9rie de pneu<\/th>\n<th data-start=\"877\" data-end=\"911\" data-col-size=\"sm\">Hauteur maximale recommand\u00e9e<\/th>\n<\/tr>\n<\/thead>\n<tbody data-start=\"962\" data-end=\"1361\">\n<tr data-start=\"962\" data-end=\"1011\">\n<td data-start=\"962\" data-end=\"978\" data-col-size=\"sm\">20<\/td>\n<td data-start=\"978\" data-end=\"1011\" data-col-size=\"sm\">0,5&Prime; \/ 1,27 cm \/ 12,7 mm<\/td>\n<\/tr>\n<tr data-start=\"1012\" data-end=\"1061\">\n<td data-start=\"1012\" data-end=\"1028\" data-col-size=\"sm\">25<\/td>\n<td data-start=\"1028\" data-end=\"1061\" data-col-size=\"sm\">0,75&Prime; \/ 1,905 cm \/ 19,05 mm<\/td>\n<\/tr>\n<tr data-start=\"1062\" data-end=\"1111\">\n<td data-start=\"1062\" data-end=\"1078\" data-col-size=\"sm\">30<\/td>\n<td data-start=\"1078\" data-end=\"1111\" data-col-size=\"sm\">1,0&Prime; \/ 2,54 cm \/ 25 mm<\/td>\n<\/tr>\n<tr data-start=\"1112\" data-end=\"1161\">\n<td data-start=\"1112\" data-end=\"1128\" data-col-size=\"sm\">35<\/td>\n<td data-start=\"1128\" data-end=\"1161\" data-col-size=\"sm\">1,25&Prime; \/ 3,175 cm \/ 31,75 mm<\/td>\n<\/tr>\n<tr data-start=\"1162\" data-end=\"1211\">\n<td data-start=\"1162\" data-end=\"1178\" data-col-size=\"sm\">40<\/td>\n<td data-start=\"1178\" data-end=\"1211\" data-col-size=\"sm\">1,25&Prime; \/ 3,175 cm \/ 31,75 mm<\/td>\n<\/tr>\n<tr data-start=\"1212\" data-end=\"1261\">\n<td data-start=\"1212\" data-end=\"1228\" data-col-size=\"sm\">45<\/td>\n<td data-start=\"1228\" data-end=\"1261\" data-col-size=\"sm\">1,5&Prime; \/ 3,81 cm \/ 38,1 mm<\/td>\n<\/tr>\n<tr data-start=\"1262\" data-end=\"1311\">\n<td data-start=\"1262\" data-end=\"1278\" data-col-size=\"sm\">50<\/td>\n<td data-start=\"1278\" data-end=\"1311\" data-col-size=\"sm\">1,75&Prime; \/ 4,44 cm \/ 44,45 mm<\/td>\n<\/tr>\n<tr data-start=\"1312\" data-end=\"1361\">\n<td data-start=\"1312\" data-end=\"1328\" data-col-size=\"sm\">55<\/td>\n<td data-start=\"1328\" data-end=\"1361\" data-col-size=\"sm\">2,0&Prime; \/ 5,08 cm \/ 50,8 mm<\/td>\n<\/tr>\n<\/tbody>\n<\/table>\n<\/div>\n<\/div>\n<p data-start=\"1363\" data-end=\"1437\"><strong data-start=\"1363\" data-end=\"1376\">Exemple :<\/strong><br data-start=\"1376\" data-end=\"1379\" \/>Taille du pneu : 245\/45\/R17 \u2013 Hauteur recommand\u00e9e : 1,5&Prime;<\/p>\n","protected":false},"excerpt":{"rendered":"<p>Lettrage de Pneus Falken \u2013 Maintenant Disponible ! Disponible en styles Peel &amp; Stick et lettres en caoutchouc sur\u00e9lev\u00e9es permanentes. Pour des designs personnalis\u00e9s, veuillez revenir \u00e0 Cr\u00e9er le v\u00f4tre. Veuillez s\u00e9lectionner le type d\u2019autocollant pour pneu, la taille de la roue, la hauteur des lettres et la quantit\u00e9. GUIDES D\u2019APPLICATION : Semi-permanent : Guide [&hellip;]<\/p>\n","protected":false},"featured_media":7405,"comment_status":"open","ping_status":"closed","template":"","meta":[],"product_brand":[30],"product_cat":[59],"product_tag":[],"class_list":{"0":"post-7403","1":"product","2":"type-product","3":"status-publish","4":"has-post-thumbnail","6":"product_brand-falken","7":"product_cat-tire-lettering","9":"first","10":"instock","11":"sale","12":"taxable","13":"shipping-taxable","14":"purchasable","15":"product-type-variable"},"_links":{"self":[{"href":"https:\/\/unruffled-ardinghelli.108-175-3-191.plesk.page\/fr\/wp-json\/wp\/v2\/product\/7403","targetHints":{"allow":["GET"]}}],"collection":[{"href":"https:\/\/unruffled-ardinghelli.108-175-3-191.plesk.page\/fr\/wp-json\/wp\/v2\/product"}],"about":[{"href":"https:\/\/unruffled-ardinghelli.108-175-3-191.plesk.page\/fr\/wp-json\/wp\/v2\/types\/product"}],"replies":[{"embeddable":true,"href":"https:\/\/unruffled-ardinghelli.108-175-3-191.plesk.page\/fr\/wp-json\/wp\/v2\/comments?post=7403"}],"wp:featuredmedia":[{"embeddable":true,"href":"https:\/\/unruffled-ardinghelli.108-175-3-191.plesk.page\/fr\/wp-json\/wp\/v2\/media\/7405"}],"wp:attachment":[{"href":"https:\/\/unruffled-ardinghelli.108-175-3-191.plesk.page\/fr\/wp-json\/wp\/v2\/media?parent=7403"}],"wp:term":[{"taxonomy":"product_brand","embeddable":true,"href":"https:\/\/unruffled-ardinghelli.108-175-3-191.plesk.page\/fr\/wp-json\/wp\/v2\/product_brand?post=7403"},{"taxonomy":"product_cat","embeddable":true,"href":"https:\/\/unruffled-ardinghelli.108-175-3-191.plesk.page\/fr\/wp-json\/wp\/v2\/product_cat?post=7403"},{"taxonomy":"product_tag","embeddable":true,"href":"https:\/\/unruffled-ardinghelli.108-175-3-191.plesk.page\/fr\/wp-json\/wp\/v2\/product_tag?post=7403"}],"curies":[{"name":"wp","href":"https:\/\/api.w.org\/{rel}","templated":true}]}}