{"id":7377,"date":"2025-11-16T03:38:47","date_gmt":"2025-11-16T03:38:47","guid":{"rendered":"https:\/\/unruffled-ardinghelli.108-175-3-191.plesk.page\/product\/tire-flares-tire-graphics\/"},"modified":"2026-01-22T03:03:57","modified_gmt":"2026-01-22T03:03:57","slug":"creez-le-votre-kit-standard-flare","status":"publish","type":"product","link":"https:\/\/unruffled-ardinghelli.108-175-3-191.plesk.page\/fr\/produit\/creez-le-votre-kit-standard-flare\/","title":{"rendered":"Cr\u00e9ez le v\u00f4tre \u2013 Kit Standard Flare"},"content":{"rendered":"<p data-start=\"55\" data-end=\"133\"><strong data-start=\"55\" data-end=\"131\">TIRE FLARES \u2013 Graphismes de pneus personnalis\u00e9s maintenant disponibles !<\/strong><\/p>\n<p data-start=\"135\" data-end=\"460\">Ajoutez un look unique \u00e0 votre v\u00e9hicule avec ces graphismes de pneus personnalis\u00e9s \u00ab\u00a0tire flare\u00a0\u00bb. Personnalisez le texte en haut et en bas pour cr\u00e9er un design roulant ultime \u2013 doublez l\u2019espace et le nombre de caract\u00e8res ! Chaque phrase peut contenir jusqu\u2019\u00e0 12 caract\u00e8res et chaque kit comprend <strong data-start=\"432\" data-end=\"444\">8 flares<\/strong> (2 par pneu).<\/p>\n<p data-start=\"462\" data-end=\"485\"><strong data-start=\"462\" data-end=\"483\">Ce kit comprend :<\/strong><\/p>\n<ul data-start=\"486\" data-end=\"596\">\n<li data-start=\"486\" data-end=\"503\">\n<p data-start=\"488\" data-end=\"503\">8 Tire Flares<\/p>\n<\/li>\n<li data-start=\"504\" data-end=\"549\">\n<p data-start=\"506\" data-end=\"549\">8 phrases (12 caract\u00e8res maximum chacune)<\/p>\n<\/li>\n<li data-start=\"550\" data-end=\"574\">\n<p data-start=\"552\" data-end=\"574\">Guide d\u2019instructions<\/p>\n<\/li>\n<li data-start=\"575\" data-end=\"596\">\n<p data-start=\"577\" data-end=\"596\">Adhesif fleXement<\/p>\n<\/li>\n<\/ul>\n<p data-start=\"598\" data-end=\"742\">Veuillez s\u00e9lectionner le type d\u2019autocollant pour pneu que vous souhaitez acheter, la taille de la roue, la hauteur des lettres et la quantit\u00e9.<\/p>\n<p data-start=\"744\" data-end=\"975\">En commandant sur cette page, vous certifiez avoir les droits d\u2019utilisation pour tout logo, mot ou design demand\u00e9. Vous acceptez la responsabilit\u00e9 et d\u00e9gagez Tire Stickers LLC de toute r\u00e9clamation pouvant d\u00e9couler de la commande.<\/p>\n<p data-start=\"977\" data-end=\"1005\"><strong data-start=\"977\" data-end=\"1003\">GUIDES D\u2019APPLICATION :<\/strong><\/p>\n<ul data-start=\"1006\" data-end=\"1107\">\n<li data-start=\"1006\" data-end=\"1061\">\n<p data-start=\"1008\" data-end=\"1061\">Semi-permanent : Guide d\u2019application Peel and Stick<\/p>\n<\/li>\n<li data-start=\"1062\" data-end=\"1107\">\n<p data-start=\"1064\" data-end=\"1107\">Permanent : Guide d\u2019application Permanent<\/p>\n<\/li>\n<\/ul>\n<p data-start=\"1109\" data-end=\"1422\"><strong data-start=\"1109\" data-end=\"1160\">Directives g\u00e9n\u00e9rales pour la taille des pneus :<\/strong><br data-start=\"1160\" data-end=\"1163\" \/>Utilisez le tableau ci-dessous pour choisir la hauteur des lettres en fonction du ratio ou de la s\u00e9rie (g\u00e9n\u00e9ralement le chiffre du milieu de la sp\u00e9cification du pneu). Notez que certains pneus peuvent avoir un ratio unique. En cas de doute, contactez-nous !<\/p>\n<div class=\"TyagGW_tableContainer\">\n<div class=\"group TyagGW_tableWrapper flex flex-col-reverse w-fit\" tabindex=\"-1\">\n<table class=\"w-fit min-w-(--thread-content-width)\" data-start=\"1424\" data-end=\"1924\">\n<thead data-start=\"1424\" data-end=\"1474\">\n<tr data-start=\"1424\" data-end=\"1474\">\n<th data-start=\"1424\" data-end=\"1440\" data-col-size=\"sm\">S\u00e9rie de pneu<\/th>\n<th data-start=\"1440\" data-end=\"1474\" data-col-size=\"sm\">Hauteur maximale recommand\u00e9e<\/th>\n<\/tr>\n<\/thead>\n<tbody data-start=\"1525\" data-end=\"1924\">\n<tr data-start=\"1525\" data-end=\"1574\">\n<td data-start=\"1525\" data-end=\"1541\" data-col-size=\"sm\">20<\/td>\n<td data-start=\"1541\" data-end=\"1574\" data-col-size=\"sm\">0,5&Prime; \/ 1,27 cm \/ 12,7 mm<\/td>\n<\/tr>\n<tr data-start=\"1575\" data-end=\"1624\">\n<td data-start=\"1575\" data-end=\"1591\" data-col-size=\"sm\">25<\/td>\n<td data-start=\"1591\" data-end=\"1624\" data-col-size=\"sm\">0,75&Prime; \/ 1,905 cm \/ 19,05 mm<\/td>\n<\/tr>\n<tr data-start=\"1625\" data-end=\"1674\">\n<td data-start=\"1625\" data-end=\"1641\" data-col-size=\"sm\">30<\/td>\n<td data-start=\"1641\" data-end=\"1674\" data-col-size=\"sm\">1,0&Prime; \/ 2,54 cm \/ 25 mm<\/td>\n<\/tr>\n<tr data-start=\"1675\" data-end=\"1724\">\n<td data-start=\"1675\" data-end=\"1691\" data-col-size=\"sm\">35<\/td>\n<td data-start=\"1691\" data-end=\"1724\" data-col-size=\"sm\">1,25&Prime; \/ 3,175 cm \/ 31,75 mm<\/td>\n<\/tr>\n<tr data-start=\"1725\" data-end=\"1774\">\n<td data-start=\"1725\" data-end=\"1741\" data-col-size=\"sm\">40<\/td>\n<td data-start=\"1741\" data-end=\"1774\" data-col-size=\"sm\">1,25&Prime; \/ 3,175 cm \/ 31,75 mm<\/td>\n<\/tr>\n<tr data-start=\"1775\" data-end=\"1824\">\n<td data-start=\"1775\" data-end=\"1791\" data-col-size=\"sm\">45<\/td>\n<td data-start=\"1791\" data-end=\"1824\" data-col-size=\"sm\">1,5&Prime; \/ 3,81 cm \/ 38,1 mm<\/td>\n<\/tr>\n<tr data-start=\"1825\" data-end=\"1874\">\n<td data-start=\"1825\" data-end=\"1841\" data-col-size=\"sm\">50<\/td>\n<td data-start=\"1841\" data-end=\"1874\" data-col-size=\"sm\">1,75&Prime; \/ 4,44 cm \/ 44,45 mm<\/td>\n<\/tr>\n<tr data-start=\"1875\" data-end=\"1924\">\n<td data-start=\"1875\" data-end=\"1891\" data-col-size=\"sm\">55<\/td>\n<td data-start=\"1891\" data-end=\"1924\" data-col-size=\"sm\">2,0&Prime; \/ 5,08 cm \/ 50,8 mm<\/td>\n<\/tr>\n<\/tbody>\n<\/table>\n<\/div>\n<\/div>\n<p data-start=\"1926\" data-end=\"2000\"><strong data-start=\"1926\" data-end=\"1939\">Exemple :<\/strong><br data-start=\"1939\" data-end=\"1942\" \/>Taille du pneu : 245\/45\/R17 \u2013 Hauteur recommand\u00e9e : 1,5&Prime;<\/p>\n<p data-start=\"2002\" data-end=\"2181\">Ce kit peut \u00eatre combin\u00e9 avec d\u2019autres produits. Veuillez laisser une note lors de la commande. Pour des designs personnalis\u00e9s, retournez \u00e0 <strong data-start=\"2142\" data-end=\"2160\">Cr\u00e9er le v\u00f4tre<\/strong> ou contactez-nous.<\/p>\n","protected":false},"excerpt":{"rendered":"<p>TIRE FLARES \u2013 Graphismes de pneus personnalis\u00e9s maintenant disponibles ! Ajoutez un look unique \u00e0 votre v\u00e9hicule avec ces graphismes de pneus personnalis\u00e9s \u00ab\u00a0tire flare\u00a0\u00bb. Personnalisez le texte en haut et en bas pour cr\u00e9er un design roulant ultime \u2013 doublez l\u2019espace et le nombre de caract\u00e8res ! Chaque phrase peut contenir jusqu\u2019\u00e0 12 caract\u00e8res [&hellip;]<\/p>\n","protected":false},"featured_media":7379,"comment_status":"closed","ping_status":"closed","template":"","meta":[],"product_brand":[],"product_cat":[61],"product_tag":[],"class_list":{"0":"post-7377","1":"product","2":"type-product","3":"status-publish","4":"has-post-thumbnail","6":"product_cat-create-your-own","8":"first","9":"instock","10":"sale","11":"taxable","12":"shipping-taxable","13":"purchasable","14":"product-type-variable"},"_links":{"self":[{"href":"https:\/\/unruffled-ardinghelli.108-175-3-191.plesk.page\/fr\/wp-json\/wp\/v2\/product\/7377","targetHints":{"allow":["GET"]}}],"collection":[{"href":"https:\/\/unruffled-ardinghelli.108-175-3-191.plesk.page\/fr\/wp-json\/wp\/v2\/product"}],"about":[{"href":"https:\/\/unruffled-ardinghelli.108-175-3-191.plesk.page\/fr\/wp-json\/wp\/v2\/types\/product"}],"replies":[{"embeddable":true,"href":"https:\/\/unruffled-ardinghelli.108-175-3-191.plesk.page\/fr\/wp-json\/wp\/v2\/comments?post=7377"}],"wp:featuredmedia":[{"embeddable":true,"href":"https:\/\/unruffled-ardinghelli.108-175-3-191.plesk.page\/fr\/wp-json\/wp\/v2\/media\/7379"}],"wp:attachment":[{"href":"https:\/\/unruffled-ardinghelli.108-175-3-191.plesk.page\/fr\/wp-json\/wp\/v2\/media?parent=7377"}],"wp:term":[{"taxonomy":"product_brand","embeddable":true,"href":"https:\/\/unruffled-ardinghelli.108-175-3-191.plesk.page\/fr\/wp-json\/wp\/v2\/product_brand?post=7377"},{"taxonomy":"product_cat","embeddable":true,"href":"https:\/\/unruffled-ardinghelli.108-175-3-191.plesk.page\/fr\/wp-json\/wp\/v2\/product_cat?post=7377"},{"taxonomy":"product_tag","embeddable":true,"href":"https:\/\/unruffled-ardinghelli.108-175-3-191.plesk.page\/fr\/wp-json\/wp\/v2\/product_tag?post=7377"}],"curies":[{"name":"wp","href":"https:\/\/api.w.org\/{rel}","templated":true}]}}