{"id":7354,"date":"2025-11-16T03:38:47","date_gmt":"2025-11-16T03:38:47","guid":{"rendered":"https:\/\/unruffled-ardinghelli.108-175-3-191.plesk.page\/product\/nitto-nt555\/"},"modified":"2026-01-22T03:02:32","modified_gmt":"2026-01-22T03:02:32","slug":"nitto-nt555","status":"publish","type":"product","link":"https:\/\/unruffled-ardinghelli.108-175-3-191.plesk.page\/fr\/produit\/nitto-nt555\/","title":{"rendered":"NITTO NT555"},"content":{"rendered":"<p data-start=\"95\" data-end=\"151\"><strong data-start=\"95\" data-end=\"149\">Lettrage Nitto NT555 \u2013 Disponible d\u00e8s maintenant !<\/strong><\/p>\n<p data-start=\"153\" data-end=\"371\">Disponible en styles <strong data-start=\"174\" data-end=\"190\">Peel &amp; Stick<\/strong> ou <strong data-start=\"194\" data-end=\"240\">lettres en caoutchouc sur\u00e9lev\u00e9 permanentes<\/strong>, ce kit comprend <strong data-start=\"258\" data-end=\"271\">(4) NITTO<\/strong> et <strong data-start=\"275\" data-end=\"288\">(4) NT555<\/strong> ! Pour des designs personnalis\u00e9s, veuillez revenir \u00e0 <strong data-start=\"342\" data-end=\"368\">Cr\u00e9er Votre Propre Kit<\/strong>.<\/p>\n<p data-start=\"373\" data-end=\"516\">Veuillez s\u00e9lectionner le type d\u2019autocollant pour pneu que vous souhaitez acheter, la taille des roues, la hauteur des lettres et la quantit\u00e9.<\/p>\n<p data-start=\"518\" data-end=\"546\"><strong data-start=\"518\" data-end=\"544\">GUIDES D\u2019APPLICATION :<\/strong><\/p>\n<ul data-start=\"547\" data-end=\"646\">\n<li data-start=\"547\" data-end=\"600\">\n<p data-start=\"549\" data-end=\"600\">Semi-permanent : Guide d\u2019application Peel &amp; Stick<\/p>\n<\/li>\n<li data-start=\"601\" data-end=\"646\">\n<p data-start=\"603\" data-end=\"646\">Permanent : Guide d\u2019application Permanent<\/p>\n<\/li>\n<\/ul>\n<p data-start=\"648\" data-end=\"1020\"><strong data-start=\"648\" data-end=\"694\">Guide g\u00e9n\u00e9ral de dimensionnement des pneus<\/strong> \u2013 Utilisez le tableau ci-dessous pour vous aider \u00e0 choisir. Identifiez le rapport d\u2019aspect ou la s\u00e9rie (g\u00e9n\u00e9ralement le chiffre du milieu dans la r\u00e9f\u00e9rence du pneu) et reportez-vous au tableau. Remarque : certains pneus peuvent avoir un rapport d\u2019aspect unique en dehors de ces directives ; en cas de doute, contactez-nous.<\/p>\n<div class=\"TyagGW_tableContainer\">\n<div class=\"group TyagGW_tableWrapper flex flex-col-reverse w-fit\" tabindex=\"-1\">\n<table class=\"w-fit min-w-(--thread-content-width)\" data-start=\"1022\" data-end=\"1776\">\n<thead data-start=\"1022\" data-end=\"1099\">\n<tr data-start=\"1022\" data-end=\"1099\">\n<th data-start=\"1022\" data-end=\"1055\" data-col-size=\"sm\">Sp\u00e9cification de S\u00e9rie de Pneu<\/th>\n<th data-start=\"1055\" data-end=\"1099\" data-col-size=\"sm\">Hauteur maximale recommand\u00e9e des lettres<\/th>\n<\/tr>\n<\/thead>\n<tbody data-start=\"1176\" data-end=\"1776\">\n<tr data-start=\"1176\" data-end=\"1250\">\n<td data-start=\"1176\" data-end=\"1209\" data-col-size=\"sm\">20<\/td>\n<td data-start=\"1209\" data-end=\"1250\" data-col-size=\"sm\">0,5&Prime; \/ 1,27 cm \/ 12,7 mm<\/td>\n<\/tr>\n<tr data-start=\"1251\" data-end=\"1325\">\n<td data-start=\"1251\" data-end=\"1284\" data-col-size=\"sm\">25<\/td>\n<td data-start=\"1284\" data-end=\"1325\" data-col-size=\"sm\">0,75&Prime; \/ 1,905 cm \/ 19,05 mm<\/td>\n<\/tr>\n<tr data-start=\"1326\" data-end=\"1401\">\n<td data-start=\"1326\" data-end=\"1359\" data-col-size=\"sm\">30<\/td>\n<td data-start=\"1359\" data-end=\"1401\" data-col-size=\"sm\">1,0&Prime; \/ 2,54 cm \/ 25 mm<\/td>\n<\/tr>\n<tr data-start=\"1402\" data-end=\"1476\">\n<td data-start=\"1402\" data-end=\"1435\" data-col-size=\"sm\">35<\/td>\n<td data-start=\"1435\" data-end=\"1476\" data-col-size=\"sm\">1,25&Prime; \/ 3,175 cm \/ 31,75 mm<\/td>\n<\/tr>\n<tr data-start=\"1477\" data-end=\"1551\">\n<td data-start=\"1477\" data-end=\"1510\" data-col-size=\"sm\">40<\/td>\n<td data-start=\"1510\" data-end=\"1551\" data-col-size=\"sm\">1,25&Prime; \/ 3,175 cm \/ 31,75 mm<\/td>\n<\/tr>\n<tr data-start=\"1552\" data-end=\"1626\">\n<td data-start=\"1552\" data-end=\"1585\" data-col-size=\"sm\">45<\/td>\n<td data-col-size=\"sm\" data-start=\"1585\" data-end=\"1626\">1,5&Prime; \/ 3,81 cm \/ 38,1 mm<\/td>\n<\/tr>\n<tr data-start=\"1627\" data-end=\"1701\">\n<td data-start=\"1627\" data-end=\"1660\" data-col-size=\"sm\">50<\/td>\n<td data-col-size=\"sm\" data-start=\"1660\" data-end=\"1701\">1,75&Prime; \/ 4,44 cm \/ 44,45 mm<\/td>\n<\/tr>\n<tr data-start=\"1702\" data-end=\"1776\">\n<td data-start=\"1702\" data-end=\"1735\" data-col-size=\"sm\">55<\/td>\n<td data-col-size=\"sm\" data-start=\"1735\" data-end=\"1776\">2,0&Prime; \/ 5,08 cm \/ 50,8 mm<\/td>\n<\/tr>\n<\/tbody>\n<\/table>\n<\/div>\n<\/div>\n<p data-start=\"1778\" data-end=\"1852\"><strong data-start=\"1778\" data-end=\"1791\">Exemple :<\/strong><br data-start=\"1791\" data-end=\"1794\" \/>Taille du pneu : 245\/45\/R17 \u2013 Hauteur recommand\u00e9e : 1,5&Prime;<\/p>\n","protected":false},"excerpt":{"rendered":"<p>Lettrage Nitto NT555 \u2013 Disponible d\u00e8s maintenant ! Disponible en styles Peel &amp; Stick ou lettres en caoutchouc sur\u00e9lev\u00e9 permanentes, ce kit comprend (4) NITTO et (4) NT555 ! Pour des designs personnalis\u00e9s, veuillez revenir \u00e0 Cr\u00e9er Votre Propre Kit. Veuillez s\u00e9lectionner le type d\u2019autocollant pour pneu que vous souhaitez acheter, la taille des roues, [&hellip;]<\/p>\n","protected":false},"featured_media":7356,"comment_status":"open","ping_status":"closed","template":"","meta":[],"product_brand":[39],"product_cat":[59],"product_tag":[],"class_list":{"0":"post-7354","1":"product","2":"type-product","3":"status-publish","4":"has-post-thumbnail","6":"product_brand-nitto","7":"product_cat-tire-lettering","9":"first","10":"instock","11":"sale","12":"taxable","13":"shipping-taxable","14":"purchasable","15":"product-type-variable"},"_links":{"self":[{"href":"https:\/\/unruffled-ardinghelli.108-175-3-191.plesk.page\/fr\/wp-json\/wp\/v2\/product\/7354","targetHints":{"allow":["GET"]}}],"collection":[{"href":"https:\/\/unruffled-ardinghelli.108-175-3-191.plesk.page\/fr\/wp-json\/wp\/v2\/product"}],"about":[{"href":"https:\/\/unruffled-ardinghelli.108-175-3-191.plesk.page\/fr\/wp-json\/wp\/v2\/types\/product"}],"replies":[{"embeddable":true,"href":"https:\/\/unruffled-ardinghelli.108-175-3-191.plesk.page\/fr\/wp-json\/wp\/v2\/comments?post=7354"}],"wp:featuredmedia":[{"embeddable":true,"href":"https:\/\/unruffled-ardinghelli.108-175-3-191.plesk.page\/fr\/wp-json\/wp\/v2\/media\/7356"}],"wp:attachment":[{"href":"https:\/\/unruffled-ardinghelli.108-175-3-191.plesk.page\/fr\/wp-json\/wp\/v2\/media?parent=7354"}],"wp:term":[{"taxonomy":"product_brand","embeddable":true,"href":"https:\/\/unruffled-ardinghelli.108-175-3-191.plesk.page\/fr\/wp-json\/wp\/v2\/product_brand?post=7354"},{"taxonomy":"product_cat","embeddable":true,"href":"https:\/\/unruffled-ardinghelli.108-175-3-191.plesk.page\/fr\/wp-json\/wp\/v2\/product_cat?post=7354"},{"taxonomy":"product_tag","embeddable":true,"href":"https:\/\/unruffled-ardinghelli.108-175-3-191.plesk.page\/fr\/wp-json\/wp\/v2\/product_tag?post=7354"}],"curies":[{"name":"wp","href":"https:\/\/api.w.org\/{rel}","templated":true}]}}