{"id":7313,"date":"2025-11-16T03:39:05","date_gmt":"2025-11-16T03:39:05","guid":{"rendered":"https:\/\/unruffled-ardinghelli.108-175-3-191.plesk.page\/product\/colored-line-walls\/"},"modified":"2026-01-22T03:01:45","modified_gmt":"2026-01-22T03:01:45","slug":"lignes-colorees-sur-flanc","status":"publish","type":"product","link":"https:\/\/unruffled-ardinghelli.108-175-3-191.plesk.page\/fr\/produit\/lignes-colorees-sur-flanc\/","title":{"rendered":"Lignes Color\u00e9es sur Flanc"},"content":{"rendered":"<p data-start=\"87\" data-end=\"165\"><strong data-start=\"87\" data-end=\"163\">Flancs Blancs Apr\u00e8s-March\u00e9 pour Tous Pneus \u2013 Disponible d\u00e8s maintenant !<\/strong><\/p>\n<p data-start=\"167\" data-end=\"519\">Cr\u00e9ez un flanc blanc sur tout type de pneu avec ce kit Tire Stickers White Wall. Chaque kit comprend 4 bandes pouvant \u00eatre personnalis\u00e9es en hauteur pour cr\u00e9er une ligne blanche \u00e9paisse ou fine sur le pneu. Ce kit est compatible avec les voitures, motos, v\u00e9los, VTT et plus encore. Des flancs blancs de couleur sont \u00e9galement disponibles sur demande.<\/p>\n<p data-start=\"521\" data-end=\"544\"><strong data-start=\"521\" data-end=\"542\">Ce kit comprend :<\/strong><\/p>\n<ul data-start=\"545\" data-end=\"652\">\n<li data-start=\"545\" data-end=\"571\">\n<p data-start=\"547\" data-end=\"571\">16 bandes \u2013 4 par pneu<\/p>\n<\/li>\n<li data-start=\"572\" data-end=\"596\">\n<p data-start=\"574\" data-end=\"596\">Guide d\u2019installation<\/p>\n<\/li>\n<li data-start=\"597\" data-end=\"652\">\n<p data-start=\"599\" data-end=\"652\">Adh\u00e9sif fleXement (si version permanente command\u00e9e)<\/p>\n<\/li>\n<\/ul>\n<p data-start=\"654\" data-end=\"798\">Veuillez s\u00e9lectionner le type d\u2019autocollant pour pneu que vous souhaitez acheter, la taille des roues et l\u2019\u00e9paisseur du flanc blanc (hauteur).<\/p>\n<p data-start=\"800\" data-end=\"828\"><strong data-start=\"800\" data-end=\"826\">GUIDES D\u2019APPLICATION :<\/strong><\/p>\n<ul data-start=\"829\" data-end=\"928\">\n<li data-start=\"829\" data-end=\"882\">\n<p data-start=\"831\" data-end=\"882\">Semi-permanent : Guide d\u2019application Peel &amp; Stick<\/p>\n<\/li>\n<li data-start=\"883\" data-end=\"928\">\n<p data-start=\"885\" data-end=\"928\">Permanent : Guide d\u2019application Permanent<\/p>\n<\/li>\n<\/ul>\n<p data-start=\"930\" data-end=\"1123\">Ce kit peut \u00eatre combin\u00e9 avec d\u2019autres produits, merci de laisser une note lors du passage de commande. Pour des designs personnalis\u00e9s, revenez \u00e0 <strong data-start=\"1076\" data-end=\"1102\">Cr\u00e9er Votre Propre Kit<\/strong> ou contactez-nous.<\/p>\n","protected":false},"excerpt":{"rendered":"<p>Flancs Blancs Apr\u00e8s-March\u00e9 pour Tous Pneus \u2013 Disponible d\u00e8s maintenant ! Cr\u00e9ez un flanc blanc sur tout type de pneu avec ce kit Tire Stickers White Wall. Chaque kit comprend 4 bandes pouvant \u00eatre personnalis\u00e9es en hauteur pour cr\u00e9er une ligne blanche \u00e9paisse ou fine sur le pneu. Ce kit est compatible avec les voitures, [&hellip;]<\/p>\n","protected":false},"featured_media":7314,"comment_status":"open","ping_status":"closed","template":"","meta":[],"product_brand":[],"product_cat":[65],"product_tag":[],"class_list":{"0":"post-7313","1":"product","2":"type-product","3":"status-publish","4":"has-post-thumbnail","6":"product_cat-any-colored-line-walls","8":"first","9":"instock","10":"sale","11":"taxable","12":"shipping-taxable","13":"purchasable","14":"product-type-variable"},"_links":{"self":[{"href":"https:\/\/unruffled-ardinghelli.108-175-3-191.plesk.page\/fr\/wp-json\/wp\/v2\/product\/7313","targetHints":{"allow":["GET"]}}],"collection":[{"href":"https:\/\/unruffled-ardinghelli.108-175-3-191.plesk.page\/fr\/wp-json\/wp\/v2\/product"}],"about":[{"href":"https:\/\/unruffled-ardinghelli.108-175-3-191.plesk.page\/fr\/wp-json\/wp\/v2\/types\/product"}],"replies":[{"embeddable":true,"href":"https:\/\/unruffled-ardinghelli.108-175-3-191.plesk.page\/fr\/wp-json\/wp\/v2\/comments?post=7313"}],"wp:featuredmedia":[{"embeddable":true,"href":"https:\/\/unruffled-ardinghelli.108-175-3-191.plesk.page\/fr\/wp-json\/wp\/v2\/media\/7314"}],"wp:attachment":[{"href":"https:\/\/unruffled-ardinghelli.108-175-3-191.plesk.page\/fr\/wp-json\/wp\/v2\/media?parent=7313"}],"wp:term":[{"taxonomy":"product_brand","embeddable":true,"href":"https:\/\/unruffled-ardinghelli.108-175-3-191.plesk.page\/fr\/wp-json\/wp\/v2\/product_brand?post=7313"},{"taxonomy":"product_cat","embeddable":true,"href":"https:\/\/unruffled-ardinghelli.108-175-3-191.plesk.page\/fr\/wp-json\/wp\/v2\/product_cat?post=7313"},{"taxonomy":"product_tag","embeddable":true,"href":"https:\/\/unruffled-ardinghelli.108-175-3-191.plesk.page\/fr\/wp-json\/wp\/v2\/product_tag?post=7313"}],"curies":[{"name":"wp","href":"https:\/\/api.w.org\/{rel}","templated":true}]}}