{"id":7264,"date":"2025-11-16T03:39:05","date_gmt":"2025-11-16T03:39:05","guid":{"rendered":"https:\/\/unruffled-ardinghelli.108-175-3-191.plesk.page\/product\/gold-stripe-kit-tire-add-on\/"},"modified":"2026-01-22T03:00:01","modified_gmt":"2026-01-22T03:00:01","slug":"kit-bande-doree-accessoire-pour-pneus","status":"publish","type":"product","link":"https:\/\/unruffled-ardinghelli.108-175-3-191.plesk.page\/fr\/produit\/kit-bande-doree-accessoire-pour-pneus\/","title":{"rendered":"Kit Bande Dor\u00e9e \u2013 Accessoire pour Pneus"},"content":{"rendered":"<p data-start=\"50\" data-end=\"142\"><strong data-start=\"50\" data-end=\"140\">Kit de Bande Dor\u00e9e Apr\u00e8s-March\u00e9 pour Pneus de Toutes Tailles \u2013 Maintenant Disponible !<\/strong><\/p>\n<p data-start=\"144\" data-end=\"743\">Cr\u00e9ez facilement une bande dor\u00e9e sur n\u2019importe quel pneu avec Tire Stickers. Vu sur des Cadillacs et des voitures similaires, la ligne dor\u00e9e sur le pneu est un look classique tr\u00e8s recherch\u00e9, mais souvent introuvable pour la taille de pneu souhait\u00e9e. Il est d\u00e9sormais possible d\u2019appliquer ce style sur n\u2019importe quel v\u00e9hicule sans acheter de pneus neufs ni sacrifier la performance si une marque sp\u00e9cifique de pneu est utilis\u00e9e. Ces bandes jaunes peuvent \u00e9galement \u00eatre combin\u00e9es avec un flanc blanc pour recr\u00e9er un autre style populaire. Nous recommandons de placer la ligne pr\u00e8s du talon du pneu.<\/p>\n<p data-start=\"745\" data-end=\"1094\">Chaque kit comprend 4 bandes qui peuvent \u00eatre personnalis\u00e9es en hauteur pour cr\u00e9er une ligne dor\u00e9e \u00e9paisse ou fine sur le pneu. Ce kit de ligne dor\u00e9e est disponible pour voitures, motos, v\u00e9los, VTT et plus encore. Des tailles personnalis\u00e9es sont \u00e9galement possibles, merci d\u2019indiquer vos mesures exactes dans la case \u00ab NOTES \u00bb lors de la commande.<\/p>\n<p data-start=\"1096\" data-end=\"1119\"><strong data-start=\"1096\" data-end=\"1117\">Ce kit comprend :<\/strong><\/p>\n<ul data-start=\"1120\" data-end=\"1224\">\n<li data-start=\"1120\" data-end=\"1146\">\n<p data-start=\"1122\" data-end=\"1146\">16 bandes \u2013 4 par pneu<\/p>\n<\/li>\n<li data-start=\"1147\" data-end=\"1171\">\n<p data-start=\"1149\" data-end=\"1171\">Guide d\u2019Installation<\/p>\n<\/li>\n<li data-start=\"1172\" data-end=\"1224\">\n<p data-start=\"1174\" data-end=\"1224\">Adhesif fleXement (si option Permanente choisie)<\/p>\n<\/li>\n<\/ul>\n<p data-start=\"1226\" data-end=\"1368\">Veuillez s\u00e9lectionner le type de sticker pour pneu que vous souhaitez acheter, la taille de la roue et l\u2019\u00e9paisseur du flanc blanc (hauteur).<\/p>\n<p data-start=\"1370\" data-end=\"1398\"><strong data-start=\"1370\" data-end=\"1396\">GUIDES D\u2019APPLICATION :<\/strong><\/p>\n<ul data-start=\"1399\" data-end=\"1498\">\n<li data-start=\"1399\" data-end=\"1452\">\n<p data-start=\"1401\" data-end=\"1452\">Semi-Permanent : Guide d\u2019Application Peel &amp; Stick<\/p>\n<\/li>\n<li data-start=\"1453\" data-end=\"1498\">\n<p data-start=\"1455\" data-end=\"1498\">Permanent : Guide d\u2019Application Permanent<\/p>\n<\/li>\n<\/ul>\n<p data-start=\"1500\" data-end=\"1698\">Ce kit peut \u00eatre combin\u00e9 avec d\u2019autres produits, merci de laisser une note lors du passage en caisse. Pour des designs personnalis\u00e9s, veuillez retourner \u00e0 \u00ab Cr\u00e9ez Votre Propre \u00bb ou nous contacter.<\/p>\n","protected":false},"excerpt":{"rendered":"<p>Kit de Bande Dor\u00e9e Apr\u00e8s-March\u00e9 pour Pneus de Toutes Tailles \u2013 Maintenant Disponible ! Cr\u00e9ez facilement une bande dor\u00e9e sur n\u2019importe quel pneu avec Tire Stickers. Vu sur des Cadillacs et des voitures similaires, la ligne dor\u00e9e sur le pneu est un look classique tr\u00e8s recherch\u00e9, mais souvent introuvable pour la taille de pneu souhait\u00e9e. [&hellip;]<\/p>\n","protected":false},"featured_media":7266,"comment_status":"open","ping_status":"closed","template":"","meta":[],"product_brand":[],"product_cat":[65],"product_tag":[],"class_list":{"0":"post-7264","1":"product","2":"type-product","3":"status-publish","4":"has-post-thumbnail","6":"product_cat-any-colored-line-walls","8":"first","9":"instock","10":"sale","11":"taxable","12":"shipping-taxable","13":"purchasable","14":"product-type-variable"},"_links":{"self":[{"href":"https:\/\/unruffled-ardinghelli.108-175-3-191.plesk.page\/fr\/wp-json\/wp\/v2\/product\/7264","targetHints":{"allow":["GET"]}}],"collection":[{"href":"https:\/\/unruffled-ardinghelli.108-175-3-191.plesk.page\/fr\/wp-json\/wp\/v2\/product"}],"about":[{"href":"https:\/\/unruffled-ardinghelli.108-175-3-191.plesk.page\/fr\/wp-json\/wp\/v2\/types\/product"}],"replies":[{"embeddable":true,"href":"https:\/\/unruffled-ardinghelli.108-175-3-191.plesk.page\/fr\/wp-json\/wp\/v2\/comments?post=7264"}],"wp:featuredmedia":[{"embeddable":true,"href":"https:\/\/unruffled-ardinghelli.108-175-3-191.plesk.page\/fr\/wp-json\/wp\/v2\/media\/7266"}],"wp:attachment":[{"href":"https:\/\/unruffled-ardinghelli.108-175-3-191.plesk.page\/fr\/wp-json\/wp\/v2\/media?parent=7264"}],"wp:term":[{"taxonomy":"product_brand","embeddable":true,"href":"https:\/\/unruffled-ardinghelli.108-175-3-191.plesk.page\/fr\/wp-json\/wp\/v2\/product_brand?post=7264"},{"taxonomy":"product_cat","embeddable":true,"href":"https:\/\/unruffled-ardinghelli.108-175-3-191.plesk.page\/fr\/wp-json\/wp\/v2\/product_cat?post=7264"},{"taxonomy":"product_tag","embeddable":true,"href":"https:\/\/unruffled-ardinghelli.108-175-3-191.plesk.page\/fr\/wp-json\/wp\/v2\/product_tag?post=7264"}],"curies":[{"name":"wp","href":"https:\/\/api.w.org\/{rel}","templated":true}]}}