{"id":7246,"date":"2025-11-16T03:39:05","date_gmt":"2025-11-16T03:39:05","guid":{"rendered":"https:\/\/unruffled-ardinghelli.108-175-3-191.plesk.page\/product\/nitto-motivo\/"},"modified":"2026-01-22T02:58:43","modified_gmt":"2026-01-22T02:58:43","slug":"nitto-motivo","status":"publish","type":"product","link":"https:\/\/unruffled-ardinghelli.108-175-3-191.plesk.page\/fr\/produit\/nitto-motivo\/","title":{"rendered":"Nitto Motivo"},"content":{"rendered":"<p data-start=\"88\" data-end=\"126\"><strong data-start=\"88\" data-end=\"124\">Nitto Motivo \u2013 Lettrage de Pneus<\/strong><\/p>\n<p data-start=\"128\" data-end=\"359\">Ce kit comprend <strong data-start=\"144\" data-end=\"197\">4 autocollants \u00ab\u00a0Nitto\u00a0\u00bb et 4 autocollants \u00ab\u00a0Motivo\u00a0\u00bb<\/strong>. Disponible en <strong data-start=\"213\" data-end=\"229\">Peel &amp; Stick<\/strong> (auto-collant) ou en <strong data-start=\"251\" data-end=\"284\">caoutchouc sur\u00e9lev\u00e9 permanent<\/strong>. Choisissez blanc ou toute autre couleur disponible dans notre boutique.<\/p>\n<p data-start=\"361\" data-end=\"433\">Pour des designs personnalis\u00e9s, veuillez revenir \u00e0 <strong data-start=\"412\" data-end=\"430\">Cr\u00e9er le v\u00f4tre<\/strong>.<\/p>\n<p data-start=\"435\" data-end=\"463\"><strong data-start=\"435\" data-end=\"461\">GUIDES D\u2019APPLICATION :<\/strong><\/p>\n<ul data-start=\"464\" data-end=\"563\">\n<li data-start=\"464\" data-end=\"517\">\n<p data-start=\"466\" data-end=\"517\">Semi-permanent : Guide d\u2019application Peel &amp; Stick<\/p>\n<\/li>\n<li data-start=\"518\" data-end=\"563\">\n<p data-start=\"520\" data-end=\"563\">Permanent : Guide d\u2019application Permanent<\/p>\n<\/li>\n<\/ul>\n<p data-start=\"565\" data-end=\"906\"><strong data-start=\"565\" data-end=\"607\">Guide des tailles g\u00e9n\u00e9riques des pneus<\/strong> \u2013 Utilisez le tableau ci-dessous pour vous aider \u00e0 choisir. Identifiez le ratio d\u2019aspect ou la s\u00e9rie (g\u00e9n\u00e9ralement le chiffre du milieu de la sp\u00e9cification du pneu) et associez-le au tableau. Note : certains pneus peuvent avoir un ratio d\u2019aspect unique. En cas de doute, contactez-nous par email.<\/p>\n<div class=\"TyagGW_tableContainer\">\n<div class=\"group TyagGW_tableWrapper flex flex-col-reverse w-fit\" tabindex=\"-1\">\n<table class=\"w-fit min-w-(--thread-content-width)\" data-start=\"908\" data-end=\"1388\">\n<thead data-start=\"908\" data-end=\"956\">\n<tr data-start=\"908\" data-end=\"956\">\n<th data-start=\"908\" data-end=\"924\" data-col-size=\"sm\">S\u00e9rie de pneu<\/th>\n<th data-start=\"924\" data-end=\"956\" data-col-size=\"sm\">Hauteur maximale recommand\u00e9e<\/th>\n<\/tr>\n<\/thead>\n<tbody data-start=\"1005\" data-end=\"1388\">\n<tr data-start=\"1005\" data-end=\"1052\">\n<td data-start=\"1005\" data-end=\"1021\" data-col-size=\"sm\">20<\/td>\n<td data-start=\"1021\" data-end=\"1052\" data-col-size=\"sm\">0,5&Prime; \/ 1,27 cm \/ 12,7 mm<\/td>\n<\/tr>\n<tr data-start=\"1053\" data-end=\"1100\">\n<td data-start=\"1053\" data-end=\"1069\" data-col-size=\"sm\">25<\/td>\n<td data-start=\"1069\" data-end=\"1100\" data-col-size=\"sm\">0,75&Prime; \/ 1,905 cm \/ 19,05 mm<\/td>\n<\/tr>\n<tr data-start=\"1101\" data-end=\"1148\">\n<td data-start=\"1101\" data-end=\"1117\" data-col-size=\"sm\">30<\/td>\n<td data-col-size=\"sm\" data-start=\"1117\" data-end=\"1148\">1,0&Prime; \/ 2,54 cm \/ 25 mm<\/td>\n<\/tr>\n<tr data-start=\"1149\" data-end=\"1196\">\n<td data-start=\"1149\" data-end=\"1165\" data-col-size=\"sm\">35<\/td>\n<td data-start=\"1165\" data-end=\"1196\" data-col-size=\"sm\">1,25&Prime; \/ 3,175 cm \/ 31,75 mm<\/td>\n<\/tr>\n<tr data-start=\"1197\" data-end=\"1244\">\n<td data-start=\"1197\" data-end=\"1213\" data-col-size=\"sm\">40<\/td>\n<td data-start=\"1213\" data-end=\"1244\" data-col-size=\"sm\">1,25&Prime; \/ 3,175 cm \/ 31,75 mm<\/td>\n<\/tr>\n<tr data-start=\"1245\" data-end=\"1292\">\n<td data-start=\"1245\" data-end=\"1261\" data-col-size=\"sm\">45<\/td>\n<td data-start=\"1261\" data-end=\"1292\" data-col-size=\"sm\">1,5&Prime; \/ 3,81 cm \/ 38,1 mm<\/td>\n<\/tr>\n<tr data-start=\"1293\" data-end=\"1340\">\n<td data-start=\"1293\" data-end=\"1309\" data-col-size=\"sm\">50<\/td>\n<td data-start=\"1309\" data-end=\"1340\" data-col-size=\"sm\">1,75&Prime; \/ 4,44 cm \/ 44,45 mm<\/td>\n<\/tr>\n<tr data-start=\"1341\" data-end=\"1388\">\n<td data-start=\"1341\" data-end=\"1357\" data-col-size=\"sm\">55<\/td>\n<td data-col-size=\"sm\" data-start=\"1357\" data-end=\"1388\">2,0&Prime; \/ 5,08 cm \/ 50,8 mm<\/td>\n<\/tr>\n<\/tbody>\n<\/table>\n<\/div>\n<\/div>\n<p data-start=\"1390\" data-end=\"1464\"><strong data-start=\"1390\" data-end=\"1403\">Exemple :<\/strong><br data-start=\"1403\" data-end=\"1406\" \/>Taille du pneu : 245\/45\/R17 \u2013 Hauteur recommand\u00e9e : 1,5&Prime;<\/p>\n<p data-start=\"1466\" data-end=\"1553\">Pour plus d\u2019informations sur ce produit, voir le <strong data-start=\"1515\" data-end=\"1550\">Guide de S\u00e9lection des Produits<\/strong>.<\/p>\n","protected":false},"excerpt":{"rendered":"<p>Nitto Motivo \u2013 Lettrage de Pneus Ce kit comprend 4 autocollants \u00ab\u00a0Nitto\u00a0\u00bb et 4 autocollants \u00ab\u00a0Motivo\u00a0\u00bb. Disponible en Peel &amp; Stick (auto-collant) ou en caoutchouc sur\u00e9lev\u00e9 permanent. Choisissez blanc ou toute autre couleur disponible dans notre boutique. Pour des designs personnalis\u00e9s, veuillez revenir \u00e0 Cr\u00e9er le v\u00f4tre. GUIDES D\u2019APPLICATION : Semi-permanent : Guide d\u2019application Peel [&hellip;]<\/p>\n","protected":false},"featured_media":7248,"comment_status":"open","ping_status":"closed","template":"","meta":[],"product_brand":[39],"product_cat":[59],"product_tag":[],"class_list":{"0":"post-7246","1":"product","2":"type-product","3":"status-publish","4":"has-post-thumbnail","6":"product_brand-nitto","7":"product_cat-tire-lettering","9":"first","10":"instock","11":"sale","12":"taxable","13":"shipping-taxable","14":"purchasable","15":"product-type-variable"},"_links":{"self":[{"href":"https:\/\/unruffled-ardinghelli.108-175-3-191.plesk.page\/fr\/wp-json\/wp\/v2\/product\/7246","targetHints":{"allow":["GET"]}}],"collection":[{"href":"https:\/\/unruffled-ardinghelli.108-175-3-191.plesk.page\/fr\/wp-json\/wp\/v2\/product"}],"about":[{"href":"https:\/\/unruffled-ardinghelli.108-175-3-191.plesk.page\/fr\/wp-json\/wp\/v2\/types\/product"}],"replies":[{"embeddable":true,"href":"https:\/\/unruffled-ardinghelli.108-175-3-191.plesk.page\/fr\/wp-json\/wp\/v2\/comments?post=7246"}],"wp:featuredmedia":[{"embeddable":true,"href":"https:\/\/unruffled-ardinghelli.108-175-3-191.plesk.page\/fr\/wp-json\/wp\/v2\/media\/7248"}],"wp:attachment":[{"href":"https:\/\/unruffled-ardinghelli.108-175-3-191.plesk.page\/fr\/wp-json\/wp\/v2\/media?parent=7246"}],"wp:term":[{"taxonomy":"product_brand","embeddable":true,"href":"https:\/\/unruffled-ardinghelli.108-175-3-191.plesk.page\/fr\/wp-json\/wp\/v2\/product_brand?post=7246"},{"taxonomy":"product_cat","embeddable":true,"href":"https:\/\/unruffled-ardinghelli.108-175-3-191.plesk.page\/fr\/wp-json\/wp\/v2\/product_cat?post=7246"},{"taxonomy":"product_tag","embeddable":true,"href":"https:\/\/unruffled-ardinghelli.108-175-3-191.plesk.page\/fr\/wp-json\/wp\/v2\/product_tag?post=7246"}],"curies":[{"name":"wp","href":"https:\/\/api.w.org\/{rel}","templated":true}]}}