{"id":7228,"date":"2025-11-16T03:39:05","date_gmt":"2025-11-16T03:39:05","guid":{"rendered":"https:\/\/unruffled-ardinghelli.108-175-3-191.plesk.page\/product\/nitto-nt420\/"},"modified":"2026-01-22T02:58:00","modified_gmt":"2026-01-22T02:58:00","slug":"nitto-nt420","status":"publish","type":"product","link":"https:\/\/unruffled-ardinghelli.108-175-3-191.plesk.page\/fr\/produit\/nitto-nt420\/","title":{"rendered":"Nitto NT420"},"content":{"rendered":"<p data-start=\"74\" data-end=\"111\"><strong data-start=\"74\" data-end=\"109\">Nitto NT420 \u2013 Lettrage de Pneus<\/strong><\/p>\n<p data-start=\"113\" data-end=\"344\">Ce kit comprend <strong data-start=\"129\" data-end=\"182\">4 autocollants \u00ab\u00a0Nitto\u00a0\u00bb et 4 autocollants \u00ab\u00a0NT 420\u00a0\u00bb<\/strong>. Disponible en <strong data-start=\"198\" data-end=\"214\">Peel &amp; Stick<\/strong> (auto-collant) ou en <strong data-start=\"236\" data-end=\"269\">caoutchouc sur\u00e9lev\u00e9 permanent<\/strong>. Choisissez blanc ou toute autre couleur disponible dans notre boutique.<\/p>\n<p data-start=\"346\" data-end=\"418\">Pour des designs personnalis\u00e9s, veuillez revenir \u00e0 <strong data-start=\"397\" data-end=\"415\">Cr\u00e9er le v\u00f4tre<\/strong>.<\/p>\n<p data-start=\"420\" data-end=\"448\"><strong data-start=\"420\" data-end=\"446\">GUIDES D\u2019APPLICATION :<\/strong><\/p>\n<ul data-start=\"449\" data-end=\"548\">\n<li data-start=\"449\" data-end=\"502\">\n<p data-start=\"451\" data-end=\"502\">Semi-permanent : Guide d\u2019application Peel &amp; Stick<\/p>\n<\/li>\n<li data-start=\"503\" data-end=\"548\">\n<p data-start=\"505\" data-end=\"548\">Permanent : Guide d\u2019application Permanent<\/p>\n<\/li>\n<\/ul>\n<p data-start=\"550\" data-end=\"891\"><strong data-start=\"550\" data-end=\"592\">Guide des tailles g\u00e9n\u00e9riques des pneus<\/strong> \u2013 Utilisez le tableau ci-dessous pour vous aider \u00e0 choisir. Identifiez le ratio d\u2019aspect ou la s\u00e9rie (g\u00e9n\u00e9ralement le chiffre du milieu de la sp\u00e9cification du pneu) et associez-le au tableau. Note : certains pneus peuvent avoir un ratio d\u2019aspect unique. En cas de doute, contactez-nous par email.<\/p>\n<div class=\"TyagGW_tableContainer\">\n<div class=\"group TyagGW_tableWrapper flex flex-col-reverse w-fit\" tabindex=\"-1\">\n<table class=\"w-fit min-w-(--thread-content-width)\" data-start=\"893\" data-end=\"1373\">\n<thead data-start=\"893\" data-end=\"941\">\n<tr data-start=\"893\" data-end=\"941\">\n<th data-start=\"893\" data-end=\"909\" data-col-size=\"sm\">S\u00e9rie de pneu<\/th>\n<th data-start=\"909\" data-end=\"941\" data-col-size=\"sm\">Hauteur maximale recommand\u00e9e<\/th>\n<\/tr>\n<\/thead>\n<tbody data-start=\"990\" data-end=\"1373\">\n<tr data-start=\"990\" data-end=\"1037\">\n<td data-start=\"990\" data-end=\"1006\" data-col-size=\"sm\">20<\/td>\n<td data-start=\"1006\" data-end=\"1037\" data-col-size=\"sm\">0,5&Prime; \/ 1,27 cm \/ 12,7 mm<\/td>\n<\/tr>\n<tr data-start=\"1038\" data-end=\"1085\">\n<td data-start=\"1038\" data-end=\"1054\" data-col-size=\"sm\">25<\/td>\n<td data-start=\"1054\" data-end=\"1085\" data-col-size=\"sm\">0,75&Prime; \/ 1,905 cm \/ 19,05 mm<\/td>\n<\/tr>\n<tr data-start=\"1086\" data-end=\"1133\">\n<td data-start=\"1086\" data-end=\"1102\" data-col-size=\"sm\">30<\/td>\n<td data-start=\"1102\" data-end=\"1133\" data-col-size=\"sm\">1,0&Prime; \/ 2,54 cm \/ 25 mm<\/td>\n<\/tr>\n<tr data-start=\"1134\" data-end=\"1181\">\n<td data-start=\"1134\" data-end=\"1150\" data-col-size=\"sm\">35<\/td>\n<td data-start=\"1150\" data-end=\"1181\" data-col-size=\"sm\">1,25&Prime; \/ 3,175 cm \/ 31,75 mm<\/td>\n<\/tr>\n<tr data-start=\"1182\" data-end=\"1229\">\n<td data-start=\"1182\" data-end=\"1198\" data-col-size=\"sm\">40<\/td>\n<td data-start=\"1198\" data-end=\"1229\" data-col-size=\"sm\">1,25&Prime; \/ 3,175 cm \/ 31,75 mm<\/td>\n<\/tr>\n<tr data-start=\"1230\" data-end=\"1277\">\n<td data-start=\"1230\" data-end=\"1246\" data-col-size=\"sm\">45<\/td>\n<td data-start=\"1246\" data-end=\"1277\" data-col-size=\"sm\">1,5&Prime; \/ 3,81 cm \/ 38,1 mm<\/td>\n<\/tr>\n<tr data-start=\"1278\" data-end=\"1325\">\n<td data-start=\"1278\" data-end=\"1294\" data-col-size=\"sm\">50<\/td>\n<td data-start=\"1294\" data-end=\"1325\" data-col-size=\"sm\">1,75&Prime; \/ 4,44 cm \/ 44,45 mm<\/td>\n<\/tr>\n<tr data-start=\"1326\" data-end=\"1373\">\n<td data-start=\"1326\" data-end=\"1342\" data-col-size=\"sm\">55<\/td>\n<td data-start=\"1342\" data-end=\"1373\" data-col-size=\"sm\">2,0&Prime; \/ 5,08 cm \/ 50,8 mm<\/td>\n<\/tr>\n<\/tbody>\n<\/table>\n<\/div>\n<\/div>\n<p data-start=\"1375\" data-end=\"1449\"><strong data-start=\"1375\" data-end=\"1388\">Exemple :<\/strong><br data-start=\"1388\" data-end=\"1391\" \/>Taille du pneu : 245\/45\/R17 \u2013 Hauteur recommand\u00e9e : 1,5&Prime;<\/p>\n","protected":false},"excerpt":{"rendered":"<p>Nitto NT420 \u2013 Lettrage de Pneus Ce kit comprend 4 autocollants \u00ab\u00a0Nitto\u00a0\u00bb et 4 autocollants \u00ab\u00a0NT 420\u00a0\u00bb. Disponible en Peel &amp; Stick (auto-collant) ou en caoutchouc sur\u00e9lev\u00e9 permanent. Choisissez blanc ou toute autre couleur disponible dans notre boutique. Pour des designs personnalis\u00e9s, veuillez revenir \u00e0 Cr\u00e9er le v\u00f4tre. GUIDES D\u2019APPLICATION : Semi-permanent : Guide d\u2019application [&hellip;]<\/p>\n","protected":false},"featured_media":7230,"comment_status":"open","ping_status":"closed","template":"","meta":[],"product_brand":[39],"product_cat":[59],"product_tag":[],"class_list":{"0":"post-7228","1":"product","2":"type-product","3":"status-publish","4":"has-post-thumbnail","6":"product_brand-nitto","7":"product_cat-tire-lettering","9":"first","10":"instock","11":"sale","12":"taxable","13":"shipping-taxable","14":"purchasable","15":"product-type-variable"},"_links":{"self":[{"href":"https:\/\/unruffled-ardinghelli.108-175-3-191.plesk.page\/fr\/wp-json\/wp\/v2\/product\/7228","targetHints":{"allow":["GET"]}}],"collection":[{"href":"https:\/\/unruffled-ardinghelli.108-175-3-191.plesk.page\/fr\/wp-json\/wp\/v2\/product"}],"about":[{"href":"https:\/\/unruffled-ardinghelli.108-175-3-191.plesk.page\/fr\/wp-json\/wp\/v2\/types\/product"}],"replies":[{"embeddable":true,"href":"https:\/\/unruffled-ardinghelli.108-175-3-191.plesk.page\/fr\/wp-json\/wp\/v2\/comments?post=7228"}],"wp:featuredmedia":[{"embeddable":true,"href":"https:\/\/unruffled-ardinghelli.108-175-3-191.plesk.page\/fr\/wp-json\/wp\/v2\/media\/7230"}],"wp:attachment":[{"href":"https:\/\/unruffled-ardinghelli.108-175-3-191.plesk.page\/fr\/wp-json\/wp\/v2\/media?parent=7228"}],"wp:term":[{"taxonomy":"product_brand","embeddable":true,"href":"https:\/\/unruffled-ardinghelli.108-175-3-191.plesk.page\/fr\/wp-json\/wp\/v2\/product_brand?post=7228"},{"taxonomy":"product_cat","embeddable":true,"href":"https:\/\/unruffled-ardinghelli.108-175-3-191.plesk.page\/fr\/wp-json\/wp\/v2\/product_cat?post=7228"},{"taxonomy":"product_tag","embeddable":true,"href":"https:\/\/unruffled-ardinghelli.108-175-3-191.plesk.page\/fr\/wp-json\/wp\/v2\/product_tag?post=7228"}],"curies":[{"name":"wp","href":"https:\/\/api.w.org\/{rel}","templated":true}]}}