{"id":7207,"date":"2025-11-16T03:39:05","date_gmt":"2025-11-16T03:39:05","guid":{"rendered":"https:\/\/unruffled-ardinghelli.108-175-3-191.plesk.page\/product\/falken-azenis-with-red-dash\/"},"modified":"2026-01-22T02:57:11","modified_gmt":"2026-01-22T02:57:11","slug":"falken-azenis-avec-trait-rouge","status":"publish","type":"product","link":"https:\/\/unruffled-ardinghelli.108-175-3-191.plesk.page\/fr\/produit\/falken-azenis-avec-trait-rouge\/","title":{"rendered":"FALKEN AZENIS (avec trait rouge)"},"content":{"rendered":"<p data-start=\"74\" data-end=\"310\"><strong data-start=\"74\" data-end=\"126\">Falken Azenis \u2013 Lettrage Maintenant Disponible !<\/strong><br data-start=\"126\" data-end=\"129\" \/>Disponible en styles <strong data-start=\"150\" data-end=\"166\">Peel &amp; Stick<\/strong> (auto-collant) et <strong data-start=\"185\" data-end=\"218\">caoutchouc sur\u00e9lev\u00e9 permanent<\/strong>. Pour des designs personnalis\u00e9s dans cette police, veuillez revenir \u00e0 <strong data-start=\"289\" data-end=\"307\">Cr\u00e9er le v\u00f4tre<\/strong>.<\/p>\n<p data-start=\"312\" data-end=\"453\">Veuillez s\u00e9lectionner le type d\u2019autocollant de pneu que vous souhaitez acheter, la taille de la jante, la hauteur des lettres et la quantit\u00e9.<\/p>\n<p data-start=\"455\" data-end=\"483\"><strong data-start=\"455\" data-end=\"481\">GUIDES D\u2019APPLICATION :<\/strong><\/p>\n<ul data-start=\"484\" data-end=\"583\">\n<li data-start=\"484\" data-end=\"537\">\n<p data-start=\"486\" data-end=\"537\">Semi-permanent : Guide d\u2019application Peel &amp; Stick<\/p>\n<\/li>\n<li data-start=\"538\" data-end=\"583\">\n<p data-start=\"540\" data-end=\"583\">Permanent : Guide d\u2019application Permanent<\/p>\n<\/li>\n<\/ul>\n<p data-start=\"585\" data-end=\"924\"><strong data-start=\"585\" data-end=\"627\">Guide des tailles g\u00e9n\u00e9riques des pneus<\/strong> \u2013 Utilisez le tableau ci-dessous pour vous aider \u00e0 choisir. Identifiez le ratio d\u2019aspect ou la s\u00e9rie (g\u00e9n\u00e9ralement le chiffre du milieu de la sp\u00e9cification du pneu) et associez-le au tableau. Note : certains pneus peuvent avoir un ratio d\u2019aspect unique. En cas de doute, contactez-nous par email.<\/p>\n<div class=\"TyagGW_tableContainer\">\n<div class=\"group TyagGW_tableWrapper flex flex-col-reverse w-fit\" tabindex=\"-1\">\n<table class=\"w-fit min-w-(--thread-content-width)\" data-start=\"926\" data-end=\"1488\">\n<thead data-start=\"926\" data-end=\"983\">\n<tr data-start=\"926\" data-end=\"983\">\n<th data-start=\"926\" data-end=\"951\" data-col-size=\"sm\">Sp\u00e9cification de s\u00e9rie<\/th>\n<th data-start=\"951\" data-end=\"983\" data-col-size=\"sm\">Hauteur maximale recommand\u00e9e<\/th>\n<\/tr>\n<\/thead>\n<tbody data-start=\"1041\" data-end=\"1488\">\n<tr data-start=\"1041\" data-end=\"1096\">\n<td data-start=\"1041\" data-end=\"1066\" data-col-size=\"sm\">20<\/td>\n<td data-start=\"1066\" data-end=\"1096\" data-col-size=\"sm\">0,5&Prime; \/ 1,27 cm \/ 12,7 mm<\/td>\n<\/tr>\n<tr data-start=\"1097\" data-end=\"1152\">\n<td data-start=\"1097\" data-end=\"1122\" data-col-size=\"sm\">25<\/td>\n<td data-start=\"1122\" data-end=\"1152\" data-col-size=\"sm\">0,75&Prime; \/ 1,905 cm \/ 19,05 mm<\/td>\n<\/tr>\n<tr data-start=\"1153\" data-end=\"1208\">\n<td data-start=\"1153\" data-end=\"1178\" data-col-size=\"sm\">30<\/td>\n<td data-start=\"1178\" data-end=\"1208\" data-col-size=\"sm\">1,0&Prime; \/ 2,54 cm \/ 25 mm<\/td>\n<\/tr>\n<tr data-start=\"1209\" data-end=\"1264\">\n<td data-start=\"1209\" data-end=\"1234\" data-col-size=\"sm\">35<\/td>\n<td data-start=\"1234\" data-end=\"1264\" data-col-size=\"sm\">1,25&Prime; \/ 3,175 cm \/ 31,75 mm<\/td>\n<\/tr>\n<tr data-start=\"1265\" data-end=\"1320\">\n<td data-start=\"1265\" data-end=\"1290\" data-col-size=\"sm\">40<\/td>\n<td data-start=\"1290\" data-end=\"1320\" data-col-size=\"sm\">1,25&Prime; \/ 3,175 cm \/ 31,75 mm<\/td>\n<\/tr>\n<tr data-start=\"1321\" data-end=\"1376\">\n<td data-start=\"1321\" data-end=\"1346\" data-col-size=\"sm\">45<\/td>\n<td data-start=\"1346\" data-end=\"1376\" data-col-size=\"sm\">1,5&Prime; \/ 3,81 cm \/ 38,1 mm<\/td>\n<\/tr>\n<tr data-start=\"1377\" data-end=\"1432\">\n<td data-start=\"1377\" data-end=\"1402\" data-col-size=\"sm\">50<\/td>\n<td data-start=\"1402\" data-end=\"1432\" data-col-size=\"sm\">1,75&Prime; \/ 4,44 cm \/ 44,45 mm<\/td>\n<\/tr>\n<tr data-start=\"1433\" data-end=\"1488\">\n<td data-start=\"1433\" data-end=\"1458\" data-col-size=\"sm\">55<\/td>\n<td data-start=\"1458\" data-end=\"1488\" data-col-size=\"sm\">2,0&Prime; \/ 5,08 cm \/ 50,8 mm<\/td>\n<\/tr>\n<\/tbody>\n<\/table>\n<\/div>\n<\/div>\n<p data-start=\"1490\" data-end=\"1564\"><strong data-start=\"1490\" data-end=\"1503\">Exemple :<\/strong><br data-start=\"1503\" data-end=\"1506\" \/>Taille du pneu : 245\/45\/R17 \u2013 Hauteur recommand\u00e9e : 1,5&Prime;<\/p>\n","protected":false},"excerpt":{"rendered":"<p>Falken Azenis \u2013 Lettrage Maintenant Disponible !Disponible en styles Peel &amp; Stick (auto-collant) et caoutchouc sur\u00e9lev\u00e9 permanent. Pour des designs personnalis\u00e9s dans cette police, veuillez revenir \u00e0 Cr\u00e9er le v\u00f4tre. Veuillez s\u00e9lectionner le type d\u2019autocollant de pneu que vous souhaitez acheter, la taille de la jante, la hauteur des lettres et la quantit\u00e9. GUIDES D\u2019APPLICATION [&hellip;]<\/p>\n","protected":false},"featured_media":7209,"comment_status":"open","ping_status":"closed","template":"","meta":[],"product_brand":[30],"product_cat":[59],"product_tag":[],"class_list":{"0":"post-7207","1":"product","2":"type-product","3":"status-publish","4":"has-post-thumbnail","6":"product_brand-falken","7":"product_cat-tire-lettering","9":"first","10":"instock","11":"sale","12":"taxable","13":"shipping-taxable","14":"purchasable","15":"product-type-variable"},"_links":{"self":[{"href":"https:\/\/unruffled-ardinghelli.108-175-3-191.plesk.page\/fr\/wp-json\/wp\/v2\/product\/7207","targetHints":{"allow":["GET"]}}],"collection":[{"href":"https:\/\/unruffled-ardinghelli.108-175-3-191.plesk.page\/fr\/wp-json\/wp\/v2\/product"}],"about":[{"href":"https:\/\/unruffled-ardinghelli.108-175-3-191.plesk.page\/fr\/wp-json\/wp\/v2\/types\/product"}],"replies":[{"embeddable":true,"href":"https:\/\/unruffled-ardinghelli.108-175-3-191.plesk.page\/fr\/wp-json\/wp\/v2\/comments?post=7207"}],"wp:featuredmedia":[{"embeddable":true,"href":"https:\/\/unruffled-ardinghelli.108-175-3-191.plesk.page\/fr\/wp-json\/wp\/v2\/media\/7209"}],"wp:attachment":[{"href":"https:\/\/unruffled-ardinghelli.108-175-3-191.plesk.page\/fr\/wp-json\/wp\/v2\/media?parent=7207"}],"wp:term":[{"taxonomy":"product_brand","embeddable":true,"href":"https:\/\/unruffled-ardinghelli.108-175-3-191.plesk.page\/fr\/wp-json\/wp\/v2\/product_brand?post=7207"},{"taxonomy":"product_cat","embeddable":true,"href":"https:\/\/unruffled-ardinghelli.108-175-3-191.plesk.page\/fr\/wp-json\/wp\/v2\/product_cat?post=7207"},{"taxonomy":"product_tag","embeddable":true,"href":"https:\/\/unruffled-ardinghelli.108-175-3-191.plesk.page\/fr\/wp-json\/wp\/v2\/product_tag?post=7207"}],"curies":[{"name":"wp","href":"https:\/\/api.w.org\/{rel}","templated":true}]}}