{"id":7187,"date":"2025-11-16T03:39:05","date_gmt":"2025-11-16T03:39:05","guid":{"rendered":"https:\/\/unruffled-ardinghelli.108-175-3-191.plesk.page\/product\/nitto-nt05\/"},"modified":"2026-01-22T02:55:36","modified_gmt":"2026-01-22T02:55:36","slug":"nitto-nt05","status":"publish","type":"product","link":"https:\/\/unruffled-ardinghelli.108-175-3-191.plesk.page\/fr\/produit\/nitto-nt05\/","title":{"rendered":"Nitto NT05"},"content":{"rendered":"<p data-start=\"90\" data-end=\"128\"><strong data-start=\"90\" data-end=\"126\">Autocollants de Pneus Nitto NT05<\/strong><\/p>\n<p data-start=\"130\" data-end=\"437\">Ce kit comprend 4 autocollants \u00ab\u202fNitto\u202f\u00bb et 4 autocollants \u00ab\u202fNT05\u202f\u00bb. Disponible en versions <strong data-start=\"222\" data-end=\"238\">Peel &amp; Stick<\/strong> ou <strong data-start=\"242\" data-end=\"288\">lettres en caoutchouc sur\u00e9lev\u00e9 permanentes<\/strong>. Choisissez le blanc ou toute autre couleur propos\u00e9e dans notre boutique.<br data-start=\"362\" data-end=\"365\" \/>Pour des designs personnalis\u00e9s, veuillez revenir \u00e0 <strong data-start=\"416\" data-end=\"434\">Cr\u00e9ez le v\u00f4tre<\/strong>.<\/p>\n<p data-start=\"439\" data-end=\"467\"><strong data-start=\"439\" data-end=\"465\">GUIDES D\u2019APPLICATION :<\/strong><\/p>\n<ul data-start=\"468\" data-end=\"539\">\n<li data-start=\"468\" data-end=\"507\">\n<p data-start=\"470\" data-end=\"507\">Semi-Permanent : Guide Peel &amp; Stick<\/p>\n<\/li>\n<li data-start=\"508\" data-end=\"539\">\n<p data-start=\"510\" data-end=\"539\">Permanent : Guide Permanent<\/p>\n<\/li>\n<\/ul>\n<p data-start=\"541\" data-end=\"916\"><strong data-start=\"541\" data-end=\"581\">Guide g\u00e9n\u00e9rique des tailles de pneus<\/strong> \u2013 Utilisez le tableau ci-dessous pour choisir la taille appropri\u00e9e. Identifiez le rapport d\u2019aspect ou la s\u00e9rie (g\u00e9n\u00e9ralement le chiffre du milieu dans la d\u00e9signation du pneu) et reportez-vous au tableau. Remarque : certains pneus peuvent avoir un rapport d\u2019aspect unique en dehors de ces directives. En cas de doute, contactez-nous.<\/p>\n<div class=\"TyagGW_tableContainer\">\n<div class=\"group TyagGW_tableWrapper flex flex-col-reverse w-fit\" tabindex=\"-1\">\n<table class=\"w-fit min-w-(--thread-content-width)\" data-start=\"918\" data-end=\"1418\">\n<thead data-start=\"918\" data-end=\"968\">\n<tr data-start=\"918\" data-end=\"968\">\n<th data-start=\"918\" data-end=\"934\" data-col-size=\"sm\">S\u00e9rie du pneu<\/th>\n<th data-start=\"934\" data-end=\"968\" data-col-size=\"sm\">Hauteur maximale recommand\u00e9e<\/th>\n<\/tr>\n<\/thead>\n<tbody data-start=\"1019\" data-end=\"1418\">\n<tr data-start=\"1019\" data-end=\"1068\">\n<td data-start=\"1019\" data-end=\"1035\" data-col-size=\"sm\">20<\/td>\n<td data-col-size=\"sm\" data-start=\"1035\" data-end=\"1068\">0,5&Prime; \/ 1,27\u202fcm \/ 12,7\u202fmm<\/td>\n<\/tr>\n<tr data-start=\"1069\" data-end=\"1118\">\n<td data-start=\"1069\" data-end=\"1085\" data-col-size=\"sm\">25<\/td>\n<td data-col-size=\"sm\" data-start=\"1085\" data-end=\"1118\">0,75&Prime; \/ 1,905\u202fcm \/ 19,05\u202fmm<\/td>\n<\/tr>\n<tr data-start=\"1119\" data-end=\"1168\">\n<td data-start=\"1119\" data-end=\"1135\" data-col-size=\"sm\">30<\/td>\n<td data-col-size=\"sm\" data-start=\"1135\" data-end=\"1168\">1,0&Prime; \/ 2,54\u202fcm \/ 25\u202fmm<\/td>\n<\/tr>\n<tr data-start=\"1169\" data-end=\"1218\">\n<td data-start=\"1169\" data-end=\"1185\" data-col-size=\"sm\">35<\/td>\n<td data-col-size=\"sm\" data-start=\"1185\" data-end=\"1218\">1,25&Prime; \/ 3,175\u202fcm \/ 31,75\u202fmm<\/td>\n<\/tr>\n<tr data-start=\"1219\" data-end=\"1268\">\n<td data-start=\"1219\" data-end=\"1235\" data-col-size=\"sm\">40<\/td>\n<td data-col-size=\"sm\" data-start=\"1235\" data-end=\"1268\">1,25&Prime; \/ 3,175\u202fcm \/ 31,75\u202fmm<\/td>\n<\/tr>\n<tr data-start=\"1269\" data-end=\"1318\">\n<td data-start=\"1269\" data-end=\"1285\" data-col-size=\"sm\">45<\/td>\n<td data-col-size=\"sm\" data-start=\"1285\" data-end=\"1318\">1,5&Prime; \/ 3,81\u202fcm \/ 38,1\u202fmm<\/td>\n<\/tr>\n<tr data-start=\"1319\" data-end=\"1368\">\n<td data-start=\"1319\" data-end=\"1335\" data-col-size=\"sm\">50<\/td>\n<td data-col-size=\"sm\" data-start=\"1335\" data-end=\"1368\">1,75&Prime; \/ 4,44\u202fcm \/ 44,45\u202fmm<\/td>\n<\/tr>\n<tr data-start=\"1369\" data-end=\"1418\">\n<td data-start=\"1369\" data-end=\"1385\" data-col-size=\"sm\">55<\/td>\n<td data-col-size=\"sm\" data-start=\"1385\" data-end=\"1418\">2,0&Prime; \/ 5,08\u202fcm \/ 50,8\u202fmm<\/td>\n<\/tr>\n<\/tbody>\n<\/table>\n<\/div>\n<\/div>\n<p data-start=\"1420\" data-end=\"1494\"><strong data-start=\"1420\" data-end=\"1433\">Exemple :<\/strong><br data-start=\"1433\" data-end=\"1436\" \/>Taille du pneu : 245\/45\/R17 \u2013 Hauteur recommand\u00e9e : 1,5&Prime;<\/p>\n","protected":false},"excerpt":{"rendered":"<p>Autocollants de Pneus Nitto NT05 Ce kit comprend 4 autocollants \u00ab\u202fNitto\u202f\u00bb et 4 autocollants \u00ab\u202fNT05\u202f\u00bb. Disponible en versions Peel &amp; Stick ou lettres en caoutchouc sur\u00e9lev\u00e9 permanentes. Choisissez le blanc ou toute autre couleur propos\u00e9e dans notre boutique.Pour des designs personnalis\u00e9s, veuillez revenir \u00e0 Cr\u00e9ez le v\u00f4tre. GUIDES D\u2019APPLICATION : Semi-Permanent : Guide Peel &amp; [&hellip;]<\/p>\n","protected":false},"featured_media":7189,"comment_status":"open","ping_status":"closed","template":"","meta":[],"product_brand":[39],"product_cat":[59],"product_tag":[],"class_list":{"0":"post-7187","1":"product","2":"type-product","3":"status-publish","4":"has-post-thumbnail","6":"product_brand-nitto","7":"product_cat-tire-lettering","9":"first","10":"instock","11":"sale","12":"taxable","13":"shipping-taxable","14":"purchasable","15":"product-type-variable"},"_links":{"self":[{"href":"https:\/\/unruffled-ardinghelli.108-175-3-191.plesk.page\/fr\/wp-json\/wp\/v2\/product\/7187","targetHints":{"allow":["GET"]}}],"collection":[{"href":"https:\/\/unruffled-ardinghelli.108-175-3-191.plesk.page\/fr\/wp-json\/wp\/v2\/product"}],"about":[{"href":"https:\/\/unruffled-ardinghelli.108-175-3-191.plesk.page\/fr\/wp-json\/wp\/v2\/types\/product"}],"replies":[{"embeddable":true,"href":"https:\/\/unruffled-ardinghelli.108-175-3-191.plesk.page\/fr\/wp-json\/wp\/v2\/comments?post=7187"}],"wp:featuredmedia":[{"embeddable":true,"href":"https:\/\/unruffled-ardinghelli.108-175-3-191.plesk.page\/fr\/wp-json\/wp\/v2\/media\/7189"}],"wp:attachment":[{"href":"https:\/\/unruffled-ardinghelli.108-175-3-191.plesk.page\/fr\/wp-json\/wp\/v2\/media?parent=7187"}],"wp:term":[{"taxonomy":"product_brand","embeddable":true,"href":"https:\/\/unruffled-ardinghelli.108-175-3-191.plesk.page\/fr\/wp-json\/wp\/v2\/product_brand?post=7187"},{"taxonomy":"product_cat","embeddable":true,"href":"https:\/\/unruffled-ardinghelli.108-175-3-191.plesk.page\/fr\/wp-json\/wp\/v2\/product_cat?post=7187"},{"taxonomy":"product_tag","embeddable":true,"href":"https:\/\/unruffled-ardinghelli.108-175-3-191.plesk.page\/fr\/wp-json\/wp\/v2\/product_tag?post=7187"}],"curies":[{"name":"wp","href":"https:\/\/api.w.org\/{rel}","templated":true}]}}