{"id":7177,"date":"2025-11-16T03:39:05","date_gmt":"2025-11-16T03:39:05","guid":{"rendered":"https:\/\/unruffled-ardinghelli.108-175-3-191.plesk.page\/product\/mx-number-plate-decals\/"},"modified":"2026-01-22T02:54:19","modified_gmt":"2026-01-22T02:54:19","slug":"autocollants-de-plaque-mx","status":"publish","type":"product","link":"https:\/\/unruffled-ardinghelli.108-175-3-191.plesk.page\/fr\/produit\/autocollants-de-plaque-mx\/","title":{"rendered":"Autocollants de Plaque MX"},"content":{"rendered":"<p data-start=\"108\" data-end=\"184\"><strong data-start=\"108\" data-end=\"182\">Autocollants de Mini Plaques pour Motocross \u2013 Maintenant Disponibles !<\/strong><\/p>\n<p data-start=\"186\" data-end=\"444\">Personnalisez et cr\u00e9ez vos propres autocollants de mini plaques pour votre moto. Comme vus sur le pilote professionnel AMA Supercross et Motocross, AJ Catanzaro, ces autocollants de plaques sont le meilleur moyen de faire ressortir votre moto sur la piste.<\/p>\n<p data-start=\"446\" data-end=\"961\">Cr\u00e9ez le v\u00f4tre en saisissant votre nom de famille et votre num\u00e9ro de course dans les champs ci-dessus pour un kit enti\u00e8rement personnalis\u00e9. Que vous souhaitiez repr\u00e9senter votre cat\u00e9gorie de course ou simplement avoir un produit styl\u00e9 sur votre moto, vous ne serez pas d\u00e9\u00e7u par ce look ! Ces autocollants personnalis\u00e9s sont la touche finale parfaite pour tout motocross enti\u00e8rement \u00e9quip\u00e9 ! Choisissez parmi les couleurs : blanc, jaune, rouge, vert n\u00e9on, orange et rose n\u00e9on pour ces autocollants de mini plaques.<\/p>\n<p data-start=\"963\" data-end=\"1217\">Chaque kit comprend 8 autocollants de mini plaques. Les autocollants permanents incluront l\u2019adh\u00e9sif fleXement pour l\u2019application, et les versions Peel&amp;Stick ou permanentes sont fournies avec un film de transfert transparent pour une application facile.<\/p>\n<p data-start=\"1219\" data-end=\"1242\"><strong data-start=\"1219\" data-end=\"1240\">Ce kit comprend :<\/strong><\/p>\n<ul data-start=\"1243\" data-end=\"1362\">\n<li data-start=\"1243\" data-end=\"1290\">\n<p data-start=\"1245\" data-end=\"1290\">8 autocollants de mini plaques \u2013 4 par pneu<\/p>\n<\/li>\n<li data-start=\"1291\" data-end=\"1315\">\n<p data-start=\"1293\" data-end=\"1315\">Guide d\u2019instructions<\/p>\n<\/li>\n<li data-start=\"1316\" data-end=\"1362\">\n<p data-start=\"1318\" data-end=\"1362\">Adh\u00e9sif fleXement (si commande permanente)<\/p>\n<\/li>\n<\/ul>\n<p data-start=\"1364\" data-end=\"1392\"><strong data-start=\"1364\" data-end=\"1390\">GUIDES D\u2019APPLICATION :<\/strong><\/p>\n<ul data-start=\"1393\" data-end=\"1464\">\n<li data-start=\"1393\" data-end=\"1432\">\n<p data-start=\"1395\" data-end=\"1432\">Semi-Permanent : Guide Peel &amp; Stick<\/p>\n<\/li>\n<li data-start=\"1433\" data-end=\"1464\">\n<p data-start=\"1435\" data-end=\"1464\">Permanent : Guide Permanent<\/p>\n<\/li>\n<\/ul>\n<p data-start=\"1466\" data-end=\"1603\">Ce kit peut \u00eatre combin\u00e9 avec d\u2019autres produits. Pour des designs personnalis\u00e9s, veuillez revenir \u00e0 \u201cCr\u00e9ez le v\u00f4tre\u201d ou nous contacter.<\/p>\n","protected":false},"excerpt":{"rendered":"<p>Autocollants de Mini Plaques pour Motocross \u2013 Maintenant Disponibles ! Personnalisez et cr\u00e9ez vos propres autocollants de mini plaques pour votre moto. Comme vus sur le pilote professionnel AMA Supercross et Motocross, AJ Catanzaro, ces autocollants de plaques sont le meilleur moyen de faire ressortir votre moto sur la piste. Cr\u00e9ez le v\u00f4tre en saisissant [&hellip;]<\/p>\n","protected":false},"featured_media":7178,"comment_status":"open","ping_status":"closed","template":"","meta":[],"product_brand":[],"product_cat":[64],"product_tag":[],"class_list":{"0":"post-7177","1":"product","2":"type-product","3":"status-publish","4":"has-post-thumbnail","6":"product_cat-motorcycle-decals","8":"first","9":"instock","10":"sale","11":"taxable","12":"shipping-taxable","13":"purchasable","14":"product-type-variable"},"_links":{"self":[{"href":"https:\/\/unruffled-ardinghelli.108-175-3-191.plesk.page\/fr\/wp-json\/wp\/v2\/product\/7177","targetHints":{"allow":["GET"]}}],"collection":[{"href":"https:\/\/unruffled-ardinghelli.108-175-3-191.plesk.page\/fr\/wp-json\/wp\/v2\/product"}],"about":[{"href":"https:\/\/unruffled-ardinghelli.108-175-3-191.plesk.page\/fr\/wp-json\/wp\/v2\/types\/product"}],"replies":[{"embeddable":true,"href":"https:\/\/unruffled-ardinghelli.108-175-3-191.plesk.page\/fr\/wp-json\/wp\/v2\/comments?post=7177"}],"wp:featuredmedia":[{"embeddable":true,"href":"https:\/\/unruffled-ardinghelli.108-175-3-191.plesk.page\/fr\/wp-json\/wp\/v2\/media\/7178"}],"wp:attachment":[{"href":"https:\/\/unruffled-ardinghelli.108-175-3-191.plesk.page\/fr\/wp-json\/wp\/v2\/media?parent=7177"}],"wp:term":[{"taxonomy":"product_brand","embeddable":true,"href":"https:\/\/unruffled-ardinghelli.108-175-3-191.plesk.page\/fr\/wp-json\/wp\/v2\/product_brand?post=7177"},{"taxonomy":"product_cat","embeddable":true,"href":"https:\/\/unruffled-ardinghelli.108-175-3-191.plesk.page\/fr\/wp-json\/wp\/v2\/product_cat?post=7177"},{"taxonomy":"product_tag","embeddable":true,"href":"https:\/\/unruffled-ardinghelli.108-175-3-191.plesk.page\/fr\/wp-json\/wp\/v2\/product_tag?post=7177"}],"curies":[{"name":"wp","href":"https:\/\/api.w.org\/{rel}","templated":true}]}}