{"id":7156,"date":"2025-11-16T03:39:05","date_gmt":"2025-11-16T03:39:05","guid":{"rendered":"https:\/\/unruffled-ardinghelli.108-175-3-191.plesk.page\/product\/bf-goodrich-radial-t-a\/"},"modified":"2026-01-22T02:52:19","modified_gmt":"2026-01-22T02:52:19","slug":"bf-goodrich-radial-t-a","status":"publish","type":"product","link":"https:\/\/unruffled-ardinghelli.108-175-3-191.plesk.page\/fr\/produit\/bf-goodrich-radial-t-a\/","title":{"rendered":"BF Goodrich Radial T\/A"},"content":{"rendered":"<p data-start=\"141\" data-end=\"528\"><strong data-start=\"141\" data-end=\"184\">Lettrage de Pneus BFGoodrich Radial T\/A<\/strong><br data-start=\"184\" data-end=\"187\" \/>Ce kit comprend 4 autocollants \u00ab BFGoodrich \u00bb et 4 autocollants \u00ab Radial T\/A \u00bb. Disponible en versions <strong data-start=\"290\" data-end=\"306\">Peel &amp; Stick<\/strong> (auto-collant) et <strong data-start=\"325\" data-end=\"371\">lettres en caoutchouc sur\u00e9lev\u00e9 permanentes<\/strong>. Choisissez le blanc ou toute autre couleur propos\u00e9e dans notre boutique.<br data-start=\"445\" data-end=\"448\" \/>Pour des designs personnalis\u00e9s, veuillez retourner \u00e0 <strong data-start=\"501\" data-end=\"527\">Cr\u00e9er votre propre kit<\/strong>.<\/p>\n<p data-start=\"530\" data-end=\"558\"><strong data-start=\"530\" data-end=\"556\">GUIDES D\u2019APPLICATION :<\/strong><\/p>\n<ul data-start=\"559\" data-end=\"658\">\n<li data-start=\"559\" data-end=\"612\">\n<p data-start=\"561\" data-end=\"612\">Semi-permanent : Guide d\u2019application Peel &amp; Stick<\/p>\n<\/li>\n<li data-start=\"613\" data-end=\"658\">\n<p data-start=\"615\" data-end=\"658\">Permanent : Guide d\u2019application Permanent<\/p>\n<\/li>\n<\/ul>\n<p data-start=\"660\" data-end=\"1039\"><strong data-start=\"660\" data-end=\"708\">Guide de dimensionnement g\u00e9n\u00e9rique des pneus<\/strong> \u2013 Utilisez le tableau ci-dessous pour vous aider \u00e0 choisir. Identifiez le rapport hauteur\/largeur ou la s\u00e9rie (g\u00e9n\u00e9ralement le chiffre central de la sp\u00e9cification du pneu) et ajustez selon le tableau. Remarque : certains pneus peuvent avoir un rapport unique en dehors de ces directives. En cas de doute, contactez-nous par email.<\/p>\n<div class=\"TyagGW_tableContainer\">\n<div class=\"group TyagGW_tableWrapper flex flex-col-reverse w-fit\" tabindex=\"-1\">\n<table class=\"w-fit min-w-(--thread-content-width)\" data-start=\"1041\" data-end=\"1705\">\n<thead data-start=\"1041\" data-end=\"1110\">\n<tr data-start=\"1041\" data-end=\"1110\">\n<th data-start=\"1041\" data-end=\"1078\" data-col-size=\"sm\">Sp\u00e9cification de la s\u00e9rie de pneus<\/th>\n<th data-start=\"1078\" data-end=\"1110\" data-col-size=\"sm\">Hauteur maximale recommand\u00e9e<\/th>\n<\/tr>\n<\/thead>\n<tbody data-start=\"1178\" data-end=\"1705\">\n<tr data-start=\"1178\" data-end=\"1243\">\n<td data-start=\"1178\" data-end=\"1213\" data-col-size=\"sm\">20<\/td>\n<td data-start=\"1213\" data-end=\"1243\" data-col-size=\"sm\">0,5&Prime; \/ 1,27 cm \/ 12,7 mm<\/td>\n<\/tr>\n<tr data-start=\"1244\" data-end=\"1309\">\n<td data-start=\"1244\" data-end=\"1279\" data-col-size=\"sm\">25<\/td>\n<td data-start=\"1279\" data-end=\"1309\" data-col-size=\"sm\">0,75&Prime; \/ 1,905 cm \/ 19,05 mm<\/td>\n<\/tr>\n<tr data-start=\"1310\" data-end=\"1375\">\n<td data-start=\"1310\" data-end=\"1345\" data-col-size=\"sm\">30<\/td>\n<td data-start=\"1345\" data-end=\"1375\" data-col-size=\"sm\">1,0&Prime; \/ 2,54 cm \/ 25 mm<\/td>\n<\/tr>\n<tr data-start=\"1376\" data-end=\"1441\">\n<td data-start=\"1376\" data-end=\"1411\" data-col-size=\"sm\">35<\/td>\n<td data-start=\"1411\" data-end=\"1441\" data-col-size=\"sm\">1,25&Prime; \/ 3,175 cm \/ 31,75 mm<\/td>\n<\/tr>\n<tr data-start=\"1442\" data-end=\"1507\">\n<td data-start=\"1442\" data-end=\"1477\" data-col-size=\"sm\">40<\/td>\n<td data-start=\"1477\" data-end=\"1507\" data-col-size=\"sm\">1,25&Prime; \/ 3,175 cm \/ 31,75 mm<\/td>\n<\/tr>\n<tr data-start=\"1508\" data-end=\"1573\">\n<td data-start=\"1508\" data-end=\"1543\" data-col-size=\"sm\">45<\/td>\n<td data-start=\"1543\" data-end=\"1573\" data-col-size=\"sm\">1,5&Prime; \/ 3,81 cm \/ 38,1 mm<\/td>\n<\/tr>\n<tr data-start=\"1574\" data-end=\"1639\">\n<td data-start=\"1574\" data-end=\"1609\" data-col-size=\"sm\">50<\/td>\n<td data-col-size=\"sm\" data-start=\"1609\" data-end=\"1639\">1,75&Prime; \/ 4,44 cm \/ 44,45 mm<\/td>\n<\/tr>\n<tr data-start=\"1640\" data-end=\"1705\">\n<td data-start=\"1640\" data-end=\"1675\" data-col-size=\"sm\">55<\/td>\n<td data-start=\"1675\" data-end=\"1705\" data-col-size=\"sm\">2,0&Prime; \/ 5,08 cm \/ 50,8 mm<\/td>\n<\/tr>\n<\/tbody>\n<\/table>\n<\/div>\n<\/div>\n<p data-start=\"1707\" data-end=\"1779\"><strong data-start=\"1707\" data-end=\"1720\">Exemple :<\/strong><br data-start=\"1720\" data-end=\"1723\" \/>Taille du pneu : 245\/45\/R17 \u2192 Hauteur recommand\u00e9e : 1,5&Prime;<\/p>\n","protected":false},"excerpt":{"rendered":"<p>Lettrage de Pneus BFGoodrich Radial T\/ACe kit comprend 4 autocollants \u00ab BFGoodrich \u00bb et 4 autocollants \u00ab Radial T\/A \u00bb. Disponible en versions Peel &amp; Stick (auto-collant) et lettres en caoutchouc sur\u00e9lev\u00e9 permanentes. Choisissez le blanc ou toute autre couleur propos\u00e9e dans notre boutique.Pour des designs personnalis\u00e9s, veuillez retourner \u00e0 Cr\u00e9er votre propre kit. GUIDES [&hellip;]<\/p>\n","protected":false},"featured_media":7158,"comment_status":"open","ping_status":"closed","template":"","meta":[],"product_brand":[26],"product_cat":[59],"product_tag":[],"class_list":{"0":"post-7156","1":"product","2":"type-product","3":"status-publish","4":"has-post-thumbnail","6":"product_brand-bf-goodrich","7":"product_cat-tire-lettering","9":"first","10":"instock","11":"sale","12":"taxable","13":"shipping-taxable","14":"purchasable","15":"product-type-variable"},"_links":{"self":[{"href":"https:\/\/unruffled-ardinghelli.108-175-3-191.plesk.page\/fr\/wp-json\/wp\/v2\/product\/7156","targetHints":{"allow":["GET"]}}],"collection":[{"href":"https:\/\/unruffled-ardinghelli.108-175-3-191.plesk.page\/fr\/wp-json\/wp\/v2\/product"}],"about":[{"href":"https:\/\/unruffled-ardinghelli.108-175-3-191.plesk.page\/fr\/wp-json\/wp\/v2\/types\/product"}],"replies":[{"embeddable":true,"href":"https:\/\/unruffled-ardinghelli.108-175-3-191.plesk.page\/fr\/wp-json\/wp\/v2\/comments?post=7156"}],"wp:featuredmedia":[{"embeddable":true,"href":"https:\/\/unruffled-ardinghelli.108-175-3-191.plesk.page\/fr\/wp-json\/wp\/v2\/media\/7158"}],"wp:attachment":[{"href":"https:\/\/unruffled-ardinghelli.108-175-3-191.plesk.page\/fr\/wp-json\/wp\/v2\/media?parent=7156"}],"wp:term":[{"taxonomy":"product_brand","embeddable":true,"href":"https:\/\/unruffled-ardinghelli.108-175-3-191.plesk.page\/fr\/wp-json\/wp\/v2\/product_brand?post=7156"},{"taxonomy":"product_cat","embeddable":true,"href":"https:\/\/unruffled-ardinghelli.108-175-3-191.plesk.page\/fr\/wp-json\/wp\/v2\/product_cat?post=7156"},{"taxonomy":"product_tag","embeddable":true,"href":"https:\/\/unruffled-ardinghelli.108-175-3-191.plesk.page\/fr\/wp-json\/wp\/v2\/product_tag?post=7156"}],"curies":[{"name":"wp","href":"https:\/\/api.w.org\/{rel}","templated":true}]}}