{"id":7111,"date":"2025-11-16T03:40:19","date_gmt":"2025-11-16T03:40:19","guid":{"rendered":"https:\/\/unruffled-ardinghelli.108-175-3-191.plesk.page\/product\/yokohama-advan\/"},"modified":"2026-01-22T02:50:45","modified_gmt":"2026-01-22T02:50:45","slug":"yokohama-advan","status":"publish","type":"product","link":"https:\/\/unruffled-ardinghelli.108-175-3-191.plesk.page\/fr\/produit\/yokohama-advan\/","title":{"rendered":"Yokohama \/ Advan"},"content":{"rendered":"<h3 data-start=\"85\" data-end=\"125\"><strong data-start=\"89\" data-end=\"123\">Autocollants de pneus Yokohama<\/strong><\/h3>\n<p data-start=\"127\" data-end=\"276\">Les autocollants de pneus <strong data-start=\"153\" data-end=\"165\">Yokohama<\/strong> sont disponibles en <strong data-start=\"186\" data-end=\"218\">kits pelables (Peel &amp; Stick)<\/strong> ou en <strong data-start=\"225\" data-end=\"273\">lettres en caoutchouc sur\u00e9lev\u00e9es permanentes<\/strong>.<\/p>\n<h3 data-start=\"278\" data-end=\"310\"><strong data-start=\"282\" data-end=\"308\">GUIDES D\u2019APPLICATION :<\/strong><\/h3>\n<ul data-start=\"311\" data-end=\"421\">\n<li data-start=\"311\" data-end=\"374\">\n<p data-start=\"313\" data-end=\"374\">Semi-permanent : Guide d\u2019application pelable et autocollant<\/p>\n<\/li>\n<li data-start=\"375\" data-end=\"421\">\n<p data-start=\"377\" data-end=\"421\">Permanent : Guide d\u2019application permanente<\/p>\n<\/li>\n<\/ul>\n<h3 data-start=\"423\" data-end=\"477\"><strong data-start=\"427\" data-end=\"475\">Guide de dimensionnement g\u00e9n\u00e9rique des pneus<\/strong><\/h3>\n<p data-start=\"478\" data-end=\"841\">Utilisez le tableau ci-dessous pour vous guider dans le choix de la taille. Identifiez le <strong data-start=\"568\" data-end=\"600\">rapport d\u2019aspect ou la s\u00e9rie<\/strong> (g\u00e9n\u00e9ralement le chiffre du milieu de la sp\u00e9cification du pneu) et reportez-vous au tableau.<br data-start=\"693\" data-end=\"696\" \/><strong data-start=\"696\" data-end=\"710\">Remarque :<\/strong> certains pneus peuvent avoir un rapport d\u2019aspect unique en dehors de ces directives. En cas de doute, contactez-nous par email !<\/p>\n<div class=\"TyagGW_tableContainer\">\n<div class=\"group TyagGW_tableWrapper flex flex-col-reverse w-fit\" tabindex=\"-1\">\n<table class=\"w-fit min-w-(--thread-content-width)\" data-start=\"843\" data-end=\"1252\">\n<thead data-start=\"843\" data-end=\"908\">\n<tr data-start=\"843\" data-end=\"908\">\n<th data-start=\"843\" data-end=\"876\" data-col-size=\"sm\">Sp\u00e9cification de s\u00e9rie de pneu<\/th>\n<th data-start=\"876\" data-end=\"908\" data-col-size=\"sm\">Hauteur maximale recommand\u00e9e<\/th>\n<\/tr>\n<\/thead>\n<tbody data-start=\"972\" data-end=\"1252\">\n<tr data-start=\"972\" data-end=\"1005\">\n<td data-start=\"972\" data-end=\"977\" data-col-size=\"sm\">20<\/td>\n<td data-start=\"977\" data-end=\"1005\" data-col-size=\"sm\">0,5&Prime; \/ 1,27 cm \/ 12,7 mm<\/td>\n<\/tr>\n<tr data-start=\"1006\" data-end=\"1042\">\n<td data-start=\"1006\" data-end=\"1011\" data-col-size=\"sm\">25<\/td>\n<td data-start=\"1011\" data-end=\"1042\" data-col-size=\"sm\">0,75&Prime; \/ 1,905 cm \/ 19,05 mm<\/td>\n<\/tr>\n<tr data-start=\"1043\" data-end=\"1074\">\n<td data-start=\"1043\" data-end=\"1048\" data-col-size=\"sm\">30<\/td>\n<td data-start=\"1048\" data-end=\"1074\" data-col-size=\"sm\">1,0&Prime; \/ 2,54 cm \/ 25 mm<\/td>\n<\/tr>\n<tr data-start=\"1075\" data-end=\"1111\">\n<td data-start=\"1075\" data-end=\"1080\" data-col-size=\"sm\">35<\/td>\n<td data-start=\"1080\" data-end=\"1111\" data-col-size=\"sm\">1,25&Prime; \/ 3,175 cm \/ 31,75 mm<\/td>\n<\/tr>\n<tr data-start=\"1112\" data-end=\"1148\">\n<td data-start=\"1112\" data-end=\"1117\" data-col-size=\"sm\">40<\/td>\n<td data-col-size=\"sm\" data-start=\"1117\" data-end=\"1148\">1,25&Prime; \/ 3,175 cm \/ 31,75 mm<\/td>\n<\/tr>\n<tr data-start=\"1149\" data-end=\"1182\">\n<td data-start=\"1149\" data-end=\"1154\" data-col-size=\"sm\">45<\/td>\n<td data-col-size=\"sm\" data-start=\"1154\" data-end=\"1182\">1,5&Prime; \/ 3,81 cm \/ 38,1 mm<\/td>\n<\/tr>\n<tr data-start=\"1183\" data-end=\"1218\">\n<td data-start=\"1183\" data-end=\"1188\" data-col-size=\"sm\">50<\/td>\n<td data-col-size=\"sm\" data-start=\"1188\" data-end=\"1218\">1,75&Prime; \/ 4,44 cm \/ 44,45 mm<\/td>\n<\/tr>\n<tr data-start=\"1219\" data-end=\"1252\">\n<td data-start=\"1219\" data-end=\"1224\" data-col-size=\"sm\">55<\/td>\n<td data-col-size=\"sm\" data-start=\"1224\" data-end=\"1252\">2,0&Prime; \/ 5,08 cm \/ 50,8 mm<\/td>\n<\/tr>\n<\/tbody>\n<\/table>\n<\/div>\n<\/div>\n<p data-start=\"1254\" data-end=\"1329\"><strong data-start=\"1254\" data-end=\"1267\">Exemple :<\/strong><br data-start=\"1267\" data-end=\"1270\" \/>Taille du pneu : 245\/45\/R17 \u00a0\u00a0\u00a0Hauteur recommand\u00e9e : 1,5&Prime;<\/p>\n<p data-start=\"1331\" data-end=\"1423\">Pour plus d\u2019informations sur ce produit, consultez le <strong data-start=\"1385\" data-end=\"1420\">Guide de s\u00e9lection des produits<\/strong>.<\/p>\n","protected":false},"excerpt":{"rendered":"<p>Autocollants de pneus Yokohama Les autocollants de pneus Yokohama sont disponibles en kits pelables (Peel &amp; Stick) ou en lettres en caoutchouc sur\u00e9lev\u00e9es permanentes. GUIDES D\u2019APPLICATION : Semi-permanent : Guide d\u2019application pelable et autocollant Permanent : Guide d\u2019application permanente Guide de dimensionnement g\u00e9n\u00e9rique des pneus Utilisez le tableau ci-dessous pour vous guider dans le choix [&hellip;]<\/p>\n","protected":false},"featured_media":7113,"comment_status":"open","ping_status":"closed","template":"","meta":[],"product_brand":[41],"product_cat":[59],"product_tag":[],"class_list":{"0":"post-7111","1":"product","2":"type-product","3":"status-publish","4":"has-post-thumbnail","6":"product_brand-yokohama-advan","7":"product_cat-tire-lettering","9":"first","10":"instock","11":"sale","12":"taxable","13":"shipping-taxable","14":"purchasable","15":"product-type-variable"},"_links":{"self":[{"href":"https:\/\/unruffled-ardinghelli.108-175-3-191.plesk.page\/fr\/wp-json\/wp\/v2\/product\/7111","targetHints":{"allow":["GET"]}}],"collection":[{"href":"https:\/\/unruffled-ardinghelli.108-175-3-191.plesk.page\/fr\/wp-json\/wp\/v2\/product"}],"about":[{"href":"https:\/\/unruffled-ardinghelli.108-175-3-191.plesk.page\/fr\/wp-json\/wp\/v2\/types\/product"}],"replies":[{"embeddable":true,"href":"https:\/\/unruffled-ardinghelli.108-175-3-191.plesk.page\/fr\/wp-json\/wp\/v2\/comments?post=7111"}],"wp:featuredmedia":[{"embeddable":true,"href":"https:\/\/unruffled-ardinghelli.108-175-3-191.plesk.page\/fr\/wp-json\/wp\/v2\/media\/7113"}],"wp:attachment":[{"href":"https:\/\/unruffled-ardinghelli.108-175-3-191.plesk.page\/fr\/wp-json\/wp\/v2\/media?parent=7111"}],"wp:term":[{"taxonomy":"product_brand","embeddable":true,"href":"https:\/\/unruffled-ardinghelli.108-175-3-191.plesk.page\/fr\/wp-json\/wp\/v2\/product_brand?post=7111"},{"taxonomy":"product_cat","embeddable":true,"href":"https:\/\/unruffled-ardinghelli.108-175-3-191.plesk.page\/fr\/wp-json\/wp\/v2\/product_cat?post=7111"},{"taxonomy":"product_tag","embeddable":true,"href":"https:\/\/unruffled-ardinghelli.108-175-3-191.plesk.page\/fr\/wp-json\/wp\/v2\/product_tag?post=7111"}],"curies":[{"name":"wp","href":"https:\/\/api.w.org\/{rel}","templated":true}]}}