{"id":7078,"date":"2025-11-16T03:40:23","date_gmt":"2025-11-16T03:40:23","guid":{"rendered":"https:\/\/unruffled-ardinghelli.108-175-3-191.plesk.page\/product\/dodge-mopar-srt\/"},"modified":"2026-01-22T02:49:52","modified_gmt":"2026-01-22T02:49:52","slug":"dodge-mopar-srt","status":"publish","type":"product","link":"https:\/\/unruffled-ardinghelli.108-175-3-191.plesk.page\/fr\/produit\/dodge-mopar-srt\/","title":{"rendered":"Dodge \u2013 Mopar \u2013 SRT"},"content":{"rendered":"<h3 data-start=\"75\" data-end=\"115\"><strong data-start=\"79\" data-end=\"113\">Dodge Mopar \u2013 SRT \u2013 Hemi \u2013 RAM<\/strong><\/h3>\n<p data-start=\"117\" data-end=\"346\"><strong data-start=\"117\" data-end=\"175\">MOPAR, JEEP, DODGE, HEMI, PLYMOUTH, RAM, SRT, CHRYSLER<\/strong> et les logos associ\u00e9s, noms de mod\u00e8les et \u00e9l\u00e9ments visuels sont des marques d\u00e9pos\u00e9es de <strong data-start=\"264\" data-end=\"278\">FCA US LLC<\/strong> et utilis\u00e9s sous licence par (nom du licenci\u00e9). \u00a9 2016 FCA US LLC<\/p>\n<p data-start=\"348\" data-end=\"608\">Cr\u00e9ez un look unique avec ce kit officiel <strong data-start=\"390\" data-end=\"405\">Dodge Mopar<\/strong> en combinant les styles <strong data-start=\"430\" data-end=\"445\">haut et bas<\/strong>. S\u00e9lectionnez chaque design pour le haut et le bas du pneu. Vous pouvez les garder identiques ou les m\u00e9langer ! Ajoutez les symboles sans frais suppl\u00e9mentaires.<\/p>\n<p data-start=\"610\" data-end=\"706\">Pour toute <strong data-start=\"621\" data-end=\"652\">demande de personnalisation<\/strong>, saisissez vos instructions dans la <strong data-start=\"689\" data-end=\"703\">case NOTES<\/strong>.<\/p>\n<p data-start=\"708\" data-end=\"1038\">Ce kit comprend <strong data-start=\"724\" data-end=\"756\">4 d\u00e9calcomanies pour le haut<\/strong> et <strong data-start=\"760\" data-end=\"777\">4 pour le bas<\/strong> du pneu. Vous pouvez s\u00e9lectionner des designs diff\u00e9rents pour le haut et le bas. Disponible en <strong data-start=\"873\" data-end=\"898\">Pelable &amp; autocollant<\/strong> ou en <strong data-start=\"905\" data-end=\"953\">lettres en caoutchouc sur\u00e9lev\u00e9es permanentes<\/strong>. Pour des designs personnalis\u00e9s, veuillez revenir \u00e0 <strong data-start=\"1006\" data-end=\"1035\">Cr\u00e9er votre propre design<\/strong>.<\/p>\n<h3 data-start=\"1040\" data-end=\"1072\"><strong data-start=\"1044\" data-end=\"1070\">GUIDES D\u2019APPLICATION :<\/strong><\/h3>\n<ul data-start=\"1073\" data-end=\"1183\">\n<li data-start=\"1073\" data-end=\"1136\">\n<p data-start=\"1075\" data-end=\"1136\">Semi-permanent : Guide d\u2019application pelable et autocollant<\/p>\n<\/li>\n<li data-start=\"1137\" data-end=\"1183\">\n<p data-start=\"1139\" data-end=\"1183\">Permanent : Guide d\u2019application permanente<\/p>\n<\/li>\n<\/ul>\n<p data-start=\"1185\" data-end=\"1275\">Pour plus d\u2019informations sur ce produit, consultez le <strong data-start=\"1239\" data-end=\"1272\">Guide de s\u00e9lection du produit<\/strong>.<\/p>\n","protected":false},"excerpt":{"rendered":"<p>Dodge Mopar \u2013 SRT \u2013 Hemi \u2013 RAM MOPAR, JEEP, DODGE, HEMI, PLYMOUTH, RAM, SRT, CHRYSLER et les logos associ\u00e9s, noms de mod\u00e8les et \u00e9l\u00e9ments visuels sont des marques d\u00e9pos\u00e9es de FCA US LLC et utilis\u00e9s sous licence par (nom du licenci\u00e9). \u00a9 2016 FCA US LLC Cr\u00e9ez un look unique avec ce kit officiel [&hellip;]<\/p>\n","protected":false},"featured_media":7080,"comment_status":"open","ping_status":"closed","template":"","meta":[],"product_brand":[],"product_cat":[60,51,59],"product_tag":[],"class_list":{"0":"post-7078","1":"product","2":"type-product","3":"status-publish","4":"has-post-thumbnail","6":"product_cat-automotive-other-brands","7":"product_cat-featured","8":"product_cat-tire-lettering","10":"first","11":"instock","12":"sale","13":"taxable","14":"shipping-taxable","15":"purchasable","16":"product-type-variable"},"_links":{"self":[{"href":"https:\/\/unruffled-ardinghelli.108-175-3-191.plesk.page\/fr\/wp-json\/wp\/v2\/product\/7078","targetHints":{"allow":["GET"]}}],"collection":[{"href":"https:\/\/unruffled-ardinghelli.108-175-3-191.plesk.page\/fr\/wp-json\/wp\/v2\/product"}],"about":[{"href":"https:\/\/unruffled-ardinghelli.108-175-3-191.plesk.page\/fr\/wp-json\/wp\/v2\/types\/product"}],"replies":[{"embeddable":true,"href":"https:\/\/unruffled-ardinghelli.108-175-3-191.plesk.page\/fr\/wp-json\/wp\/v2\/comments?post=7078"}],"wp:featuredmedia":[{"embeddable":true,"href":"https:\/\/unruffled-ardinghelli.108-175-3-191.plesk.page\/fr\/wp-json\/wp\/v2\/media\/7080"}],"wp:attachment":[{"href":"https:\/\/unruffled-ardinghelli.108-175-3-191.plesk.page\/fr\/wp-json\/wp\/v2\/media?parent=7078"}],"wp:term":[{"taxonomy":"product_brand","embeddable":true,"href":"https:\/\/unruffled-ardinghelli.108-175-3-191.plesk.page\/fr\/wp-json\/wp\/v2\/product_brand?post=7078"},{"taxonomy":"product_cat","embeddable":true,"href":"https:\/\/unruffled-ardinghelli.108-175-3-191.plesk.page\/fr\/wp-json\/wp\/v2\/product_cat?post=7078"},{"taxonomy":"product_tag","embeddable":true,"href":"https:\/\/unruffled-ardinghelli.108-175-3-191.plesk.page\/fr\/wp-json\/wp\/v2\/product_tag?post=7078"}],"curies":[{"name":"wp","href":"https:\/\/api.w.org\/{rel}","templated":true}]}}