{"id":7056,"date":"2025-11-16T03:40:35","date_gmt":"2025-11-16T03:40:35","guid":{"rendered":"https:\/\/unruffled-ardinghelli.108-175-3-191.plesk.page\/product\/nitto-nt01\/"},"modified":"2026-01-22T02:48:54","modified_gmt":"2026-01-22T02:48:54","slug":"nitto-nt01","status":"publish","type":"product","link":"https:\/\/unruffled-ardinghelli.108-175-3-191.plesk.page\/fr\/produit\/nitto-nt01\/","title":{"rendered":"Nitto NT01"},"content":{"rendered":"<h3 data-start=\"88\" data-end=\"131\"><strong data-start=\"92\" data-end=\"129\">D\u00e9calcomanies de pneus Nitto NT01<\/strong><\/h3>\n<p data-start=\"133\" data-end=\"288\">Les <strong data-start=\"137\" data-end=\"192\">kits de lettres en caoutchouc sur\u00e9lev\u00e9es Nitto NT01<\/strong> sont d\u00e9sormais disponibles. Veuillez remplir les champs ci-dessus pour passer votre commande.<\/p>\n<p data-start=\"290\" data-end=\"377\">Pour des <strong data-start=\"299\" data-end=\"324\">designs personnalis\u00e9s<\/strong>, veuillez revenir \u00e0 <strong data-start=\"345\" data-end=\"374\">Cr\u00e9er votre propre design<\/strong>.<\/p>\n<h3 data-start=\"379\" data-end=\"411\"><strong data-start=\"383\" data-end=\"409\">GUIDES D\u2019APPLICATION :<\/strong><\/h3>\n<ul data-start=\"412\" data-end=\"522\">\n<li data-start=\"412\" data-end=\"475\">\n<p data-start=\"414\" data-end=\"475\">Semi-permanent : Guide d\u2019application pelable et autocollant<\/p>\n<\/li>\n<li data-start=\"476\" data-end=\"522\">\n<p data-start=\"478\" data-end=\"522\">Permanent : Guide d\u2019application permanente<\/p>\n<\/li>\n<\/ul>\n<p data-start=\"524\" data-end=\"614\">Pour plus d\u2019informations sur ce produit, consultez le <strong data-start=\"578\" data-end=\"611\">Guide de s\u00e9lection du produit<\/strong>.<\/p>\n","protected":false},"excerpt":{"rendered":"<p>D\u00e9calcomanies de pneus Nitto NT01 Les kits de lettres en caoutchouc sur\u00e9lev\u00e9es Nitto NT01 sont d\u00e9sormais disponibles. Veuillez remplir les champs ci-dessus pour passer votre commande. Pour des designs personnalis\u00e9s, veuillez revenir \u00e0 Cr\u00e9er votre propre design. GUIDES D\u2019APPLICATION : Semi-permanent : Guide d\u2019application pelable et autocollant Permanent : Guide d\u2019application permanente Pour plus d\u2019informations [&hellip;]<\/p>\n","protected":false},"featured_media":7058,"comment_status":"open","ping_status":"closed","template":"","meta":[],"product_brand":[39],"product_cat":[51,59],"product_tag":[],"class_list":{"0":"post-7056","1":"product","2":"type-product","3":"status-publish","4":"has-post-thumbnail","6":"product_brand-nitto","7":"product_cat-featured","8":"product_cat-tire-lettering","10":"first","11":"instock","12":"sale","13":"taxable","14":"shipping-taxable","15":"purchasable","16":"product-type-variable"},"_links":{"self":[{"href":"https:\/\/unruffled-ardinghelli.108-175-3-191.plesk.page\/fr\/wp-json\/wp\/v2\/product\/7056","targetHints":{"allow":["GET"]}}],"collection":[{"href":"https:\/\/unruffled-ardinghelli.108-175-3-191.plesk.page\/fr\/wp-json\/wp\/v2\/product"}],"about":[{"href":"https:\/\/unruffled-ardinghelli.108-175-3-191.plesk.page\/fr\/wp-json\/wp\/v2\/types\/product"}],"replies":[{"embeddable":true,"href":"https:\/\/unruffled-ardinghelli.108-175-3-191.plesk.page\/fr\/wp-json\/wp\/v2\/comments?post=7056"}],"wp:featuredmedia":[{"embeddable":true,"href":"https:\/\/unruffled-ardinghelli.108-175-3-191.plesk.page\/fr\/wp-json\/wp\/v2\/media\/7058"}],"wp:attachment":[{"href":"https:\/\/unruffled-ardinghelli.108-175-3-191.plesk.page\/fr\/wp-json\/wp\/v2\/media?parent=7056"}],"wp:term":[{"taxonomy":"product_brand","embeddable":true,"href":"https:\/\/unruffled-ardinghelli.108-175-3-191.plesk.page\/fr\/wp-json\/wp\/v2\/product_brand?post=7056"},{"taxonomy":"product_cat","embeddable":true,"href":"https:\/\/unruffled-ardinghelli.108-175-3-191.plesk.page\/fr\/wp-json\/wp\/v2\/product_cat?post=7056"},{"taxonomy":"product_tag","embeddable":true,"href":"https:\/\/unruffled-ardinghelli.108-175-3-191.plesk.page\/fr\/wp-json\/wp\/v2\/product_tag?post=7056"}],"curies":[{"name":"wp","href":"https:\/\/api.w.org\/{rel}","templated":true}]}}