{"id":7034,"date":"2025-11-16T03:40:39","date_gmt":"2025-11-16T03:40:39","guid":{"rendered":"https:\/\/unruffled-ardinghelli.108-175-3-191.plesk.page\/product\/mickey-thompson-tires\/"},"modified":"2026-01-22T02:47:59","modified_gmt":"2026-01-22T02:47:59","slug":"mickey-thompson","status":"publish","type":"product","link":"https:\/\/unruffled-ardinghelli.108-175-3-191.plesk.page\/fr\/produit\/mickey-thompson\/","title":{"rendered":"Mickey Thompson"},"content":{"rendered":"<h3 data-start=\"99\" data-end=\"151\"><strong data-start=\"103\" data-end=\"149\">Kits de lettres de pneus Mickey Thompson !<\/strong><\/h3>\n<p data-start=\"153\" data-end=\"358\">Disponible en <strong data-start=\"167\" data-end=\"199\">styles Pelable &amp; autocollant<\/strong> ou <strong data-start=\"203\" data-end=\"251\">lettres en caoutchouc sur\u00e9lev\u00e9es permanentes<\/strong>. Pour des <strong data-start=\"262\" data-end=\"305\">designs personnalis\u00e9s dans cette police<\/strong>, veuillez revenir \u00e0 <strong data-start=\"326\" data-end=\"355\">Cr\u00e9er votre propre design<\/strong>.<\/p>\n<p data-start=\"360\" data-end=\"502\">Veuillez s\u00e9lectionner le <strong data-start=\"385\" data-end=\"409\">type de Tire Sticker<\/strong>, la <strong data-start=\"414\" data-end=\"435\">taille de la roue<\/strong>, la <strong data-start=\"440\" data-end=\"463\">hauteur des lettres<\/strong> ainsi que la <strong data-start=\"477\" data-end=\"489\">quantit\u00e9<\/strong> souhait\u00e9e.<\/p>\n<h3 data-start=\"504\" data-end=\"536\"><strong data-start=\"508\" data-end=\"534\">GUIDES D\u2019APPLICATION :<\/strong><\/h3>\n<ul data-start=\"537\" data-end=\"647\">\n<li data-start=\"537\" data-end=\"600\">\n<p data-start=\"539\" data-end=\"600\">Semi-permanent : Guide d\u2019application pelable et autocollant<\/p>\n<\/li>\n<li data-start=\"601\" data-end=\"647\">\n<p data-start=\"603\" data-end=\"647\">Permanent : Guide d\u2019application permanente<\/p>\n<\/li>\n<\/ul>\n<p data-start=\"649\" data-end=\"739\">Pour plus d\u2019informations sur ce produit, consultez le <strong data-start=\"703\" data-end=\"736\">Guide de s\u00e9lection du produit<\/strong>.<\/p>\n","protected":false},"excerpt":{"rendered":"<p>Kits de lettres de pneus Mickey Thompson ! Disponible en styles Pelable &amp; autocollant ou lettres en caoutchouc sur\u00e9lev\u00e9es permanentes. Pour des designs personnalis\u00e9s dans cette police, veuillez revenir \u00e0 Cr\u00e9er votre propre design. Veuillez s\u00e9lectionner le type de Tire Sticker, la taille de la roue, la hauteur des lettres ainsi que la quantit\u00e9 souhait\u00e9e. [&hellip;]<\/p>\n","protected":false},"featured_media":7036,"comment_status":"open","ping_status":"closed","template":"","meta":[],"product_brand":[37],"product_cat":[51,59],"product_tag":[],"class_list":{"0":"post-7034","1":"product","2":"type-product","3":"status-publish","4":"has-post-thumbnail","6":"product_brand-mickey-thompson","7":"product_cat-featured","8":"product_cat-tire-lettering","10":"first","11":"instock","12":"sale","13":"taxable","14":"shipping-taxable","15":"purchasable","16":"product-type-variable"},"_links":{"self":[{"href":"https:\/\/unruffled-ardinghelli.108-175-3-191.plesk.page\/fr\/wp-json\/wp\/v2\/product\/7034","targetHints":{"allow":["GET"]}}],"collection":[{"href":"https:\/\/unruffled-ardinghelli.108-175-3-191.plesk.page\/fr\/wp-json\/wp\/v2\/product"}],"about":[{"href":"https:\/\/unruffled-ardinghelli.108-175-3-191.plesk.page\/fr\/wp-json\/wp\/v2\/types\/product"}],"replies":[{"embeddable":true,"href":"https:\/\/unruffled-ardinghelli.108-175-3-191.plesk.page\/fr\/wp-json\/wp\/v2\/comments?post=7034"}],"wp:featuredmedia":[{"embeddable":true,"href":"https:\/\/unruffled-ardinghelli.108-175-3-191.plesk.page\/fr\/wp-json\/wp\/v2\/media\/7036"}],"wp:attachment":[{"href":"https:\/\/unruffled-ardinghelli.108-175-3-191.plesk.page\/fr\/wp-json\/wp\/v2\/media?parent=7034"}],"wp:term":[{"taxonomy":"product_brand","embeddable":true,"href":"https:\/\/unruffled-ardinghelli.108-175-3-191.plesk.page\/fr\/wp-json\/wp\/v2\/product_brand?post=7034"},{"taxonomy":"product_cat","embeddable":true,"href":"https:\/\/unruffled-ardinghelli.108-175-3-191.plesk.page\/fr\/wp-json\/wp\/v2\/product_cat?post=7034"},{"taxonomy":"product_tag","embeddable":true,"href":"https:\/\/unruffled-ardinghelli.108-175-3-191.plesk.page\/fr\/wp-json\/wp\/v2\/product_tag?post=7034"}],"curies":[{"name":"wp","href":"https:\/\/api.w.org\/{rel}","templated":true}]}}