{"id":7005,"date":"2025-11-16T03:40:50","date_gmt":"2025-11-16T03:40:50","guid":{"rendered":"https:\/\/unruffled-ardinghelli.108-175-3-191.plesk.page\/product\/achilles-tire-stickers\/"},"modified":"2026-01-22T02:46:42","modified_gmt":"2026-01-22T02:46:42","slug":"achilles","status":"publish","type":"product","link":"https:\/\/unruffled-ardinghelli.108-175-3-191.plesk.page\/fr\/produit\/achilles\/","title":{"rendered":"Achilles"},"content":{"rendered":"<h3 data-start=\"90\" data-end=\"157\"><strong data-start=\"94\" data-end=\"155\">Achilles Tire \u2013 Lettres blanches maintenant disponibles !<\/strong><\/h3>\n<p data-start=\"159\" data-end=\"466\">Les <strong data-start=\"163\" data-end=\"206\">d\u00e9calcomanies officielles Achilles Tire<\/strong> sont maintenant disponibles dans notre boutique ! Choisissez entre <strong data-start=\"274\" data-end=\"306\">sets de 4 ou 8 d\u00e9calcomanies<\/strong>. Merci de nous indiquer dans la <strong data-start=\"339\" data-end=\"353\">zone NOTES<\/strong> toute demande sp\u00e9ciale ou tout commentaire pouvant aider \u00e0 la cr\u00e9ation de votre <strong data-start=\"434\" data-end=\"463\">Tire Sticker personnalis\u00e9<\/strong>.<\/p>\n<h3 data-start=\"468\" data-end=\"495\"><strong data-start=\"472\" data-end=\"493\">Ce kit comprend :<\/strong><\/h3>\n<ul data-start=\"496\" data-end=\"774\">\n<li data-start=\"496\" data-end=\"532\">\n<p data-start=\"498\" data-end=\"532\">4 d\u00e9calcomanies pour le <strong data-start=\"522\" data-end=\"530\">haut<\/strong><\/p>\n<\/li>\n<li data-start=\"533\" data-end=\"603\">\n<p data-start=\"535\" data-end=\"603\">4 d\u00e9calcomanies pour le <strong data-start=\"559\" data-end=\"566\">bas<\/strong> (si set de 8 d\u00e9calcomanies choisi)<\/p>\n<\/li>\n<li data-start=\"604\" data-end=\"628\">\n<p data-start=\"606\" data-end=\"628\">Guide d\u2019instructions<\/p>\n<\/li>\n<li data-start=\"629\" data-end=\"671\">\n<p data-start=\"631\" data-end=\"671\">Adh\u00e9sif <strong data-start=\"639\" data-end=\"652\">fleXement<\/strong> pour application<\/p>\n<\/li>\n<li data-start=\"672\" data-end=\"709\">\n<p data-start=\"674\" data-end=\"709\">Gants de protection en caoutchouc<\/p>\n<\/li>\n<li data-start=\"710\" data-end=\"774\">\n<p data-start=\"712\" data-end=\"774\">Flacon gratuit de nettoyant <strong data-start=\"740\" data-end=\"757\">Rubber Bright<\/strong> pour retouches<\/p>\n<\/li>\n<\/ul>\n<p data-start=\"776\" data-end=\"918\">Veuillez s\u00e9lectionner le <strong data-start=\"801\" data-end=\"825\">type de Tire Sticker<\/strong>, la <strong data-start=\"830\" data-end=\"851\">taille de la roue<\/strong>, la <strong data-start=\"856\" data-end=\"879\">hauteur des lettres<\/strong> ainsi que la <strong data-start=\"893\" data-end=\"905\">quantit\u00e9<\/strong> souhait\u00e9e.<\/p>\n<h3 data-start=\"920\" data-end=\"952\"><strong data-start=\"924\" data-end=\"950\">GUIDES D\u2019APPLICATION :<\/strong><\/h3>\n<ul data-start=\"953\" data-end=\"1063\">\n<li data-start=\"953\" data-end=\"1016\">\n<p data-start=\"955\" data-end=\"1016\">Semi-permanent : Guide d\u2019application pelable et autocollant<\/p>\n<\/li>\n<li data-start=\"1017\" data-end=\"1063\">\n<p data-start=\"1019\" data-end=\"1063\">Permanent : Guide d\u2019application permanente<\/p>\n<\/li>\n<\/ul>\n<h3 data-start=\"1065\" data-end=\"1124\"><strong data-start=\"1069\" data-end=\"1122\">Directives g\u00e9n\u00e9rales de dimensionnement des pneus<\/strong><\/h3>\n<p data-start=\"1125\" data-end=\"1467\">Utilisez le tableau de dimensionnement ci-dessous pour guider votre choix. Identifiez le <strong data-start=\"1214\" data-end=\"1241\">rapport hauteur\/largeur<\/strong> ou la <strong data-start=\"1248\" data-end=\"1257\">s\u00e9rie<\/strong> (g\u00e9n\u00e9ralement le nombre central de la sp\u00e9cification du pneu) et reportez-vous au tableau. Note : certains pneus peuvent avoir un rapport unique en dehors de ces directives ; en cas de doute, contactez-nous !<\/p>\n<p data-start=\"1469\" data-end=\"1559\">Pour plus d\u2019informations sur ce produit, consultez le <strong data-start=\"1523\" data-end=\"1556\">Guide de s\u00e9lection du produit<\/strong>.<\/p>\n","protected":false},"excerpt":{"rendered":"<p>Achilles Tire \u2013 Lettres blanches maintenant disponibles ! Les d\u00e9calcomanies officielles Achilles Tire sont maintenant disponibles dans notre boutique ! Choisissez entre sets de 4 ou 8 d\u00e9calcomanies. Merci de nous indiquer dans la zone NOTES toute demande sp\u00e9ciale ou tout commentaire pouvant aider \u00e0 la cr\u00e9ation de votre Tire Sticker personnalis\u00e9. Ce kit comprend [&hellip;]<\/p>\n","protected":false},"featured_media":7007,"comment_status":"open","ping_status":"closed","template":"","meta":[],"product_brand":[24],"product_cat":[59],"product_tag":[],"class_list":{"0":"post-7005","1":"product","2":"type-product","3":"status-publish","4":"has-post-thumbnail","6":"product_brand-achilles","7":"product_cat-tire-lettering","9":"first","10":"instock","11":"sale","12":"taxable","13":"shipping-taxable","14":"purchasable","15":"product-type-variable"},"_links":{"self":[{"href":"https:\/\/unruffled-ardinghelli.108-175-3-191.plesk.page\/fr\/wp-json\/wp\/v2\/product\/7005","targetHints":{"allow":["GET"]}}],"collection":[{"href":"https:\/\/unruffled-ardinghelli.108-175-3-191.plesk.page\/fr\/wp-json\/wp\/v2\/product"}],"about":[{"href":"https:\/\/unruffled-ardinghelli.108-175-3-191.plesk.page\/fr\/wp-json\/wp\/v2\/types\/product"}],"replies":[{"embeddable":true,"href":"https:\/\/unruffled-ardinghelli.108-175-3-191.plesk.page\/fr\/wp-json\/wp\/v2\/comments?post=7005"}],"wp:featuredmedia":[{"embeddable":true,"href":"https:\/\/unruffled-ardinghelli.108-175-3-191.plesk.page\/fr\/wp-json\/wp\/v2\/media\/7007"}],"wp:attachment":[{"href":"https:\/\/unruffled-ardinghelli.108-175-3-191.plesk.page\/fr\/wp-json\/wp\/v2\/media?parent=7005"}],"wp:term":[{"taxonomy":"product_brand","embeddable":true,"href":"https:\/\/unruffled-ardinghelli.108-175-3-191.plesk.page\/fr\/wp-json\/wp\/v2\/product_brand?post=7005"},{"taxonomy":"product_cat","embeddable":true,"href":"https:\/\/unruffled-ardinghelli.108-175-3-191.plesk.page\/fr\/wp-json\/wp\/v2\/product_cat?post=7005"},{"taxonomy":"product_tag","embeddable":true,"href":"https:\/\/unruffled-ardinghelli.108-175-3-191.plesk.page\/fr\/wp-json\/wp\/v2\/product_tag?post=7005"}],"curies":[{"name":"wp","href":"https:\/\/api.w.org\/{rel}","templated":true}]}}