{"id":6989,"date":"2025-11-16T03:40:53","date_gmt":"2025-11-16T03:40:53","guid":{"rendered":"https:\/\/unruffled-ardinghelli.108-175-3-191.plesk.page\/product\/bf-goodrich-g-force\/"},"modified":"2026-01-22T02:45:39","modified_gmt":"2026-01-22T02:45:39","slug":"bf-goodrich-g-force","status":"publish","type":"product","link":"https:\/\/unruffled-ardinghelli.108-175-3-191.plesk.page\/fr\/produit\/bf-goodrich-g-force\/","title":{"rendered":"BF Goodrich G-Force"},"content":{"rendered":"<h3 data-start=\"77\" data-end=\"131\"><strong data-start=\"81\" data-end=\"129\">BF GOODRICH G-FORCE \u2013 D\u00e9calcomanies de pneus<\/strong><\/h3>\n<p data-start=\"133\" data-end=\"282\">Les <strong data-start=\"137\" data-end=\"174\">d\u00e9calcomanies BF GOODRICH G-FORCE<\/strong> sont disponibles en <strong data-start=\"195\" data-end=\"224\">kit Pelable &amp; autocollant<\/strong> ou en <strong data-start=\"231\" data-end=\"279\">lettres en caoutchouc sur\u00e9lev\u00e9es permanentes<\/strong>.<\/p>\n<h3 data-start=\"284\" data-end=\"316\"><strong data-start=\"288\" data-end=\"314\">GUIDES D\u2019APPLICATION :<\/strong><\/h3>\n<ul data-start=\"317\" data-end=\"427\">\n<li data-start=\"317\" data-end=\"380\">\n<p data-start=\"319\" data-end=\"380\">Semi-permanent : Guide d\u2019application pelable et autocollant<\/p>\n<\/li>\n<li data-start=\"381\" data-end=\"427\">\n<p data-start=\"383\" data-end=\"427\">Permanent : Guide d\u2019application permanente<\/p>\n<\/li>\n<\/ul>\n<p data-start=\"429\" data-end=\"519\">Pour plus d\u2019informations sur ce produit, consultez le <strong data-start=\"483\" data-end=\"516\">Guide de s\u00e9lection du produit<\/strong>.<\/p>\n","protected":false},"excerpt":{"rendered":"<p>BF GOODRICH G-FORCE \u2013 D\u00e9calcomanies de pneus Les d\u00e9calcomanies BF GOODRICH G-FORCE sont disponibles en kit Pelable &amp; autocollant ou en lettres en caoutchouc sur\u00e9lev\u00e9es permanentes. GUIDES D\u2019APPLICATION : Semi-permanent : Guide d\u2019application pelable et autocollant Permanent : Guide d\u2019application permanente Pour plus d\u2019informations sur ce produit, consultez le Guide de s\u00e9lection du produit.<\/p>\n","protected":false},"featured_media":6990,"comment_status":"open","ping_status":"closed","template":"","meta":[],"product_brand":[26],"product_cat":[59],"product_tag":[],"class_list":{"0":"post-6989","1":"product","2":"type-product","3":"status-publish","4":"has-post-thumbnail","6":"product_brand-bf-goodrich","7":"product_cat-tire-lettering","9":"first","10":"instock","11":"sale","12":"taxable","13":"shipping-taxable","14":"purchasable","15":"product-type-variable"},"_links":{"self":[{"href":"https:\/\/unruffled-ardinghelli.108-175-3-191.plesk.page\/fr\/wp-json\/wp\/v2\/product\/6989","targetHints":{"allow":["GET"]}}],"collection":[{"href":"https:\/\/unruffled-ardinghelli.108-175-3-191.plesk.page\/fr\/wp-json\/wp\/v2\/product"}],"about":[{"href":"https:\/\/unruffled-ardinghelli.108-175-3-191.plesk.page\/fr\/wp-json\/wp\/v2\/types\/product"}],"replies":[{"embeddable":true,"href":"https:\/\/unruffled-ardinghelli.108-175-3-191.plesk.page\/fr\/wp-json\/wp\/v2\/comments?post=6989"}],"wp:featuredmedia":[{"embeddable":true,"href":"https:\/\/unruffled-ardinghelli.108-175-3-191.plesk.page\/fr\/wp-json\/wp\/v2\/media\/6990"}],"wp:attachment":[{"href":"https:\/\/unruffled-ardinghelli.108-175-3-191.plesk.page\/fr\/wp-json\/wp\/v2\/media?parent=6989"}],"wp:term":[{"taxonomy":"product_brand","embeddable":true,"href":"https:\/\/unruffled-ardinghelli.108-175-3-191.plesk.page\/fr\/wp-json\/wp\/v2\/product_brand?post=6989"},{"taxonomy":"product_cat","embeddable":true,"href":"https:\/\/unruffled-ardinghelli.108-175-3-191.plesk.page\/fr\/wp-json\/wp\/v2\/product_cat?post=6989"},{"taxonomy":"product_tag","embeddable":true,"href":"https:\/\/unruffled-ardinghelli.108-175-3-191.plesk.page\/fr\/wp-json\/wp\/v2\/product_tag?post=6989"}],"curies":[{"name":"wp","href":"https:\/\/api.w.org\/{rel}","templated":true}]}}