{"id":6944,"date":"2025-11-16T03:40:57","date_gmt":"2025-11-16T03:40:57","guid":{"rendered":"https:\/\/unruffled-ardinghelli.108-175-3-191.plesk.page\/product\/delinte-tire-stickers\/"},"modified":"2026-01-22T02:42:50","modified_gmt":"2026-01-22T02:42:50","slug":"delinte","status":"publish","type":"product","link":"https:\/\/unruffled-ardinghelli.108-175-3-191.plesk.page\/fr\/produit\/delinte\/","title":{"rendered":"Delinte"},"content":{"rendered":"<h3 data-start=\"89\" data-end=\"169\"><strong data-start=\"93\" data-end=\"167\">Delinte Tire \u2013 Lettres de pneu personnalis\u00e9es maintenant disponibles !<\/strong><\/h3>\n<p data-start=\"171\" data-end=\"477\">Les <strong data-start=\"175\" data-end=\"217\">d\u00e9calcomanies officielles Delinte Tire<\/strong> sont maintenant disponibles dans notre boutique ! Choisissez entre <strong data-start=\"285\" data-end=\"317\">sets de 4 ou 8 d\u00e9calcomanies<\/strong>. Merci de nous indiquer dans la <strong data-start=\"350\" data-end=\"364\">zone NOTES<\/strong> toute demande sp\u00e9ciale ou tout commentaire pouvant aider \u00e0 la cr\u00e9ation de votre <strong data-start=\"445\" data-end=\"474\">Tire Sticker personnalis\u00e9<\/strong>.<\/p>\n<h3 data-start=\"479\" data-end=\"506\"><strong data-start=\"483\" data-end=\"504\">Ce kit comprend :<\/strong><\/h3>\n<ul data-start=\"507\" data-end=\"785\">\n<li data-start=\"507\" data-end=\"543\">\n<p data-start=\"509\" data-end=\"543\">4 d\u00e9calcomanies pour le <strong data-start=\"533\" data-end=\"541\">haut<\/strong><\/p>\n<\/li>\n<li data-start=\"544\" data-end=\"614\">\n<p data-start=\"546\" data-end=\"614\">4 d\u00e9calcomanies pour le <strong data-start=\"570\" data-end=\"577\">bas<\/strong> (si set de 8 d\u00e9calcomanies choisi)<\/p>\n<\/li>\n<li data-start=\"615\" data-end=\"639\">\n<p data-start=\"617\" data-end=\"639\">Guide d\u2019instructions<\/p>\n<\/li>\n<li data-start=\"640\" data-end=\"682\">\n<p data-start=\"642\" data-end=\"682\">Adh\u00e9sif <strong data-start=\"650\" data-end=\"663\">fleXement<\/strong> pour application<\/p>\n<\/li>\n<li data-start=\"683\" data-end=\"720\">\n<p data-start=\"685\" data-end=\"720\">Gants de protection en caoutchouc<\/p>\n<\/li>\n<li data-start=\"721\" data-end=\"785\">\n<p data-start=\"723\" data-end=\"785\">Flacon gratuit de nettoyant <strong data-start=\"751\" data-end=\"768\">Rubber Bright<\/strong> pour retouches<\/p>\n<\/li>\n<\/ul>\n<p data-start=\"787\" data-end=\"929\">Veuillez s\u00e9lectionner le <strong data-start=\"812\" data-end=\"836\">type de Tire Sticker<\/strong>, la <strong data-start=\"841\" data-end=\"862\">taille de la roue<\/strong>, la <strong data-start=\"867\" data-end=\"890\">hauteur des lettres<\/strong> ainsi que la <strong data-start=\"904\" data-end=\"916\">quantit\u00e9<\/strong> souhait\u00e9e.<\/p>\n<h3 data-start=\"931\" data-end=\"963\"><strong data-start=\"935\" data-end=\"961\">GUIDES D\u2019APPLICATION :<\/strong><\/h3>\n<ul data-start=\"964\" data-end=\"1074\">\n<li data-start=\"964\" data-end=\"1027\">\n<p data-start=\"966\" data-end=\"1027\">Semi-permanent : Guide d\u2019application pelable et autocollant<\/p>\n<\/li>\n<li data-start=\"1028\" data-end=\"1074\">\n<p data-start=\"1030\" data-end=\"1074\">Permanent : Guide d\u2019application permanente<\/p>\n<\/li>\n<\/ul>\n<h3 data-start=\"1076\" data-end=\"1135\"><strong data-start=\"1080\" data-end=\"1133\">Directives g\u00e9n\u00e9rales de dimensionnement des pneus<\/strong><\/h3>\n<p data-start=\"1136\" data-end=\"1478\">Utilisez le tableau de dimensionnement ci-dessous pour guider votre choix. Identifiez le <strong data-start=\"1225\" data-end=\"1252\">rapport hauteur\/largeur<\/strong> ou la <strong data-start=\"1259\" data-end=\"1268\">s\u00e9rie<\/strong> (g\u00e9n\u00e9ralement le nombre central de la sp\u00e9cification du pneu) et reportez-vous au tableau. Note : certains pneus peuvent avoir un rapport unique en dehors de ces directives ; en cas de doute, contactez-nous !<\/p>\n<p data-start=\"1480\" data-end=\"1570\">Pour plus d\u2019informations sur ce produit, consultez le <strong data-start=\"1534\" data-end=\"1567\">Guide de s\u00e9lection du produit<\/strong>.<\/p>\n","protected":false},"excerpt":{"rendered":"<p>Delinte Tire \u2013 Lettres de pneu personnalis\u00e9es maintenant disponibles ! Les d\u00e9calcomanies officielles Delinte Tire sont maintenant disponibles dans notre boutique ! Choisissez entre sets de 4 ou 8 d\u00e9calcomanies. Merci de nous indiquer dans la zone NOTES toute demande sp\u00e9ciale ou tout commentaire pouvant aider \u00e0 la cr\u00e9ation de votre Tire Sticker personnalis\u00e9. Ce [&hellip;]<\/p>\n","protected":false},"featured_media":6946,"comment_status":"open","ping_status":"closed","template":"","meta":[],"product_brand":[29],"product_cat":[59],"product_tag":[],"class_list":{"0":"post-6944","1":"product","2":"type-product","3":"status-publish","4":"has-post-thumbnail","6":"product_brand-delinte","7":"product_cat-tire-lettering","9":"first","10":"instock","11":"sale","12":"taxable","13":"shipping-taxable","14":"purchasable","15":"product-type-variable"},"_links":{"self":[{"href":"https:\/\/unruffled-ardinghelli.108-175-3-191.plesk.page\/fr\/wp-json\/wp\/v2\/product\/6944","targetHints":{"allow":["GET"]}}],"collection":[{"href":"https:\/\/unruffled-ardinghelli.108-175-3-191.plesk.page\/fr\/wp-json\/wp\/v2\/product"}],"about":[{"href":"https:\/\/unruffled-ardinghelli.108-175-3-191.plesk.page\/fr\/wp-json\/wp\/v2\/types\/product"}],"replies":[{"embeddable":true,"href":"https:\/\/unruffled-ardinghelli.108-175-3-191.plesk.page\/fr\/wp-json\/wp\/v2\/comments?post=6944"}],"wp:featuredmedia":[{"embeddable":true,"href":"https:\/\/unruffled-ardinghelli.108-175-3-191.plesk.page\/fr\/wp-json\/wp\/v2\/media\/6946"}],"wp:attachment":[{"href":"https:\/\/unruffled-ardinghelli.108-175-3-191.plesk.page\/fr\/wp-json\/wp\/v2\/media?parent=6944"}],"wp:term":[{"taxonomy":"product_brand","embeddable":true,"href":"https:\/\/unruffled-ardinghelli.108-175-3-191.plesk.page\/fr\/wp-json\/wp\/v2\/product_brand?post=6944"},{"taxonomy":"product_cat","embeddable":true,"href":"https:\/\/unruffled-ardinghelli.108-175-3-191.plesk.page\/fr\/wp-json\/wp\/v2\/product_cat?post=6944"},{"taxonomy":"product_tag","embeddable":true,"href":"https:\/\/unruffled-ardinghelli.108-175-3-191.plesk.page\/fr\/wp-json\/wp\/v2\/product_tag?post=6944"}],"curies":[{"name":"wp","href":"https:\/\/api.w.org\/{rel}","templated":true}]}}