{"id":6908,"date":"2025-11-16T03:41:16","date_gmt":"2025-11-16T03:41:16","guid":{"rendered":"https:\/\/unruffled-ardinghelli.108-175-3-191.plesk.page\/product\/idlers-design\/"},"modified":"2026-01-22T02:39:19","modified_gmt":"2026-01-22T02:39:19","slug":"lettrage-de-pneus-idlers","status":"publish","type":"product","link":"https:\/\/unruffled-ardinghelli.108-175-3-191.plesk.page\/fr\/produit\/lettrage-de-pneus-idlers\/","title":{"rendered":"Lettrage de pneus Idlers"},"content":{"rendered":"<p data-start=\"92\" data-end=\"148\"><strong data-start=\"92\" data-end=\"146\">Lettrage de pneus Idlers \u2013 Maintenant disponible !<\/strong><\/p>\n<p data-start=\"150\" data-end=\"379\">Personnalisez le look de votre v\u00e9hicule avec ces <strong data-start=\"199\" data-end=\"242\">graphismes de pneus inspir\u00e9s par Idlers<\/strong>. Le kit <strong data-start=\"251\" data-end=\"275\">Idlers Tire Stickers<\/strong> est con\u00e7u dans la <strong data-start=\"294\" data-end=\"322\">police officielle Idlers<\/strong> et est disponible en <strong data-start=\"344\" data-end=\"376\">sets de 4 ou 8 d\u00e9calcomanies<\/strong>.<\/p>\n<h3 data-start=\"381\" data-end=\"408\"><strong data-start=\"385\" data-end=\"406\">Ce kit comprend :<\/strong><\/h3>\n<ul data-start=\"409\" data-end=\"610\">\n<li data-start=\"409\" data-end=\"457\">\n<p data-start=\"411\" data-end=\"457\">4 ou 8 d\u00e9calcomanies (selon votre s\u00e9lection)<\/p>\n<\/li>\n<li data-start=\"458\" data-end=\"536\">\n<p data-start=\"460\" data-end=\"536\">Types de produits disponibles : <strong data-start=\"492\" data-end=\"517\">Pelable &amp; autocollant<\/strong> ou <strong data-start=\"521\" data-end=\"534\">Permanent<\/strong><\/p>\n<\/li>\n<li data-start=\"537\" data-end=\"561\">\n<p data-start=\"539\" data-end=\"561\">Guide d\u2019instructions<\/p>\n<\/li>\n<li data-start=\"562\" data-end=\"610\">\n<p data-start=\"564\" data-end=\"610\">Adh\u00e9sif <strong data-start=\"572\" data-end=\"585\">fleXement<\/strong> et gants de protection<\/p>\n<\/li>\n<\/ul>\n<p data-start=\"612\" data-end=\"754\">Veuillez s\u00e9lectionner le <strong data-start=\"637\" data-end=\"661\">type de Tire Sticker<\/strong>, la <strong data-start=\"666\" data-end=\"687\">taille de la roue<\/strong>, la <strong data-start=\"692\" data-end=\"715\">hauteur des lettres<\/strong> ainsi que la <strong data-start=\"729\" data-end=\"741\">quantit\u00e9<\/strong> souhait\u00e9e.<\/p>\n<h3 data-start=\"756\" data-end=\"788\"><strong data-start=\"760\" data-end=\"786\">GUIDES D\u2019APPLICATION :<\/strong><\/h3>\n<ul data-start=\"789\" data-end=\"899\">\n<li data-start=\"789\" data-end=\"852\">\n<p data-start=\"791\" data-end=\"852\">Semi-permanent : Guide d\u2019application pelable et autocollant<\/p>\n<\/li>\n<li data-start=\"853\" data-end=\"899\">\n<p data-start=\"855\" data-end=\"899\">Permanent : Guide d\u2019application permanente<\/p>\n<\/li>\n<\/ul>\n<h3 data-start=\"901\" data-end=\"960\"><strong data-start=\"905\" data-end=\"958\">Directives g\u00e9n\u00e9rales de dimensionnement des pneus<\/strong><\/h3>\n<p data-start=\"961\" data-end=\"1303\">Utilisez le tableau de dimensionnement ci-dessous pour guider votre choix. Identifiez le <strong data-start=\"1050\" data-end=\"1077\">rapport hauteur\/largeur<\/strong> ou la <strong data-start=\"1084\" data-end=\"1093\">s\u00e9rie<\/strong> (g\u00e9n\u00e9ralement le nombre central de la sp\u00e9cification du pneu) et reportez-vous au tableau. Note : certains pneus peuvent avoir un rapport unique en dehors de ces directives ; en cas de doute, contactez-nous !<\/p>\n<p data-start=\"1305\" data-end=\"1395\">Pour plus d\u2019informations sur ce produit, consultez le <strong data-start=\"1359\" data-end=\"1392\">Guide de s\u00e9lection du produit<\/strong>.<\/p>\n","protected":false},"excerpt":{"rendered":"<p>Lettrage de pneus Idlers \u2013 Maintenant disponible ! Personnalisez le look de votre v\u00e9hicule avec ces graphismes de pneus inspir\u00e9s par Idlers. Le kit Idlers Tire Stickers est con\u00e7u dans la police officielle Idlers et est disponible en sets de 4 ou 8 d\u00e9calcomanies. Ce kit comprend : 4 ou 8 d\u00e9calcomanies (selon votre s\u00e9lection) [&hellip;]<\/p>\n","protected":false},"featured_media":6910,"comment_status":"open","ping_status":"closed","template":"","meta":[],"product_brand":[53],"product_cat":[60,59],"product_tag":[],"class_list":{"0":"post-6908","1":"product","2":"type-product","3":"status-publish","4":"has-post-thumbnail","6":"product_brand-idlers","7":"product_cat-automotive-other-brands","8":"product_cat-tire-lettering","10":"first","11":"instock","12":"sale","13":"taxable","14":"shipping-taxable","15":"purchasable","16":"product-type-variable"},"_links":{"self":[{"href":"https:\/\/unruffled-ardinghelli.108-175-3-191.plesk.page\/fr\/wp-json\/wp\/v2\/product\/6908","targetHints":{"allow":["GET"]}}],"collection":[{"href":"https:\/\/unruffled-ardinghelli.108-175-3-191.plesk.page\/fr\/wp-json\/wp\/v2\/product"}],"about":[{"href":"https:\/\/unruffled-ardinghelli.108-175-3-191.plesk.page\/fr\/wp-json\/wp\/v2\/types\/product"}],"replies":[{"embeddable":true,"href":"https:\/\/unruffled-ardinghelli.108-175-3-191.plesk.page\/fr\/wp-json\/wp\/v2\/comments?post=6908"}],"wp:featuredmedia":[{"embeddable":true,"href":"https:\/\/unruffled-ardinghelli.108-175-3-191.plesk.page\/fr\/wp-json\/wp\/v2\/media\/6910"}],"wp:attachment":[{"href":"https:\/\/unruffled-ardinghelli.108-175-3-191.plesk.page\/fr\/wp-json\/wp\/v2\/media?parent=6908"}],"wp:term":[{"taxonomy":"product_brand","embeddable":true,"href":"https:\/\/unruffled-ardinghelli.108-175-3-191.plesk.page\/fr\/wp-json\/wp\/v2\/product_brand?post=6908"},{"taxonomy":"product_cat","embeddable":true,"href":"https:\/\/unruffled-ardinghelli.108-175-3-191.plesk.page\/fr\/wp-json\/wp\/v2\/product_cat?post=6908"},{"taxonomy":"product_tag","embeddable":true,"href":"https:\/\/unruffled-ardinghelli.108-175-3-191.plesk.page\/fr\/wp-json\/wp\/v2\/product_tag?post=6908"}],"curies":[{"name":"wp","href":"https:\/\/api.w.org\/{rel}","templated":true}]}}