{"id":6881,"date":"2025-11-16T03:41:25","date_gmt":"2025-11-16T03:41:25","guid":{"rendered":"https:\/\/unruffled-ardinghelli.108-175-3-191.plesk.page\/product\/tire-lettering-with-stripe\/"},"modified":"2026-01-22T02:37:07","modified_gmt":"2026-01-22T02:37:07","slug":"lettrage-de-pneu-avec-bande","status":"publish","type":"product","link":"https:\/\/unruffled-ardinghelli.108-175-3-191.plesk.page\/fr\/produit\/lettrage-de-pneu-avec-bande\/","title":{"rendered":"Lettrage de pneu avec bande"},"content":{"rendered":"<h3 data-start=\"67\" data-end=\"159\"><strong data-start=\"71\" data-end=\"157\">Graphiques de pneus avec bande \u2013 Graphiques personnalis\u00e9s maintenant disponibles !<\/strong><\/h3>\n<p data-start=\"161\" data-end=\"509\">Personnalisez le look de votre v\u00e9hicule avec ces <strong data-start=\"210\" data-end=\"241\">graphismes de pneus \u00e0 bande<\/strong>. La longueur des lignes sera ajust\u00e9e en fonction du <strong data-start=\"294\" data-end=\"316\">texte personnalis\u00e9<\/strong> que vous saisissez. Chaque kit de bandes comprend <strong data-start=\"367\" data-end=\"405\">lettres et bandes pour les 4 pneus<\/strong>. Combinez et assortissez <strong data-start=\"431\" data-end=\"463\">phrases, couleurs et polices<\/strong> pour cr\u00e9er le design ultime pour vos pneus.<\/p>\n<h3 data-start=\"511\" data-end=\"538\"><strong data-start=\"515\" data-end=\"536\">Ce kit comprend :<\/strong><\/h3>\n<ul data-start=\"539\" data-end=\"710\">\n<li data-start=\"539\" data-end=\"585\">\n<p data-start=\"541\" data-end=\"585\">Bandes de pneus (suffisantes pour 4 pneus)<\/p>\n<\/li>\n<li data-start=\"586\" data-end=\"659\">\n<p data-start=\"588\" data-end=\"659\">Jusqu\u2019\u00e0 <strong data-start=\"596\" data-end=\"622\">12 caract\u00e8res par pneu<\/strong> \/ option pour texte suppl\u00e9mentaire<\/p>\n<\/li>\n<li data-start=\"660\" data-end=\"684\">\n<p data-start=\"662\" data-end=\"684\">Guide d\u2019instructions<\/p>\n<\/li>\n<li data-start=\"685\" data-end=\"710\">\n<p data-start=\"687\" data-end=\"710\">Adh\u00e9sif <strong data-start=\"695\" data-end=\"708\">fleXement<\/strong><\/p>\n<\/li>\n<\/ul>\n<p data-start=\"712\" data-end=\"854\">Veuillez s\u00e9lectionner le <strong data-start=\"737\" data-end=\"761\">type de Tire Sticker<\/strong>, la <strong data-start=\"766\" data-end=\"787\">taille de la roue<\/strong>, la <strong data-start=\"792\" data-end=\"815\">hauteur des lettres<\/strong> ainsi que la <strong data-start=\"829\" data-end=\"841\">quantit\u00e9<\/strong> souhait\u00e9e.<\/p>\n<p data-start=\"856\" data-end=\"1096\">En commandant sur cette page, vous <strong data-start=\"891\" data-end=\"931\">garantissez vos droits d\u2019utilisation<\/strong> pour tout logo, mot ou design demand\u00e9. Vous acceptez la <strong data-start=\"988\" data-end=\"1006\">responsabilit\u00e9<\/strong> et indemnisez Tire Stickers LLC pour toute r\u00e9clamation pouvant d\u00e9couler de la commande.<\/p>\n<h3 data-start=\"1098\" data-end=\"1130\"><strong data-start=\"1102\" data-end=\"1128\">GUIDES D\u2019APPLICATION :<\/strong><\/h3>\n<ul data-start=\"1131\" data-end=\"1241\">\n<li data-start=\"1131\" data-end=\"1194\">\n<p data-start=\"1133\" data-end=\"1194\">Semi-permanent : Guide d\u2019application pelable et autocollant<\/p>\n<\/li>\n<li data-start=\"1195\" data-end=\"1241\">\n<p data-start=\"1197\" data-end=\"1241\">Permanent : Guide d\u2019application permanente<\/p>\n<\/li>\n<\/ul>\n<p data-start=\"1243\" data-end=\"1434\">Ce kit peut \u00eatre combin\u00e9 avec d\u2019autres produits. Veuillez <strong data-start=\"1301\" data-end=\"1338\">laisser une note lors du paiement<\/strong>. Pour des designs personnalis\u00e9s, veuillez revenir \u00e0 <strong data-start=\"1391\" data-end=\"1409\">Cr\u00e9ez le v\u00f4tre<\/strong> ou <strong data-start=\"1413\" data-end=\"1431\">Contactez-nous<\/strong>.<\/p>\n","protected":false},"excerpt":{"rendered":"<p>Graphiques de pneus avec bande \u2013 Graphiques personnalis\u00e9s maintenant disponibles ! Personnalisez le look de votre v\u00e9hicule avec ces graphismes de pneus \u00e0 bande. La longueur des lignes sera ajust\u00e9e en fonction du texte personnalis\u00e9 que vous saisissez. Chaque kit de bandes comprend lettres et bandes pour les 4 pneus. Combinez et assortissez phrases, couleurs [&hellip;]<\/p>\n","protected":false},"featured_media":6883,"comment_status":"open","ping_status":"closed","template":"","meta":[],"product_brand":[],"product_cat":[61,62,59],"product_tag":[],"class_list":{"0":"post-6881","1":"product","2":"type-product","3":"status-publish","4":"has-post-thumbnail","6":"product_cat-create-your-own","7":"product_cat-tire-graphics","8":"product_cat-tire-lettering","10":"first","11":"instock","12":"sale","13":"taxable","14":"shipping-taxable","15":"purchasable","16":"product-type-variable"},"_links":{"self":[{"href":"https:\/\/unruffled-ardinghelli.108-175-3-191.plesk.page\/fr\/wp-json\/wp\/v2\/product\/6881","targetHints":{"allow":["GET"]}}],"collection":[{"href":"https:\/\/unruffled-ardinghelli.108-175-3-191.plesk.page\/fr\/wp-json\/wp\/v2\/product"}],"about":[{"href":"https:\/\/unruffled-ardinghelli.108-175-3-191.plesk.page\/fr\/wp-json\/wp\/v2\/types\/product"}],"replies":[{"embeddable":true,"href":"https:\/\/unruffled-ardinghelli.108-175-3-191.plesk.page\/fr\/wp-json\/wp\/v2\/comments?post=6881"}],"wp:featuredmedia":[{"embeddable":true,"href":"https:\/\/unruffled-ardinghelli.108-175-3-191.plesk.page\/fr\/wp-json\/wp\/v2\/media\/6883"}],"wp:attachment":[{"href":"https:\/\/unruffled-ardinghelli.108-175-3-191.plesk.page\/fr\/wp-json\/wp\/v2\/media?parent=6881"}],"wp:term":[{"taxonomy":"product_brand","embeddable":true,"href":"https:\/\/unruffled-ardinghelli.108-175-3-191.plesk.page\/fr\/wp-json\/wp\/v2\/product_brand?post=6881"},{"taxonomy":"product_cat","embeddable":true,"href":"https:\/\/unruffled-ardinghelli.108-175-3-191.plesk.page\/fr\/wp-json\/wp\/v2\/product_cat?post=6881"},{"taxonomy":"product_tag","embeddable":true,"href":"https:\/\/unruffled-ardinghelli.108-175-3-191.plesk.page\/fr\/wp-json\/wp\/v2\/product_tag?post=6881"}],"curies":[{"name":"wp","href":"https:\/\/api.w.org\/{rel}","templated":true}]}}