{"id":6852,"date":"2025-11-16T03:41:25","date_gmt":"2025-11-16T03:41:25","guid":{"rendered":"https:\/\/unruffled-ardinghelli.108-175-3-191.plesk.page\/product\/tire-lettering-for-motorcycle-tires\/"},"modified":"2026-01-22T02:35:52","modified_gmt":"2026-01-22T02:35:52","slug":"lettrage-pour-pneus-de-moto","status":"publish","type":"product","link":"https:\/\/unruffled-ardinghelli.108-175-3-191.plesk.page\/fr\/produit\/lettrage-pour-pneus-de-moto\/","title":{"rendered":"Lettrage pour pneus de moto"},"content":{"rendered":"<h3 data-start=\"81\" data-end=\"158\"><strong data-start=\"85\" data-end=\"156\">2 phrases \u2013 HAUT et BAS \u2013 TEXTE sur pneus \u2013 Maintenant disponible !<\/strong><\/h3>\n<p data-start=\"160\" data-end=\"428\">Personnalisez le texte <strong data-start=\"183\" data-end=\"204\">en haut et en bas<\/strong> pour cr\u00e9er un <strong data-start=\"219\" data-end=\"247\">graphisme roulant ultime<\/strong> \u2013 doublez l\u2019espace et le nombre de caract\u00e8res ! Chaque phrase peut comporter jusqu\u2019\u00e0 <strong data-start=\"333\" data-end=\"350\">12 caract\u00e8res<\/strong> et chaque kit comprend <strong data-start=\"374\" data-end=\"412\">4 exemplaires de chaque mot\/phrase<\/strong> (2 par pneu).<\/p>\n<h3 data-start=\"430\" data-end=\"462\"><strong data-start=\"434\" data-end=\"460\">GUIDES D\u2019APPLICATION :<\/strong><\/h3>\n<p data-start=\"463\" data-end=\"482\"><strong data-start=\"463\" data-end=\"480\">Court terme :<\/strong><\/p>\n<ul data-start=\"483\" data-end=\"577\">\n<li data-start=\"483\" data-end=\"529\">\n<p data-start=\"485\" data-end=\"529\">Guide d\u2019application pelable et autocollant<\/p>\n<\/li>\n<li data-start=\"530\" data-end=\"577\">\n<p data-start=\"532\" data-end=\"577\">Vid\u00e9o d\u2019application pelable et autocollante<\/p>\n<\/li>\n<\/ul>\n<p data-start=\"579\" data-end=\"596\"><strong data-start=\"579\" data-end=\"594\">Permanent :<\/strong><\/p>\n<ul data-start=\"597\" data-end=\"666\">\n<li data-start=\"597\" data-end=\"631\">\n<p data-start=\"599\" data-end=\"631\">Guide d\u2019application permanente<\/p>\n<\/li>\n<li data-start=\"632\" data-end=\"666\">\n<p data-start=\"634\" data-end=\"666\">Vid\u00e9o d\u2019application permanente<\/p>\n<\/li>\n<\/ul>\n<h3 data-start=\"668\" data-end=\"695\"><strong data-start=\"672\" data-end=\"693\">Ce kit comprend :<\/strong><\/h3>\n<ul data-start=\"696\" data-end=\"855\">\n<li data-start=\"696\" data-end=\"750\">\n<p data-start=\"698\" data-end=\"750\">4 phrases pour le <strong data-start=\"716\" data-end=\"724\">haut<\/strong> (maximum 12 caract\u00e8res)<\/p>\n<\/li>\n<li data-start=\"751\" data-end=\"804\">\n<p data-start=\"753\" data-end=\"804\">4 phrases pour le <strong data-start=\"771\" data-end=\"778\">bas<\/strong> (maximum 12 caract\u00e8res)<\/p>\n<\/li>\n<li data-start=\"805\" data-end=\"829\">\n<p data-start=\"807\" data-end=\"829\">Guide d\u2019instructions<\/p>\n<\/li>\n<li data-start=\"830\" data-end=\"855\">\n<p data-start=\"832\" data-end=\"855\">Adh\u00e9sif <strong data-start=\"840\" data-end=\"853\">fleXement<\/strong><\/p>\n<\/li>\n<\/ul>\n<p data-start=\"857\" data-end=\"999\">Veuillez s\u00e9lectionner le <strong data-start=\"882\" data-end=\"906\">type de Tire Sticker<\/strong>, la <strong data-start=\"911\" data-end=\"932\">taille de la roue<\/strong>, la <strong data-start=\"937\" data-end=\"960\">hauteur des lettres<\/strong> ainsi que la <strong data-start=\"974\" data-end=\"986\">quantit\u00e9<\/strong> souhait\u00e9e.<\/p>\n<h3 data-start=\"1001\" data-end=\"1060\"><strong data-start=\"1005\" data-end=\"1058\">Directives g\u00e9n\u00e9rales de dimensionnement des pneus<\/strong><\/h3>\n<p data-start=\"1061\" data-end=\"1384\">Utilisez le tableau ci-dessous pour guider votre choix. Identifiez le <strong data-start=\"1131\" data-end=\"1158\">rapport hauteur\/largeur<\/strong> ou la <strong data-start=\"1165\" data-end=\"1174\">s\u00e9rie<\/strong> (g\u00e9n\u00e9ralement le nombre central de la sp\u00e9cification du pneu) et reportez-vous au tableau. Note : certains pneus peuvent avoir un rapport unique en dehors de ces directives ; en cas de doute, contactez-nous !<\/p>\n<div class=\"TyagGW_tableContainer\">\n<div class=\"group TyagGW_tableWrapper flex flex-col-reverse w-fit\" tabindex=\"-1\">\n<table class=\"w-fit min-w-(--thread-content-width)\" data-start=\"1386\" data-end=\"1788\">\n<thead data-start=\"1386\" data-end=\"1446\">\n<tr data-start=\"1386\" data-end=\"1446\">\n<th data-start=\"1386\" data-end=\"1402\" data-col-size=\"sm\">S\u00e9rie du pneu<\/th>\n<th data-start=\"1402\" data-end=\"1446\" data-col-size=\"sm\">Hauteur maximale recommand\u00e9e des lettres<\/th>\n<\/tr>\n<\/thead>\n<tbody data-start=\"1508\" data-end=\"1788\">\n<tr data-start=\"1508\" data-end=\"1541\">\n<td data-start=\"1508\" data-end=\"1513\" data-col-size=\"sm\">20<\/td>\n<td data-start=\"1513\" data-end=\"1541\" data-col-size=\"sm\">0,5\u2033 \/ 1,27 cm \/ 12,7 mm<\/td>\n<\/tr>\n<tr data-start=\"1542\" data-end=\"1578\">\n<td data-start=\"1542\" data-end=\"1547\" data-col-size=\"sm\">25<\/td>\n<td data-start=\"1547\" data-end=\"1578\" data-col-size=\"sm\">0,75\u2033 \/ 1,905 cm \/ 19,05 mm<\/td>\n<\/tr>\n<tr data-start=\"1579\" data-end=\"1610\">\n<td data-start=\"1579\" data-end=\"1584\" data-col-size=\"sm\">30<\/td>\n<td data-start=\"1584\" data-end=\"1610\" data-col-size=\"sm\">1,0\u2033 \/ 2,54 cm \/ 25 mm<\/td>\n<\/tr>\n<tr data-start=\"1611\" data-end=\"1647\">\n<td data-start=\"1611\" data-end=\"1616\" data-col-size=\"sm\">35<\/td>\n<td data-start=\"1616\" data-end=\"1647\" data-col-size=\"sm\">1,25\u2033 \/ 3,175 cm \/ 31,75 mm<\/td>\n<\/tr>\n<tr data-start=\"1648\" data-end=\"1684\">\n<td data-start=\"1648\" data-end=\"1653\" data-col-size=\"sm\">40<\/td>\n<td data-start=\"1653\" data-end=\"1684\" data-col-size=\"sm\">1,25\u2033 \/ 3,175 cm \/ 31,75 mm<\/td>\n<\/tr>\n<tr data-start=\"1685\" data-end=\"1718\">\n<td data-start=\"1685\" data-end=\"1690\" data-col-size=\"sm\">45<\/td>\n<td data-start=\"1690\" data-end=\"1718\" data-col-size=\"sm\">1,5\u2033 \/ 3,81 cm \/ 38,1 mm<\/td>\n<\/tr>\n<tr data-start=\"1719\" data-end=\"1754\">\n<td data-start=\"1719\" data-end=\"1724\" data-col-size=\"sm\">50<\/td>\n<td data-start=\"1724\" data-end=\"1754\" data-col-size=\"sm\">1,75\u2033 \/ 4,44 cm \/ 44,45 mm<\/td>\n<\/tr>\n<tr data-start=\"1755\" data-end=\"1788\">\n<td data-start=\"1755\" data-end=\"1760\" data-col-size=\"sm\">55<\/td>\n<td data-start=\"1760\" data-end=\"1788\" data-col-size=\"sm\">2,0\u2033 \/ 5,08 cm \/ 50,8 mm<\/td>\n<\/tr>\n<\/tbody>\n<\/table>\n<\/div>\n<\/div>\n<p data-start=\"1790\" data-end=\"1875\"><strong data-start=\"1790\" data-end=\"1803\">Exemple :<\/strong><br data-start=\"1803\" data-end=\"1806\" \/>Dimension du pneu : <strong data-start=\"1826\" data-end=\"1840\">245\/45\/R17<\/strong><br data-start=\"1840\" data-end=\"1843\" \/>Hauteur recommand\u00e9e : <strong data-start=\"1865\" data-end=\"1873\">1,5\u2033<\/strong><\/p>\n<h3 data-start=\"1877\" data-end=\"1908\"><strong data-start=\"1881\" data-end=\"1906\">Polices disponibles :<\/strong><\/h3>\n<p data-start=\"1909\" data-end=\"2920\">Aachen | Achilles (uniquement pour les commandes Achilles) | Arabe | BF Goodrich (uniquement pour BF Goodrich) | Bridgestone Font | Bubble Gum | Continental Font (uniquement pour Continental) | Chinois | Chunk Five | Cooper (uniquement pour Cooper) | Dunlop (uniquement pour Dunlop) | Falken Tire Font | Federal Font (uniquement pour Federal) | Firestone Font | Fruti | Full Pack | General Tire (uniquement pour General) | GeoSlab | Goodyear avec logo (uniquement pour Goodyear) | GRAND | Hankook avec logo (uniquement pour Hankook) | Hoosier (uniquement pour Hoosier) | Idlers Font | Impact | Japonais | Kumho (uniquement pour Kumho) | Michelin (uniquement pour Michelin) | Mickey Thompson | Minstrel | Nankang avec logo (uniquement pour Nankang) | Nexen (Style miroir pour Nexen) | Nexen (Style \u00e9pel\u00e9) | Nitto Font | Serpentine | Speedhunters Font | Stance Font | Transform | Toyo Tires Font | WIDE FONT | Yokohama avec logo (uniquement pour Yokohama) | Police non list\u00e9e \u2013 laissez une note lors du paiement<\/p>\n","protected":false},"excerpt":{"rendered":"<p>2 phrases \u2013 HAUT et BAS \u2013 TEXTE sur pneus \u2013 Maintenant disponible ! Personnalisez le texte en haut et en bas pour cr\u00e9er un graphisme roulant ultime \u2013 doublez l\u2019espace et le nombre de caract\u00e8res ! Chaque phrase peut comporter jusqu\u2019\u00e0 12 caract\u00e8res et chaque kit comprend 4 exemplaires de chaque mot\/phrase (2 par [&hellip;]<\/p>\n","protected":false},"featured_media":6853,"comment_status":"closed","ping_status":"closed","template":"","meta":[],"product_brand":[],"product_cat":[64,59],"product_tag":[],"class_list":{"0":"post-6852","1":"product","2":"type-product","3":"status-publish","4":"has-post-thumbnail","6":"product_cat-motorcycle-decals","7":"product_cat-tire-lettering","9":"first","10":"instock","11":"taxable","12":"shipping-taxable","13":"purchasable","14":"product-type-variable"},"_links":{"self":[{"href":"https:\/\/unruffled-ardinghelli.108-175-3-191.plesk.page\/fr\/wp-json\/wp\/v2\/product\/6852","targetHints":{"allow":["GET"]}}],"collection":[{"href":"https:\/\/unruffled-ardinghelli.108-175-3-191.plesk.page\/fr\/wp-json\/wp\/v2\/product"}],"about":[{"href":"https:\/\/unruffled-ardinghelli.108-175-3-191.plesk.page\/fr\/wp-json\/wp\/v2\/types\/product"}],"replies":[{"embeddable":true,"href":"https:\/\/unruffled-ardinghelli.108-175-3-191.plesk.page\/fr\/wp-json\/wp\/v2\/comments?post=6852"}],"wp:featuredmedia":[{"embeddable":true,"href":"https:\/\/unruffled-ardinghelli.108-175-3-191.plesk.page\/fr\/wp-json\/wp\/v2\/media\/6853"}],"wp:attachment":[{"href":"https:\/\/unruffled-ardinghelli.108-175-3-191.plesk.page\/fr\/wp-json\/wp\/v2\/media?parent=6852"}],"wp:term":[{"taxonomy":"product_brand","embeddable":true,"href":"https:\/\/unruffled-ardinghelli.108-175-3-191.plesk.page\/fr\/wp-json\/wp\/v2\/product_brand?post=6852"},{"taxonomy":"product_cat","embeddable":true,"href":"https:\/\/unruffled-ardinghelli.108-175-3-191.plesk.page\/fr\/wp-json\/wp\/v2\/product_cat?post=6852"},{"taxonomy":"product_tag","embeddable":true,"href":"https:\/\/unruffled-ardinghelli.108-175-3-191.plesk.page\/fr\/wp-json\/wp\/v2\/product_tag?post=6852"}],"curies":[{"name":"wp","href":"https:\/\/api.w.org\/{rel}","templated":true}]}}