{"id":6836,"date":"2025-11-16T03:41:25","date_gmt":"2025-11-16T03:41:25","guid":{"rendered":"https:\/\/unruffled-ardinghelli.108-175-3-191.plesk.page\/product\/permanent-rubber-3d-top-and-bottom\/"},"modified":"2026-01-22T02:33:46","modified_gmt":"2026-01-22T02:33:46","slug":"design-bicolore-inverse","status":"publish","type":"product","link":"https:\/\/unruffled-ardinghelli.108-175-3-191.plesk.page\/fr\/produit\/design-bicolore-inverse\/","title":{"rendered":"Design bicolore invers\u00e9"},"content":{"rendered":"<h3 data-start=\"82\" data-end=\"154\"><strong data-start=\"86\" data-end=\"152\">DESIGNS 3D \u2013 2 phrases \u2013 HAUT et BAS \u2013 Maintenant disponible !<\/strong><\/h3>\n<p data-start=\"156\" data-end=\"554\">Personnalisez la <strong data-start=\"173\" data-end=\"192\">couleur de fond<\/strong> et la <strong data-start=\"199\" data-end=\"219\">couleur du texte<\/strong> de ces <strong data-start=\"227\" data-end=\"264\">lettres de pneus 3D ultra styl\u00e9es<\/strong> pour cr\u00e9er un look unique sur vos pneus. Choisissez <strong data-start=\"317\" data-end=\"375\">n\u2019importe quelle police disponible dans notre boutique<\/strong> ou laissez une <strong data-start=\"391\" data-end=\"416\">note lors du paiement<\/strong> indiquant la police que vous souhaitez utiliser. Il suffit d\u2019installer la <strong data-start=\"491\" data-end=\"510\">couleur de base<\/strong>, puis la <strong data-start=\"520\" data-end=\"551\">couleur du texte sup\u00e9rieure<\/strong>.<\/p>\n<p data-start=\"556\" data-end=\"645\">Chaque kit comprend <strong data-start=\"576\" data-end=\"614\">2 d\u00e9calcomanies compl\u00e8tes par pneu<\/strong> si ce choix est s\u00e9lectionn\u00e9.<\/p>\n<h3 data-start=\"647\" data-end=\"674\"><strong data-start=\"651\" data-end=\"672\">Ce kit comprend :<\/strong><\/h3>\n<ul data-start=\"675\" data-end=\"846\">\n<li data-start=\"675\" data-end=\"729\">\n<p data-start=\"677\" data-end=\"729\">4 phrases pour le <strong data-start=\"695\" data-end=\"703\">haut<\/strong> (maximum 12 caract\u00e8res)<\/p>\n<\/li>\n<li data-start=\"730\" data-end=\"795\">\n<p data-start=\"732\" data-end=\"795\">Optionnel : 4 phrases pour le <strong data-start=\"762\" data-end=\"769\">bas<\/strong> (maximum 12 caract\u00e8res)<\/p>\n<\/li>\n<li data-start=\"796\" data-end=\"820\">\n<p data-start=\"798\" data-end=\"820\">Guide d\u2019installation<\/p>\n<\/li>\n<li data-start=\"821\" data-end=\"846\">\n<p data-start=\"823\" data-end=\"846\">Adh\u00e9sif <strong data-start=\"831\" data-end=\"844\">fleXement<\/strong><\/p>\n<\/li>\n<\/ul>\n<p data-start=\"848\" data-end=\"990\">Veuillez s\u00e9lectionner le <strong data-start=\"873\" data-end=\"897\">type de Tire Sticker<\/strong>, la <strong data-start=\"902\" data-end=\"923\">taille de la roue<\/strong>, la <strong data-start=\"928\" data-end=\"951\">hauteur des lettres<\/strong> ainsi que la <strong data-start=\"965\" data-end=\"977\">quantit\u00e9<\/strong> souhait\u00e9e.<\/p>\n<h3 data-start=\"992\" data-end=\"1024\"><strong data-start=\"996\" data-end=\"1022\">GUIDES D\u2019APPLICATION :<\/strong><\/h3>\n<p data-start=\"1026\" data-end=\"1056\"><strong data-start=\"1026\" data-end=\"1054\">Permanent (long terme) :<\/strong><\/p>\n<ul data-start=\"1057\" data-end=\"1146\">\n<li data-start=\"1057\" data-end=\"1111\">\n<p data-start=\"1059\" data-end=\"1111\">Feuille d\u2019instructions pour application permanente<\/p>\n<\/li>\n<li data-start=\"1112\" data-end=\"1146\">\n<p data-start=\"1114\" data-end=\"1146\">Vid\u00e9o d\u2019application permanente<\/p>\n<\/li>\n<\/ul>\n<h3 data-start=\"1148\" data-end=\"1207\"><strong data-start=\"1152\" data-end=\"1205\">Directives g\u00e9n\u00e9rales de dimensionnement des pneus<\/strong><\/h3>\n<p data-start=\"1208\" data-end=\"1531\">Utilisez le tableau ci-dessous pour guider votre choix. Identifiez le <strong data-start=\"1278\" data-end=\"1305\">rapport hauteur\/largeur<\/strong> ou la <strong data-start=\"1312\" data-end=\"1321\">s\u00e9rie<\/strong> (g\u00e9n\u00e9ralement le nombre central de la sp\u00e9cification du pneu) et reportez-vous au tableau. Note\u202f: certains pneus peuvent avoir un rapport unique en dehors de ces directives ; en cas de doute, contactez-nous !<\/p>\n<p data-start=\"1533\" data-end=\"1623\">Pour plus d\u2019informations sur ce produit, consultez le <strong data-start=\"1587\" data-end=\"1620\">Guide de s\u00e9lection du produit<\/strong>.<\/p>\n","protected":false},"excerpt":{"rendered":"<p>DESIGNS 3D \u2013 2 phrases \u2013 HAUT et BAS \u2013 Maintenant disponible ! Personnalisez la couleur de fond et la couleur du texte de ces lettres de pneus 3D ultra styl\u00e9es pour cr\u00e9er un look unique sur vos pneus. Choisissez n\u2019importe quelle police disponible dans notre boutique ou laissez une note lors du paiement indiquant [&hellip;]<\/p>\n","protected":false},"featured_media":6845,"comment_status":"open","ping_status":"closed","template":"","meta":[],"product_brand":[],"product_cat":[61,59],"product_tag":[],"class_list":{"0":"post-6836","1":"product","2":"type-product","3":"status-publish","4":"has-post-thumbnail","6":"product_cat-create-your-own","7":"product_cat-tire-lettering","9":"first","10":"instock","11":"taxable","12":"shipping-taxable","13":"purchasable","14":"product-type-variable"},"_links":{"self":[{"href":"https:\/\/unruffled-ardinghelli.108-175-3-191.plesk.page\/fr\/wp-json\/wp\/v2\/product\/6836","targetHints":{"allow":["GET"]}}],"collection":[{"href":"https:\/\/unruffled-ardinghelli.108-175-3-191.plesk.page\/fr\/wp-json\/wp\/v2\/product"}],"about":[{"href":"https:\/\/unruffled-ardinghelli.108-175-3-191.plesk.page\/fr\/wp-json\/wp\/v2\/types\/product"}],"replies":[{"embeddable":true,"href":"https:\/\/unruffled-ardinghelli.108-175-3-191.plesk.page\/fr\/wp-json\/wp\/v2\/comments?post=6836"}],"wp:featuredmedia":[{"embeddable":true,"href":"https:\/\/unruffled-ardinghelli.108-175-3-191.plesk.page\/fr\/wp-json\/wp\/v2\/media\/6845"}],"wp:attachment":[{"href":"https:\/\/unruffled-ardinghelli.108-175-3-191.plesk.page\/fr\/wp-json\/wp\/v2\/media?parent=6836"}],"wp:term":[{"taxonomy":"product_brand","embeddable":true,"href":"https:\/\/unruffled-ardinghelli.108-175-3-191.plesk.page\/fr\/wp-json\/wp\/v2\/product_brand?post=6836"},{"taxonomy":"product_cat","embeddable":true,"href":"https:\/\/unruffled-ardinghelli.108-175-3-191.plesk.page\/fr\/wp-json\/wp\/v2\/product_cat?post=6836"},{"taxonomy":"product_tag","embeddable":true,"href":"https:\/\/unruffled-ardinghelli.108-175-3-191.plesk.page\/fr\/wp-json\/wp\/v2\/product_tag?post=6836"}],"curies":[{"name":"wp","href":"https:\/\/api.w.org\/{rel}","templated":true}]}}