{"id":6817,"date":"2025-11-16T03:41:33","date_gmt":"2025-11-16T03:41:33","guid":{"rendered":"https:\/\/unruffled-ardinghelli.108-175-3-191.plesk.page\/product\/super-stretched-toyo-proxes\/"},"modified":"2026-01-22T02:30:13","modified_gmt":"2026-01-22T02:30:13","slug":"super-etire-toyo-proxes","status":"publish","type":"product","link":"https:\/\/unruffled-ardinghelli.108-175-3-191.plesk.page\/fr\/produit\/super-etire-toyo-proxes\/","title":{"rendered":"SUPER \u00c9TIR\u00c9 \u2013 Toyo Proxes"},"content":{"rendered":"<p>SUPER \u00c9TIR\u00c9 \u2013 Toyo Proxes Design \u2013 \u00c9dition sp\u00e9ciale des lettres pour pneus Toyo Tires. Ces d\u00e9calcomanies sont fournies en <strong data-start=\"250\" data-end=\"269\">une seule pi\u00e8ce<\/strong>, <strong data-start=\"271\" data-end=\"295\">\u00e9tir\u00e9es et modifi\u00e9es<\/strong> pour s\u2019adapter parfaitement aux pneus de votre v\u00e9hicule.<\/p>\n<p data-start=\"356\" data-end=\"437\">Pour des designs personnalis\u00e9s, veuillez revenir \u00e0 l\u2019option <strong data-start=\"416\" data-end=\"434\">Cr\u00e9ez le v\u00f4tre<\/strong>.<\/p>\n<p data-start=\"439\" data-end=\"581\">Veuillez s\u00e9lectionner le <strong data-start=\"464\" data-end=\"488\">type de Tire Sticker<\/strong>, la <strong data-start=\"493\" data-end=\"514\">taille de la roue<\/strong>, la <strong data-start=\"519\" data-end=\"542\">hauteur des lettres<\/strong> ainsi que la <strong data-start=\"556\" data-end=\"568\">quantit\u00e9<\/strong> souhait\u00e9e.<\/p>\n<h3 data-start=\"583\" data-end=\"615\"><strong data-start=\"587\" data-end=\"613\">GUIDES D\u2019APPLICATION :<\/strong><\/h3>\n<ul data-start=\"616\" data-end=\"828\">\n<li data-start=\"616\" data-end=\"683\">\n<p data-start=\"618\" data-end=\"683\"><strong data-start=\"618\" data-end=\"636\">Semi-permanent<\/strong> : Guide d\u2019application pelable et autocollant<\/p>\n<\/li>\n<li data-start=\"684\" data-end=\"736\">\n<p data-start=\"686\" data-end=\"736\"><strong data-start=\"686\" data-end=\"734\">Pelable et autocollant \u2013 Vid\u00e9o d\u2019application<\/strong><\/p>\n<\/li>\n<li data-start=\"738\" data-end=\"788\">\n<p data-start=\"740\" data-end=\"788\"><strong data-start=\"740\" data-end=\"753\">Permanent<\/strong> : Guide d\u2019application permanente<\/p>\n<\/li>\n<li data-start=\"789\" data-end=\"828\">\n<p data-start=\"791\" data-end=\"828\"><strong data-start=\"791\" data-end=\"826\">Permanent \u2013 Vid\u00e9o d\u2019application<\/strong><\/p>\n<\/li>\n<\/ul>\n<h3 data-start=\"830\" data-end=\"889\"><strong data-start=\"834\" data-end=\"887\">Directives g\u00e9n\u00e9rales de dimensionnement des pneus<\/strong><\/h3>\n<p data-start=\"890\" data-end=\"1213\">Utilisez le tableau ci-dessous pour guider votre choix. Identifiez le <strong data-start=\"960\" data-end=\"987\">rapport hauteur\/largeur<\/strong> ou la <strong data-start=\"994\" data-end=\"1003\">s\u00e9rie<\/strong> (g\u00e9n\u00e9ralement le nombre central de la sp\u00e9cification du pneu) et reportez-vous au tableau. Note\u202f: certains pneus peuvent avoir un rapport unique en dehors de ces directives ; en cas de doute, contactez-nous !<\/p>\n<div class=\"TyagGW_tableContainer\">\n<div class=\"group TyagGW_tableWrapper flex flex-col-reverse w-fit\" tabindex=\"-1\">\n<table class=\"w-fit min-w-(--thread-content-width)\" data-start=\"1215\" data-end=\"1617\">\n<thead data-start=\"1215\" data-end=\"1275\">\n<tr data-start=\"1215\" data-end=\"1275\">\n<th data-start=\"1215\" data-end=\"1231\" data-col-size=\"sm\">S\u00e9rie du pneu<\/th>\n<th data-start=\"1231\" data-end=\"1275\" data-col-size=\"sm\">Hauteur maximale recommand\u00e9e des lettres<\/th>\n<\/tr>\n<\/thead>\n<tbody data-start=\"1337\" data-end=\"1617\">\n<tr data-start=\"1337\" data-end=\"1370\">\n<td data-start=\"1337\" data-end=\"1342\" data-col-size=\"sm\">20<\/td>\n<td data-col-size=\"sm\" data-start=\"1342\" data-end=\"1370\">0,5\u2033 \/ 1,27 cm \/ 12,7 mm<\/td>\n<\/tr>\n<tr data-start=\"1371\" data-end=\"1407\">\n<td data-start=\"1371\" data-end=\"1376\" data-col-size=\"sm\">25<\/td>\n<td data-col-size=\"sm\" data-start=\"1376\" data-end=\"1407\">0,75\u2033 \/ 1,905 cm \/ 19,05 mm<\/td>\n<\/tr>\n<tr data-start=\"1408\" data-end=\"1439\">\n<td data-start=\"1408\" data-end=\"1413\" data-col-size=\"sm\">30<\/td>\n<td data-col-size=\"sm\" data-start=\"1413\" data-end=\"1439\">1,0\u2033 \/ 2,54 cm \/ 25 mm<\/td>\n<\/tr>\n<tr data-start=\"1440\" data-end=\"1476\">\n<td data-start=\"1440\" data-end=\"1445\" data-col-size=\"sm\">35<\/td>\n<td data-col-size=\"sm\" data-start=\"1445\" data-end=\"1476\">1,25\u2033 \/ 3,175 cm \/ 31,75 mm<\/td>\n<\/tr>\n<tr data-start=\"1477\" data-end=\"1513\">\n<td data-start=\"1477\" data-end=\"1482\" data-col-size=\"sm\">40<\/td>\n<td data-col-size=\"sm\" data-start=\"1482\" data-end=\"1513\">1,25\u2033 \/ 3,175 cm \/ 31,75 mm<\/td>\n<\/tr>\n<tr data-start=\"1514\" data-end=\"1547\">\n<td data-start=\"1514\" data-end=\"1519\" data-col-size=\"sm\">45<\/td>\n<td data-col-size=\"sm\" data-start=\"1519\" data-end=\"1547\">1,5\u2033 \/ 3,81 cm \/ 38,1 mm<\/td>\n<\/tr>\n<tr data-start=\"1548\" data-end=\"1583\">\n<td data-start=\"1548\" data-end=\"1553\" data-col-size=\"sm\">50<\/td>\n<td data-col-size=\"sm\" data-start=\"1553\" data-end=\"1583\">1,75\u2033 \/ 4,44 cm \/ 44,45 mm<\/td>\n<\/tr>\n<tr data-start=\"1584\" data-end=\"1617\">\n<td data-start=\"1584\" data-end=\"1589\" data-col-size=\"sm\">55<\/td>\n<td data-col-size=\"sm\" data-start=\"1589\" data-end=\"1617\">2,0\u2033 \/ 5,08 cm \/ 50,8 mm<\/td>\n<\/tr>\n<\/tbody>\n<\/table>\n<\/div>\n<\/div>\n<p data-start=\"1619\" data-end=\"1704\"><strong data-start=\"1619\" data-end=\"1632\">Exemple :<\/strong><br data-start=\"1632\" data-end=\"1635\" \/>Dimension du pneu : <strong data-start=\"1655\" data-end=\"1669\">245\/45\/R17<\/strong><br data-start=\"1669\" data-end=\"1672\" \/>Hauteur recommand\u00e9e : <strong data-start=\"1694\" data-end=\"1702\">1,5\u2033<\/strong><\/p>\n","protected":false},"excerpt":{"rendered":"<p>SUPER \u00c9TIR\u00c9 \u2013 Toyo Proxes Design \u2013 \u00c9dition sp\u00e9ciale des lettres pour pneus Toyo Tires. Ces d\u00e9calcomanies sont fournies en une seule pi\u00e8ce, \u00e9tir\u00e9es et modifi\u00e9es pour s\u2019adapter parfaitement aux pneus de votre v\u00e9hicule. Pour des designs personnalis\u00e9s, veuillez revenir \u00e0 l\u2019option Cr\u00e9ez le v\u00f4tre. Veuillez s\u00e9lectionner le type de Tire Sticker, la taille de [&hellip;]<\/p>\n","protected":false},"featured_media":6818,"comment_status":"open","ping_status":"closed","template":"","meta":[],"product_brand":[40],"product_cat":[59],"product_tag":[],"class_list":{"0":"post-6817","1":"product","2":"type-product","3":"status-publish","4":"has-post-thumbnail","6":"product_brand-toyo-tires","7":"product_cat-tire-lettering","9":"first","10":"instock","11":"taxable","12":"shipping-taxable","13":"purchasable","14":"product-type-variable"},"_links":{"self":[{"href":"https:\/\/unruffled-ardinghelli.108-175-3-191.plesk.page\/fr\/wp-json\/wp\/v2\/product\/6817","targetHints":{"allow":["GET"]}}],"collection":[{"href":"https:\/\/unruffled-ardinghelli.108-175-3-191.plesk.page\/fr\/wp-json\/wp\/v2\/product"}],"about":[{"href":"https:\/\/unruffled-ardinghelli.108-175-3-191.plesk.page\/fr\/wp-json\/wp\/v2\/types\/product"}],"replies":[{"embeddable":true,"href":"https:\/\/unruffled-ardinghelli.108-175-3-191.plesk.page\/fr\/wp-json\/wp\/v2\/comments?post=6817"}],"wp:featuredmedia":[{"embeddable":true,"href":"https:\/\/unruffled-ardinghelli.108-175-3-191.plesk.page\/fr\/wp-json\/wp\/v2\/media\/6818"}],"wp:attachment":[{"href":"https:\/\/unruffled-ardinghelli.108-175-3-191.plesk.page\/fr\/wp-json\/wp\/v2\/media?parent=6817"}],"wp:term":[{"taxonomy":"product_brand","embeddable":true,"href":"https:\/\/unruffled-ardinghelli.108-175-3-191.plesk.page\/fr\/wp-json\/wp\/v2\/product_brand?post=6817"},{"taxonomy":"product_cat","embeddable":true,"href":"https:\/\/unruffled-ardinghelli.108-175-3-191.plesk.page\/fr\/wp-json\/wp\/v2\/product_cat?post=6817"},{"taxonomy":"product_tag","embeddable":true,"href":"https:\/\/unruffled-ardinghelli.108-175-3-191.plesk.page\/fr\/wp-json\/wp\/v2\/product_tag?post=6817"}],"curies":[{"name":"wp","href":"https:\/\/api.w.org\/{rel}","templated":true}]}}