{"id":6798,"date":"2025-11-16T03:41:33","date_gmt":"2025-11-16T03:41:33","guid":{"rendered":"https:\/\/unruffled-ardinghelli.108-175-3-191.plesk.page\/product\/toyo-tires-r888-r\/"},"modified":"2026-01-22T02:27:21","modified_gmt":"2026-01-22T02:27:21","slug":"toyo-tires-r888-r","status":"publish","type":"product","link":"https:\/\/unruffled-ardinghelli.108-175-3-191.plesk.page\/fr\/produit\/toyo-tires-r888-r\/","title":{"rendered":"TOYO TIRES R888 R"},"content":{"rendered":"<h3 data-start=\"81\" data-end=\"136\"><strong data-start=\"85\" data-end=\"134\">Kits de lettres pour pneus Toyo Tires R888R !<\/strong><\/h3>\n<p data-start=\"138\" data-end=\"342\">Disponibles en <strong data-start=\"153\" data-end=\"188\">version pelable et autocollante<\/strong> ou en <strong data-start=\"195\" data-end=\"241\">lettres permanentes en caoutchouc sur\u00e9lev\u00e9<\/strong>. Pour des designs personnalis\u00e9s avec cette police, veuillez revenir \u00e0 l\u2019option <strong data-start=\"321\" data-end=\"339\">Cr\u00e9ez le v\u00f4tre<\/strong>.<\/p>\n<p data-start=\"344\" data-end=\"486\">Veuillez s\u00e9lectionner le <strong data-start=\"369\" data-end=\"393\">type de Tire Sticker<\/strong>, la <strong data-start=\"398\" data-end=\"419\">taille de la roue<\/strong>, la <strong data-start=\"424\" data-end=\"447\">hauteur des lettres<\/strong> ainsi que la <strong data-start=\"461\" data-end=\"473\">quantit\u00e9<\/strong> souhait\u00e9e.<\/p>\n<h3 data-start=\"488\" data-end=\"520\"><strong data-start=\"492\" data-end=\"518\">GUIDES D\u2019APPLICATION :<\/strong><\/h3>\n<p data-start=\"522\" data-end=\"554\"><strong data-start=\"522\" data-end=\"552\">Temporaire (court terme) :<\/strong><\/p>\n<ul data-start=\"555\" data-end=\"618\">\n<li data-start=\"555\" data-end=\"618\">\n<p data-start=\"557\" data-end=\"618\">Semi-permanent : Guide d\u2019application pelable et autocollant<\/p>\n<\/li>\n<\/ul>\n<p data-start=\"620\" data-end=\"650\"><strong data-start=\"620\" data-end=\"648\">Permanent (long terme) :<\/strong><\/p>\n<ul data-start=\"651\" data-end=\"733\">\n<li data-start=\"651\" data-end=\"697\">\n<p data-start=\"653\" data-end=\"697\">Permanent : Guide d\u2019application permanente<\/p>\n<\/li>\n<li data-start=\"698\" data-end=\"733\">\n<p data-start=\"700\" data-end=\"733\">Permanent \u2013 Vid\u00e9o d\u2019application<\/p>\n<\/li>\n<\/ul>\n","protected":false},"excerpt":{"rendered":"<p>Kits de lettres pour pneus Toyo Tires R888R ! Disponibles en version pelable et autocollante ou en lettres permanentes en caoutchouc sur\u00e9lev\u00e9. Pour des designs personnalis\u00e9s avec cette police, veuillez revenir \u00e0 l\u2019option Cr\u00e9ez le v\u00f4tre. Veuillez s\u00e9lectionner le type de Tire Sticker, la taille de la roue, la hauteur des lettres ainsi que la [&hellip;]<\/p>\n","protected":false},"featured_media":6799,"comment_status":"open","ping_status":"closed","template":"","meta":[],"product_brand":[40],"product_cat":[59],"product_tag":[],"class_list":{"0":"post-6798","1":"product","2":"type-product","3":"status-publish","4":"has-post-thumbnail","6":"product_brand-toyo-tires","7":"product_cat-tire-lettering","9":"first","10":"instock","11":"taxable","12":"shipping-taxable","13":"purchasable","14":"product-type-variable"},"_links":{"self":[{"href":"https:\/\/unruffled-ardinghelli.108-175-3-191.plesk.page\/fr\/wp-json\/wp\/v2\/product\/6798","targetHints":{"allow":["GET"]}}],"collection":[{"href":"https:\/\/unruffled-ardinghelli.108-175-3-191.plesk.page\/fr\/wp-json\/wp\/v2\/product"}],"about":[{"href":"https:\/\/unruffled-ardinghelli.108-175-3-191.plesk.page\/fr\/wp-json\/wp\/v2\/types\/product"}],"replies":[{"embeddable":true,"href":"https:\/\/unruffled-ardinghelli.108-175-3-191.plesk.page\/fr\/wp-json\/wp\/v2\/comments?post=6798"}],"wp:featuredmedia":[{"embeddable":true,"href":"https:\/\/unruffled-ardinghelli.108-175-3-191.plesk.page\/fr\/wp-json\/wp\/v2\/media\/6799"}],"wp:attachment":[{"href":"https:\/\/unruffled-ardinghelli.108-175-3-191.plesk.page\/fr\/wp-json\/wp\/v2\/media?parent=6798"}],"wp:term":[{"taxonomy":"product_brand","embeddable":true,"href":"https:\/\/unruffled-ardinghelli.108-175-3-191.plesk.page\/fr\/wp-json\/wp\/v2\/product_brand?post=6798"},{"taxonomy":"product_cat","embeddable":true,"href":"https:\/\/unruffled-ardinghelli.108-175-3-191.plesk.page\/fr\/wp-json\/wp\/v2\/product_cat?post=6798"},{"taxonomy":"product_tag","embeddable":true,"href":"https:\/\/unruffled-ardinghelli.108-175-3-191.plesk.page\/fr\/wp-json\/wp\/v2\/product_tag?post=6798"}],"curies":[{"name":"wp","href":"https:\/\/api.w.org\/{rel}","templated":true}]}}