{"id":6780,"date":"2025-11-16T03:41:37","date_gmt":"2025-11-16T03:41:37","guid":{"rendered":"https:\/\/unruffled-ardinghelli.108-175-3-191.plesk.page\/product\/official-bfgoodrich-tire-letters\/"},"modified":"2026-01-22T02:23:55","modified_gmt":"2026-01-22T02:23:55","slug":"lettres-officielles-de-pneus-bfgoodrich","status":"publish","type":"product","link":"https:\/\/unruffled-ardinghelli.108-175-3-191.plesk.page\/fr\/produit\/lettres-officielles-de-pneus-bfgoodrich\/","title":{"rendered":"Lettres officielles de pneus BFGoodrich"},"content":{"rendered":"<p data-start=\"172\" data-end=\"557\">Votre v\u00e9hicule n\u2019est pas simplement une voiture ou un camion. C\u2019est une <strong data-start=\"244\" data-end=\"280\">expression de votre personnalit\u00e9<\/strong>, et vos pneus jouent un r\u00f4le important dans cette expression. C\u2019est pourquoi il existe les <strong data-start=\"372\" data-end=\"403\">lettres de pneus BFGoodrich<\/strong>. Con\u00e7ues pour s\u2019adapter parfaitement et exclusivement \u00e0 vos pneus BFGoodrich, ces lettres de pneus sont un moyen <strong data-start=\"517\" data-end=\"537\">visible et styl\u00e9<\/strong> de vous exprimer.<\/p>\n<h3 data-start=\"559\" data-end=\"617\"><strong data-start=\"563\" data-end=\"615\">Qu\u2019est-ce que les lettres de pneus BFGoodrich\u00ae ?<\/strong><\/h3>\n<p data-start=\"619\" data-end=\"927\">Depuis leur lancement en 2007 par <strong data-start=\"653\" data-end=\"675\">Tire Stickers\u00ae LLC<\/strong> bas\u00e9 \u00e0 Los Angeles, Californie, les kits de lettres pour pneus sont devenus une tendance majeure dans la personnalisation automobile. BFGoodrich\u00ae a <strong data-start=\"824\" data-end=\"851\">exclusivement collabor\u00e9<\/strong> avec Tire Stickers\u00ae pour introduire les <strong data-start=\"892\" data-end=\"924\">lettres de pneus BFGoodrich\u00ae<\/strong>.<\/p>\n<p data-start=\"929\" data-end=\"1525\">D\u00e9velopp\u00e9es en collaboration avec des passionn\u00e9s et des \u00e9quipes de sport automobile, et fabriqu\u00e9es aux \u00c9tats-Unis, ces lettres en <strong data-start=\"1059\" data-end=\"1082\">caoutchouc sur\u00e9lev\u00e9<\/strong> adh\u00e8rent solidement aux flancs de vos pneus, recouvrant les inscriptions noires existantes. Elles sont con\u00e7ues pour r\u00e9sister aux conditions les plus exigeantes et aux temp\u00e9ratures les plus \u00e9lev\u00e9es. Le produit est pr\u00e9vu pour <strong data-start=\"1307\" data-end=\"1337\">durer toute la vie du pneu<\/strong> dans un usage quotidien et la plupart des conditions tout-terrain, sauf en cas d\u2019abrasion s\u00e9v\u00e8re des flancs ; des pi\u00e8ces de remplacement peuvent toutefois \u00eatre command\u00e9es si n\u00e9cessaire.<\/p>\n<h3 data-start=\"1527\" data-end=\"1583\"><strong data-start=\"1531\" data-end=\"1581\">Puis-je commander ces lettres pour mes pneus ?<\/strong><\/h3>\n<p data-start=\"1584\" data-end=\"1797\">Chaque kit de lettres est con\u00e7u pour <strong data-start=\"1621\" data-end=\"1675\">s\u2019adapter parfaitement aux inscriptions existantes<\/strong> du flanc du pneu. Les lettres BFGoodrich\u00ae sont disponibles pour la plupart des mod\u00e8les et tailles de pneus, notamment :<\/p>\n<ul data-start=\"1798\" data-end=\"2046\">\n<li data-start=\"1798\" data-end=\"1864\">\n<p data-start=\"1800\" data-end=\"1864\"><strong data-start=\"1800\" data-end=\"1823\">All Terrain T\/A KO2<\/strong> (ajustement parfait sur le flanc noir)<\/p>\n<\/li>\n<li data-start=\"1865\" data-end=\"1913\">\n<p data-start=\"1867\" data-end=\"1913\"><strong data-start=\"1867\" data-end=\"1890\">Mud-Terrain T\/A KM3<\/strong> (ajustement parfait)<\/p>\n<\/li>\n<li data-start=\"1914\" data-end=\"1987\">\n<p data-start=\"1916\" data-end=\"1987\"><strong data-start=\"1916\" data-end=\"1948\">g-Force Comp 2 et Comp 2 A\/S<\/strong> (couvre les inscriptions existantes)<\/p>\n<\/li>\n<li data-start=\"1988\" data-end=\"2046\">\n<p data-start=\"1990\" data-end=\"2046\"><strong data-start=\"1990\" data-end=\"2007\">g-Force Rival<\/strong> (couvre les inscriptions existantes)<\/p>\n<\/li>\n<\/ul>\n<h3 data-start=\"2048\" data-end=\"2093\"><strong data-start=\"2052\" data-end=\"2091\">Quelles couleurs sont disponibles ?<\/strong><\/h3>\n<p data-start=\"2094\" data-end=\"2191\">Vous pouvez choisir parmi <strong data-start=\"2120\" data-end=\"2149\">trois options de couleurs<\/strong> pour vos lettres de pneus BFGoodrich\u00ae :<\/p>\n<ul data-start=\"2192\" data-end=\"2427\">\n<li data-start=\"2192\" data-end=\"2303\">\n<p data-start=\"2194\" data-end=\"2303\"><strong data-start=\"2194\" data-end=\"2215\">Signature Edition<\/strong> \u2013 S\u00e9rie tricolore rouge, blanc et bleu, c\u00e9l\u00e8bre dans le sport automobile tout-terrain<\/p>\n<\/li>\n<li data-start=\"2304\" data-end=\"2364\">\n<p data-start=\"2306\" data-end=\"2364\"><strong data-start=\"2306\" data-end=\"2325\">Outline Edition<\/strong> \u2013 Lettres blanches avec contour noir<\/p>\n<\/li>\n<li data-start=\"2365\" data-end=\"2427\">\n<p data-start=\"2367\" data-end=\"2427\"><strong data-start=\"2367\" data-end=\"2386\">Classic Edition<\/strong> \u2013 S\u00e9rie de lettres blanches classiques<\/p>\n<\/li>\n<\/ul>\n<h3 data-start=\"2429\" data-end=\"2479\"><strong data-start=\"2433\" data-end=\"2477\">Que comprend chaque kit Do-It-Yourself ?<\/strong><\/h3>\n<p data-start=\"2480\" data-end=\"2678\">Ces lettres de pneus sont disponibles sous forme de <strong data-start=\"2532\" data-end=\"2560\">kit \u00e0 installer soi-m\u00eame<\/strong>, que vous pouvez appliquer \u00e0 n\u2019importe quel pneu BFGoodrich\u00ae dans le confort de votre garage. Chaque kit comprend :<\/p>\n<ul data-start=\"2679\" data-end=\"3066\">\n<li data-start=\"2679\" data-end=\"2775\">\n<p data-start=\"2681\" data-end=\"2775\">Lettres pour pneus (suffisantes pour 4 ou 5 pneus, incluant BFGoodrich\u00ae et le nom du mod\u00e8le)<\/p>\n<\/li>\n<li data-start=\"2776\" data-end=\"2897\">\n<p data-start=\"2778\" data-end=\"2897\">Adh\u00e9sif sp\u00e9cialis\u00e9 <strong data-start=\"2797\" data-end=\"2825\">Tire Stickers\u00ae FleXement<\/strong> pour que les lettres adh\u00e8rent parfaitement et durablement \u00e0 vos pneus<\/p>\n<\/li>\n<li data-start=\"2898\" data-end=\"2950\">\n<p data-start=\"2900\" data-end=\"2950\">Gants en caoutchouc pour une installation propre<\/p>\n<\/li>\n<li data-start=\"2951\" data-end=\"3014\">\n<p data-start=\"2953\" data-end=\"3014\">Nettoyant <strong data-start=\"2963\" data-end=\"3004\">Tire Stickers\u00ae Rubber Bright Touch-Up<\/strong> (60 ml)<\/p>\n<\/li>\n<li data-start=\"3015\" data-end=\"3066\">\n<p data-start=\"3017\" data-end=\"3066\">Instructions compl\u00e8tes pour un r\u00e9sultat parfait<\/p>\n<\/li>\n<\/ul>\n<h3 data-start=\"3068\" data-end=\"3113\"><strong data-start=\"3072\" data-end=\"3111\">Comment se d\u00e9roule l\u2019installation ?<\/strong><\/h3>\n<p data-start=\"3114\" data-end=\"3369\">Les lettres BFGoodrich\u00ae sont <strong data-start=\"3143\" data-end=\"3166\">faciles \u00e0 appliquer<\/strong> et offrent \u00e0 vos pneus un look inoubliable qui attirera tous les regards ! Consultez la <strong data-start=\"3255\" data-end=\"3279\">vid\u00e9o d\u2019installation<\/strong> pour suivre pas \u00e0 pas le processus et obtenir un r\u00e9sultat <strong data-start=\"3338\" data-end=\"3366\">professionnel et durable<\/strong>.<\/p>\n","protected":false},"excerpt":{"rendered":"<p>Votre v\u00e9hicule n\u2019est pas simplement une voiture ou un camion. C\u2019est une expression de votre personnalit\u00e9, et vos pneus jouent un r\u00f4le important dans cette expression. C\u2019est pourquoi il existe les lettres de pneus BFGoodrich. Con\u00e7ues pour s\u2019adapter parfaitement et exclusivement \u00e0 vos pneus BFGoodrich, ces lettres de pneus sont un moyen visible et styl\u00e9 [&hellip;]<\/p>\n","protected":false},"featured_media":6781,"comment_status":"closed","ping_status":"closed","template":"","meta":[],"product_brand":[26],"product_cat":[59],"product_tag":[],"class_list":{"0":"post-6780","1":"product","2":"type-product","3":"status-publish","4":"has-post-thumbnail","6":"product_brand-bf-goodrich","7":"product_cat-tire-lettering","9":"first","10":"instock","11":"taxable","12":"shipping-taxable","13":"purchasable","14":"product-type-variable"},"_links":{"self":[{"href":"https:\/\/unruffled-ardinghelli.108-175-3-191.plesk.page\/fr\/wp-json\/wp\/v2\/product\/6780","targetHints":{"allow":["GET"]}}],"collection":[{"href":"https:\/\/unruffled-ardinghelli.108-175-3-191.plesk.page\/fr\/wp-json\/wp\/v2\/product"}],"about":[{"href":"https:\/\/unruffled-ardinghelli.108-175-3-191.plesk.page\/fr\/wp-json\/wp\/v2\/types\/product"}],"replies":[{"embeddable":true,"href":"https:\/\/unruffled-ardinghelli.108-175-3-191.plesk.page\/fr\/wp-json\/wp\/v2\/comments?post=6780"}],"wp:featuredmedia":[{"embeddable":true,"href":"https:\/\/unruffled-ardinghelli.108-175-3-191.plesk.page\/fr\/wp-json\/wp\/v2\/media\/6781"}],"wp:attachment":[{"href":"https:\/\/unruffled-ardinghelli.108-175-3-191.plesk.page\/fr\/wp-json\/wp\/v2\/media?parent=6780"}],"wp:term":[{"taxonomy":"product_brand","embeddable":true,"href":"https:\/\/unruffled-ardinghelli.108-175-3-191.plesk.page\/fr\/wp-json\/wp\/v2\/product_brand?post=6780"},{"taxonomy":"product_cat","embeddable":true,"href":"https:\/\/unruffled-ardinghelli.108-175-3-191.plesk.page\/fr\/wp-json\/wp\/v2\/product_cat?post=6780"},{"taxonomy":"product_tag","embeddable":true,"href":"https:\/\/unruffled-ardinghelli.108-175-3-191.plesk.page\/fr\/wp-json\/wp\/v2\/product_tag?post=6780"}],"curies":[{"name":"wp","href":"https:\/\/api.w.org\/{rel}","templated":true}]}}