{"id":6774,"date":"2026-01-05T16:56:24","date_gmt":"2026-01-05T16:56:24","guid":{"rendered":"https:\/\/unruffled-ardinghelli.108-175-3-191.plesk.page\/product\/continuous-dotted-lines\/"},"modified":"2026-01-22T02:22:09","modified_gmt":"2026-01-22T02:22:09","slug":"lignes-pointillees-continues","status":"publish","type":"product","link":"https:\/\/unruffled-ardinghelli.108-175-3-191.plesk.page\/fr\/produit\/lignes-pointillees-continues\/","title":{"rendered":"Lignes pointill\u00e9es continues"},"content":{"rendered":"<h3 data-start=\"168\" data-end=\"257\"><strong data-start=\"172\" data-end=\"255\">Lignes pointillees continues \u2013 Design pour flancs de pneus \u2013 Maintenant disponible !<\/strong><\/h3>\n<p data-start=\"259\" data-end=\"603\">Apportez un <strong data-start=\"271\" data-end=\"299\">look unique et dynamique<\/strong> \u00e0 vos pneus avec ce design <strong data-start=\"327\" data-end=\"354\">Continuous Dotted Lines<\/strong>. Le kit est disponible en <strong data-start=\"381\" data-end=\"416\">version pelable et autocollante<\/strong> ou en <strong data-start=\"423\" data-end=\"469\">lettres permanentes en caoutchouc sur\u00e9lev\u00e9<\/strong>. Chaque roue re\u00e7oit un ensemble complet de <strong data-start=\"513\" data-end=\"546\">bandes continues et ponctu\u00e9es<\/strong>, parfait pour un effet visuel \u00e9l\u00e9gant et personnalis\u00e9.<\/p>\n<p data-start=\"605\" data-end=\"686\">Pour des designs personnalis\u00e9s, veuillez revenir \u00e0 l\u2019option <strong data-start=\"665\" data-end=\"683\">Cr\u00e9ez le v\u00f4tre<\/strong>.<\/p>\n<h3 data-start=\"688\" data-end=\"718\"><strong data-start=\"692\" data-end=\"718\">GUIDES D\u2019APPLICATION :<\/strong><\/h3>\n<ul data-start=\"719\" data-end=\"837\">\n<li data-start=\"719\" data-end=\"786\">\n<p data-start=\"721\" data-end=\"786\"><strong data-start=\"721\" data-end=\"739\">Semi-permanent<\/strong> : Guide d\u2019application pelable et autocollant<\/p>\n<\/li>\n<li data-start=\"787\" data-end=\"837\">\n<p data-start=\"789\" data-end=\"837\"><strong data-start=\"789\" data-end=\"802\">Permanent<\/strong> : Guide d\u2019application permanente<\/p>\n<\/li>\n<\/ul>\n<h3 data-start=\"839\" data-end=\"898\"><strong data-start=\"843\" data-end=\"896\">Directives g\u00e9n\u00e9rales de dimensionnement des pneus<\/strong><\/h3>\n<div class=\"TyagGW_tableContainer\">\n<div class=\"group TyagGW_tableWrapper flex flex-col-reverse w-fit\" tabindex=\"-1\">\n<table class=\"w-fit min-w-(--thread-content-width)\" data-start=\"899\" data-end=\"1301\">\n<thead data-start=\"899\" data-end=\"959\">\n<tr data-start=\"899\" data-end=\"959\">\n<th data-start=\"899\" data-end=\"915\" data-col-size=\"sm\">S\u00e9rie du pneu<\/th>\n<th data-start=\"915\" data-end=\"959\" data-col-size=\"sm\">Hauteur maximale recommand\u00e9e des lettres<\/th>\n<\/tr>\n<\/thead>\n<tbody data-start=\"1021\" data-end=\"1301\">\n<tr data-start=\"1021\" data-end=\"1054\">\n<td data-start=\"1021\" data-end=\"1026\" data-col-size=\"sm\">20<\/td>\n<td data-col-size=\"sm\" data-start=\"1026\" data-end=\"1054\">0,5\u2033 \/ 1,27 cm \/ 12,7 mm<\/td>\n<\/tr>\n<tr data-start=\"1055\" data-end=\"1091\">\n<td data-start=\"1055\" data-end=\"1060\" data-col-size=\"sm\">25<\/td>\n<td data-col-size=\"sm\" data-start=\"1060\" data-end=\"1091\">0,75\u2033 \/ 1,905 cm \/ 19,05 mm<\/td>\n<\/tr>\n<tr data-start=\"1092\" data-end=\"1123\">\n<td data-start=\"1092\" data-end=\"1097\" data-col-size=\"sm\">30<\/td>\n<td data-col-size=\"sm\" data-start=\"1097\" data-end=\"1123\">1,0\u2033 \/ 2,54 cm \/ 25 mm<\/td>\n<\/tr>\n<tr data-start=\"1124\" data-end=\"1160\">\n<td data-start=\"1124\" data-end=\"1129\" data-col-size=\"sm\">35<\/td>\n<td data-col-size=\"sm\" data-start=\"1129\" data-end=\"1160\">1,25\u2033 \/ 3,175 cm \/ 31,75 mm<\/td>\n<\/tr>\n<tr data-start=\"1161\" data-end=\"1197\">\n<td data-start=\"1161\" data-end=\"1166\" data-col-size=\"sm\">40<\/td>\n<td data-col-size=\"sm\" data-start=\"1166\" data-end=\"1197\">1,25\u2033 \/ 3,175 cm \/ 31,75 mm<\/td>\n<\/tr>\n<tr data-start=\"1198\" data-end=\"1231\">\n<td data-start=\"1198\" data-end=\"1203\" data-col-size=\"sm\">45<\/td>\n<td data-col-size=\"sm\" data-start=\"1203\" data-end=\"1231\">1,5\u2033 \/ 3,81 cm \/ 38,1 mm<\/td>\n<\/tr>\n<tr data-start=\"1232\" data-end=\"1267\">\n<td data-start=\"1232\" data-end=\"1237\" data-col-size=\"sm\">50<\/td>\n<td data-col-size=\"sm\" data-start=\"1237\" data-end=\"1267\">1,75\u2033 \/ 4,44 cm \/ 44,45 mm<\/td>\n<\/tr>\n<tr data-start=\"1268\" data-end=\"1301\">\n<td data-start=\"1268\" data-end=\"1273\" data-col-size=\"sm\">55<\/td>\n<td data-col-size=\"sm\" data-start=\"1273\" data-end=\"1301\">2,0\u2033 \/ 5,08 cm \/ 50,8 mm<\/td>\n<\/tr>\n<\/tbody>\n<\/table>\n<\/div>\n<\/div>\n<p data-start=\"1303\" data-end=\"1386\"><strong data-start=\"1303\" data-end=\"1316\">Exemple :<\/strong><br data-start=\"1316\" data-end=\"1319\" \/>Dimension du pneu : <strong data-start=\"1339\" data-end=\"1353\">245\/45\/R17<\/strong><br data-start=\"1353\" data-end=\"1356\" \/>Hauteur recommand\u00e9e : <strong data-start=\"1378\" data-end=\"1386\">1,5\u2033<\/strong><\/p>\n<p data-start=\"1388\" data-end=\"1478\">Pour plus d\u2019informations sur ce produit, consultez le <strong data-start=\"1442\" data-end=\"1475\">Guide de s\u00e9lection du produit<\/strong>.<\/p>\n","protected":false},"excerpt":{"rendered":"<p>Lignes pointillees continues \u2013 Design pour flancs de pneus \u2013 Maintenant disponible ! Apportez un look unique et dynamique \u00e0 vos pneus avec ce design Continuous Dotted Lines. Le kit est disponible en version pelable et autocollante ou en lettres permanentes en caoutchouc sur\u00e9lev\u00e9. Chaque roue re\u00e7oit un ensemble complet de bandes continues et ponctu\u00e9es, [&hellip;]<\/p>\n","protected":false},"featured_media":6775,"comment_status":"open","ping_status":"closed","template":"","meta":[],"product_brand":[],"product_cat":[62,59,63],"product_tag":[],"class_list":{"0":"post-6774","1":"product","2":"type-product","3":"status-publish","4":"has-post-thumbnail","6":"product_cat-tire-graphics","7":"product_cat-tire-lettering","8":"product_cat-whitewalls-stripes-adds-on","10":"first","11":"instock","12":"sale","13":"taxable","14":"shipping-taxable","15":"purchasable","16":"product-type-variable"},"_links":{"self":[{"href":"https:\/\/unruffled-ardinghelli.108-175-3-191.plesk.page\/fr\/wp-json\/wp\/v2\/product\/6774","targetHints":{"allow":["GET"]}}],"collection":[{"href":"https:\/\/unruffled-ardinghelli.108-175-3-191.plesk.page\/fr\/wp-json\/wp\/v2\/product"}],"about":[{"href":"https:\/\/unruffled-ardinghelli.108-175-3-191.plesk.page\/fr\/wp-json\/wp\/v2\/types\/product"}],"replies":[{"embeddable":true,"href":"https:\/\/unruffled-ardinghelli.108-175-3-191.plesk.page\/fr\/wp-json\/wp\/v2\/comments?post=6774"}],"wp:featuredmedia":[{"embeddable":true,"href":"https:\/\/unruffled-ardinghelli.108-175-3-191.plesk.page\/fr\/wp-json\/wp\/v2\/media\/6775"}],"wp:attachment":[{"href":"https:\/\/unruffled-ardinghelli.108-175-3-191.plesk.page\/fr\/wp-json\/wp\/v2\/media?parent=6774"}],"wp:term":[{"taxonomy":"product_brand","embeddable":true,"href":"https:\/\/unruffled-ardinghelli.108-175-3-191.plesk.page\/fr\/wp-json\/wp\/v2\/product_brand?post=6774"},{"taxonomy":"product_cat","embeddable":true,"href":"https:\/\/unruffled-ardinghelli.108-175-3-191.plesk.page\/fr\/wp-json\/wp\/v2\/product_cat?post=6774"},{"taxonomy":"product_tag","embeddable":true,"href":"https:\/\/unruffled-ardinghelli.108-175-3-191.plesk.page\/fr\/wp-json\/wp\/v2\/product_tag?post=6774"}],"curies":[{"name":"wp","href":"https:\/\/api.w.org\/{rel}","templated":true}]}}