{"id":6765,"date":"2026-01-19T01:21:41","date_gmt":"2026-01-19T01:21:41","guid":{"rendered":"https:\/\/unruffled-ardinghelli.108-175-3-191.plesk.page\/product\/checkered-race-flags\/"},"modified":"2026-03-27T06:59:45","modified_gmt":"2026-03-27T06:59:45","slug":"drapeaux-a-damier-de-course","status":"publish","type":"product","link":"https:\/\/unruffled-ardinghelli.108-175-3-191.plesk.page\/fr\/produit\/drapeaux-a-damier-de-course\/","title":{"rendered":"Drapeaux \u00e0 Damier de Course"},"content":{"rendered":"<h3 data-start=\"133\" data-end=\"214\"><strong data-start=\"137\" data-end=\"212\">Checkered Race Flags \u2013 Graphismes pour pneus \u2013 Maintenant disponibles !<\/strong><\/h3>\n<p data-start=\"216\" data-end=\"446\">Apportez un <strong data-start=\"228\" data-end=\"249\">look personnalis\u00e9<\/strong> \u00e0 votre v\u00e9hicule avec ces <strong data-start=\"276\" data-end=\"311\">graphismes Checkered Race Flags<\/strong> pour pneus. Chaque kit d\u2019extension comprend <strong data-start=\"356\" data-end=\"385\">16 bandes directionnelles<\/strong> (4 drapeaux par pneu, c\u00f4t\u00e9 gauche et droit de la voiture).<\/p>\n<h3 data-start=\"448\" data-end=\"473\"><strong data-start=\"452\" data-end=\"473\">Ce kit comprend :<\/strong><\/h3>\n<ul data-start=\"474\" data-end=\"608\">\n<li data-start=\"474\" data-end=\"557\">\n<p data-start=\"476\" data-end=\"557\">16 drapeaux Checkered Race Flags (8 pour chaque c\u00f4t\u00e9 de la voiture, 4 par pneu)<\/p>\n<\/li>\n<li data-start=\"558\" data-end=\"582\">\n<p data-start=\"560\" data-end=\"582\">Guide d\u2019installation<\/p>\n<\/li>\n<li data-start=\"583\" data-end=\"608\">\n<p data-start=\"585\" data-end=\"608\">Adh\u00e9sif <strong data-start=\"593\" data-end=\"606\">fleXement<\/strong><\/p>\n<\/li>\n<\/ul>\n<p data-start=\"610\" data-end=\"752\">Veuillez s\u00e9lectionner le <strong data-start=\"635\" data-end=\"659\">type de Tire Sticker<\/strong>, la <strong data-start=\"664\" data-end=\"685\">taille de la roue<\/strong>, la <strong data-start=\"690\" data-end=\"713\">hauteur des lettres<\/strong> ainsi que la <strong data-start=\"727\" data-end=\"739\">quantit\u00e9<\/strong> souhait\u00e9e.<\/p>\n<p data-start=\"754\" data-end=\"835\">Pour des designs personnalis\u00e9s, veuillez revenir \u00e0 l\u2019option <strong data-start=\"814\" data-end=\"832\">Cr\u00e9ez le v\u00f4tre<\/strong>.<\/p>\n<h3 data-start=\"837\" data-end=\"867\"><strong data-start=\"841\" data-end=\"867\">GUIDES D\u2019APPLICATION :<\/strong><\/h3>\n<ul data-start=\"868\" data-end=\"986\">\n<li data-start=\"868\" data-end=\"935\">\n<p data-start=\"870\" data-end=\"935\"><strong data-start=\"870\" data-end=\"888\">Semi-permanent<\/strong> : Guide d\u2019application pelable et autocollant<\/p>\n<\/li>\n<li data-start=\"936\" data-end=\"986\">\n<p data-start=\"938\" data-end=\"986\"><strong data-start=\"938\" data-end=\"951\">Permanent<\/strong> : Guide d\u2019application permanente<\/p>\n<\/li>\n<\/ul>\n<h3 data-start=\"988\" data-end=\"1047\"><strong data-start=\"992\" data-end=\"1045\">Directives g\u00e9n\u00e9rales de dimensionnement des pneus<\/strong><\/h3>\n<div class=\"TyagGW_tableContainer\">\n<div class=\"group TyagGW_tableWrapper flex flex-col-reverse w-fit\" tabindex=\"-1\">\n<table class=\"w-fit min-w-(--thread-content-width)\" data-start=\"1048\" data-end=\"1450\">\n<thead data-start=\"1048\" data-end=\"1108\">\n<tr data-start=\"1048\" data-end=\"1108\">\n<th data-start=\"1048\" data-end=\"1064\" data-col-size=\"sm\">S\u00e9rie du pneu<\/th>\n<th data-start=\"1064\" data-end=\"1108\" data-col-size=\"sm\">Hauteur maximale recommand\u00e9e des lettres<\/th>\n<\/tr>\n<\/thead>\n<tbody data-start=\"1170\" data-end=\"1450\">\n<tr data-start=\"1170\" data-end=\"1203\">\n<td data-start=\"1170\" data-end=\"1175\" data-col-size=\"sm\">20<\/td>\n<td data-col-size=\"sm\" data-start=\"1175\" data-end=\"1203\">0,5\u2033 \/ 1,27 cm \/ 12,7 mm<\/td>\n<\/tr>\n<tr data-start=\"1204\" data-end=\"1240\">\n<td data-start=\"1204\" data-end=\"1209\" data-col-size=\"sm\">25<\/td>\n<td data-col-size=\"sm\" data-start=\"1209\" data-end=\"1240\">0,75\u2033 \/ 1,905 cm \/ 19,05 mm<\/td>\n<\/tr>\n<tr data-start=\"1241\" data-end=\"1272\">\n<td data-start=\"1241\" data-end=\"1246\" data-col-size=\"sm\">30<\/td>\n<td data-start=\"1246\" data-end=\"1272\" data-col-size=\"sm\">1,0\u2033 \/ 2,54 cm \/ 25 mm<\/td>\n<\/tr>\n<tr data-start=\"1273\" data-end=\"1309\">\n<td data-start=\"1273\" data-end=\"1278\" data-col-size=\"sm\">35<\/td>\n<td data-col-size=\"sm\" data-start=\"1278\" data-end=\"1309\">1,25\u2033 \/ 3,175 cm \/ 31,75 mm<\/td>\n<\/tr>\n<tr data-start=\"1310\" data-end=\"1346\">\n<td data-start=\"1310\" data-end=\"1315\" data-col-size=\"sm\">40<\/td>\n<td data-col-size=\"sm\" data-start=\"1315\" data-end=\"1346\">1,25\u2033 \/ 3,175 cm \/ 31,75 mm<\/td>\n<\/tr>\n<tr data-start=\"1347\" data-end=\"1380\">\n<td data-start=\"1347\" data-end=\"1352\" data-col-size=\"sm\">45<\/td>\n<td data-start=\"1352\" data-end=\"1380\" data-col-size=\"sm\">1,5\u2033 \/ 3,81 cm \/ 38,1 mm<\/td>\n<\/tr>\n<tr data-start=\"1381\" data-end=\"1416\">\n<td data-start=\"1381\" data-end=\"1386\" data-col-size=\"sm\">50<\/td>\n<td data-col-size=\"sm\" data-start=\"1386\" data-end=\"1416\">1,75\u2033 \/ 4,44 cm \/ 44,45 mm<\/td>\n<\/tr>\n<tr data-start=\"1417\" data-end=\"1450\">\n<td data-start=\"1417\" data-end=\"1422\" data-col-size=\"sm\">55<\/td>\n<td data-col-size=\"sm\" data-start=\"1422\" data-end=\"1450\">2,0\u2033 \/ 5,08 cm \/ 50,8 mm<\/td>\n<\/tr>\n<\/tbody>\n<\/table>\n<\/div>\n<\/div>\n<p data-start=\"1452\" data-end=\"1535\"><strong data-start=\"1452\" data-end=\"1465\">Exemple :<\/strong><br data-start=\"1465\" data-end=\"1468\" \/>Dimension du pneu : <strong data-start=\"1488\" data-end=\"1502\">245\/45\/R17<\/strong><br data-start=\"1502\" data-end=\"1505\" \/>Hauteur recommand\u00e9e : <strong data-start=\"1527\" data-end=\"1535\">1,5\u2033<\/strong><\/p>\n<p data-start=\"1537\" data-end=\"1627\">Pour plus d\u2019informations sur ce produit, consultez le <strong data-start=\"1591\" data-end=\"1624\">Guide de s\u00e9lection du produit<\/strong>.<\/p>\n<p>&nbsp;<\/p>\n","protected":false},"excerpt":{"rendered":"<p>Checkered Race Flags \u2013 Graphismes pour pneus \u2013 Maintenant disponibles ! Apportez un look personnalis\u00e9 \u00e0 votre v\u00e9hicule avec ces graphismes Checkered Race Flags pour pneus. Chaque kit d\u2019extension comprend 16 bandes directionnelles (4 drapeaux par pneu, c\u00f4t\u00e9 gauche et droit de la voiture). Ce kit comprend : 16 drapeaux Checkered Race Flags (8 pour [&hellip;]<\/p>\n","protected":false},"featured_media":6766,"comment_status":"closed","ping_status":"closed","template":"","meta":[],"product_brand":[],"product_cat":[62,63],"product_tag":[],"class_list":{"0":"post-6765","1":"product","2":"type-product","3":"status-publish","4":"has-post-thumbnail","6":"product_cat-tire-graphics","7":"product_cat-whitewalls-stripes-adds-on","9":"first","10":"instock","11":"sale","12":"taxable","13":"shipping-taxable","14":"purchasable","15":"product-type-variable"},"_links":{"self":[{"href":"https:\/\/unruffled-ardinghelli.108-175-3-191.plesk.page\/fr\/wp-json\/wp\/v2\/product\/6765","targetHints":{"allow":["GET"]}}],"collection":[{"href":"https:\/\/unruffled-ardinghelli.108-175-3-191.plesk.page\/fr\/wp-json\/wp\/v2\/product"}],"about":[{"href":"https:\/\/unruffled-ardinghelli.108-175-3-191.plesk.page\/fr\/wp-json\/wp\/v2\/types\/product"}],"replies":[{"embeddable":true,"href":"https:\/\/unruffled-ardinghelli.108-175-3-191.plesk.page\/fr\/wp-json\/wp\/v2\/comments?post=6765"}],"wp:featuredmedia":[{"embeddable":true,"href":"https:\/\/unruffled-ardinghelli.108-175-3-191.plesk.page\/fr\/wp-json\/wp\/v2\/media\/6766"}],"wp:attachment":[{"href":"https:\/\/unruffled-ardinghelli.108-175-3-191.plesk.page\/fr\/wp-json\/wp\/v2\/media?parent=6765"}],"wp:term":[{"taxonomy":"product_brand","embeddable":true,"href":"https:\/\/unruffled-ardinghelli.108-175-3-191.plesk.page\/fr\/wp-json\/wp\/v2\/product_brand?post=6765"},{"taxonomy":"product_cat","embeddable":true,"href":"https:\/\/unruffled-ardinghelli.108-175-3-191.plesk.page\/fr\/wp-json\/wp\/v2\/product_cat?post=6765"},{"taxonomy":"product_tag","embeddable":true,"href":"https:\/\/unruffled-ardinghelli.108-175-3-191.plesk.page\/fr\/wp-json\/wp\/v2\/product_tag?post=6765"}],"curies":[{"name":"wp","href":"https:\/\/api.w.org\/{rel}","templated":true}]}}