{"id":6743,"date":"2026-01-19T02:17:06","date_gmt":"2026-01-19T02:17:06","guid":{"rendered":"https:\/\/unruffled-ardinghelli.108-175-3-191.plesk.page\/product\/create-your-own-frost-edition\/"},"modified":"2026-01-22T02:04:03","modified_gmt":"2026-01-22T02:04:03","slug":"creez-votre-propre-design-frost-edition","status":"publish","type":"product","link":"https:\/\/unruffled-ardinghelli.108-175-3-191.plesk.page\/fr\/produit\/creez-votre-propre-design-frost-edition\/","title":{"rendered":"Cr\u00e9ez votre propre design \u2013 Frost Edition"},"content":{"rendered":"<p data-start=\"183\" data-end=\"268\">Cr\u00e9ez vos propres <strong data-start=\"201\" data-end=\"240\">graphismes Frost Edition pour pneus<\/strong> \u2013 d\u00e9sormais disponibles !<\/p>\n<p data-start=\"270\" data-end=\"469\">Apportez un <strong data-start=\"282\" data-end=\"303\">look personnalis\u00e9<\/strong> \u00e0 votre v\u00e9hicule avec ces graphismes inspir\u00e9s de l\u2019<strong data-start=\"355\" data-end=\"372\">\u00e9dition Frost<\/strong>. La longueur des lignes sera ajust\u00e9e en fonction du <strong data-start=\"425\" data-end=\"447\">texte personnalis\u00e9<\/strong> que vous saisissez.<\/p>\n<p>&nbsp;<\/p>\n<div id=\"_ytid_35830\" class=\"__youtube_prefs__ epyt-facade no-lazyload\" data-origwidth=\"480\" data-origheight=\"270\" data-facadesrc=\"https:\/\/www.youtube.com\/embed\/05iF3zYqxOQ?enablejsapi=1&amp;autoplay=0&amp;cc_load_policy=0&amp;cc_lang_pref=&amp;iv_load_policy=1&amp;loop=0&amp;modestbranding=0&amp;rel=1&amp;fs=1&amp;playsinline=0&amp;autohide=2&amp;theme=dark&amp;color=red&amp;controls=1&amp;\" data-epautoplay=\"1\"><img loading=\"lazy\" decoding=\"async\" class=\"epyt-facade-poster skip-lazy\" src=\"https:\/\/i.ytimg.com\/vi\/05iF3zYqxOQ\/maxresdefault.jpg\" alt=\"YouTube player\" width=\"654\" height=\"368\" data-spai-excluded=\"true\" \/><button class=\"epyt-facade-play\" aria-label=\"Play\"><\/button><\/div>\n<p data-start=\"471\" data-end=\"512\">Chaque kit <strong data-start=\"482\" data-end=\"499\">Frost Edition<\/strong> comprend :<\/p>\n<ul data-start=\"513\" data-end=\"625\">\n<li data-start=\"513\" data-end=\"547\">\n<p data-start=\"515\" data-end=\"547\">4 d\u00e9calcomanies pour le dessus<\/p>\n<\/li>\n<li data-start=\"548\" data-end=\"583\">\n<p data-start=\"550\" data-end=\"583\">4 d\u00e9calcomanies pour le dessous<\/p>\n<\/li>\n<li data-start=\"584\" data-end=\"625\">\n<p data-start=\"586\" data-end=\"625\">8 bandes directionnelles (2 par pneu)<\/p>\n<\/li>\n<\/ul>\n<h3 data-start=\"627\" data-end=\"652\"><strong data-start=\"631\" data-end=\"652\">Ce kit comprend :<\/strong><\/h3>\n<ul data-start=\"653\" data-end=\"797\">\n<li data-start=\"653\" data-end=\"689\">\n<p data-start=\"655\" data-end=\"689\">8 bandes pour pneus (2 par pneu)<\/p>\n<\/li>\n<li data-start=\"690\" data-end=\"746\">\n<p data-start=\"692\" data-end=\"746\">4 phrases pour le dessus \/ 4 phrases pour le dessous<\/p>\n<\/li>\n<li data-start=\"747\" data-end=\"771\">\n<p data-start=\"749\" data-end=\"771\">Guide d\u2019installation<\/p>\n<\/li>\n<li data-start=\"772\" data-end=\"797\">\n<p data-start=\"774\" data-end=\"797\">Adh\u00e9sif <strong data-start=\"782\" data-end=\"795\">fleXement<\/strong><\/p>\n<\/li>\n<\/ul>\n<p data-start=\"799\" data-end=\"941\">Veuillez s\u00e9lectionner le <strong data-start=\"824\" data-end=\"848\">type de Tire Sticker<\/strong>, la <strong data-start=\"853\" data-end=\"874\">taille de la roue<\/strong>, la <strong data-start=\"879\" data-end=\"902\">hauteur des lettres<\/strong> ainsi que la <strong data-start=\"916\" data-end=\"928\">quantit\u00e9<\/strong> souhait\u00e9e.<\/p>\n<p data-start=\"943\" data-end=\"1236\"><strong data-start=\"943\" data-end=\"963\">Responsabilit\u00e9 :<\/strong> en passant commande sur cette page, vous attestez <strong data-start=\"1014\" data-end=\"1045\">de vos droits d\u2019utilisation<\/strong> pour tous les logos, mots ou designs demand\u00e9s. Vous acceptez d\u2019assumer toute responsabilit\u00e9 et d\u2019indemniser <strong data-start=\"1154\" data-end=\"1175\">Tire Stickers LLC<\/strong> pour toute r\u00e9clamation pouvant d\u00e9couler de votre commande.<\/p>\n<h3 data-start=\"1238\" data-end=\"1268\"><strong data-start=\"1242\" data-end=\"1268\">GUIDES D\u2019APPLICATION :<\/strong><\/h3>\n<ul data-start=\"1269\" data-end=\"1387\">\n<li data-start=\"1269\" data-end=\"1336\">\n<p data-start=\"1271\" data-end=\"1336\"><strong data-start=\"1271\" data-end=\"1289\">Semi-permanent<\/strong> : Guide d\u2019application pelable et autocollant<\/p>\n<\/li>\n<li data-start=\"1337\" data-end=\"1387\">\n<p data-start=\"1339\" data-end=\"1387\"><strong data-start=\"1339\" data-end=\"1352\">Permanent<\/strong> : Guide d\u2019application permanente<\/p>\n<\/li>\n<\/ul>\n<h3 data-start=\"1389\" data-end=\"1448\"><strong data-start=\"1393\" data-end=\"1446\">Directives g\u00e9n\u00e9rales de dimensionnement des pneus<\/strong><\/h3>\n<div class=\"TyagGW_tableContainer\">\n<div class=\"group TyagGW_tableWrapper flex flex-col-reverse w-fit\" tabindex=\"-1\">\n<table class=\"w-fit min-w-(--thread-content-width)\" data-start=\"1449\" data-end=\"1851\">\n<thead data-start=\"1449\" data-end=\"1509\">\n<tr data-start=\"1449\" data-end=\"1509\">\n<th data-start=\"1449\" data-end=\"1465\" data-col-size=\"sm\">S\u00e9rie du pneu<\/th>\n<th data-start=\"1465\" data-end=\"1509\" data-col-size=\"sm\">Hauteur maximale recommand\u00e9e des lettres<\/th>\n<\/tr>\n<\/thead>\n<tbody data-start=\"1571\" data-end=\"1851\">\n<tr data-start=\"1571\" data-end=\"1604\">\n<td data-start=\"1571\" data-end=\"1576\" data-col-size=\"sm\">20<\/td>\n<td data-col-size=\"sm\" data-start=\"1576\" data-end=\"1604\">0,5\u2033 \/ 1,27 cm \/ 12,7 mm<\/td>\n<\/tr>\n<tr data-start=\"1605\" data-end=\"1641\">\n<td data-start=\"1605\" data-end=\"1610\" data-col-size=\"sm\">25<\/td>\n<td data-col-size=\"sm\" data-start=\"1610\" data-end=\"1641\">0,75\u2033 \/ 1,905 cm \/ 19,05 mm<\/td>\n<\/tr>\n<tr data-start=\"1642\" data-end=\"1673\">\n<td data-start=\"1642\" data-end=\"1647\" data-col-size=\"sm\">30<\/td>\n<td data-col-size=\"sm\" data-start=\"1647\" data-end=\"1673\">1,0\u2033 \/ 2,54 cm \/ 25 mm<\/td>\n<\/tr>\n<tr data-start=\"1674\" data-end=\"1710\">\n<td data-start=\"1674\" data-end=\"1679\" data-col-size=\"sm\">35<\/td>\n<td data-col-size=\"sm\" data-start=\"1679\" data-end=\"1710\">1,25\u2033 \/ 3,175 cm \/ 31,75 mm<\/td>\n<\/tr>\n<tr data-start=\"1711\" data-end=\"1747\">\n<td data-start=\"1711\" data-end=\"1716\" data-col-size=\"sm\">40<\/td>\n<td data-col-size=\"sm\" data-start=\"1716\" data-end=\"1747\">1,25\u2033 \/ 3,175 cm \/ 31,75 mm<\/td>\n<\/tr>\n<tr data-start=\"1748\" data-end=\"1781\">\n<td data-start=\"1748\" data-end=\"1753\" data-col-size=\"sm\">45<\/td>\n<td data-col-size=\"sm\" data-start=\"1753\" data-end=\"1781\">1,5\u2033 \/ 3,81 cm \/ 38,1 mm<\/td>\n<\/tr>\n<tr data-start=\"1782\" data-end=\"1817\">\n<td data-start=\"1782\" data-end=\"1787\" data-col-size=\"sm\">50<\/td>\n<td data-col-size=\"sm\" data-start=\"1787\" data-end=\"1817\">1,75\u2033 \/ 4,44 cm \/ 44,45 mm<\/td>\n<\/tr>\n<tr data-start=\"1818\" data-end=\"1851\">\n<td data-start=\"1818\" data-end=\"1823\" data-col-size=\"sm\">55<\/td>\n<td data-start=\"1823\" data-end=\"1851\" data-col-size=\"sm\">2,0\u2033 \/ 5,08 cm \/ 50,8 mm<\/td>\n<\/tr>\n<\/tbody>\n<\/table>\n<\/div>\n<\/div>\n<p data-start=\"1853\" data-end=\"1936\"><strong data-start=\"1853\" data-end=\"1866\">Exemple :<\/strong><br data-start=\"1866\" data-end=\"1869\" \/>Dimension du pneu : <strong data-start=\"1889\" data-end=\"1903\">245\/45\/R17<\/strong><br data-start=\"1903\" data-end=\"1906\" \/>Hauteur recommand\u00e9e : <strong data-start=\"1928\" data-end=\"1936\">1,5\u2033<\/strong><\/p>\n<p data-start=\"1938\" data-end=\"2026\">Pour plus d\u2019informations sur ce produit, consultez le <strong data-start=\"1992\" data-end=\"2025\">Guide de s\u00e9lection du produit<\/strong>.<\/p>\n","protected":false},"excerpt":{"rendered":"<p>Cr\u00e9ez vos propres graphismes Frost Edition pour pneus \u2013 d\u00e9sormais disponibles ! Apportez un look personnalis\u00e9 \u00e0 votre v\u00e9hicule avec ces graphismes inspir\u00e9s de l\u2019\u00e9dition Frost. La longueur des lignes sera ajust\u00e9e en fonction du texte personnalis\u00e9 que vous saisissez. &nbsp; Chaque kit Frost Edition comprend : 4 d\u00e9calcomanies pour le dessus 4 d\u00e9calcomanies pour [&hellip;]<\/p>\n","protected":false},"featured_media":6744,"comment_status":"closed","ping_status":"closed","template":"","meta":[],"product_brand":[],"product_cat":[61,51,62,59],"product_tag":[],"class_list":{"0":"post-6743","1":"product","2":"type-product","3":"status-publish","4":"has-post-thumbnail","6":"product_cat-create-your-own","7":"product_cat-featured","8":"product_cat-tire-graphics","9":"product_cat-tire-lettering","11":"first","12":"instock","13":"sale","14":"taxable","15":"shipping-taxable","16":"purchasable","17":"product-type-variable"},"_links":{"self":[{"href":"https:\/\/unruffled-ardinghelli.108-175-3-191.plesk.page\/fr\/wp-json\/wp\/v2\/product\/6743","targetHints":{"allow":["GET"]}}],"collection":[{"href":"https:\/\/unruffled-ardinghelli.108-175-3-191.plesk.page\/fr\/wp-json\/wp\/v2\/product"}],"about":[{"href":"https:\/\/unruffled-ardinghelli.108-175-3-191.plesk.page\/fr\/wp-json\/wp\/v2\/types\/product"}],"replies":[{"embeddable":true,"href":"https:\/\/unruffled-ardinghelli.108-175-3-191.plesk.page\/fr\/wp-json\/wp\/v2\/comments?post=6743"}],"wp:featuredmedia":[{"embeddable":true,"href":"https:\/\/unruffled-ardinghelli.108-175-3-191.plesk.page\/fr\/wp-json\/wp\/v2\/media\/6744"}],"wp:attachment":[{"href":"https:\/\/unruffled-ardinghelli.108-175-3-191.plesk.page\/fr\/wp-json\/wp\/v2\/media?parent=6743"}],"wp:term":[{"taxonomy":"product_brand","embeddable":true,"href":"https:\/\/unruffled-ardinghelli.108-175-3-191.plesk.page\/fr\/wp-json\/wp\/v2\/product_brand?post=6743"},{"taxonomy":"product_cat","embeddable":true,"href":"https:\/\/unruffled-ardinghelli.108-175-3-191.plesk.page\/fr\/wp-json\/wp\/v2\/product_cat?post=6743"},{"taxonomy":"product_tag","embeddable":true,"href":"https:\/\/unruffled-ardinghelli.108-175-3-191.plesk.page\/fr\/wp-json\/wp\/v2\/product_tag?post=6743"}],"curies":[{"name":"wp","href":"https:\/\/api.w.org\/{rel}","templated":true}]}}