{"id":6704,"date":"2025-11-16T03:41:36","date_gmt":"2025-11-16T03:41:36","guid":{"rendered":"https:\/\/unruffled-ardinghelli.108-175-3-191.plesk.page\/product\/super-stretched-toyo-tires-proxes\/"},"modified":"2026-01-22T01:52:24","modified_gmt":"2026-01-22T01:52:24","slug":"super-stretched-toyo-tires-proxes","status":"publish","type":"product","link":"https:\/\/unruffled-ardinghelli.108-175-3-191.plesk.page\/fr\/produit\/super-stretched-toyo-tires-proxes\/","title":{"rendered":"SUPER STRETCHED \u2013 Toyo Tires Proxes"},"content":{"rendered":"<h3 data-start=\"125\" data-end=\"187\"><strong data-start=\"129\" data-end=\"185\">Super Stretched Toyo Tires Design \u2013 \u00c9dition sp\u00e9ciale<\/strong><\/h3>\n<p data-start=\"189\" data-end=\"366\">Design sp\u00e9cial <strong data-start=\"204\" data-end=\"232\">Toyo Tires Tire Stickers<\/strong>. Ces d\u00e9calcomanies sont fournies en <strong data-start=\"269\" data-end=\"288\">une seule pi\u00e8ce<\/strong>, \u00e9tir\u00e9es et adapt\u00e9es pour s\u2019ajuster parfaitement au pneu de votre v\u00e9hicule.<\/p>\n<p data-start=\"368\" data-end=\"453\">Pour des <strong data-start=\"377\" data-end=\"402\">designs personnalis\u00e9s<\/strong>, veuillez revenir \u00e0 l\u2019option <strong data-start=\"432\" data-end=\"450\">Cr\u00e9ez le v\u00f4tre<\/strong>.<\/p>\n<p data-start=\"455\" data-end=\"597\">Veuillez s\u00e9lectionner le <strong data-start=\"480\" data-end=\"504\">type de Tire Sticker<\/strong>, la <strong data-start=\"509\" data-end=\"530\">taille de la roue<\/strong>, la <strong data-start=\"535\" data-end=\"558\">hauteur des lettres<\/strong> ainsi que la <strong data-start=\"572\" data-end=\"584\">quantit\u00e9<\/strong> souhait\u00e9e.<\/p>\n<h3 data-start=\"599\" data-end=\"629\"><strong data-start=\"603\" data-end=\"629\">GUIDES D\u2019APPLICATION :<\/strong><\/h3>\n<ul data-start=\"630\" data-end=\"867\">\n<li data-start=\"630\" data-end=\"697\">\n<p data-start=\"632\" data-end=\"697\"><strong data-start=\"632\" data-end=\"650\">Semi-permanent<\/strong> : Guide d\u2019application pelable et autocollant<\/p>\n<\/li>\n<li data-start=\"698\" data-end=\"765\">\n<p data-start=\"700\" data-end=\"765\"><strong data-start=\"700\" data-end=\"718\">Semi-permanent<\/strong> : Vid\u00e9o d\u2019application pelable et autocollant<\/p>\n<\/li>\n<li data-start=\"766\" data-end=\"816\">\n<p data-start=\"768\" data-end=\"816\"><strong data-start=\"768\" data-end=\"781\">Permanent<\/strong> : Guide d\u2019application permanente<\/p>\n<\/li>\n<li data-start=\"817\" data-end=\"867\">\n<p data-start=\"819\" data-end=\"867\"><strong data-start=\"819\" data-end=\"832\">Permanent<\/strong> : Vid\u00e9o d\u2019application permanente<\/p>\n<\/li>\n<\/ul>\n<h3 data-start=\"869\" data-end=\"928\"><strong data-start=\"873\" data-end=\"926\">Directives g\u00e9n\u00e9rales de dimensionnement des pneus<\/strong><\/h3>\n<p data-start=\"929\" data-end=\"1167\">Utilisez le tableau de dimensionnement g\u00e9n\u00e9rique ci-dessous pour guider votre choix. Identifiez le <strong data-start=\"1028\" data-end=\"1048\">rapport d\u2019aspect<\/strong> ou la <strong data-start=\"1055\" data-end=\"1064\">s\u00e9rie<\/strong> (g\u00e9n\u00e9ralement le chiffre central de la dimension du pneu) et reportez-vous au tableau correspondant.<\/p>\n<p data-start=\"1169\" data-end=\"1346\"><strong data-start=\"1169\" data-end=\"1183\">Remarque :<\/strong> certains pneus peuvent pr\u00e9senter un rapport d\u2019aspect sp\u00e9cifique ne figurant pas dans ces recommandations. En cas de doute, veuillez nous contacter par courriel.<\/p>\n<div class=\"TyagGW_tableContainer\">\n<div class=\"group TyagGW_tableWrapper flex flex-col-reverse w-fit\" tabindex=\"-1\">\n<table class=\"w-fit min-w-(--thread-content-width)\" style=\"height: 254px;\" width=\"612\" data-start=\"1348\" data-end=\"1750\">\n<thead data-start=\"1348\" data-end=\"1408\">\n<tr data-start=\"1348\" data-end=\"1408\">\n<th data-start=\"1348\" data-end=\"1364\" data-col-size=\"sm\">S\u00e9rie du pneu<\/th>\n<th data-start=\"1364\" data-end=\"1408\" data-col-size=\"sm\">Hauteur maximale recommand\u00e9e des lettres<\/th>\n<\/tr>\n<\/thead>\n<tbody data-start=\"1470\" data-end=\"1750\">\n<tr data-start=\"1470\" data-end=\"1503\">\n<td data-start=\"1470\" data-end=\"1475\" data-col-size=\"sm\">20<\/td>\n<td data-start=\"1475\" data-end=\"1503\" data-col-size=\"sm\">0,5\u2033 \/ 1,27 cm \/ 12,7 mm<\/td>\n<\/tr>\n<tr data-start=\"1504\" data-end=\"1540\">\n<td data-start=\"1504\" data-end=\"1509\" data-col-size=\"sm\">25<\/td>\n<td data-start=\"1509\" data-end=\"1540\" data-col-size=\"sm\">0,75\u2033 \/ 1,905 cm \/ 19,05 mm<\/td>\n<\/tr>\n<tr data-start=\"1541\" data-end=\"1572\">\n<td data-start=\"1541\" data-end=\"1546\" data-col-size=\"sm\">30<\/td>\n<td data-start=\"1546\" data-end=\"1572\" data-col-size=\"sm\">1,0\u2033 \/ 2,54 cm \/ 25 mm<\/td>\n<\/tr>\n<tr data-start=\"1573\" data-end=\"1609\">\n<td data-start=\"1573\" data-end=\"1578\" data-col-size=\"sm\">35<\/td>\n<td data-start=\"1578\" data-end=\"1609\" data-col-size=\"sm\">1,25\u2033 \/ 3,175 cm \/ 31,75 mm<\/td>\n<\/tr>\n<tr data-start=\"1610\" data-end=\"1646\">\n<td data-start=\"1610\" data-end=\"1615\" data-col-size=\"sm\">40<\/td>\n<td data-start=\"1615\" data-end=\"1646\" data-col-size=\"sm\">1,25\u2033 \/ 3,175 cm \/ 31,75 mm<\/td>\n<\/tr>\n<tr data-start=\"1647\" data-end=\"1680\">\n<td data-start=\"1647\" data-end=\"1652\" data-col-size=\"sm\">45<\/td>\n<td data-start=\"1652\" data-end=\"1680\" data-col-size=\"sm\">1,5\u2033 \/ 3,81 cm \/ 38,1 mm<\/td>\n<\/tr>\n<tr data-start=\"1681\" data-end=\"1716\">\n<td data-start=\"1681\" data-end=\"1686\" data-col-size=\"sm\">50<\/td>\n<td data-start=\"1686\" data-end=\"1716\" data-col-size=\"sm\">1,75\u2033 \/ 4,44 cm \/ 44,45 mm<\/td>\n<\/tr>\n<tr data-start=\"1717\" data-end=\"1750\">\n<td data-start=\"1717\" data-end=\"1722\" data-col-size=\"sm\">55<\/td>\n<td data-start=\"1722\" data-end=\"1750\" data-col-size=\"sm\">2,0\u2033 \/ 5,08 cm \/ 50,8 mm<\/td>\n<\/tr>\n<\/tbody>\n<\/table>\n<\/div>\n<\/div>\n<p data-start=\"1752\" data-end=\"1835\"><strong data-start=\"1752\" data-end=\"1765\">Exemple :<\/strong><br data-start=\"1765\" data-end=\"1768\" \/>Dimension du pneu : <strong data-start=\"1788\" data-end=\"1802\">245\/45\/R17<\/strong><br data-start=\"1802\" data-end=\"1805\" \/>Hauteur recommand\u00e9e : <strong data-start=\"1827\" data-end=\"1835\">1,5\u2033<\/strong><\/p>\n","protected":false},"excerpt":{"rendered":"<p>Super Stretched Toyo Tires Design \u2013 \u00c9dition sp\u00e9ciale Design sp\u00e9cial Toyo Tires Tire Stickers. Ces d\u00e9calcomanies sont fournies en une seule pi\u00e8ce, \u00e9tir\u00e9es et adapt\u00e9es pour s\u2019ajuster parfaitement au pneu de votre v\u00e9hicule. Pour des designs personnalis\u00e9s, veuillez revenir \u00e0 l\u2019option Cr\u00e9ez le v\u00f4tre. Veuillez s\u00e9lectionner le type de Tire Sticker, la taille de la [&hellip;]<\/p>\n","protected":false},"featured_media":6705,"comment_status":"open","ping_status":"closed","template":"","meta":[],"product_brand":[40],"product_cat":[51,59],"product_tag":[],"class_list":{"0":"post-6704","1":"product","2":"type-product","3":"status-publish","4":"has-post-thumbnail","6":"product_brand-toyo-tires","7":"product_cat-featured","8":"product_cat-tire-lettering","10":"first","11":"instock","12":"taxable","13":"shipping-taxable","14":"purchasable","15":"product-type-variable"},"_links":{"self":[{"href":"https:\/\/unruffled-ardinghelli.108-175-3-191.plesk.page\/fr\/wp-json\/wp\/v2\/product\/6704","targetHints":{"allow":["GET"]}}],"collection":[{"href":"https:\/\/unruffled-ardinghelli.108-175-3-191.plesk.page\/fr\/wp-json\/wp\/v2\/product"}],"about":[{"href":"https:\/\/unruffled-ardinghelli.108-175-3-191.plesk.page\/fr\/wp-json\/wp\/v2\/types\/product"}],"replies":[{"embeddable":true,"href":"https:\/\/unruffled-ardinghelli.108-175-3-191.plesk.page\/fr\/wp-json\/wp\/v2\/comments?post=6704"}],"wp:featuredmedia":[{"embeddable":true,"href":"https:\/\/unruffled-ardinghelli.108-175-3-191.plesk.page\/fr\/wp-json\/wp\/v2\/media\/6705"}],"wp:attachment":[{"href":"https:\/\/unruffled-ardinghelli.108-175-3-191.plesk.page\/fr\/wp-json\/wp\/v2\/media?parent=6704"}],"wp:term":[{"taxonomy":"product_brand","embeddable":true,"href":"https:\/\/unruffled-ardinghelli.108-175-3-191.plesk.page\/fr\/wp-json\/wp\/v2\/product_brand?post=6704"},{"taxonomy":"product_cat","embeddable":true,"href":"https:\/\/unruffled-ardinghelli.108-175-3-191.plesk.page\/fr\/wp-json\/wp\/v2\/product_cat?post=6704"},{"taxonomy":"product_tag","embeddable":true,"href":"https:\/\/unruffled-ardinghelli.108-175-3-191.plesk.page\/fr\/wp-json\/wp\/v2\/product_tag?post=6704"}],"curies":[{"name":"wp","href":"https:\/\/api.w.org\/{rel}","templated":true}]}}