{"id":6689,"date":"2025-11-16T03:41:25","date_gmt":"2025-11-16T03:41:25","guid":{"rendered":"https:\/\/unruffled-ardinghelli.108-175-3-191.plesk.page\/product\/toyo-tires-proxes-frost-edition\/"},"modified":"2026-01-22T01:48:14","modified_gmt":"2026-01-22T01:48:14","slug":"toyo-tires-proxes-frost-edition","status":"publish","type":"product","link":"https:\/\/unruffled-ardinghelli.108-175-3-191.plesk.page\/fr\/produit\/toyo-tires-proxes-frost-edition\/","title":{"rendered":"Toyo Tires Proxes \u2013 Frost Edition"},"content":{"rendered":"<h3 data-start=\"125\" data-end=\"216\"><strong data-start=\"129\" data-end=\"216\">Toyo Tires Proxes R888R Frost Edition \u2013 Graphismes de pneus d\u00e9sormais disponibles !<\/strong><\/h3>\n<p data-start=\"218\" data-end=\"413\">Apportez un <strong data-start=\"230\" data-end=\"251\">look personnalis\u00e9<\/strong> \u00e0 votre v\u00e9hicule avec ces graphismes inspir\u00e9s de l\u2019<strong data-start=\"303\" data-end=\"320\">\u00e9dition Frost<\/strong>. La longueur des lignes sera ajust\u00e9e en fonction du texte personnalis\u00e9 que vous saisissez.<\/p>\n<p><iframe loading=\"lazy\" id=\"_ytid_87624\" class=\"__youtube_prefs__\" src=\"https:\/\/www.youtube.com\/embed\/05iF3zYqxOQ?enablejsapi=1&amp;autoplay=0&amp;cc_load_policy=0&amp;iv_load_policy=1&amp;loop=0&amp;modestbranding=0&amp;rel=1&amp;showinfo=1&amp;theme=dark&amp;color=red&amp;autohide=2&amp;controls=2&amp;playsinline=0&amp;\" width=\"480\" height=\"270\" allowfullscreen=\"allowfullscreen\" data-no-lazy=\"1\" data-skipgform_ajax_framebjll=\"\" data-mce-fragment=\"1\"><\/iframe><\/p>\n<p data-start=\"415\" data-end=\"456\">Chaque kit <strong data-start=\"426\" data-end=\"443\">Frost Edition<\/strong> comprend :<\/p>\n<ul data-start=\"457\" data-end=\"567\">\n<li data-start=\"457\" data-end=\"491\">\n<p data-start=\"459\" data-end=\"491\">4 d\u00e9calcomanies pour le dessus<\/p>\n<\/li>\n<li data-start=\"492\" data-end=\"527\">\n<p data-start=\"494\" data-end=\"527\">4 d\u00e9calcomanies pour le dessous<\/p>\n<\/li>\n<li data-start=\"528\" data-end=\"567\">\n<p data-start=\"530\" data-end=\"567\">8 bandes directionnelles (2 par pneu)<\/p>\n<\/li>\n<\/ul>\n<h3 data-start=\"569\" data-end=\"594\"><strong data-start=\"573\" data-end=\"594\">Ce kit comprend :<\/strong><\/h3>\n<ul data-start=\"595\" data-end=\"737\">\n<li data-start=\"595\" data-end=\"631\">\n<p data-start=\"597\" data-end=\"631\">8 bandes pour pneus (2 par pneu)<\/p>\n<\/li>\n<li data-start=\"632\" data-end=\"688\">\n<p data-start=\"634\" data-end=\"688\">4 phrases pour le dessus \/ 4 phrases pour le dessous<\/p>\n<\/li>\n<li data-start=\"689\" data-end=\"713\">\n<p data-start=\"691\" data-end=\"713\">Guide d\u2019installation<\/p>\n<\/li>\n<li data-start=\"714\" data-end=\"737\">\n<p data-start=\"716\" data-end=\"737\">Adh\u00e9sif <strong data-start=\"724\" data-end=\"737\">fleXement<\/strong><\/p>\n<\/li>\n<\/ul>\n<p data-start=\"739\" data-end=\"879\">Veuillez s\u00e9lectionner le <strong data-start=\"764\" data-end=\"788\">type de Tire Sticker<\/strong>, la <strong data-start=\"793\" data-end=\"814\">taille de la roue<\/strong>, la <strong data-start=\"819\" data-end=\"842\">hauteur des lettres<\/strong> ainsi que la <strong data-start=\"856\" data-end=\"868\">quantit\u00e9<\/strong> souhait\u00e9e.<\/p>\n<h3 data-start=\"881\" data-end=\"940\"><strong data-start=\"885\" data-end=\"938\">Directives g\u00e9n\u00e9rales de dimensionnement des pneus<\/strong><\/h3>\n<p data-start=\"941\" data-end=\"1185\">Utilisez le tableau de dimensionnement g\u00e9n\u00e9rique ci-dessous pour vous guider dans votre choix. Identifiez le <strong data-start=\"1050\" data-end=\"1070\">rapport d\u2019aspect<\/strong> ou la <strong data-start=\"1077\" data-end=\"1086\">s\u00e9rie<\/strong> (g\u00e9n\u00e9ralement le chiffre central de la dimension du pneu) et associez-le au tableau correspondant.<\/p>\n<div class=\"TyagGW_tableContainer\">\n<div class=\"group TyagGW_tableWrapper flex flex-col-reverse w-fit\" tabindex=\"-1\">\n<table class=\"w-fit min-w-(--thread-content-width)\" data-start=\"1187\" data-end=\"1589\">\n<thead data-start=\"1187\" data-end=\"1247\">\n<tr data-start=\"1187\" data-end=\"1247\">\n<th data-start=\"1187\" data-end=\"1203\" data-col-size=\"sm\">S\u00e9rie du pneu<\/th>\n<th data-start=\"1203\" data-end=\"1247\" data-col-size=\"sm\">Hauteur maximale recommand\u00e9e des lettres<\/th>\n<\/tr>\n<\/thead>\n<tbody data-start=\"1309\" data-end=\"1589\">\n<tr data-start=\"1309\" data-end=\"1342\">\n<td data-start=\"1309\" data-end=\"1314\" data-col-size=\"sm\">20<\/td>\n<td data-col-size=\"sm\" data-start=\"1314\" data-end=\"1342\">0,5\u2033 \/ 1,27 cm \/ 12,7 mm<\/td>\n<\/tr>\n<tr data-start=\"1343\" data-end=\"1379\">\n<td data-start=\"1343\" data-end=\"1348\" data-col-size=\"sm\">25<\/td>\n<td data-col-size=\"sm\" data-start=\"1348\" data-end=\"1379\">0,75\u2033 \/ 1,905 cm \/ 19,05 mm<\/td>\n<\/tr>\n<tr data-start=\"1380\" data-end=\"1411\">\n<td data-start=\"1380\" data-end=\"1385\" data-col-size=\"sm\">30<\/td>\n<td data-start=\"1385\" data-end=\"1411\" data-col-size=\"sm\">1,0\u2033 \/ 2,54 cm \/ 25 mm<\/td>\n<\/tr>\n<tr data-start=\"1412\" data-end=\"1448\">\n<td data-start=\"1412\" data-end=\"1417\" data-col-size=\"sm\">35<\/td>\n<td data-start=\"1417\" data-end=\"1448\" data-col-size=\"sm\">1,25\u2033 \/ 3,175 cm \/ 31,75 mm<\/td>\n<\/tr>\n<tr data-start=\"1449\" data-end=\"1485\">\n<td data-start=\"1449\" data-end=\"1454\" data-col-size=\"sm\">40<\/td>\n<td data-start=\"1454\" data-end=\"1485\" data-col-size=\"sm\">1,25\u2033 \/ 3,175 cm \/ 31,75 mm<\/td>\n<\/tr>\n<tr data-start=\"1486\" data-end=\"1519\">\n<td data-start=\"1486\" data-end=\"1491\" data-col-size=\"sm\">45<\/td>\n<td data-start=\"1491\" data-end=\"1519\" data-col-size=\"sm\">1,5\u2033 \/ 3,81 cm \/ 38,1 mm<\/td>\n<\/tr>\n<tr data-start=\"1520\" data-end=\"1555\">\n<td data-start=\"1520\" data-end=\"1525\" data-col-size=\"sm\">50<\/td>\n<td data-start=\"1525\" data-end=\"1555\" data-col-size=\"sm\">1,75\u2033 \/ 4,44 cm \/ 44,45 mm<\/td>\n<\/tr>\n<tr data-start=\"1556\" data-end=\"1589\">\n<td data-start=\"1556\" data-end=\"1561\" data-col-size=\"sm\">55<\/td>\n<td data-start=\"1561\" data-end=\"1589\" data-col-size=\"sm\">2,0\u2033 \/ 5,08 cm \/ 50,8 mm<\/td>\n<\/tr>\n<\/tbody>\n<\/table>\n<\/div>\n<\/div>\n<p data-start=\"1591\" data-end=\"1674\"><strong data-start=\"1591\" data-end=\"1604\">Exemple :<\/strong><br data-start=\"1604\" data-end=\"1607\" \/>Dimension du pneu : <strong data-start=\"1627\" data-end=\"1641\">245\/45\/R17<\/strong><br data-start=\"1641\" data-end=\"1644\" \/>Hauteur recommand\u00e9e : <strong data-start=\"1666\" data-end=\"1674\">1,5\u2033<\/strong><\/p>\n<p data-start=\"1676\" data-end=\"1753\"><strong data-start=\"1676\" data-end=\"1701\">Polices disponibles :<\/strong> TOYO TIRES | FROST | PROXES | R888R | FROST EDITION<\/p>\n","protected":false},"excerpt":{"rendered":"<p>Toyo Tires Proxes R888R Frost Edition \u2013 Graphismes de pneus d\u00e9sormais disponibles ! Apportez un look personnalis\u00e9 \u00e0 votre v\u00e9hicule avec ces graphismes inspir\u00e9s de l\u2019\u00e9dition Frost. La longueur des lignes sera ajust\u00e9e en fonction du texte personnalis\u00e9 que vous saisissez. Chaque kit Frost Edition comprend : 4 d\u00e9calcomanies pour le dessus 4 d\u00e9calcomanies pour [&hellip;]<\/p>\n","protected":false},"featured_media":6695,"comment_status":"open","ping_status":"closed","template":"","meta":[],"product_brand":[40],"product_cat":[51,59],"product_tag":[],"class_list":{"0":"post-6689","1":"product","2":"type-product","3":"status-publish","4":"has-post-thumbnail","6":"product_brand-toyo-tires","7":"product_cat-featured","8":"product_cat-tire-lettering","10":"first","11":"instock","12":"taxable","13":"shipping-taxable","14":"purchasable","15":"product-type-variable"},"_links":{"self":[{"href":"https:\/\/unruffled-ardinghelli.108-175-3-191.plesk.page\/fr\/wp-json\/wp\/v2\/product\/6689","targetHints":{"allow":["GET"]}}],"collection":[{"href":"https:\/\/unruffled-ardinghelli.108-175-3-191.plesk.page\/fr\/wp-json\/wp\/v2\/product"}],"about":[{"href":"https:\/\/unruffled-ardinghelli.108-175-3-191.plesk.page\/fr\/wp-json\/wp\/v2\/types\/product"}],"replies":[{"embeddable":true,"href":"https:\/\/unruffled-ardinghelli.108-175-3-191.plesk.page\/fr\/wp-json\/wp\/v2\/comments?post=6689"}],"wp:featuredmedia":[{"embeddable":true,"href":"https:\/\/unruffled-ardinghelli.108-175-3-191.plesk.page\/fr\/wp-json\/wp\/v2\/media\/6695"}],"wp:attachment":[{"href":"https:\/\/unruffled-ardinghelli.108-175-3-191.plesk.page\/fr\/wp-json\/wp\/v2\/media?parent=6689"}],"wp:term":[{"taxonomy":"product_brand","embeddable":true,"href":"https:\/\/unruffled-ardinghelli.108-175-3-191.plesk.page\/fr\/wp-json\/wp\/v2\/product_brand?post=6689"},{"taxonomy":"product_cat","embeddable":true,"href":"https:\/\/unruffled-ardinghelli.108-175-3-191.plesk.page\/fr\/wp-json\/wp\/v2\/product_cat?post=6689"},{"taxonomy":"product_tag","embeddable":true,"href":"https:\/\/unruffled-ardinghelli.108-175-3-191.plesk.page\/fr\/wp-json\/wp\/v2\/product_tag?post=6689"}],"curies":[{"name":"wp","href":"https:\/\/api.w.org\/{rel}","templated":true}]}}