{"id":6652,"date":"2025-11-16T03:41:19","date_gmt":"2025-11-16T03:41:19","guid":{"rendered":"https:\/\/unruffled-ardinghelli.108-175-3-191.plesk.page\/product\/speedhunters\/"},"modified":"2026-01-22T01:45:40","modified_gmt":"2026-01-22T01:45:40","slug":"speedhunters","status":"publish","type":"product","link":"https:\/\/unruffled-ardinghelli.108-175-3-191.plesk.page\/fr\/produit\/speedhunters\/","title":{"rendered":"SPEEDHUNTERS"},"content":{"rendered":"<h3 data-start=\"142\" data-end=\"202\"><strong data-start=\"146\" data-end=\"202\">SPEEDHUNTERS \u2013 Lettrage blanc d\u00e9sormais disponible !<\/strong><\/h3>\n<p data-start=\"204\" data-end=\"415\">Les <strong data-start=\"208\" data-end=\"261\">autocollants officiels SPEEDHUNTERS Tire Stickers<\/strong> sont maintenant disponibles dans notre boutique. Choisissez entre des ensembles de <strong data-start=\"345\" data-end=\"369\">4 ou 8 d\u00e9calcomanies<\/strong>. Le <strong data-start=\"374\" data-end=\"389\">style Kanji<\/strong> est \u00e9galement propos\u00e9 !<\/p>\n<p data-start=\"417\" data-end=\"617\">Merci d\u2019indiquer toute <strong data-start=\"440\" data-end=\"464\">demande particuli\u00e8re<\/strong> ou <strong data-start=\"468\" data-end=\"489\">commentaire utile<\/strong> dans le champ <strong data-start=\"504\" data-end=\"513\">NOTES<\/strong> lors de la commande afin de faciliter la personnalisation de votre <strong data-start=\"581\" data-end=\"608\">Tire Sticker sur mesure<\/strong>. Merci !<\/p>\n<h3 data-start=\"619\" data-end=\"644\"><strong data-start=\"623\" data-end=\"644\">Ce kit comprend :<\/strong><\/h3>\n<ul data-start=\"645\" data-end=\"907\">\n<li data-start=\"645\" data-end=\"679\">\n<p data-start=\"647\" data-end=\"679\">4 d\u00e9calcomanies pour le dessus<\/p>\n<\/li>\n<li data-start=\"680\" data-end=\"754\">\n<p data-start=\"682\" data-end=\"754\">4 d\u00e9calcomanies pour le dessous <em data-start=\"714\" data-end=\"752\">(si l\u2019ensemble de 8 est s\u00e9lectionn\u00e9)<\/em><\/p>\n<\/li>\n<li data-start=\"755\" data-end=\"779\">\n<p data-start=\"757\" data-end=\"779\">Guide d\u2019installation<\/p>\n<\/li>\n<li data-start=\"780\" data-end=\"805\">\n<p data-start=\"782\" data-end=\"805\">Adh\u00e9sif <strong data-start=\"790\" data-end=\"803\">fleXement<\/strong><\/p>\n<\/li>\n<li data-start=\"806\" data-end=\"843\">\n<p data-start=\"808\" data-end=\"843\">Gants de protection en caoutchouc<\/p>\n<\/li>\n<li data-start=\"844\" data-end=\"907\">\n<p data-start=\"846\" data-end=\"907\">Bouteille gratuite de nettoyant de retouche <strong data-start=\"890\" data-end=\"907\">Rubber Bright<\/strong><\/p>\n<\/li>\n<\/ul>\n<p data-start=\"909\" data-end=\"1049\">Veuillez s\u00e9lectionner le <strong data-start=\"934\" data-end=\"958\">type de Tire Sticker<\/strong>, la <strong data-start=\"963\" data-end=\"984\">taille de la roue<\/strong>, la <strong data-start=\"989\" data-end=\"1012\">hauteur des lettres<\/strong> ainsi que la <strong data-start=\"1026\" data-end=\"1038\">quantit\u00e9<\/strong> souhait\u00e9e.<\/p>\n<h3 data-start=\"1051\" data-end=\"1081\"><strong data-start=\"1055\" data-end=\"1081\">GUIDES D\u2019APPLICATION :<\/strong><\/h3>\n<ul data-start=\"1082\" data-end=\"1200\">\n<li data-start=\"1082\" data-end=\"1149\">\n<p data-start=\"1084\" data-end=\"1149\"><strong data-start=\"1084\" data-end=\"1102\">Semi-permanent<\/strong> : Guide d\u2019application pelable et autocollant<\/p>\n<\/li>\n<li data-start=\"1150\" data-end=\"1200\">\n<p data-start=\"1152\" data-end=\"1200\"><strong data-start=\"1152\" data-end=\"1165\">Permanent<\/strong> : Guide d\u2019application permanente<\/p>\n<\/li>\n<\/ul>\n<h3 data-start=\"1202\" data-end=\"1261\"><strong data-start=\"1206\" data-end=\"1259\">Directives g\u00e9n\u00e9rales de dimensionnement des pneus<\/strong><\/h3>\n<p data-start=\"1262\" data-end=\"1506\">Utilisez le tableau de dimensionnement g\u00e9n\u00e9rique ci-dessous pour vous guider dans votre choix. Identifiez le <strong data-start=\"1371\" data-end=\"1391\">rapport d\u2019aspect<\/strong> ou la <strong data-start=\"1398\" data-end=\"1407\">s\u00e9rie<\/strong> (g\u00e9n\u00e9ralement le chiffre central de la dimension du pneu) et associez-le au tableau correspondant.<\/p>\n<p data-start=\"1508\" data-end=\"1683\"><strong data-start=\"1508\" data-end=\"1520\">Remarque<\/strong> : certains pneus peuvent pr\u00e9senter un rapport d\u2019aspect sp\u00e9cifique ne figurant pas dans ces recommandations. En cas de doute, veuillez nous contacter par courriel.<\/p>\n<p data-start=\"1685\" data-end=\"1773\">Pour plus d\u2019informations sur ce produit, consultez le <strong data-start=\"1739\" data-end=\"1772\">Guide de s\u00e9lection du produit<\/strong>.<\/p>\n","protected":false},"excerpt":{"rendered":"<p>SPEEDHUNTERS \u2013 Lettrage blanc d\u00e9sormais disponible ! Les autocollants officiels SPEEDHUNTERS Tire Stickers sont maintenant disponibles dans notre boutique. Choisissez entre des ensembles de 4 ou 8 d\u00e9calcomanies. Le style Kanji est \u00e9galement propos\u00e9 ! Merci d\u2019indiquer toute demande particuli\u00e8re ou commentaire utile dans le champ NOTES lors de la commande afin de faciliter la [&hellip;]<\/p>\n","protected":false},"featured_media":6654,"comment_status":"open","ping_status":"closed","template":"","meta":[],"product_brand":[54],"product_cat":[60,51,59],"product_tag":[],"class_list":{"0":"post-6652","1":"product","2":"type-product","3":"status-publish","4":"has-post-thumbnail","6":"product_brand-speedhunters","7":"product_cat-automotive-other-brands","8":"product_cat-featured","9":"product_cat-tire-lettering","11":"first","12":"instock","13":"sale","14":"taxable","15":"shipping-taxable","16":"purchasable","17":"product-type-variable"},"_links":{"self":[{"href":"https:\/\/unruffled-ardinghelli.108-175-3-191.plesk.page\/fr\/wp-json\/wp\/v2\/product\/6652","targetHints":{"allow":["GET"]}}],"collection":[{"href":"https:\/\/unruffled-ardinghelli.108-175-3-191.plesk.page\/fr\/wp-json\/wp\/v2\/product"}],"about":[{"href":"https:\/\/unruffled-ardinghelli.108-175-3-191.plesk.page\/fr\/wp-json\/wp\/v2\/types\/product"}],"replies":[{"embeddable":true,"href":"https:\/\/unruffled-ardinghelli.108-175-3-191.plesk.page\/fr\/wp-json\/wp\/v2\/comments?post=6652"}],"wp:featuredmedia":[{"embeddable":true,"href":"https:\/\/unruffled-ardinghelli.108-175-3-191.plesk.page\/fr\/wp-json\/wp\/v2\/media\/6654"}],"wp:attachment":[{"href":"https:\/\/unruffled-ardinghelli.108-175-3-191.plesk.page\/fr\/wp-json\/wp\/v2\/media?parent=6652"}],"wp:term":[{"taxonomy":"product_brand","embeddable":true,"href":"https:\/\/unruffled-ardinghelli.108-175-3-191.plesk.page\/fr\/wp-json\/wp\/v2\/product_brand?post=6652"},{"taxonomy":"product_cat","embeddable":true,"href":"https:\/\/unruffled-ardinghelli.108-175-3-191.plesk.page\/fr\/wp-json\/wp\/v2\/product_cat?post=6652"},{"taxonomy":"product_tag","embeddable":true,"href":"https:\/\/unruffled-ardinghelli.108-175-3-191.plesk.page\/fr\/wp-json\/wp\/v2\/product_tag?post=6652"}],"curies":[{"name":"wp","href":"https:\/\/api.w.org\/{rel}","templated":true}]}}