{"id":6621,"date":"2025-11-16T03:41:13","date_gmt":"2025-11-16T03:41:13","guid":{"rendered":"https:\/\/unruffled-ardinghelli.108-175-3-191.plesk.page\/product\/nexen\/"},"modified":"2026-01-22T02:40:13","modified_gmt":"2026-01-22T02:40:13","slug":"nexen","status":"publish","type":"product","link":"https:\/\/unruffled-ardinghelli.108-175-3-191.plesk.page\/fr\/produit\/nexen\/","title":{"rendered":"NEXEN"},"content":{"rendered":"<h3 data-start=\"87\" data-end=\"143\"><strong data-start=\"91\" data-end=\"141\">NEXEN \u2013 Lettrage blanc maintenant disponible !<\/strong><\/h3>\n<p data-start=\"145\" data-end=\"444\">Les <strong data-start=\"149\" data-end=\"184\">d\u00e9calcomanies officielles Nexen<\/strong> sont maintenant disponibles dans notre boutique ! Choisissez entre <strong data-start=\"252\" data-end=\"284\">sets de 4 ou 8 d\u00e9calcomanies<\/strong>. Merci de nous indiquer dans la <strong data-start=\"317\" data-end=\"331\">zone NOTES<\/strong> toute demande sp\u00e9ciale ou tout commentaire pouvant aider \u00e0 la cr\u00e9ation de votre <strong data-start=\"412\" data-end=\"441\">Tire Sticker personnalis\u00e9<\/strong>.<\/p>\n<h3 data-start=\"446\" data-end=\"473\"><strong data-start=\"450\" data-end=\"471\">Ce kit comprend :<\/strong><\/h3>\n<ul data-start=\"474\" data-end=\"735\">\n<li data-start=\"474\" data-end=\"510\">\n<p data-start=\"476\" data-end=\"510\">4 d\u00e9calcomanies pour le <strong data-start=\"500\" data-end=\"508\">haut<\/strong><\/p>\n<\/li>\n<li data-start=\"511\" data-end=\"581\">\n<p data-start=\"513\" data-end=\"581\">4 d\u00e9calcomanies pour le <strong data-start=\"537\" data-end=\"544\">bas<\/strong> (si set de 8 d\u00e9calcomanies choisi)<\/p>\n<\/li>\n<li data-start=\"582\" data-end=\"606\">\n<p data-start=\"584\" data-end=\"606\">Guide d\u2019instructions<\/p>\n<\/li>\n<li data-start=\"607\" data-end=\"632\">\n<p data-start=\"609\" data-end=\"632\">Adh\u00e9sif <strong data-start=\"617\" data-end=\"630\">fleXement<\/strong><\/p>\n<\/li>\n<li data-start=\"633\" data-end=\"670\">\n<p data-start=\"635\" data-end=\"670\">Gants de protection en caoutchouc<\/p>\n<\/li>\n<li data-start=\"671\" data-end=\"735\">\n<p data-start=\"673\" data-end=\"735\">Flacon gratuit de nettoyant <strong data-start=\"701\" data-end=\"718\">Rubber Bright<\/strong> pour retouches<\/p>\n<\/li>\n<\/ul>\n<p data-start=\"737\" data-end=\"879\">Veuillez s\u00e9lectionner le <strong data-start=\"762\" data-end=\"786\">type de Tire Sticker<\/strong>, la <strong data-start=\"791\" data-end=\"812\">taille de la roue<\/strong>, la <strong data-start=\"817\" data-end=\"840\">hauteur des lettres<\/strong> ainsi que la <strong data-start=\"854\" data-end=\"866\">quantit\u00e9<\/strong> souhait\u00e9e.<\/p>\n<h3 data-start=\"881\" data-end=\"913\"><strong data-start=\"885\" data-end=\"911\">GUIDES D\u2019APPLICATION :<\/strong><\/h3>\n<ul data-start=\"914\" data-end=\"1024\">\n<li data-start=\"914\" data-end=\"977\">\n<p data-start=\"916\" data-end=\"977\">Semi-permanent : Guide d\u2019application pelable et autocollant<\/p>\n<\/li>\n<li data-start=\"978\" data-end=\"1024\">\n<p data-start=\"980\" data-end=\"1024\">Permanent : Guide d\u2019application permanente<\/p>\n<\/li>\n<\/ul>\n<h3 data-start=\"1026\" data-end=\"1085\"><strong data-start=\"1030\" data-end=\"1083\">Directives g\u00e9n\u00e9rales de dimensionnement des pneus<\/strong><\/h3>\n<p data-start=\"1086\" data-end=\"1428\">Utilisez le tableau de dimensionnement ci-dessous pour guider votre choix. Identifiez le <strong data-start=\"1175\" data-end=\"1202\">rapport hauteur\/largeur<\/strong> ou la <strong data-start=\"1209\" data-end=\"1218\">s\u00e9rie<\/strong> (g\u00e9n\u00e9ralement le nombre central de la sp\u00e9cification du pneu) et reportez-vous au tableau. Note : certains pneus peuvent avoir un rapport unique en dehors de ces directives ; en cas de doute, contactez-nous !<\/p>\n<p data-start=\"1430\" data-end=\"1520\">Pour plus d\u2019informations sur ce produit, consultez le <strong data-start=\"1484\" data-end=\"1517\">Guide de s\u00e9lection du produit<\/strong>.<\/p>\n","protected":false},"excerpt":{"rendered":"<p>NEXEN \u2013 Lettrage blanc maintenant disponible ! Les d\u00e9calcomanies officielles Nexen sont maintenant disponibles dans notre boutique ! Choisissez entre sets de 4 ou 8 d\u00e9calcomanies. Merci de nous indiquer dans la zone NOTES toute demande sp\u00e9ciale ou tout commentaire pouvant aider \u00e0 la cr\u00e9ation de votre Tire Sticker personnalis\u00e9. Ce kit comprend : 4 [&hellip;]<\/p>\n","protected":false},"featured_media":6623,"comment_status":"open","ping_status":"closed","template":"","meta":[],"product_brand":[38],"product_cat":[51,59],"product_tag":[],"class_list":{"0":"post-6621","1":"product","2":"type-product","3":"status-publish","4":"has-post-thumbnail","6":"product_brand-nexen","7":"product_cat-featured","8":"product_cat-tire-lettering","10":"first","11":"instock","12":"sale","13":"taxable","14":"shipping-taxable","15":"purchasable","16":"product-type-variable"},"_links":{"self":[{"href":"https:\/\/unruffled-ardinghelli.108-175-3-191.plesk.page\/fr\/wp-json\/wp\/v2\/product\/6621","targetHints":{"allow":["GET"]}}],"collection":[{"href":"https:\/\/unruffled-ardinghelli.108-175-3-191.plesk.page\/fr\/wp-json\/wp\/v2\/product"}],"about":[{"href":"https:\/\/unruffled-ardinghelli.108-175-3-191.plesk.page\/fr\/wp-json\/wp\/v2\/types\/product"}],"replies":[{"embeddable":true,"href":"https:\/\/unruffled-ardinghelli.108-175-3-191.plesk.page\/fr\/wp-json\/wp\/v2\/comments?post=6621"}],"wp:featuredmedia":[{"embeddable":true,"href":"https:\/\/unruffled-ardinghelli.108-175-3-191.plesk.page\/fr\/wp-json\/wp\/v2\/media\/6623"}],"wp:attachment":[{"href":"https:\/\/unruffled-ardinghelli.108-175-3-191.plesk.page\/fr\/wp-json\/wp\/v2\/media?parent=6621"}],"wp:term":[{"taxonomy":"product_brand","embeddable":true,"href":"https:\/\/unruffled-ardinghelli.108-175-3-191.plesk.page\/fr\/wp-json\/wp\/v2\/product_brand?post=6621"},{"taxonomy":"product_cat","embeddable":true,"href":"https:\/\/unruffled-ardinghelli.108-175-3-191.plesk.page\/fr\/wp-json\/wp\/v2\/product_cat?post=6621"},{"taxonomy":"product_tag","embeddable":true,"href":"https:\/\/unruffled-ardinghelli.108-175-3-191.plesk.page\/fr\/wp-json\/wp\/v2\/product_tag?post=6621"}],"curies":[{"name":"wp","href":"https:\/\/api.w.org\/{rel}","templated":true}]}}