{"id":6577,"date":"2025-11-16T03:41:10","date_gmt":"2025-11-16T03:41:10","guid":{"rendered":"https:\/\/unruffled-ardinghelli.108-175-3-191.plesk.page\/product\/kumho\/"},"modified":"2026-01-22T01:42:11","modified_gmt":"2026-01-22T01:42:11","slug":"kumho","status":"publish","type":"product","link":"https:\/\/unruffled-ardinghelli.108-175-3-191.plesk.page\/fr\/produit\/kumho\/","title":{"rendered":"KUMHO"},"content":{"rendered":"<h3 data-start=\"156\" data-end=\"209\"><strong data-start=\"160\" data-end=\"209\">KUMHO \u2013 Tire Stickers d\u00e9sormais disponibles !<\/strong><\/h3>\n<p data-start=\"211\" data-end=\"349\">Les <strong data-start=\"215\" data-end=\"238\">KUMHO Tire Stickers<\/strong> sont maintenant offerts en version <strong data-start=\"274\" data-end=\"301\">pelable et autocollante<\/strong> ou en <strong data-start=\"308\" data-end=\"348\">kit permanent en caoutchouc sur\u00e9lev\u00e9<\/strong>.<\/p>\n<p data-start=\"351\" data-end=\"491\">Veuillez s\u00e9lectionner le <strong data-start=\"376\" data-end=\"400\">type de Tire Sticker<\/strong>, la <strong data-start=\"405\" data-end=\"426\">taille de la roue<\/strong>, la <strong data-start=\"431\" data-end=\"454\">hauteur des lettres<\/strong> ainsi que la <strong data-start=\"468\" data-end=\"480\">quantit\u00e9<\/strong> souhait\u00e9e.<\/p>\n<h3 data-start=\"493\" data-end=\"523\"><strong data-start=\"497\" data-end=\"523\">GUIDES D\u2019APPLICATION :<\/strong><\/h3>\n<ul data-start=\"524\" data-end=\"642\">\n<li data-start=\"524\" data-end=\"591\">\n<p data-start=\"526\" data-end=\"591\"><strong data-start=\"526\" data-end=\"544\">Semi-permanent<\/strong> : Guide d\u2019application pelable et autocollant<\/p>\n<\/li>\n<li data-start=\"592\" data-end=\"642\">\n<p data-start=\"594\" data-end=\"642\"><strong data-start=\"594\" data-end=\"607\">Permanent<\/strong> : Guide d\u2019application permanente<\/p>\n<\/li>\n<\/ul>\n<p data-start=\"644\" data-end=\"732\">Pour plus d\u2019informations sur ce produit, consultez le <strong data-start=\"698\" data-end=\"731\">Guide de s\u00e9lection du produit<\/strong>.<\/p>\n","protected":false},"excerpt":{"rendered":"<p>KUMHO \u2013 Tire Stickers d\u00e9sormais disponibles ! Les KUMHO Tire Stickers sont maintenant offerts en version pelable et autocollante ou en kit permanent en caoutchouc sur\u00e9lev\u00e9. Veuillez s\u00e9lectionner le type de Tire Sticker, la taille de la roue, la hauteur des lettres ainsi que la quantit\u00e9 souhait\u00e9e. GUIDES D\u2019APPLICATION : Semi-permanent : Guide d\u2019application pelable [&hellip;]<\/p>\n","protected":false},"featured_media":6579,"comment_status":"open","ping_status":"closed","template":"","meta":[],"product_brand":[33],"product_cat":[51,59],"product_tag":[],"class_list":{"0":"post-6577","1":"product","2":"type-product","3":"status-publish","4":"has-post-thumbnail","6":"product_brand-kumho","7":"product_cat-featured","8":"product_cat-tire-lettering","10":"first","11":"instock","12":"sale","13":"taxable","14":"shipping-taxable","15":"purchasable","16":"product-type-variable"},"_links":{"self":[{"href":"https:\/\/unruffled-ardinghelli.108-175-3-191.plesk.page\/fr\/wp-json\/wp\/v2\/product\/6577","targetHints":{"allow":["GET"]}}],"collection":[{"href":"https:\/\/unruffled-ardinghelli.108-175-3-191.plesk.page\/fr\/wp-json\/wp\/v2\/product"}],"about":[{"href":"https:\/\/unruffled-ardinghelli.108-175-3-191.plesk.page\/fr\/wp-json\/wp\/v2\/types\/product"}],"replies":[{"embeddable":true,"href":"https:\/\/unruffled-ardinghelli.108-175-3-191.plesk.page\/fr\/wp-json\/wp\/v2\/comments?post=6577"}],"wp:featuredmedia":[{"embeddable":true,"href":"https:\/\/unruffled-ardinghelli.108-175-3-191.plesk.page\/fr\/wp-json\/wp\/v2\/media\/6579"}],"wp:attachment":[{"href":"https:\/\/unruffled-ardinghelli.108-175-3-191.plesk.page\/fr\/wp-json\/wp\/v2\/media?parent=6577"}],"wp:term":[{"taxonomy":"product_brand","embeddable":true,"href":"https:\/\/unruffled-ardinghelli.108-175-3-191.plesk.page\/fr\/wp-json\/wp\/v2\/product_brand?post=6577"},{"taxonomy":"product_cat","embeddable":true,"href":"https:\/\/unruffled-ardinghelli.108-175-3-191.plesk.page\/fr\/wp-json\/wp\/v2\/product_cat?post=6577"},{"taxonomy":"product_tag","embeddable":true,"href":"https:\/\/unruffled-ardinghelli.108-175-3-191.plesk.page\/fr\/wp-json\/wp\/v2\/product_tag?post=6577"}],"curies":[{"name":"wp","href":"https:\/\/api.w.org\/{rel}","templated":true}]}}